{"id":788,"date":"2018-10-03T20:12:32","date_gmt":"2018-10-03T18:12:32","guid":{"rendered":"http:\/\/agora.xtec.cat\/zer-fontdelaiguadi\/?page_id=788"},"modified":"2026-02-05T14:44:09","modified_gmt":"2026-02-05T13:44:09","slug":"projecte-educatiu","status":"publish","type":"page","link":"https:\/\/agora.xtec.cat\/zer-fontdelaiguadi\/zer-2\/projecte-educatiu\/","title":{"rendered":"Documents"},"content":{"rendered":"<p>Els documents de centre s\u00f3n aquells documents que apliquen la normativa del Departament en el marc de cadascuna de les escoles i en cadascun dels \u00e0mbits: normatiu, organitzatiu, de gesti\u00f3 de personal o de recursos, pedag\u00f2gics. Molts d\u2019aquests documents neixen del PEC: el projecte educatiu de centre.<\/p>\n<ol>\n<li><a href=\"https:\/\/drive.google.com\/file\/d\/1rFlvaDrobLSOrjk7MzX79bfTu40A8rWe\/view?usp=sharing\">Projecte Educatiu de Centre<\/a>. PEZ.<em>\u00a0<\/em><\/li>\n<li><a href=\"https:\/\/drive.google.com\/file\/d\/1AUFCUbenThl90o4k8ahSiRQK4l-a0ps9\/view?usp=sharing\">Programaci\u00f3 general anual 2025-2026<\/a>. PGA<\/li>\n<li><a href=\"https:\/\/drive.google.com\/file\/d\/1f5qYqawXSkaRoG3lb_cPxFW5Gl-T4pro\/view?usp=sharing\">NOFZ<\/a>.<\/li>\n<li><a href=\"https:\/\/sites.google.com\/d\/1g_VnePnF_JUSgCodW5zl8-HKF4xynmKp\/p\/14VH697jwh3qtLf0hzd4Td-WEW6ic3mzh\/edit\">Estrat\u00e8gia digital de ZER.<\/a> EDZ.<\/li>\n<li><a href=\"https:\/\/drive.google.com\/file\/d\/14Cpp92WOwS4wSecGn3Cjgf_oPjl00WTE\/view?usp=sharing\">Projecte de conviv\u00e8ncia.<\/a><\/li>\n<\/ol>\n","protected":false},"excerpt":{"rendered":"<p>Els documents de centre s\u00f3n aquells documents que apliquen la normativa del Departament en el marc de cadascuna de les escoles i en cadascun dels \u00e0mbits: normatiu, organitzatiu, de gesti\u00f3 de personal o de recursos, pedag\u00f2gics. Molts d\u2019aquests documents neixen del PEC: el projecte educatiu de centre. Projecte Educatiu de Centre. PEZ.\u00a0 Programaci\u00f3 general anual [&hellip;]<\/p>\n","protected":false},"author":1,"featured_media":0,"parent":775,"menu_order":40,"comment_status":"closed","ping_status":"closed","template":"","meta":{"_bbp_topic_count":0,"_bbp_reply_count":0,"_bbp_total_topic_count":0,"_bbp_total_reply_count":0,"_bbp_voice_count":0,"_bbp_anonymous_reply_count":0,"_bbp_topic_count_hidden":0,"_bbp_reply_count_hidden":0,"_bbp_forum_subforum_count":0,"site-sidebar-layout":"default","site-content-layout":"","ast-site-content-layout":"default","site-content-style":"default","site-sidebar-style":"default","ast-global-header-display":"","ast-banner-title-visibility":"","ast-main-header-display":"","ast-hfb-above-header-display":"","ast-hfb-below-header-display":"","ast-hfb-mobile-header-display":"","site-post-title":"","ast-breadcrumbs-content":"","ast-featured-img":"","footer-sml-layout":"","theme-transparent-header-meta":"default","adv-header-id-meta":"","stick-header-meta":"","header-above-stick-meta":"","header-main-stick-meta":"","header-below-stick-meta":"","astra-migrate-meta-layouts":"set","ast-page-background-enabled":"default","ast-page-background-meta":{"desktop":{"background-color":"var(--ast-global-color-4)","background-image":"","background-repeat":"repeat","background-position":"center center","background-size":"auto","background-attachment":"scroll","background-type":"","background-media":"","overlay-type":"","overlay-color":"","overlay-opacity":"","overlay-gradient":""},"tablet":{"background-color":"","background-image":"","background-repeat":"repeat","background-position":"center center","background-size":"auto","background-attachment":"scroll","background-type":"","background-media":"","overlay-type":"","overlay-color":"","overlay-opacity":"","overlay-gradient":""},"mobile":{"background-color":"","background-image":"","background-repeat":"repeat","background-position":"center center","background-size":"auto","background-attachment":"scroll","background-type":"","background-media":"","overlay-type":"","overlay-color":"","overlay-opacity":"","overlay-gradient":""}},"ast-content-background-meta":{"desktop":{"background-color":"var(--ast-global-color-5)","background-image":"","background-repeat":"repeat","background-position":"center center","background-size":"auto","background-attachment":"scroll","background-type":"","background-media":"","overlay-type":"","overlay-color":"","overlay-opacity":"","overlay-gradient":""},"tablet":{"background-color":"var(--ast-global-color-5)","background-image":"","background-repeat":"repeat","background-position":"center center","background-size":"auto","background-attachment":"scroll","background-type":"","background-media":"","overlay-type":"","overlay-color":"","overlay-opacity":"","overlay-gradient":""},"mobile":{"background-color":"var(--ast-global-color-5)","background-image":"","background-repeat":"repeat","background-position":"center center","background-size":"auto","background-attachment":"scroll","background-type":"","background-media":"","overlay-type":"","overlay-color":"","overlay-opacity":"","overlay-gradient":""}},"footnotes":""},"class_list":["post-788","page","type-page","status-publish","hentry"],"post_mailing_queue_ids":[],"_links":{"self":[{"href":"https:\/\/agora.xtec.cat\/zer-fontdelaiguadi\/wp-json\/wp\/v2\/pages\/788","targetHints":{"allow":["GET"]}}],"collection":[{"href":"https:\/\/agora.xtec.cat\/zer-fontdelaiguadi\/wp-json\/wp\/v2\/pages"}],"about":[{"href":"https:\/\/agora.xtec.cat\/zer-fontdelaiguadi\/wp-json\/wp\/v2\/types\/page"}],"author":[{"embeddable":true,"href":"https:\/\/agora.xtec.cat\/zer-fontdelaiguadi\/wp-json\/wp\/v2\/users\/1"}],"replies":[{"embeddable":true,"href":"https:\/\/agora.xtec.cat\/zer-fontdelaiguadi\/wp-json\/wp\/v2\/comments?post=788"}],"version-history":[{"count":6,"href":"https:\/\/agora.xtec.cat\/zer-fontdelaiguadi\/wp-json\/wp\/v2\/pages\/788\/revisions"}],"predecessor-version":[{"id":1751,"href":"https:\/\/agora.xtec.cat\/zer-fontdelaiguadi\/wp-json\/wp\/v2\/pages\/788\/revisions\/1751"}],"up":[{"embeddable":true,"href":"https:\/\/agora.xtec.cat\/zer-fontdelaiguadi\/wp-json\/wp\/v2\/pages\/775"}],"wp:attachment":[{"href":"https:\/\/agora.xtec.cat\/zer-fontdelaiguadi\/wp-json\/wp\/v2\/media?parent=788"}],"curies":[{"name":"wp","href":"https:\/\/api.w.org\/{rel}","templated":true}]}}