{"id":777,"date":"2018-10-03T20:00:12","date_gmt":"2018-10-03T18:00:12","guid":{"rendered":"http:\/\/agora.xtec.cat\/zer-fontdelaiguadi\/?page_id=777"},"modified":"2026-02-06T13:15:47","modified_gmt":"2026-02-06T12:15:47","slug":"qui-som","status":"publish","type":"page","link":"https:\/\/agora.xtec.cat\/zer-fontdelaiguadi\/zer-2\/qui-som\/","title":{"rendered":"Qui som?"},"content":{"rendered":"<p><span style=\"font-weight: 400;\">Ginestar i Rasquera per la seva proximitat geogr\u00e0fica han estat sempre en contacte amb temes puntuals escolars, per\u00f2 a partir del curs 1987\/88, i conjuntament amb les experi\u00e8ncies viscudes per grups de mestres de l&#8217;escola rural a la nostra prov\u00edncia, v\u00e0rem comen\u00e7ar a veure clara la necessitat d&#8217;agrupar-nos per a millorar molts aspectes educatius. <\/span><\/p>\n<p><span style=\"font-weight: 400;\">A l&#8217;inici del curs 1990-91 es va sol\u00b7licitar la formaci\u00f3 de zona rural. El nom que es va pensar per a la ZER de Rasquera i Ginestar fou el de &#8220;Font de l&#8217;Aiguad\u00ed&#8221; que fa refer\u00e8ncia a una font que hi ha a la mateixa partici\u00f3 dels dos termes municipals i que tots dos consideren com a seva, sense que mai hagi estat motiu de discussi\u00f3. Vol ser com aquest s\u00edmbol, que mant\u00e9 la identitat als dos pobles i donar servei a tots dos sense esdevenir mai mat\u00e8ria de conflicte. Per motius administratius la ZER no va ser acceptada en aquell moment.<\/span><\/p>\n<p><span style=\"font-weight: 400;\">A partir del curs 1995-96 van comen\u00e7ar a funcionar com a Agrupaci\u00f3 Rural. Aquest any es dot\u00e0 amb l&#8217;especialista de m\u00fasica i a l&#8217;any seg\u00fcent es va incrementar amb l&#8217;especialista d&#8217;angl\u00e8s. <\/span><\/p>\n<p><span style=\"font-weight: 400;\">La zona Escolar Rural es va constituir el curs 1999-2000. Des d&#8217;aquell moment van comptar amb els quatre especialistes (M\u00fasica, Angl\u00e8s, Educaci\u00f3 F\u00edsica i Educaci\u00f3 Especial), dotaci\u00f3 econ\u00f2mica per a la ZER i equip directiu de ZER amb la figura de Cap d&#8217;Estudis. Actualment, la ZER compta tamb\u00e9 amb una persona membre del PAS i que t\u00e9 la seva ubicaci\u00f3 a la seu.<\/span><\/p>\n<p><span style=\"font-weight: 400;\">La ZER es va regir per un Reglament de R\u00e8gim Intern fins el curs 2014-15 que va passar a dependre de les NOFZ partint sempre del Projecte Educatiu\u00a0<\/span><span style=\"font-weight: 400;\">de ZER (PEZ) aprovat el curs 2013-14.<\/span><\/p>\n","protected":false},"excerpt":{"rendered":"<p>Ginestar i Rasquera per la seva proximitat geogr\u00e0fica han estat sempre en contacte amb temes puntuals escolars, per\u00f2 a partir del curs 1987\/88, i conjuntament amb les experi\u00e8ncies viscudes per grups de mestres de l&#8217;escola rural a la nostra prov\u00edncia, v\u00e0rem comen\u00e7ar a veure clara la necessitat d&#8217;agrupar-nos per a millorar molts aspectes educatius. A [&hellip;]<\/p>\n","protected":false},"author":1,"featured_media":0,"parent":775,"menu_order":1,"comment_status":"closed","ping_status":"closed","template":"","meta":{"_bbp_topic_count":0,"_bbp_reply_count":0,"_bbp_total_topic_count":0,"_bbp_total_reply_count":0,"_bbp_voice_count":0,"_bbp_anonymous_reply_count":0,"_bbp_topic_count_hidden":0,"_bbp_reply_count_hidden":0,"_bbp_forum_subforum_count":0,"site-sidebar-layout":"default","site-content-layout":"","ast-site-content-layout":"default","site-content-style":"default","site-sidebar-style":"default","ast-global-header-display":"","ast-banner-title-visibility":"","ast-main-header-display":"","ast-hfb-above-header-display":"","ast-hfb-below-header-display":"","ast-hfb-mobile-header-display":"","site-post-title":"","ast-breadcrumbs-content":"","ast-featured-img":"","footer-sml-layout":"","theme-transparent-header-meta":"default","adv-header-id-meta":"","stick-header-meta":"","header-above-stick-meta":"","header-main-stick-meta":"","header-below-stick-meta":"","astra-migrate-meta-layouts":"set","ast-page-background-enabled":"default","ast-page-background-meta":{"desktop":{"background-color":"var(--ast-global-color-4)","background-image":"","background-repeat":"repeat","background-position":"center center","background-size":"auto","background-attachment":"scroll","background-type":"","background-media":"","overlay-type":"","overlay-color":"","overlay-opacity":"","overlay-gradient":""},"tablet":{"background-color":"","background-image":"","background-repeat":"repeat","background-position":"center center","background-size":"auto","background-attachment":"scroll","background-type":"","background-media":"","overlay-type":"","overlay-color":"","overlay-opacity":"","overlay-gradient":""},"mobile":{"background-color":"","background-image":"","background-repeat":"repeat","background-position":"center center","background-size":"auto","background-attachment":"scroll","background-type":"","background-media":"","overlay-type":"","overlay-color":"","overlay-opacity":"","overlay-gradient":""}},"ast-content-background-meta":{"desktop":{"background-color":"var(--ast-global-color-5)","background-image":"","background-repeat":"repeat","background-position":"center center","background-size":"auto","background-attachment":"scroll","background-type":"","background-media":"","overlay-type":"","overlay-color":"","overlay-opacity":"","overlay-gradient":""},"tablet":{"background-color":"var(--ast-global-color-5)","background-image":"","background-repeat":"repeat","background-position":"center center","background-size":"auto","background-attachment":"scroll","background-type":"","background-media":"","overlay-type":"","overlay-color":"","overlay-opacity":"","overlay-gradient":""},"mobile":{"background-color":"var(--ast-global-color-5)","background-image":"","background-repeat":"repeat","background-position":"center center","background-size":"auto","background-attachment":"scroll","background-type":"","background-media":"","overlay-type":"","overlay-color":"","overlay-opacity":"","overlay-gradient":""}},"footnotes":""},"class_list":["post-777","page","type-page","status-publish","hentry"],"post_mailing_queue_ids":[],"_links":{"self":[{"href":"https:\/\/agora.xtec.cat\/zer-fontdelaiguadi\/wp-json\/wp\/v2\/pages\/777","targetHints":{"allow":["GET"]}}],"collection":[{"href":"https:\/\/agora.xtec.cat\/zer-fontdelaiguadi\/wp-json\/wp\/v2\/pages"}],"about":[{"href":"https:\/\/agora.xtec.cat\/zer-fontdelaiguadi\/wp-json\/wp\/v2\/types\/page"}],"author":[{"embeddable":true,"href":"https:\/\/agora.xtec.cat\/zer-fontdelaiguadi\/wp-json\/wp\/v2\/users\/1"}],"replies":[{"embeddable":true,"href":"https:\/\/agora.xtec.cat\/zer-fontdelaiguadi\/wp-json\/wp\/v2\/comments?post=777"}],"version-history":[{"count":2,"href":"https:\/\/agora.xtec.cat\/zer-fontdelaiguadi\/wp-json\/wp\/v2\/pages\/777\/revisions"}],"predecessor-version":[{"id":1677,"href":"https:\/\/agora.xtec.cat\/zer-fontdelaiguadi\/wp-json\/wp\/v2\/pages\/777\/revisions\/1677"}],"up":[{"embeddable":true,"href":"https:\/\/agora.xtec.cat\/zer-fontdelaiguadi\/wp-json\/wp\/v2\/pages\/775"}],"wp:attachment":[{"href":"https:\/\/agora.xtec.cat\/zer-fontdelaiguadi\/wp-json\/wp\/v2\/media?parent=777"}],"curies":[{"name":"wp","href":"https:\/\/api.w.org\/{rel}","templated":true}]}}