{"id":1777,"date":"2026-02-06T13:51:19","date_gmt":"2026-02-06T12:51:19","guid":{"rendered":"https:\/\/agora.xtec.cat\/zer-fontdelaiguadi\/?page_id=1777"},"modified":"2026-02-19T12:50:53","modified_gmt":"2026-02-19T11:50:53","slug":"historia","status":"publish","type":"page","link":"https:\/\/agora.xtec.cat\/zer-fontdelaiguadi\/escola-pamies\/historia\/","title":{"rendered":"Hist\u00f2ria"},"content":{"rendered":"<p><strong>EL POBLE<\/strong><\/p>\n<p data-start=\"86\" data-end=\"534\">Ginestar \u00e9s un petit municipi situat a la comarca de la Ribera d\u2019Ebre. Es troba a l\u2019esquerra del riu Ebre, integrat en la depressi\u00f3 de M\u00f3ra, amb una altitud baixa d\u2019uns 26 m sobre el nivell del mar i una extensi\u00f3 d\u2019uns 15,7 km\u00b2. La seva poblaci\u00f3, d\u2019uns mil habitants aproximadament, conserva l\u2019ambient tranquil i rural t\u00edpic dels pobles de l\u2019entorn fluvial.<\/p>\n<p data-start=\"536\" data-end=\"977\">La hist\u00f2ria de Ginestar s\u2019origina a l\u2019edat mitjana: el poble va rebre una carta de poblament del Temple l\u2019any 1206 i, despr\u00e9s de la supressi\u00f3 dels templers, va passar a mans de l\u2019Ordre dels Hospitalers. Al llarg dels segles ha experimentat diversos episodis hist\u00f2rics marcats per riuades del riu Ebre i pels efectes de la Guerra Civil espanyola, especialment durant la Batalla de l\u2019Ebre.<\/p>\n<p data-start=\"979\" data-end=\"1373\">L\u2019economia tradicional de Ginestar \u00e9s principalment agr\u00edcola, basada en els olivers, ametllers i vinyes, i actualment tamb\u00e9 en cultius de regadiu de fruiters com presseguers i pereres. La Cooperativa Agr\u00edcola \u201cLa Ginesta\u201d, fundada el 1918, comercialitza productes locals com oli i vi elaborats a partir de varietats tradicionals de la zona.<\/p>\n<p data-start=\"1375\" data-end=\"1778\">Pel que fa al patrimoni, destaca l\u2019Esgl\u00e9sia de Sant Mart\u00ed, d\u2019estil barroqu\u00ed del segle XVIII, amb una estructura notable de tres naus i c\u00fapula sobre el creuer. Tamb\u00e9 s\u2019hi poden descobrir espais naturals com la Font de l\u2019Aiguad\u00ed i el passeig de l\u2019embarcador a la vora de l\u2019Ebre, que ofereixen un entorn ideal per a passejades i activitats a l\u2019aire lliure.<\/p>\n<p data-start=\"1780\" data-end=\"2230\">Ginestar celebra diverses festes tradicionals al llarg de l\u2019any, com la Festa Major de Sant Mart\u00ed, la Diada de l\u2019Ermita al maig i la Fira Raure al setembre, amb demostracions d\u2019oficis artesanals, productes locals i animaci\u00f3 al carrer i, on l&#8217;escola, hi participa a trav\u00e9s del seu projecte d&#8217;emprenedoria. Aix\u00ed mateix, ha acollit esdeveniments culturals com la Festa de la Jota de la Ribera d\u2019Ebre, que reivindica la dansa tradicional de la comarca.<\/p>\n","protected":false},"excerpt":{"rendered":"<p>EL POBLE Ginestar \u00e9s un petit municipi situat a la comarca de la Ribera d\u2019Ebre. Es troba a l\u2019esquerra del riu Ebre, integrat en la depressi\u00f3 de M\u00f3ra, amb una altitud baixa d\u2019uns 26 m sobre el nivell del mar i una extensi\u00f3 d\u2019uns 15,7 km\u00b2. La seva poblaci\u00f3, d\u2019uns mil habitants aproximadament, conserva l\u2019ambient [&hellip;]<\/p>\n","protected":false},"author":1,"featured_media":0,"parent":1659,"menu_order":2,"comment_status":"closed","ping_status":"closed","template":"","meta":{"_bbp_topic_count":0,"_bbp_reply_count":0,"_bbp_total_topic_count":0,"_bbp_total_reply_count":0,"_bbp_voice_count":0,"_bbp_anonymous_reply_count":0,"_bbp_topic_count_hidden":0,"_bbp_reply_count_hidden":0,"_bbp_forum_subforum_count":0,"site-sidebar-layout":"default","site-content-layout":"","ast-site-content-layout":"default","site-content-style":"default","site-sidebar-style":"default","ast-global-header-display":"","ast-banner-title-visibility":"","ast-main-header-display":"","ast-hfb-above-header-display":"","ast-hfb-below-header-display":"","ast-hfb-mobile-header-display":"","site-post-title":"","ast-breadcrumbs-content":"","ast-featured-img":"","footer-sml-layout":"","theme-transparent-header-meta":"default","adv-header-id-meta":"","stick-header-meta":"","header-above-stick-meta":"","header-main-stick-meta":"","header-below-stick-meta":"","astra-migrate-meta-layouts":"set","ast-page-background-enabled":"default","ast-page-background-meta":{"desktop":{"background-color":"var(--ast-global-color-4)","background-image":"","background-repeat":"repeat","background-position":"center center","background-size":"auto","background-attachment":"scroll","background-type":"","background-media":"","overlay-type":"","overlay-color":"","overlay-opacity":"","overlay-gradient":""},"tablet":{"background-color":"","background-image":"","background-repeat":"repeat","background-position":"center center","background-size":"auto","background-attachment":"scroll","background-type":"","background-media":"","overlay-type":"","overlay-color":"","overlay-opacity":"","overlay-gradient":""},"mobile":{"background-color":"","background-image":"","background-repeat":"repeat","background-position":"center center","background-size":"auto","background-attachment":"scroll","background-type":"","background-media":"","overlay-type":"","overlay-color":"","overlay-opacity":"","overlay-gradient":""}},"ast-content-background-meta":{"desktop":{"background-color":"var(--ast-global-color-5)","background-image":"","background-repeat":"repeat","background-position":"center center","background-size":"auto","background-attachment":"scroll","background-type":"","background-media":"","overlay-type":"","overlay-color":"","overlay-opacity":"","overlay-gradient":""},"tablet":{"background-color":"var(--ast-global-color-5)","background-image":"","background-repeat":"repeat","background-position":"center center","background-size":"auto","background-attachment":"scroll","background-type":"","background-media":"","overlay-type":"","overlay-color":"","overlay-opacity":"","overlay-gradient":""},"mobile":{"background-color":"var(--ast-global-color-5)","background-image":"","background-repeat":"repeat","background-position":"center center","background-size":"auto","background-attachment":"scroll","background-type":"","background-media":"","overlay-type":"","overlay-color":"","overlay-opacity":"","overlay-gradient":""}},"footnotes":""},"class_list":["post-1777","page","type-page","status-publish","hentry"],"post_mailing_queue_ids":[],"_links":{"self":[{"href":"https:\/\/agora.xtec.cat\/zer-fontdelaiguadi\/wp-json\/wp\/v2\/pages\/1777","targetHints":{"allow":["GET"]}}],"collection":[{"href":"https:\/\/agora.xtec.cat\/zer-fontdelaiguadi\/wp-json\/wp\/v2\/pages"}],"about":[{"href":"https:\/\/agora.xtec.cat\/zer-fontdelaiguadi\/wp-json\/wp\/v2\/types\/page"}],"author":[{"embeddable":true,"href":"https:\/\/agora.xtec.cat\/zer-fontdelaiguadi\/wp-json\/wp\/v2\/users\/1"}],"replies":[{"embeddable":true,"href":"https:\/\/agora.xtec.cat\/zer-fontdelaiguadi\/wp-json\/wp\/v2\/comments?post=1777"}],"version-history":[{"count":1,"href":"https:\/\/agora.xtec.cat\/zer-fontdelaiguadi\/wp-json\/wp\/v2\/pages\/1777\/revisions"}],"predecessor-version":[{"id":1778,"href":"https:\/\/agora.xtec.cat\/zer-fontdelaiguadi\/wp-json\/wp\/v2\/pages\/1777\/revisions\/1778"}],"up":[{"embeddable":true,"href":"https:\/\/agora.xtec.cat\/zer-fontdelaiguadi\/wp-json\/wp\/v2\/pages\/1659"}],"wp:attachment":[{"href":"https:\/\/agora.xtec.cat\/zer-fontdelaiguadi\/wp-json\/wp\/v2\/media?parent=1777"}],"curies":[{"name":"wp","href":"https:\/\/api.w.org\/{rel}","templated":true}]}}