{"id":1764,"date":"2026-02-06T13:14:54","date_gmt":"2026-02-06T12:14:54","guid":{"rendered":"https:\/\/agora.xtec.cat\/zer-fontdelaiguadi\/?page_id=1764"},"modified":"2026-02-19T13:46:42","modified_gmt":"2026-02-19T12:46:42","slug":"projectes","status":"publish","type":"page","link":"https:\/\/agora.xtec.cat\/zer-fontdelaiguadi\/zer-2\/projectes\/","title":{"rendered":"Projectes de ZER"},"content":{"rendered":"<p>Els projectes educatius que duem a terme s\u00f3n una finestra oberta al m\u00f3n, una manera d\u2019aprendre a trav\u00e9s de l\u2019experi\u00e8ncia, la reflexi\u00f3 i la participaci\u00f3. Ens permeten connectar els infants amb l\u2019entorn, fomentar valors i despertar curiositats, sempre des d\u2019un acompanyament respectu\u00f3s i actiu.<\/p>\n<p><strong>CONNECTEM<\/strong><\/p>\n<p data-start=\"82\" data-end=\"160\">A les nostres escoles dediquem cada dia un espai molt especial al CONNECTEM. Espai en rotllana amb els companys i companyes de classe, on dediquem 15 minuts a l&#8217;inici i al final del dia.<\/p>\n<p data-start=\"82\" data-end=\"160\"><a href=\"https:\/\/agora.xtec.cat\/zer-fontdelaiguadi\/wp-content\/uploads\/usu1626\/2026\/02\/CONNECTEM.png\"><img loading=\"lazy\" decoding=\"async\" class=\"size-medium wp-image-1801 alignleft\" src=\"https:\/\/agora.xtec.cat\/zer-fontdelaiguadi\/wp-content\/uploads\/usu1626\/2026\/02\/CONNECTEM-212x300.png\" alt=\"\" width=\"212\" height=\"300\" srcset=\"https:\/\/agora.xtec.cat\/zer-fontdelaiguadi\/wp-content\/uploads\/usu1626\/2026\/02\/CONNECTEM-212x300.png 212w, https:\/\/agora.xtec.cat\/zer-fontdelaiguadi\/wp-content\/uploads\/usu1626\/2026\/02\/CONNECTEM-724x1024.png 724w, https:\/\/agora.xtec.cat\/zer-fontdelaiguadi\/wp-content\/uploads\/usu1626\/2026\/02\/CONNECTEM-768x1086.png 768w, https:\/\/agora.xtec.cat\/zer-fontdelaiguadi\/wp-content\/uploads\/usu1626\/2026\/02\/CONNECTEM-1086x1536.png 1086w, https:\/\/agora.xtec.cat\/zer-fontdelaiguadi\/wp-content\/uploads\/usu1626\/2026\/02\/CONNECTEM-1448x2048.png 1448w, https:\/\/agora.xtec.cat\/zer-fontdelaiguadi\/wp-content\/uploads\/usu1626\/2026\/02\/CONNECTEM.png 1587w\" sizes=\"auto, (max-width: 212px) 100vw, 212px\" \/><\/a><\/p>\n<ul>\n<li data-start=\"541\" data-end=\"587\">\n<p data-start=\"543\" data-end=\"587\">Identificar i expressar les seves emocions<\/p>\n<\/li>\n<li data-start=\"588\" data-end=\"622\">\n<p data-start=\"590\" data-end=\"622\">Desenvolupar l\u2019autoconeixement<\/p>\n<\/li>\n<li data-start=\"623\" data-end=\"662\">\n<p data-start=\"625\" data-end=\"662\">Millorar la conviv\u00e8ncia i l\u2019empatia<\/p>\n<\/li>\n<li data-start=\"663\" data-end=\"713\">\n<p data-start=\"665\" data-end=\"713\">Iniciar i tancar la jornada amb calma i sentit<\/p>\n<\/li>\n<li data-start=\"663\" data-end=\"713\">Identificar emocions i compartir-les<\/li>\n<\/ul>\n<p>&nbsp;<\/p>\n<p>&nbsp;<\/p>\n<p><strong>STEAM<\/strong><\/p>\n<p><span style=\"font-weight: 400;\">La ZER Font de l\u2019Aiguad\u00ed focalitza el seu projecte <\/span><b>Viu i actua! <\/b><span style=\"font-weight: 400;\">dins l\u2019\u00e0mbit cientificotecnol\u00f2gic partint de l\u2019observaci\u00f3 del medi natural i social fusionant el medi rural i forestal amb el m\u00f3n digital a partir de la ci\u00e8ncia i tecnologia.<\/span><\/p>\n<table style=\"border-collapse: collapse; width: 100%; height: 226px;\">\n<tbody>\n<tr style=\"height: 113px;\">\n<td style=\"width: 25%; height: 113px;\"><a href=\"https:\/\/agora.xtec.cat\/zer-fontdelaiguadi\/wp-content\/uploads\/usu1626\/2025\/01\/PLA-ACOLLIDA-STEAM-1.jpg\"><img loading=\"lazy\" decoding=\"async\" class=\"alignnone size-medium wp-image-1561\" src=\"https:\/\/agora.xtec.cat\/zer-fontdelaiguadi\/wp-content\/uploads\/usu1626\/2025\/01\/PLA-ACOLLIDA-STEAM-1-300x169.jpg\" alt=\"\" width=\"300\" height=\"169\" srcset=\"https:\/\/agora.xtec.cat\/zer-fontdelaiguadi\/wp-content\/uploads\/usu1626\/2025\/01\/PLA-ACOLLIDA-STEAM-1-300x169.jpg 300w, https:\/\/agora.xtec.cat\/zer-fontdelaiguadi\/wp-content\/uploads\/usu1626\/2025\/01\/PLA-ACOLLIDA-STEAM-1-1024x576.jpg 1024w, https:\/\/agora.xtec.cat\/zer-fontdelaiguadi\/wp-content\/uploads\/usu1626\/2025\/01\/PLA-ACOLLIDA-STEAM-1-768x432.jpg 768w, https:\/\/agora.xtec.cat\/zer-fontdelaiguadi\/wp-content\/uploads\/usu1626\/2025\/01\/PLA-ACOLLIDA-STEAM-1-1536x864.jpg 1536w, https:\/\/agora.xtec.cat\/zer-fontdelaiguadi\/wp-content\/uploads\/usu1626\/2025\/01\/PLA-ACOLLIDA-STEAM-1.jpg 1920w\" sizes=\"auto, (max-width: 300px) 100vw, 300px\" \/><\/a><\/td>\n<td style=\"width: 25%; height: 113px;\"><a href=\"https:\/\/agora.xtec.cat\/zer-fontdelaiguadi\/wp-content\/uploads\/usu1626\/2025\/01\/PLA-ACOLLIDA-STEAM.jpg\"><img loading=\"lazy\" decoding=\"async\" class=\"alignnone size-medium wp-image-1562\" src=\"https:\/\/agora.xtec.cat\/zer-fontdelaiguadi\/wp-content\/uploads\/usu1626\/2025\/01\/PLA-ACOLLIDA-STEAM-300x169.jpg\" alt=\"\" width=\"300\" height=\"169\" srcset=\"https:\/\/agora.xtec.cat\/zer-fontdelaiguadi\/wp-content\/uploads\/usu1626\/2025\/01\/PLA-ACOLLIDA-STEAM-300x169.jpg 300w, https:\/\/agora.xtec.cat\/zer-fontdelaiguadi\/wp-content\/uploads\/usu1626\/2025\/01\/PLA-ACOLLIDA-STEAM-1024x576.jpg 1024w, https:\/\/agora.xtec.cat\/zer-fontdelaiguadi\/wp-content\/uploads\/usu1626\/2025\/01\/PLA-ACOLLIDA-STEAM-768x432.jpg 768w, https:\/\/agora.xtec.cat\/zer-fontdelaiguadi\/wp-content\/uploads\/usu1626\/2025\/01\/PLA-ACOLLIDA-STEAM-1536x864.jpg 1536w, https:\/\/agora.xtec.cat\/zer-fontdelaiguadi\/wp-content\/uploads\/usu1626\/2025\/01\/PLA-ACOLLIDA-STEAM.jpg 1920w\" sizes=\"auto, (max-width: 300px) 100vw, 300px\" \/><\/a><\/td>\n<td style=\"width: 25%; height: 113px;\"><a href=\"https:\/\/agora.xtec.cat\/zer-fontdelaiguadi\/wp-content\/uploads\/usu1626\/2025\/01\/PLA-ACOLLIDA-STEAM-2.jpg\"><img loading=\"lazy\" decoding=\"async\" class=\"alignnone size-medium wp-image-1563\" src=\"https:\/\/agora.xtec.cat\/zer-fontdelaiguadi\/wp-content\/uploads\/usu1626\/2025\/01\/PLA-ACOLLIDA-STEAM-2-300x169.jpg\" alt=\"\" width=\"300\" height=\"169\" srcset=\"https:\/\/agora.xtec.cat\/zer-fontdelaiguadi\/wp-content\/uploads\/usu1626\/2025\/01\/PLA-ACOLLIDA-STEAM-2-300x169.jpg 300w, https:\/\/agora.xtec.cat\/zer-fontdelaiguadi\/wp-content\/uploads\/usu1626\/2025\/01\/PLA-ACOLLIDA-STEAM-2-1024x576.jpg 1024w, https:\/\/agora.xtec.cat\/zer-fontdelaiguadi\/wp-content\/uploads\/usu1626\/2025\/01\/PLA-ACOLLIDA-STEAM-2-768x432.jpg 768w, https:\/\/agora.xtec.cat\/zer-fontdelaiguadi\/wp-content\/uploads\/usu1626\/2025\/01\/PLA-ACOLLIDA-STEAM-2-1536x864.jpg 1536w, https:\/\/agora.xtec.cat\/zer-fontdelaiguadi\/wp-content\/uploads\/usu1626\/2025\/01\/PLA-ACOLLIDA-STEAM-2.jpg 1920w\" sizes=\"auto, (max-width: 300px) 100vw, 300px\" \/><\/a><\/td>\n<\/tr>\n<tr style=\"height: 113px;\">\n<td style=\"width: 25%; height: 113px;\"><a href=\"https:\/\/agora.xtec.cat\/zer-fontdelaiguadi\/wp-content\/uploads\/usu1626\/2025\/01\/PLA-ACOLLIDA-STEAM-3.jpg\"><img loading=\"lazy\" decoding=\"async\" class=\"alignnone size-medium wp-image-1564\" src=\"https:\/\/agora.xtec.cat\/zer-fontdelaiguadi\/wp-content\/uploads\/usu1626\/2025\/01\/PLA-ACOLLIDA-STEAM-3-300x169.jpg\" alt=\"\" width=\"300\" height=\"169\" srcset=\"https:\/\/agora.xtec.cat\/zer-fontdelaiguadi\/wp-content\/uploads\/usu1626\/2025\/01\/PLA-ACOLLIDA-STEAM-3-300x169.jpg 300w, https:\/\/agora.xtec.cat\/zer-fontdelaiguadi\/wp-content\/uploads\/usu1626\/2025\/01\/PLA-ACOLLIDA-STEAM-3-1024x576.jpg 1024w, https:\/\/agora.xtec.cat\/zer-fontdelaiguadi\/wp-content\/uploads\/usu1626\/2025\/01\/PLA-ACOLLIDA-STEAM-3-768x432.jpg 768w, https:\/\/agora.xtec.cat\/zer-fontdelaiguadi\/wp-content\/uploads\/usu1626\/2025\/01\/PLA-ACOLLIDA-STEAM-3-1536x864.jpg 1536w, https:\/\/agora.xtec.cat\/zer-fontdelaiguadi\/wp-content\/uploads\/usu1626\/2025\/01\/PLA-ACOLLIDA-STEAM-3.jpg 1920w\" sizes=\"auto, (max-width: 300px) 100vw, 300px\" \/><\/a><\/td>\n<td style=\"width: 25%; height: 113px;\"><a href=\"https:\/\/agora.xtec.cat\/zer-fontdelaiguadi\/wp-content\/uploads\/usu1626\/2025\/01\/PLA-ACOLLIDA-STEAM-4.jpg\"><img loading=\"lazy\" decoding=\"async\" class=\"alignnone size-medium wp-image-1566\" src=\"https:\/\/agora.xtec.cat\/zer-fontdelaiguadi\/wp-content\/uploads\/usu1626\/2025\/01\/PLA-ACOLLIDA-STEAM-4-300x169.jpg\" alt=\"\" width=\"300\" height=\"169\" srcset=\"https:\/\/agora.xtec.cat\/zer-fontdelaiguadi\/wp-content\/uploads\/usu1626\/2025\/01\/PLA-ACOLLIDA-STEAM-4-300x169.jpg 300w, https:\/\/agora.xtec.cat\/zer-fontdelaiguadi\/wp-content\/uploads\/usu1626\/2025\/01\/PLA-ACOLLIDA-STEAM-4-1024x576.jpg 1024w, https:\/\/agora.xtec.cat\/zer-fontdelaiguadi\/wp-content\/uploads\/usu1626\/2025\/01\/PLA-ACOLLIDA-STEAM-4-768x432.jpg 768w, https:\/\/agora.xtec.cat\/zer-fontdelaiguadi\/wp-content\/uploads\/usu1626\/2025\/01\/PLA-ACOLLIDA-STEAM-4-1536x864.jpg 1536w, https:\/\/agora.xtec.cat\/zer-fontdelaiguadi\/wp-content\/uploads\/usu1626\/2025\/01\/PLA-ACOLLIDA-STEAM-4.jpg 1920w\" sizes=\"auto, (max-width: 300px) 100vw, 300px\" \/><\/a><\/td>\n<td style=\"width: 25%; height: 113px;\"><\/td>\n<\/tr>\n<\/tbody>\n<\/table>\n<p>&nbsp;<\/p>\n<p><strong>Biblioteca<\/strong><\/p>\n","protected":false},"excerpt":{"rendered":"<p>Els projectes educatius que duem a terme s\u00f3n una finestra oberta al m\u00f3n, una manera d\u2019aprendre a trav\u00e9s de l\u2019experi\u00e8ncia, la reflexi\u00f3 i la participaci\u00f3. Ens permeten connectar els infants amb l\u2019entorn, fomentar valors i despertar curiositats, sempre des d\u2019un acompanyament respectu\u00f3s i actiu. CONNECTEM A les nostres escoles dediquem cada dia un espai molt [&hellip;]<\/p>\n","protected":false},"author":1,"featured_media":0,"parent":775,"menu_order":3,"comment_status":"closed","ping_status":"closed","template":"","meta":{"_bbp_topic_count":0,"_bbp_reply_count":0,"_bbp_total_topic_count":0,"_bbp_total_reply_count":0,"_bbp_voice_count":0,"_bbp_anonymous_reply_count":0,"_bbp_topic_count_hidden":0,"_bbp_reply_count_hidden":0,"_bbp_forum_subforum_count":0,"site-sidebar-layout":"default","site-content-layout":"","ast-site-content-layout":"default","site-content-style":"default","site-sidebar-style":"default","ast-global-header-display":"","ast-banner-title-visibility":"","ast-main-header-display":"","ast-hfb-above-header-display":"","ast-hfb-below-header-display":"","ast-hfb-mobile-header-display":"","site-post-title":"","ast-breadcrumbs-content":"","ast-featured-img":"","footer-sml-layout":"","theme-transparent-header-meta":"default","adv-header-id-meta":"","stick-header-meta":"","header-above-stick-meta":"","header-main-stick-meta":"","header-below-stick-meta":"","astra-migrate-meta-layouts":"set","ast-page-background-enabled":"default","ast-page-background-meta":{"desktop":{"background-color":"var(--ast-global-color-4)","background-image":"","background-repeat":"repeat","background-position":"center center","background-size":"auto","background-attachment":"scroll","background-type":"","background-media":"","overlay-type":"","overlay-color":"","overlay-opacity":"","overlay-gradient":""},"tablet":{"background-color":"","background-image":"","background-repeat":"repeat","background-position":"center center","background-size":"auto","background-attachment":"scroll","background-type":"","background-media":"","overlay-type":"","overlay-color":"","overlay-opacity":"","overlay-gradient":""},"mobile":{"background-color":"","background-image":"","background-repeat":"repeat","background-position":"center center","background-size":"auto","background-attachment":"scroll","background-type":"","background-media":"","overlay-type":"","overlay-color":"","overlay-opacity":"","overlay-gradient":""}},"ast-content-background-meta":{"desktop":{"background-color":"var(--ast-global-color-5)","background-image":"","background-repeat":"repeat","background-position":"center center","background-size":"auto","background-attachment":"scroll","background-type":"","background-media":"","overlay-type":"","overlay-color":"","overlay-opacity":"","overlay-gradient":""},"tablet":{"background-color":"var(--ast-global-color-5)","background-image":"","background-repeat":"repeat","background-position":"center center","background-size":"auto","background-attachment":"scroll","background-type":"","background-media":"","overlay-type":"","overlay-color":"","overlay-opacity":"","overlay-gradient":""},"mobile":{"background-color":"var(--ast-global-color-5)","background-image":"","background-repeat":"repeat","background-position":"center center","background-size":"auto","background-attachment":"scroll","background-type":"","background-media":"","overlay-type":"","overlay-color":"","overlay-opacity":"","overlay-gradient":""}},"footnotes":""},"class_list":["post-1764","page","type-page","status-publish","hentry"],"post_mailing_queue_ids":[],"_links":{"self":[{"href":"https:\/\/agora.xtec.cat\/zer-fontdelaiguadi\/wp-json\/wp\/v2\/pages\/1764","targetHints":{"allow":["GET"]}}],"collection":[{"href":"https:\/\/agora.xtec.cat\/zer-fontdelaiguadi\/wp-json\/wp\/v2\/pages"}],"about":[{"href":"https:\/\/agora.xtec.cat\/zer-fontdelaiguadi\/wp-json\/wp\/v2\/types\/page"}],"author":[{"embeddable":true,"href":"https:\/\/agora.xtec.cat\/zer-fontdelaiguadi\/wp-json\/wp\/v2\/users\/1"}],"replies":[{"embeddable":true,"href":"https:\/\/agora.xtec.cat\/zer-fontdelaiguadi\/wp-json\/wp\/v2\/comments?post=1764"}],"version-history":[{"count":6,"href":"https:\/\/agora.xtec.cat\/zer-fontdelaiguadi\/wp-json\/wp\/v2\/pages\/1764\/revisions"}],"predecessor-version":[{"id":1868,"href":"https:\/\/agora.xtec.cat\/zer-fontdelaiguadi\/wp-json\/wp\/v2\/pages\/1764\/revisions\/1868"}],"up":[{"embeddable":true,"href":"https:\/\/agora.xtec.cat\/zer-fontdelaiguadi\/wp-json\/wp\/v2\/pages\/775"}],"wp:attachment":[{"href":"https:\/\/agora.xtec.cat\/zer-fontdelaiguadi\/wp-json\/wp\/v2\/media?parent=1764"}],"curies":[{"name":"wp","href":"https:\/\/api.w.org\/{rel}","templated":true}]}}