{"id":1754,"date":"2026-02-06T09:42:13","date_gmt":"2026-02-06T08:42:13","guid":{"rendered":"https:\/\/agora.xtec.cat\/zer-fontdelaiguadi\/?page_id=1754"},"modified":"2026-02-06T09:54:10","modified_gmt":"2026-02-06T08:54:10","slug":"installacions","status":"publish","type":"page","link":"https:\/\/agora.xtec.cat\/zer-fontdelaiguadi\/escola-pamies\/installacions\/","title":{"rendered":"Instal\u00b7lacions"},"content":{"rendered":"<p data-start=\"0\" data-end=\"474\"><a href=\"https:\/\/agora.xtec.cat\/zer-fontdelaiguadi\/wp-content\/uploads\/usu1626\/2026\/02\/IMG_5531-1-scaled.jpg\"><img loading=\"lazy\" decoding=\"async\" class=\"wp-image-1756 alignright\" src=\"https:\/\/agora.xtec.cat\/zer-fontdelaiguadi\/wp-content\/uploads\/usu1626\/2026\/02\/IMG_5531-1-300x225.jpg\" alt=\"\" width=\"415\" height=\"311\" srcset=\"https:\/\/agora.xtec.cat\/zer-fontdelaiguadi\/wp-content\/uploads\/usu1626\/2026\/02\/IMG_5531-1-300x225.jpg 300w, https:\/\/agora.xtec.cat\/zer-fontdelaiguadi\/wp-content\/uploads\/usu1626\/2026\/02\/IMG_5531-1-1024x768.jpg 1024w, https:\/\/agora.xtec.cat\/zer-fontdelaiguadi\/wp-content\/uploads\/usu1626\/2026\/02\/IMG_5531-1-768x576.jpg 768w, https:\/\/agora.xtec.cat\/zer-fontdelaiguadi\/wp-content\/uploads\/usu1626\/2026\/02\/IMG_5531-1-1536x1152.jpg 1536w, https:\/\/agora.xtec.cat\/zer-fontdelaiguadi\/wp-content\/uploads\/usu1626\/2026\/02\/IMG_5531-1-2048x1536.jpg 2048w\" sizes=\"auto, (max-width: 415px) 100vw, 415px\" \/><\/a><\/p>\n<p data-start=\"0\" data-end=\"474\">L\u2019Escola P\u00e0mies \u00e9s un centre acollidor i obert, on nom\u00e9s entrar ja et rep el pati, un espai viu i ple de possibilitats. Hi trobem gronxadors, tobogans i una gran infraestructura de fusta (novetat del curs 2025-2026) que convida al joc lliure, a l\u2019exploraci\u00f3 i a la creativitat. El pati tamb\u00e9 disposa d\u2019una \u00e0rea de terra amb porteries i espai ampli per jugar a molts altres jocs per fomentar el moviment.<\/p>\n<p data-start=\"476\" data-end=\"1002\" data-is-last-node=\"\" data-is-only-node=\"\">L\u2019escola s\u2019organitza a trav\u00e9s de tres passadissos exteriors que connecten els diferents espais educatius. El primer comunica amb la biblioteca i l\u2019aula de cicle superior; el segon amb la sala de mestres, l\u2019aula STEAM i l\u2019aula d\u2019infantil; i el tercer dona acc\u00e9s a les aules de cicle mitj\u00e0 i cicle inicial, a l\u2019aula de psicomotricitat i m\u00fasica, i a l\u2019aula de la llar d\u2019infants. Totes les aules s\u00f3n espais amplis i molt lluminosos, amb llum natural que crea un ambient agradable i afavoreix el benestar i l\u2019aprenentatge.<\/p>\n<p data-start=\"476\" data-end=\"1002\" data-is-last-node=\"\" data-is-only-node=\"\">\n","protected":false},"excerpt":{"rendered":"<p>L\u2019Escola P\u00e0mies \u00e9s un centre acollidor i obert, on nom\u00e9s entrar ja et rep el pati, un espai viu i ple de possibilitats. Hi trobem gronxadors, tobogans i una gran infraestructura de fusta (novetat del curs 2025-2026) que convida al joc lliure, a l\u2019exploraci\u00f3 i a la creativitat. El pati tamb\u00e9 disposa d\u2019una \u00e0rea de [&hellip;]<\/p>\n","protected":false},"author":1,"featured_media":0,"parent":1659,"menu_order":10,"comment_status":"closed","ping_status":"closed","template":"","meta":{"_bbp_topic_count":0,"_bbp_reply_count":0,"_bbp_total_topic_count":0,"_bbp_total_reply_count":0,"_bbp_voice_count":0,"_bbp_anonymous_reply_count":0,"_bbp_topic_count_hidden":0,"_bbp_reply_count_hidden":0,"_bbp_forum_subforum_count":0,"site-sidebar-layout":"default","site-content-layout":"","ast-site-content-layout":"default","site-content-style":"default","site-sidebar-style":"default","ast-global-header-display":"","ast-banner-title-visibility":"","ast-main-header-display":"","ast-hfb-above-header-display":"","ast-hfb-below-header-display":"","ast-hfb-mobile-header-display":"","site-post-title":"","ast-breadcrumbs-content":"","ast-featured-img":"","footer-sml-layout":"","theme-transparent-header-meta":"default","adv-header-id-meta":"","stick-header-meta":"","header-above-stick-meta":"","header-main-stick-meta":"","header-below-stick-meta":"","astra-migrate-meta-layouts":"set","ast-page-background-enabled":"default","ast-page-background-meta":{"desktop":{"background-color":"var(--ast-global-color-4)","background-image":"","background-repeat":"repeat","background-position":"center center","background-size":"auto","background-attachment":"scroll","background-type":"","background-media":"","overlay-type":"","overlay-color":"","overlay-opacity":"","overlay-gradient":""},"tablet":{"background-color":"","background-image":"","background-repeat":"repeat","background-position":"center center","background-size":"auto","background-attachment":"scroll","background-type":"","background-media":"","overlay-type":"","overlay-color":"","overlay-opacity":"","overlay-gradient":""},"mobile":{"background-color":"","background-image":"","background-repeat":"repeat","background-position":"center center","background-size":"auto","background-attachment":"scroll","background-type":"","background-media":"","overlay-type":"","overlay-color":"","overlay-opacity":"","overlay-gradient":""}},"ast-content-background-meta":{"desktop":{"background-color":"var(--ast-global-color-5)","background-image":"","background-repeat":"repeat","background-position":"center center","background-size":"auto","background-attachment":"scroll","background-type":"","background-media":"","overlay-type":"","overlay-color":"","overlay-opacity":"","overlay-gradient":""},"tablet":{"background-color":"var(--ast-global-color-5)","background-image":"","background-repeat":"repeat","background-position":"center center","background-size":"auto","background-attachment":"scroll","background-type":"","background-media":"","overlay-type":"","overlay-color":"","overlay-opacity":"","overlay-gradient":""},"mobile":{"background-color":"var(--ast-global-color-5)","background-image":"","background-repeat":"repeat","background-position":"center center","background-size":"auto","background-attachment":"scroll","background-type":"","background-media":"","overlay-type":"","overlay-color":"","overlay-opacity":"","overlay-gradient":""}},"footnotes":""},"class_list":["post-1754","page","type-page","status-publish","hentry"],"post_mailing_queue_ids":[],"_links":{"self":[{"href":"https:\/\/agora.xtec.cat\/zer-fontdelaiguadi\/wp-json\/wp\/v2\/pages\/1754","targetHints":{"allow":["GET"]}}],"collection":[{"href":"https:\/\/agora.xtec.cat\/zer-fontdelaiguadi\/wp-json\/wp\/v2\/pages"}],"about":[{"href":"https:\/\/agora.xtec.cat\/zer-fontdelaiguadi\/wp-json\/wp\/v2\/types\/page"}],"author":[{"embeddable":true,"href":"https:\/\/agora.xtec.cat\/zer-fontdelaiguadi\/wp-json\/wp\/v2\/users\/1"}],"replies":[{"embeddable":true,"href":"https:\/\/agora.xtec.cat\/zer-fontdelaiguadi\/wp-json\/wp\/v2\/comments?post=1754"}],"version-history":[{"count":5,"href":"https:\/\/agora.xtec.cat\/zer-fontdelaiguadi\/wp-json\/wp\/v2\/pages\/1754\/revisions"}],"predecessor-version":[{"id":1760,"href":"https:\/\/agora.xtec.cat\/zer-fontdelaiguadi\/wp-json\/wp\/v2\/pages\/1754\/revisions\/1760"}],"up":[{"embeddable":true,"href":"https:\/\/agora.xtec.cat\/zer-fontdelaiguadi\/wp-json\/wp\/v2\/pages\/1659"}],"wp:attachment":[{"href":"https:\/\/agora.xtec.cat\/zer-fontdelaiguadi\/wp-json\/wp\/v2\/media?parent=1754"}],"curies":[{"name":"wp","href":"https:\/\/api.w.org\/{rel}","templated":true}]}}