{"id":1722,"date":"2026-02-05T12:51:05","date_gmt":"2026-02-05T11:51:05","guid":{"rendered":"https:\/\/agora.xtec.cat\/zer-fontdelaiguadi\/?page_id=1722"},"modified":"2026-02-06T13:15:57","modified_gmt":"2026-02-06T12:15:57","slug":"oferta-educativa-de-la-zer","status":"publish","type":"page","link":"https:\/\/agora.xtec.cat\/zer-fontdelaiguadi\/zer-2\/oferta-educativa-de-la-zer\/","title":{"rendered":"Oferta educativa de la ZER"},"content":{"rendered":"<p>La ZER com a centre d\u2019educaci\u00f3 infantil i prim\u00e0ria, <strong>ofereix ensenyament des de I1 (Llar d&#8217;infants rural) fins a 6\u00e8 curs<\/strong>.\u00a0Per tant, els nivells que s\u2019imparteixen i\u00a0 grups reconeguts s\u00f3n:<\/p>\n<ul>\n<li>2 unitats d\u2019educaci\u00f3 infantil primer cicle: I1, I2.<\/li>\n<li>2 unitat d\u2019educaci\u00f3 infantil segon cicle: I3, I4, I5.<\/li>\n<li>4 unitats d\u2019educaci\u00f3 prim\u00e0ria: 1r, 2n, 3r, 4t, 5\u00e8 i 6\u00e8.<\/li>\n<\/ul>\n<div class=\"entry-content\">\n<p>L\u2019educaci\u00f3 prim\u00e0ria, com a etapa educativa de car\u00e0cter obligatori, compr\u00e8n sis cursos acad\u00e8mics i s\u2019organitza en tres cicles de dos cursos: cicle inicial, cicle mitj\u00e0 i cicle superior. Amb car\u00e0cter general, s\u2019inicia l\u2019any natural que es compleixen 6 anys i es cursa fins als 12 anys.<\/p>\n<p>La finalitat de l\u2019educaci\u00f3 prim\u00e0ria \u00e9s preparar els alumnes perqu\u00e8 puguin donar respostes innovadores en una societat canviant i en evoluci\u00f3 constant. Els nens han d\u2019aprendre a pensar i actuar de manera integrada, considerant les interconnexions i interrelacions entre els aprenentatges. S\u2019ha de promoure, de manera transversal, l\u2019adquisici\u00f3 d\u2019h\u00e0bits i valors per resoldre problemes i situacions des de qualsevol de les \u00e0rees curriculars, s\u2019ha de fomentar la iniciativa, la creativitat, l\u2019esperit cr\u00edtic i el gust per aprendre, i s\u2019ha de desenvolupar la capacitat de l\u2019esfor\u00e7 i la cultura del treball.<\/p>\n<p>Els continguts de les \u00e0rees com a element fonamental per a l\u2019assoliment de les compet\u00e8ncies s\u2019organitzen amb un enfocament integral, multifuncional i transferible de coneixements, destreses i actituds que tots els individus necessiten per al seu desenvolupament personal i social. Aquests continguts degudament combinats i contextualitzats permeten assolir, en acabar l\u2019ensenyament obligatori, les compet\u00e8ncies b\u00e0siques, la base per continuar l\u2019aprenentatge al llarg de la vida i per poder desenvolupar projectes individuals i col\u00b7lectius.<\/p>\n<h5><a href=\"https:\/\/dogc.gencat.cat\/ca\/document-del-dogc\/?documentId=938401\">Ordenaci\u00f3 dels Ensenyaments de l\u2019Educaci\u00f3 B\u00e0sica<\/a><\/h5>\n<\/div>\n","protected":false},"excerpt":{"rendered":"<p>La ZER com a centre d\u2019educaci\u00f3 infantil i prim\u00e0ria, ofereix ensenyament des de I1 (Llar d&#8217;infants rural) fins a 6\u00e8 curs.\u00a0Per tant, els nivells que s\u2019imparteixen i\u00a0 grups reconeguts s\u00f3n: 2 unitats d\u2019educaci\u00f3 infantil primer cicle: I1, I2. 2 unitat d\u2019educaci\u00f3 infantil segon cicle: I3, I4, I5. 4 unitats d\u2019educaci\u00f3 prim\u00e0ria: 1r, 2n, 3r, 4t, [&hellip;]<\/p>\n","protected":false},"author":1,"featured_media":0,"parent":775,"menu_order":3,"comment_status":"closed","ping_status":"closed","template":"","meta":{"_bbp_topic_count":0,"_bbp_reply_count":0,"_bbp_total_topic_count":0,"_bbp_total_reply_count":0,"_bbp_voice_count":0,"_bbp_anonymous_reply_count":0,"_bbp_topic_count_hidden":0,"_bbp_reply_count_hidden":0,"_bbp_forum_subforum_count":0,"site-sidebar-layout":"default","site-content-layout":"","ast-site-content-layout":"default","site-content-style":"default","site-sidebar-style":"default","ast-global-header-display":"","ast-banner-title-visibility":"","ast-main-header-display":"","ast-hfb-above-header-display":"","ast-hfb-below-header-display":"","ast-hfb-mobile-header-display":"","site-post-title":"","ast-breadcrumbs-content":"","ast-featured-img":"","footer-sml-layout":"","theme-transparent-header-meta":"default","adv-header-id-meta":"","stick-header-meta":"","header-above-stick-meta":"","header-main-stick-meta":"","header-below-stick-meta":"","astra-migrate-meta-layouts":"set","ast-page-background-enabled":"default","ast-page-background-meta":{"desktop":{"background-color":"var(--ast-global-color-4)","background-image":"","background-repeat":"repeat","background-position":"center center","background-size":"auto","background-attachment":"scroll","background-type":"","background-media":"","overlay-type":"","overlay-color":"","overlay-opacity":"","overlay-gradient":""},"tablet":{"background-color":"","background-image":"","background-repeat":"repeat","background-position":"center center","background-size":"auto","background-attachment":"scroll","background-type":"","background-media":"","overlay-type":"","overlay-color":"","overlay-opacity":"","overlay-gradient":""},"mobile":{"background-color":"","background-image":"","background-repeat":"repeat","background-position":"center center","background-size":"auto","background-attachment":"scroll","background-type":"","background-media":"","overlay-type":"","overlay-color":"","overlay-opacity":"","overlay-gradient":""}},"ast-content-background-meta":{"desktop":{"background-color":"var(--ast-global-color-5)","background-image":"","background-repeat":"repeat","background-position":"center center","background-size":"auto","background-attachment":"scroll","background-type":"","background-media":"","overlay-type":"","overlay-color":"","overlay-opacity":"","overlay-gradient":""},"tablet":{"background-color":"var(--ast-global-color-5)","background-image":"","background-repeat":"repeat","background-position":"center center","background-size":"auto","background-attachment":"scroll","background-type":"","background-media":"","overlay-type":"","overlay-color":"","overlay-opacity":"","overlay-gradient":""},"mobile":{"background-color":"var(--ast-global-color-5)","background-image":"","background-repeat":"repeat","background-position":"center center","background-size":"auto","background-attachment":"scroll","background-type":"","background-media":"","overlay-type":"","overlay-color":"","overlay-opacity":"","overlay-gradient":""}},"footnotes":""},"class_list":["post-1722","page","type-page","status-publish","hentry"],"post_mailing_queue_ids":[],"_links":{"self":[{"href":"https:\/\/agora.xtec.cat\/zer-fontdelaiguadi\/wp-json\/wp\/v2\/pages\/1722","targetHints":{"allow":["GET"]}}],"collection":[{"href":"https:\/\/agora.xtec.cat\/zer-fontdelaiguadi\/wp-json\/wp\/v2\/pages"}],"about":[{"href":"https:\/\/agora.xtec.cat\/zer-fontdelaiguadi\/wp-json\/wp\/v2\/types\/page"}],"author":[{"embeddable":true,"href":"https:\/\/agora.xtec.cat\/zer-fontdelaiguadi\/wp-json\/wp\/v2\/users\/1"}],"replies":[{"embeddable":true,"href":"https:\/\/agora.xtec.cat\/zer-fontdelaiguadi\/wp-json\/wp\/v2\/comments?post=1722"}],"version-history":[{"count":2,"href":"https:\/\/agora.xtec.cat\/zer-fontdelaiguadi\/wp-json\/wp\/v2\/pages\/1722\/revisions"}],"predecessor-version":[{"id":1762,"href":"https:\/\/agora.xtec.cat\/zer-fontdelaiguadi\/wp-json\/wp\/v2\/pages\/1722\/revisions\/1762"}],"up":[{"embeddable":true,"href":"https:\/\/agora.xtec.cat\/zer-fontdelaiguadi\/wp-json\/wp\/v2\/pages\/775"}],"wp:attachment":[{"href":"https:\/\/agora.xtec.cat\/zer-fontdelaiguadi\/wp-json\/wp\/v2\/media?parent=1722"}],"curies":[{"name":"wp","href":"https:\/\/api.w.org\/{rel}","templated":true}]}}