{"id":1714,"date":"2026-02-05T12:26:26","date_gmt":"2026-02-05T11:26:26","guid":{"rendered":"https:\/\/agora.xtec.cat\/zer-fontdelaiguadi\/?page_id=1714"},"modified":"2026-02-19T12:51:31","modified_gmt":"2026-02-19T11:51:31","slug":"escolsa-pamies-equip-docent","status":"publish","type":"page","link":"https:\/\/agora.xtec.cat\/zer-fontdelaiguadi\/escola-pamies\/escolsa-pamies-equip-docent\/","title":{"rendered":"Equip docent"},"content":{"rendered":"<header class=\"entry-header \">\n<h1 class=\"entry-title\"><span style=\"font-size: 24px;\">Equip directiu<\/span><\/h1>\n<\/header>\n<div class=\"entry-content clear\">\n<p><strong>Directora:<\/strong> C\u00e8lia Pallar\u00e8s<\/p>\n<p><strong>Secret\u00e0ria: <\/strong>Gisela Farn\u00f3s<\/p>\n<h3><span id=\"Educacio_Infantil\">Educaci\u00f3 Infantil<\/span><\/h3>\n<p><strong>1r cicle d\u2019Ed. Infantil (I1 i I2):<\/strong> Thail\u00ed Mas (TEI)<\/p>\n<p><strong>2n cicle d\u2019Ed. Infantil (I3, I4 i I5): <\/strong>C\u00e8lia Pallar\u00e8s i N\u00faria Sabanza<\/p>\n<h3><span id=\"Educacio_Primaria\">Educaci\u00f3 Prim\u00e0ria<\/span><\/h3>\n<p><strong>Tutora de 1r i 2n: <\/strong>Helena Borr\u00e0s<\/p>\n<p><strong>Tutora de 3r i 4t: <\/strong>Gisela Farn\u00f3s<\/p>\n<p><strong>Tutora de\u00a0<\/strong><strong>5\u00e8 i 6\u00e8: <\/strong>Elena Penad\u00e9s i Eva Juanes<\/p>\n<h3><span id=\"Altres\">Altres \u00e0rees, especialitats i coordinacions:<\/span><\/h3>\n<p><strong>Llengua anglesa:<\/strong> Anna Ru\u00edz<\/p>\n<p><strong>Educaci\u00f3 musical:\u00a0<\/strong>Rut Morgades<\/p>\n<p><strong>Educaci\u00f3 Especial:\u00a0<\/strong>Judit Pino<\/p>\n<p><strong>Educaci\u00f3 F\u00edsica:<\/strong>\u00a0Otto Casanova<\/p>\n<p><strong>Religi\u00f3:\u00a0<\/strong>Pili Cid i Paula L\u00f3pez<\/p>\n<p><strong>Coordinadora digital:<\/strong> Rut Morgades<\/p>\n<p><strong>Coordinador de Riscos Laborals:\u00a0<\/strong>Otto Casanova<\/p>\n<p><strong>Coordinadora del <a href=\"https:\/\/educacio.gencat.cat\/ca\/departament\/linies-estrategiques\/programaflorence\/\">Programa Florence<\/a><\/strong>: Ana Mart\u00ednez<\/p>\n<\/div>\n","protected":false},"excerpt":{"rendered":"<p>Equip directiu Directora: C\u00e8lia Pallar\u00e8s Secret\u00e0ria: Gisela Farn\u00f3s Educaci\u00f3 Infantil 1r cicle d\u2019Ed. Infantil (I1 i I2): Thail\u00ed Mas (TEI) 2n cicle d\u2019Ed. Infantil (I3, I4 i I5): C\u00e8lia Pallar\u00e8s i N\u00faria Sabanza Educaci\u00f3 Prim\u00e0ria Tutora de 1r i 2n: Helena Borr\u00e0s Tutora de 3r i 4t: Gisela Farn\u00f3s Tutora de\u00a05\u00e8 i 6\u00e8: Elena Penad\u00e9s [&hellip;]<\/p>\n","protected":false},"author":1,"featured_media":0,"parent":1659,"menu_order":4,"comment_status":"closed","ping_status":"closed","template":"","meta":{"_bbp_topic_count":0,"_bbp_reply_count":0,"_bbp_total_topic_count":0,"_bbp_total_reply_count":0,"_bbp_voice_count":0,"_bbp_anonymous_reply_count":0,"_bbp_topic_count_hidden":0,"_bbp_reply_count_hidden":0,"_bbp_forum_subforum_count":0,"site-sidebar-layout":"default","site-content-layout":"","ast-site-content-layout":"default","site-content-style":"default","site-sidebar-style":"default","ast-global-header-display":"","ast-banner-title-visibility":"","ast-main-header-display":"","ast-hfb-above-header-display":"","ast-hfb-below-header-display":"","ast-hfb-mobile-header-display":"","site-post-title":"","ast-breadcrumbs-content":"","ast-featured-img":"","footer-sml-layout":"","theme-transparent-header-meta":"default","adv-header-id-meta":"","stick-header-meta":"","header-above-stick-meta":"","header-main-stick-meta":"","header-below-stick-meta":"","astra-migrate-meta-layouts":"set","ast-page-background-enabled":"default","ast-page-background-meta":{"desktop":{"background-color":"var(--ast-global-color-4)","background-image":"","background-repeat":"repeat","background-position":"center center","background-size":"auto","background-attachment":"scroll","background-type":"","background-media":"","overlay-type":"","overlay-color":"","overlay-opacity":"","overlay-gradient":""},"tablet":{"background-color":"","background-image":"","background-repeat":"repeat","background-position":"center center","background-size":"auto","background-attachment":"scroll","background-type":"","background-media":"","overlay-type":"","overlay-color":"","overlay-opacity":"","overlay-gradient":""},"mobile":{"background-color":"","background-image":"","background-repeat":"repeat","background-position":"center center","background-size":"auto","background-attachment":"scroll","background-type":"","background-media":"","overlay-type":"","overlay-color":"","overlay-opacity":"","overlay-gradient":""}},"ast-content-background-meta":{"desktop":{"background-color":"var(--ast-global-color-5)","background-image":"","background-repeat":"repeat","background-position":"center center","background-size":"auto","background-attachment":"scroll","background-type":"","background-media":"","overlay-type":"","overlay-color":"","overlay-opacity":"","overlay-gradient":""},"tablet":{"background-color":"var(--ast-global-color-5)","background-image":"","background-repeat":"repeat","background-position":"center center","background-size":"auto","background-attachment":"scroll","background-type":"","background-media":"","overlay-type":"","overlay-color":"","overlay-opacity":"","overlay-gradient":""},"mobile":{"background-color":"var(--ast-global-color-5)","background-image":"","background-repeat":"repeat","background-position":"center center","background-size":"auto","background-attachment":"scroll","background-type":"","background-media":"","overlay-type":"","overlay-color":"","overlay-opacity":"","overlay-gradient":""}},"footnotes":""},"class_list":["post-1714","page","type-page","status-publish","hentry"],"post_mailing_queue_ids":[],"_links":{"self":[{"href":"https:\/\/agora.xtec.cat\/zer-fontdelaiguadi\/wp-json\/wp\/v2\/pages\/1714","targetHints":{"allow":["GET"]}}],"collection":[{"href":"https:\/\/agora.xtec.cat\/zer-fontdelaiguadi\/wp-json\/wp\/v2\/pages"}],"about":[{"href":"https:\/\/agora.xtec.cat\/zer-fontdelaiguadi\/wp-json\/wp\/v2\/types\/page"}],"author":[{"embeddable":true,"href":"https:\/\/agora.xtec.cat\/zer-fontdelaiguadi\/wp-json\/wp\/v2\/users\/1"}],"replies":[{"embeddable":true,"href":"https:\/\/agora.xtec.cat\/zer-fontdelaiguadi\/wp-json\/wp\/v2\/comments?post=1714"}],"version-history":[{"count":3,"href":"https:\/\/agora.xtec.cat\/zer-fontdelaiguadi\/wp-json\/wp\/v2\/pages\/1714\/revisions"}],"predecessor-version":[{"id":1753,"href":"https:\/\/agora.xtec.cat\/zer-fontdelaiguadi\/wp-json\/wp\/v2\/pages\/1714\/revisions\/1753"}],"up":[{"embeddable":true,"href":"https:\/\/agora.xtec.cat\/zer-fontdelaiguadi\/wp-json\/wp\/v2\/pages\/1659"}],"wp:attachment":[{"href":"https:\/\/agora.xtec.cat\/zer-fontdelaiguadi\/wp-json\/wp\/v2\/media?parent=1714"}],"curies":[{"name":"wp","href":"https:\/\/api.w.org\/{rel}","templated":true}]}}