{"id":1695,"date":"2026-01-14T09:43:54","date_gmt":"2026-01-14T08:43:54","guid":{"rendered":"https:\/\/agora.xtec.cat\/zer-fontdelaiguadi\/?page_id=1695"},"modified":"2026-01-14T09:43:54","modified_gmt":"2026-01-14T08:43:54","slug":"installacions","status":"publish","type":"page","link":"https:\/\/agora.xtec.cat\/zer-fontdelaiguadi\/escola-les-eres-de-rasquera\/installacions\/","title":{"rendered":"Instal\u00b7lacions"},"content":{"rendered":"<p>L\u2019arquitectura de l\u2019escola mostra una conviv\u00e8ncia entre les quatre aules d\u2019antiga construcci\u00f3, que formen un \u00fanic bloc, separades, per un passad\u00eds obert i d\u2019unes quatre noves aules, a\u00efllades aquesta vegada, l\u2019una de l\u2019altra, per petits patis. En l\u2019edifici principal trobem les aules de cicle mitj\u00e0, cicle inicial, i inform\u00e0tica, el despatx de direcci\u00f3, la biblioteca i la sala d\u2019usos m\u00faltiples. Les quatre aules annexades corresponen a l\u2019aula de p\u00e0rvuls, cicle mitj\u00e0, l\u2019aula de desdoblament i la sala de professors\/es.<\/p>\n<p align=\"left\">\u00a0Al baixar les escales que porten al nivell inferior\u00a0hi trobem els vestidors, la sala de material de educaci\u00f3 f\u00edsica, la zona d\u2019esbarjo, formada per una pista esportiva i uns quants arbres, des d\u2019on podem gaudir d\u2019una magn\u00edfica vista de la nostra comarca: La Ribera d\u2019Ebre.<\/p>\n<p align=\"left\">Des d\u2019aquest punt podem observar la Serra del Montsant, la Serra del Tormo, la Serra de Tivissa, la Serra de la Picossa, el castell de Miravet,\u2026<\/p>\n","protected":false},"excerpt":{"rendered":"<p>L\u2019arquitectura de l\u2019escola mostra una conviv\u00e8ncia entre les quatre aules d\u2019antiga construcci\u00f3, que formen un \u00fanic bloc, separades, per un passad\u00eds obert i d\u2019unes quatre noves aules, a\u00efllades aquesta vegada, l\u2019una de l\u2019altra, per petits patis. En l\u2019edifici principal trobem les aules de cicle mitj\u00e0, cicle inicial, i inform\u00e0tica, el despatx de direcci\u00f3, la biblioteca [&hellip;]<\/p>\n","protected":false},"author":1,"featured_media":0,"parent":1657,"menu_order":6,"comment_status":"closed","ping_status":"closed","template":"","meta":{"_bbp_topic_count":0,"_bbp_reply_count":0,"_bbp_total_topic_count":0,"_bbp_total_reply_count":0,"_bbp_voice_count":0,"_bbp_anonymous_reply_count":0,"_bbp_topic_count_hidden":0,"_bbp_reply_count_hidden":0,"_bbp_forum_subforum_count":0,"site-sidebar-layout":"default","site-content-layout":"","ast-site-content-layout":"default","site-content-style":"default","site-sidebar-style":"default","ast-global-header-display":"","ast-banner-title-visibility":"","ast-main-header-display":"","ast-hfb-above-header-display":"","ast-hfb-below-header-display":"","ast-hfb-mobile-header-display":"","site-post-title":"","ast-breadcrumbs-content":"","ast-featured-img":"","footer-sml-layout":"","theme-transparent-header-meta":"default","adv-header-id-meta":"","stick-header-meta":"","header-above-stick-meta":"","header-main-stick-meta":"","header-below-stick-meta":"","astra-migrate-meta-layouts":"set","ast-page-background-enabled":"default","ast-page-background-meta":{"desktop":{"background-color":"var(--ast-global-color-4)","background-image":"","background-repeat":"repeat","background-position":"center center","background-size":"auto","background-attachment":"scroll","background-type":"","background-media":"","overlay-type":"","overlay-color":"","overlay-opacity":"","overlay-gradient":""},"tablet":{"background-color":"","background-image":"","background-repeat":"repeat","background-position":"center center","background-size":"auto","background-attachment":"scroll","background-type":"","background-media":"","overlay-type":"","overlay-color":"","overlay-opacity":"","overlay-gradient":""},"mobile":{"background-color":"","background-image":"","background-repeat":"repeat","background-position":"center center","background-size":"auto","background-attachment":"scroll","background-type":"","background-media":"","overlay-type":"","overlay-color":"","overlay-opacity":"","overlay-gradient":""}},"ast-content-background-meta":{"desktop":{"background-color":"var(--ast-global-color-5)","background-image":"","background-repeat":"repeat","background-position":"center center","background-size":"auto","background-attachment":"scroll","background-type":"","background-media":"","overlay-type":"","overlay-color":"","overlay-opacity":"","overlay-gradient":""},"tablet":{"background-color":"var(--ast-global-color-5)","background-image":"","background-repeat":"repeat","background-position":"center center","background-size":"auto","background-attachment":"scroll","background-type":"","background-media":"","overlay-type":"","overlay-color":"","overlay-opacity":"","overlay-gradient":""},"mobile":{"background-color":"var(--ast-global-color-5)","background-image":"","background-repeat":"repeat","background-position":"center center","background-size":"auto","background-attachment":"scroll","background-type":"","background-media":"","overlay-type":"","overlay-color":"","overlay-opacity":"","overlay-gradient":""}},"footnotes":""},"class_list":["post-1695","page","type-page","status-publish","hentry"],"post_mailing_queue_ids":[],"_links":{"self":[{"href":"https:\/\/agora.xtec.cat\/zer-fontdelaiguadi\/wp-json\/wp\/v2\/pages\/1695","targetHints":{"allow":["GET"]}}],"collection":[{"href":"https:\/\/agora.xtec.cat\/zer-fontdelaiguadi\/wp-json\/wp\/v2\/pages"}],"about":[{"href":"https:\/\/agora.xtec.cat\/zer-fontdelaiguadi\/wp-json\/wp\/v2\/types\/page"}],"author":[{"embeddable":true,"href":"https:\/\/agora.xtec.cat\/zer-fontdelaiguadi\/wp-json\/wp\/v2\/users\/1"}],"replies":[{"embeddable":true,"href":"https:\/\/agora.xtec.cat\/zer-fontdelaiguadi\/wp-json\/wp\/v2\/comments?post=1695"}],"version-history":[{"count":1,"href":"https:\/\/agora.xtec.cat\/zer-fontdelaiguadi\/wp-json\/wp\/v2\/pages\/1695\/revisions"}],"predecessor-version":[{"id":1696,"href":"https:\/\/agora.xtec.cat\/zer-fontdelaiguadi\/wp-json\/wp\/v2\/pages\/1695\/revisions\/1696"}],"up":[{"embeddable":true,"href":"https:\/\/agora.xtec.cat\/zer-fontdelaiguadi\/wp-json\/wp\/v2\/pages\/1657"}],"wp:attachment":[{"href":"https:\/\/agora.xtec.cat\/zer-fontdelaiguadi\/wp-json\/wp\/v2\/media?parent=1695"}],"curies":[{"name":"wp","href":"https:\/\/api.w.org\/{rel}","templated":true}]}}