{"id":1669,"date":"2026-01-08T12:30:59","date_gmt":"2026-01-08T11:30:59","guid":{"rendered":"https:\/\/agora.xtec.cat\/zer-fontdelaiguadi\/?page_id=1669"},"modified":"2026-01-14T23:12:18","modified_gmt":"2026-01-14T22:12:18","slug":"qui-som","status":"publish","type":"page","link":"https:\/\/agora.xtec.cat\/zer-fontdelaiguadi\/escola-les-eres-de-rasquera\/qui-som\/","title":{"rendered":"Qui som?"},"content":{"rendered":"<p data-start=\"1311\" data-end=\"1573\">L\u2019<a href=\"https:\/\/agora.xtec.cat\/ceip-leseres\/\"><strong>Escola Les Eres de Rasquera<\/strong><\/a> \u00e9s una escola rural petita i acollidora, on cada infant \u00e9s protagonista del seu aprenentatge. Creiem en una educaci\u00f3 basada en els valors del respecte, la solidaritat, la generositat i l\u2019empatia, en un clima de confian\u00e7a i benestar.<\/p>\n<p data-start=\"1575\" data-end=\"1816\">La nostra manera de treballar parteix del joc, l\u2019experi\u00e8ncia directa i la relaci\u00f3 amb l\u2019entorn natural i social del poble. Fomentem la curiositat, la creativitat i l\u2019esperit cr\u00edtic, tot afavorint l\u2019autonomia personal i el treball cooperatiu.<\/p>\n<p data-start=\"1818\" data-end=\"2026\">Formem part de la <strong data-start=\"1836\" data-end=\"1861\">ZER Font de l\u2019Aiguad\u00ed<\/strong>, fet que ens permet compartir recursos, mestres i activitats amb l&#8217;Escola P\u00e0mies de Ginestar, ampliant les oportunitats d\u2019aprenentatge i conviv\u00e8ncia dels nostres infants.<\/p>\n<p data-start=\"1818\" data-end=\"2026\"><a href=\"https:\/\/agora.xtec.cat\/zer-fontdelaiguadi\/wp-content\/uploads\/usu1626\/2026\/01\/SIM-430055317121917490_edited-300x291-1.jpg\"><img loading=\"lazy\" decoding=\"async\" class=\"size-full wp-image-1671 alignleft\" src=\"https:\/\/agora.xtec.cat\/zer-fontdelaiguadi\/wp-content\/uploads\/usu1626\/2026\/01\/SIM-430055317121917490_edited-300x291-1.jpg\" alt=\"\" width=\"300\" height=\"291\" \/><\/a><\/p>\n<p data-start=\"1818\" data-end=\"2026\">\n","protected":false},"excerpt":{"rendered":"<p>L\u2019Escola Les Eres de Rasquera \u00e9s una escola rural petita i acollidora, on cada infant \u00e9s protagonista del seu aprenentatge. Creiem en una educaci\u00f3 basada en els valors del respecte, la solidaritat, la generositat i l\u2019empatia, en un clima de confian\u00e7a i benestar. La nostra manera de treballar parteix del joc, l\u2019experi\u00e8ncia directa i la [&hellip;]<\/p>\n","protected":false},"author":1,"featured_media":0,"parent":1657,"menu_order":1,"comment_status":"closed","ping_status":"closed","template":"","meta":{"_bbp_topic_count":0,"_bbp_reply_count":0,"_bbp_total_topic_count":0,"_bbp_total_reply_count":0,"_bbp_voice_count":0,"_bbp_anonymous_reply_count":0,"_bbp_topic_count_hidden":0,"_bbp_reply_count_hidden":0,"_bbp_forum_subforum_count":0,"site-sidebar-layout":"default","site-content-layout":"","ast-site-content-layout":"default","site-content-style":"default","site-sidebar-style":"default","ast-global-header-display":"","ast-banner-title-visibility":"","ast-main-header-display":"","ast-hfb-above-header-display":"","ast-hfb-below-header-display":"","ast-hfb-mobile-header-display":"","site-post-title":"","ast-breadcrumbs-content":"","ast-featured-img":"","footer-sml-layout":"","theme-transparent-header-meta":"default","adv-header-id-meta":"","stick-header-meta":"","header-above-stick-meta":"","header-main-stick-meta":"","header-below-stick-meta":"","astra-migrate-meta-layouts":"set","ast-page-background-enabled":"default","ast-page-background-meta":{"desktop":{"background-color":"var(--ast-global-color-4)","background-image":"","background-repeat":"repeat","background-position":"center center","background-size":"auto","background-attachment":"scroll","background-type":"","background-media":"","overlay-type":"","overlay-color":"","overlay-opacity":"","overlay-gradient":""},"tablet":{"background-color":"","background-image":"","background-repeat":"repeat","background-position":"center center","background-size":"auto","background-attachment":"scroll","background-type":"","background-media":"","overlay-type":"","overlay-color":"","overlay-opacity":"","overlay-gradient":""},"mobile":{"background-color":"","background-image":"","background-repeat":"repeat","background-position":"center center","background-size":"auto","background-attachment":"scroll","background-type":"","background-media":"","overlay-type":"","overlay-color":"","overlay-opacity":"","overlay-gradient":""}},"ast-content-background-meta":{"desktop":{"background-color":"var(--ast-global-color-5)","background-image":"","background-repeat":"repeat","background-position":"center center","background-size":"auto","background-attachment":"scroll","background-type":"","background-media":"","overlay-type":"","overlay-color":"","overlay-opacity":"","overlay-gradient":""},"tablet":{"background-color":"var(--ast-global-color-5)","background-image":"","background-repeat":"repeat","background-position":"center center","background-size":"auto","background-attachment":"scroll","background-type":"","background-media":"","overlay-type":"","overlay-color":"","overlay-opacity":"","overlay-gradient":""},"mobile":{"background-color":"var(--ast-global-color-5)","background-image":"","background-repeat":"repeat","background-position":"center center","background-size":"auto","background-attachment":"scroll","background-type":"","background-media":"","overlay-type":"","overlay-color":"","overlay-opacity":"","overlay-gradient":""}},"footnotes":""},"class_list":["post-1669","page","type-page","status-publish","hentry"],"post_mailing_queue_ids":[],"_links":{"self":[{"href":"https:\/\/agora.xtec.cat\/zer-fontdelaiguadi\/wp-json\/wp\/v2\/pages\/1669","targetHints":{"allow":["GET"]}}],"collection":[{"href":"https:\/\/agora.xtec.cat\/zer-fontdelaiguadi\/wp-json\/wp\/v2\/pages"}],"about":[{"href":"https:\/\/agora.xtec.cat\/zer-fontdelaiguadi\/wp-json\/wp\/v2\/types\/page"}],"author":[{"embeddable":true,"href":"https:\/\/agora.xtec.cat\/zer-fontdelaiguadi\/wp-json\/wp\/v2\/users\/1"}],"replies":[{"embeddable":true,"href":"https:\/\/agora.xtec.cat\/zer-fontdelaiguadi\/wp-json\/wp\/v2\/comments?post=1669"}],"version-history":[{"count":3,"href":"https:\/\/agora.xtec.cat\/zer-fontdelaiguadi\/wp-json\/wp\/v2\/pages\/1669\/revisions"}],"predecessor-version":[{"id":1711,"href":"https:\/\/agora.xtec.cat\/zer-fontdelaiguadi\/wp-json\/wp\/v2\/pages\/1669\/revisions\/1711"}],"up":[{"embeddable":true,"href":"https:\/\/agora.xtec.cat\/zer-fontdelaiguadi\/wp-json\/wp\/v2\/pages\/1657"}],"wp:attachment":[{"href":"https:\/\/agora.xtec.cat\/zer-fontdelaiguadi\/wp-json\/wp\/v2\/media?parent=1669"}],"curies":[{"name":"wp","href":"https:\/\/api.w.org\/{rel}","templated":true}]}}