{"id":7243,"date":"2024-09-26T15:39:33","date_gmt":"2024-09-26T13:39:33","guid":{"rendered":"https:\/\/agora.xtec.cat\/zer-capdecreus\/?page_id=7243"},"modified":"2024-09-28T08:36:03","modified_gmt":"2024-09-28T06:36:03","slug":"projecte-alzines-sureres","status":"publish","type":"page","link":"https:\/\/agora.xtec.cat\/zer-capdecreus\/escola-les-clisques\/que-fem\/projecte-alzines-sureres\/","title":{"rendered":"Projecte Alzines Sureres"},"content":{"rendered":"\r\n\t<div class=\"slideshow_container slideshow_container_style-light\" style=\"height: 300px; \" data-slideshow-id=\"7248\" data-style-name=\"style-light\" data-style-version=\"2.3.1\" >\r\n\r\n\t\t\t\t\t<div class=\"slideshow_loading_icon\"><\/div>\r\n\t\t\r\n\t\t<div class=\"slideshow_content\" style=\"display: none;\">\r\n\r\n\t\t\t<div class=\"slideshow_view\">\r\n\t\t\t\t<div class=\"slideshow_slide slideshow_slide_image\">\r\n\t\t\t\t\t\t\t\t\t\t\t<img src=\"https:\/\/agora.xtec.cat\/zer-capdecreus\/wp-content\/uploads\/usu1769\/2024\/09\/20231123_154523.jpg\" alt=\"20231123_154523\" width=\"2016\" height=\"1134\" \/>\r\n\t\t\t\t\t\t\t\t\t\t<div class=\"slideshow_description_box slideshow_transparent\">\r\n\t\t\t\t\t\t<div class=\"slideshow_title\">20231123_154523<\/div>\t\t\t\t\t\t\t\t\t\t\t<\/div>\r\n\t\t\t\t<\/div>\r\n\r\n\t\t\t\t\t\t<div style=\"clear: both;\"><\/div><\/div><div class=\"slideshow_view\">\r\n\t\t\t\t<div class=\"slideshow_slide slideshow_slide_image\">\r\n\t\t\t\t\t\t\t\t\t\t\t<img src=\"https:\/\/agora.xtec.cat\/zer-capdecreus\/wp-content\/uploads\/usu1769\/2024\/09\/20231123_154518.jpg\" alt=\"20231123_154518\" width=\"2016\" height=\"1134\" \/>\r\n\t\t\t\t\t\t\t\t\t\t<div class=\"slideshow_description_box slideshow_transparent\">\r\n\t\t\t\t\t\t<div class=\"slideshow_title\">20231123_154518<\/div>\t\t\t\t\t\t\t\t\t\t\t<\/div>\r\n\t\t\t\t<\/div>\r\n\r\n\t\t\t\t\t\t<div style=\"clear: both;\"><\/div><\/div><div class=\"slideshow_view\">\r\n\t\t\t\t<div class=\"slideshow_slide slideshow_slide_image\">\r\n\t\t\t\t\t\t\t\t\t\t\t<img src=\"https:\/\/agora.xtec.cat\/zer-capdecreus\/wp-content\/uploads\/usu1769\/2024\/09\/20231123_124003.jpg\" alt=\"20231123_124003\" width=\"2016\" height=\"1134\" \/>\r\n\t\t\t\t\t\t\t\t\t\t<div class=\"slideshow_description_box slideshow_transparent\">\r\n\t\t\t\t\t\t<div class=\"slideshow_title\">20231123_124003<\/div>\t\t\t\t\t\t\t\t\t\t\t<\/div>\r\n\t\t\t\t<\/div>\r\n\r\n\t\t\t\t\t\t<div style=\"clear: both;\"><\/div><\/div><div class=\"slideshow_view\">\r\n\t\t\t\t<div class=\"slideshow_slide slideshow_slide_image\">\r\n\t\t\t\t\t\t\t\t\t\t\t<img src=\"https:\/\/agora.xtec.cat\/zer-capdecreus\/wp-content\/uploads\/usu1769\/2024\/09\/20231123_120854.jpg\" alt=\"20231123_120854\" width=\"2016\" height=\"1134\" \/>\r\n\t\t\t\t\t\t\t\t\t\t<div class=\"slideshow_description_box slideshow_transparent\">\r\n\t\t\t\t\t\t<div class=\"slideshow_title\">20231123_120854<\/div>\t\t\t\t\t\t\t\t\t\t\t<\/div>\r\n\t\t\t\t<\/div>\r\n\r\n\t\t\t\t\t\t<div style=\"clear: both;\"><\/div><\/div><div class=\"slideshow_view\">\r\n\t\t\t\t<div class=\"slideshow_slide slideshow_slide_image\">\r\n\t\t\t\t\t\t\t\t\t\t\t<img src=\"https:\/\/agora.xtec.cat\/zer-capdecreus\/wp-content\/uploads\/usu1769\/2024\/09\/20231123_115228.jpg\" alt=\"20231123_115228\" width=\"2016\" height=\"1134\" \/>\r\n\t\t\t\t\t\t\t\t\t\t<div class=\"slideshow_description_box slideshow_transparent\">\r\n\t\t\t\t\t\t<div class=\"slideshow_title\">20231123_115228<\/div>\t\t\t\t\t\t\t\t\t\t\t<\/div>\r\n\t\t\t\t<\/div>\r\n\r\n\t\t\t\t\t\t<div style=\"clear: both;\"><\/div><\/div><div class=\"slideshow_view\">\r\n\t\t\t\t<div class=\"slideshow_slide slideshow_slide_image\">\r\n\t\t\t\t\t\t\t\t\t\t\t<img src=\"https:\/\/agora.xtec.cat\/zer-capdecreus\/wp-content\/uploads\/usu1769\/2024\/09\/20230608_093934-scaled.jpg\" alt=\"20230608_093934\" width=\"2560\" height=\"1440\" \/>\r\n\t\t\t\t\t\t\t\t\t\t<div class=\"slideshow_description_box slideshow_transparent\">\r\n\t\t\t\t\t\t<div class=\"slideshow_title\">20230608_093934<\/div>\t\t\t\t\t\t\t\t\t\t\t<\/div>\r\n\t\t\t\t<\/div>\r\n\r\n\t\t\t\t\t\t<div style=\"clear: both;\"><\/div><\/div><div class=\"slideshow_view\">\r\n\t\t\t\t<div class=\"slideshow_slide slideshow_slide_image\">\r\n\t\t\t\t\t\t\t\t\t\t\t<img src=\"https:\/\/agora.xtec.cat\/zer-capdecreus\/wp-content\/uploads\/usu1769\/2024\/09\/20230607_182157-scaled.jpg\" alt=\"20230607_182157\" width=\"2560\" height=\"1440\" \/>\r\n\t\t\t\t\t\t\t\t\t\t<div class=\"slideshow_description_box slideshow_transparent\">\r\n\t\t\t\t\t\t<div class=\"slideshow_title\">20230607_182157<\/div>\t\t\t\t\t\t\t\t\t\t\t<\/div>\r\n\t\t\t\t<\/div>\r\n\r\n\t\t\t\t\t\t<div style=\"clear: both;\"><\/div><\/div><div class=\"slideshow_view\">\r\n\t\t\t\t<div class=\"slideshow_slide slideshow_slide_image\">\r\n\t\t\t\t\t\t\t\t\t\t\t<img src=\"https:\/\/agora.xtec.cat\/zer-capdecreus\/wp-content\/uploads\/usu1769\/2024\/09\/20230607_111251-scaled.jpg\" alt=\"20230607_111251\" width=\"2560\" height=\"1440\" \/>\r\n\t\t\t\t\t\t\t\t\t\t<div class=\"slideshow_description_box slideshow_transparent\">\r\n\t\t\t\t\t\t<div class=\"slideshow_title\">20230607_111251<\/div>\t\t\t\t\t\t\t\t\t\t\t<\/div>\r\n\t\t\t\t<\/div>\r\n\r\n\t\t\t\t\t\t<div style=\"clear: both;\"><\/div><\/div><div class=\"slideshow_view\">\r\n\t\t\t\t<div class=\"slideshow_slide slideshow_slide_image\">\r\n\t\t\t\t\t\t\t\t\t\t\t<img src=\"https:\/\/agora.xtec.cat\/zer-capdecreus\/wp-content\/uploads\/usu1769\/2024\/09\/20230607_110424-scaled.jpg\" alt=\"20230607_110424\" width=\"2560\" height=\"1440\" \/>\r\n\t\t\t\t\t\t\t\t\t\t<div class=\"slideshow_description_box slideshow_transparent\">\r\n\t\t\t\t\t\t<div class=\"slideshow_title\">20230607_110424<\/div>\t\t\t\t\t\t\t\t\t\t\t<\/div>\r\n\t\t\t\t<\/div>\r\n\r\n\t\t\t\t\t\t<div style=\"clear: both;\"><\/div><\/div>\r\n\t\t<\/div>\r\n\r\n\t\t<div class=\"slideshow_controlPanel slideshow_transparent\" style=\"display: none;\"><ul><li class=\"slideshow_togglePlay\" data-play-text=\"Visualitza\" data-pause-text=\"Pausa\"><\/li><\/ul><\/div>\r\n\r\n\t\t<div class=\"slideshow_button slideshow_previous slideshow_transparent\" role=\"button\" data-previous-text=\"Anterior\" style=\"display: none;\"><\/div>\r\n\t\t<div class=\"slideshow_button slideshow_next slideshow_transparent\" role=\"button\" data-next-text=\"Seg\u00fcent\" style=\"display: none;\"><\/div>\r\n\r\n\t\t<div class=\"slideshow_pagination\" style=\"display: none;\" data-go-to-text=\"V\u00e9s a la diapositiva\"><div class=\"slideshow_pagination_center\"><\/div><\/div>\r\n\r\n\t\t<!-- WordPress Slideshow Version 2.3.1 -->\r\n\r\n\t\t\t<\/div>\r\n\r\n\n<p>El projecte de les Alzines Sureres s\u2019inicia a l\u2019escola Les Clisques a partir de la trobada de l\u2019escola amb l\u2019associaci\u00f3 La Pedra d\u2019Amarra del Port de la Selva.\u00a0 Despr\u00e9s de l\u2019incendi que va afectar els municipis de la Vall de Santa Creu, el Port de la Selva i Selva de Mar l\u2019estiu del 2021, a l\u2019escola va comen\u00e7ar la reflexi\u00f3 sobre per qu\u00e8 la nostra muntanya va cremar tant r\u00e0pid i amb tanta virul\u00e8ncia en aquest incendi. Tota la vegetaci\u00f3 crema per igual? Aix\u00f2 ha passat sempre a aquesta zona?<\/p>\n<p>En aquest punt vam comen\u00e7ar a plantejar-nos com era el nostre entorn natural i muntanya en altres \u00e8poques passades i, quan vam celebrar el mil\u00b7lenari de la consagraci\u00f3 del Monestir de St. Pere de Rodes vam aprendre que aquestes muntanyes en aquella \u00e8poca (entorn al 1022) estava poblada per altres tipus d\u2019arbres, m\u00e9s resistents al foc. Sobretot alzines i alzines sureres.<\/p>\n<p>Vam descobrir que les alzines sureres s\u00f3n molt m\u00e9s resistents al foc que no pas el pi i, ens va n\u00e9ixer la idea d&#8217;intentar replantar alzines sureres al nostre entorn.<\/p>\n<p>Paral\u00b7lelament, vam contactar amb l\u2019institut de Ceret (Catalunya Nord) i vam con\u00e8ixer el seu projecte de creaci\u00f3 de planter d\u2019alzina surera i tamb\u00e9 relacionant l\u2019activitat amb una ind\u00fastria important a la zona de Ceret com \u00e9s la ind\u00fastria del suro.<\/p>\n<p>Per aix\u00f2 hem comen\u00e7at a fer activitats per a contribuir a preservar i\/o recuperar les esp\u00e8cies aut\u00f2ctones de la zona. Per fer-ho, l\u2019ajuntament del Port de la Selva i el de La Selva de Mar han cedit a l\u2019Associaci\u00f3 La Pedra d\u2019amarra terrenys per a fer plantaci\u00f3 de surers.<\/p>\n<p>Partint de l\u2019assaig i error, i amb l\u2019ajut d\u2019especialistes esperem poder ajudar al nostre entorn a recuperar el bosc de surers i la seva antiga biodiversitat.<\/p>\n<p><a href=\"https:\/\/agora.xtec.cat\/zer-capdecreus\/wp-content\/uploads\/usu1769\/2024\/09\/Classroom_Weekly_Planner_Poster_in_Pink_and_Blue_Playful_Style-removebg-preview.png\"><img loading=\"lazy\" decoding=\"async\" class=\"aligncenter size-full wp-image-7262\" src=\"https:\/\/agora.xtec.cat\/zer-capdecreus\/wp-content\/uploads\/usu1769\/2024\/09\/Classroom_Weekly_Planner_Poster_in_Pink_and_Blue_Playful_Style-removebg-preview.png\" alt=\"\" width=\"330\" height=\"301\" srcset=\"https:\/\/agora.xtec.cat\/zer-capdecreus\/wp-content\/uploads\/usu1769\/2024\/09\/Classroom_Weekly_Planner_Poster_in_Pink_and_Blue_Playful_Style-removebg-preview.png 330w, https:\/\/agora.xtec.cat\/zer-capdecreus\/wp-content\/uploads\/usu1769\/2024\/09\/Classroom_Weekly_Planner_Poster_in_Pink_and_Blue_Playful_Style-removebg-preview-300x274.png 300w\" sizes=\"auto, (max-width: 330px) 100vw, 330px\" \/><\/a><\/p>\n","protected":false},"excerpt":{"rendered":"<p>\t\t\t\t\t\t20231123_154523\t\t\t\t\t\t\t\t\t\t\t<\/p>\n<p>\t\t\t\t\t\t20231123_154518\t\t\t\t\t\t\t\t\t\t\t<\/p>\n<p>\t\t\t\t\t\t20231123_124003\t\t\t\t\t\t\t\t\t\t\t<\/p>\n<p>\t\t\t\t\t\t20231123_120854\t\t\t\t\t\t\t\t\t\t\t<\/p>\n<p>\t\t\t\t\t\t20231123_115228\t\t\t\t\t\t\t\t\t\t\t<\/p>\n<p>\t\t\t\t\t\t20230608_093934\t\t\t\t\t\t\t\t\t\t\t<\/p>\n<p>\t\t\t\t\t\t20230607_182157\t\t\t\t\t\t\t\t\t\t\t<\/p>\n<p>\t\t\t\t\t\t20230607_111251\t\t\t\t\t\t\t\t\t\t\t<\/p>\n<p>\t\t\t\t\t\t20230607_110424\t\t\t\t\t\t\t\t\t\t\t<\/p>\n<ul>\n<li class=\"slideshow_togglePlay\" data-play-text=\"Visualitza\" data-pause-text=\"Pausa\"><\/li>\n<\/ul>\n<p>El projecte de les Alzines Sureres s\u2019inicia a l\u2019escola Les Clisques a partir de la trobada de l\u2019escola amb l\u2019associaci\u00f3 La Pedra d\u2019Amarra del Port de la Selva.\u00a0 Despr\u00e9s de l\u2019incendi que va afectar els municipis de la Vall de Santa Creu,&hellip;  <a href=\"https:\/\/agora.xtec.cat\/zer-capdecreus\/escola-les-clisques\/que-fem\/projecte-alzines-sureres\/\" title=\"Read Projecte Alzines Sureres\">Llegeix m\u00e9s\u00bb<\/a><\/p>\n","protected":false},"author":1,"featured_media":0,"parent":5852,"menu_order":30,"comment_status":"closed","ping_status":"closed","template":"","meta":{"_bbp_topic_count":0,"_bbp_reply_count":0,"_bbp_total_topic_count":0,"_bbp_total_reply_count":0,"_bbp_voice_count":0,"_bbp_anonymous_reply_count":0,"_bbp_topic_count_hidden":0,"_bbp_reply_count_hidden":0,"_bbp_forum_subforum_count":0,"footnotes":""},"class_list":["post-7243","page","type-page","status-publish","hentry"],"post_mailing_queue_ids":[],"_links":{"self":[{"href":"https:\/\/agora.xtec.cat\/zer-capdecreus\/wp-json\/wp\/v2\/pages\/7243","targetHints":{"allow":["GET"]}}],"collection":[{"href":"https:\/\/agora.xtec.cat\/zer-capdecreus\/wp-json\/wp\/v2\/pages"}],"about":[{"href":"https:\/\/agora.xtec.cat\/zer-capdecreus\/wp-json\/wp\/v2\/types\/page"}],"author":[{"embeddable":true,"href":"https:\/\/agora.xtec.cat\/zer-capdecreus\/wp-json\/wp\/v2\/users\/1"}],"replies":[{"embeddable":true,"href":"https:\/\/agora.xtec.cat\/zer-capdecreus\/wp-json\/wp\/v2\/comments?post=7243"}],"version-history":[{"count":6,"href":"https:\/\/agora.xtec.cat\/zer-capdecreus\/wp-json\/wp\/v2\/pages\/7243\/revisions"}],"predecessor-version":[{"id":7269,"href":"https:\/\/agora.xtec.cat\/zer-capdecreus\/wp-json\/wp\/v2\/pages\/7243\/revisions\/7269"}],"up":[{"embeddable":true,"href":"https:\/\/agora.xtec.cat\/zer-capdecreus\/wp-json\/wp\/v2\/pages\/5852"}],"wp:attachment":[{"href":"https:\/\/agora.xtec.cat\/zer-capdecreus\/wp-json\/wp\/v2\/media?parent=7243"}],"curies":[{"name":"wp","href":"https:\/\/api.w.org\/{rel}","templated":true}]}}