{"id":5885,"date":"2022-07-05T15:04:11","date_gmt":"2022-07-05T13:04:11","guid":{"rendered":"https:\/\/agora.xtec.cat\/zer-capdecreus\/?page_id=5885"},"modified":"2025-09-02T21:02:57","modified_gmt":"2025-09-02T19:02:57","slug":"frances-a-lescola","status":"publish","type":"page","link":"https:\/\/agora.xtec.cat\/zer-capdecreus\/escola-les-clisques\/que-fem\/frances-a-lescola\/","title":{"rendered":"Franc\u00e8s a l&#8217;escola"},"content":{"rendered":"<p style=\"text-align: justify;\">Com a ZER situada en una zona propera a Fran\u00e7a i per la relaci\u00f3 que es t\u00e9 en aquest territori amb la llegua francesa, des de la zona es va creure oport\u00fa oferir als nostres alumnes la possibilitat de fer una introducci\u00f3 a la llengua francesa a l&#8217;etapa d&#8217;ed. prim\u00e0ria.<\/p>\n<p style=\"text-align: justify;\">A l&#8217;escola Les Clisques del Port de la Selva, \u00e9s des del curs 21-22 que pels alumnes de cicle superior (5\u00e8 i 6\u00e8) es duu a terme l&#8217;aprenentatge de la llengua francesa com a 2a llengua estrangera i de manera curricular.<\/p>\n<p style=\"text-align: justify;\">Aquest fet, fa que els nostres alumnes s&#8217;inici\u00efn a la llengua francesa a l&#8217;etapa d&#8217;educaci\u00f3 prim\u00e0ria i que els sigui m\u00e9s f\u00e0cil l&#8217;adaptaci\u00f3\u00a0 a l&#8217;institut de la zona, on si els alumnes ho trien, poden aconseguir l&#8217;obtenci\u00f3 del nivell B2 al final de l&#8217;etapa.<\/p>\n<p><a href=\"https:\/\/agora.xtec.cat\/zer-capdecreus\/wp-content\/uploads\/usu1769\/2022\/07\/FRANCES.jpg\"><img loading=\"lazy\" decoding=\"async\" class=\"aligncenter wp-image-5888 size-medium\" src=\"https:\/\/agora.xtec.cat\/zer-capdecreus\/wp-content\/uploads\/usu1769\/2022\/07\/FRANCES-300x200.jpg\" alt=\"\" width=\"300\" height=\"200\" srcset=\"https:\/\/agora.xtec.cat\/zer-capdecreus\/wp-content\/uploads\/usu1769\/2022\/07\/FRANCES-300x200.jpg 300w, https:\/\/agora.xtec.cat\/zer-capdecreus\/wp-content\/uploads\/usu1769\/2022\/07\/FRANCES.jpg 612w\" sizes=\"auto, (max-width: 300px) 100vw, 300px\" \/><\/a><\/p>\n","protected":false},"excerpt":{"rendered":"<p>Com a ZER situada en una zona propera a Fran\u00e7a i per la relaci\u00f3 que es t\u00e9 en aquest territori amb la llegua francesa, des de la zona es va creure oport\u00fa oferir als nostres alumnes la possibilitat de fer una introducci\u00f3 a la llengua&hellip;  <a href=\"https:\/\/agora.xtec.cat\/zer-capdecreus\/escola-les-clisques\/que-fem\/frances-a-lescola\/\" title=\"Read Franc\u00e8s a l&#8217;escola\">Llegeix m\u00e9s\u00bb<\/a><\/p>\n","protected":false},"author":1,"featured_media":0,"parent":5852,"menu_order":90,"comment_status":"closed","ping_status":"closed","template":"page-templates\/side-menu.php","meta":{"_bbp_topic_count":0,"_bbp_reply_count":0,"_bbp_total_topic_count":0,"_bbp_total_reply_count":0,"_bbp_voice_count":0,"_bbp_anonymous_reply_count":0,"_bbp_topic_count_hidden":0,"_bbp_reply_count_hidden":0,"_bbp_forum_subforum_count":0,"footnotes":""},"class_list":["post-5885","page","type-page","status-publish","hentry"],"post_mailing_queue_ids":[],"_links":{"self":[{"href":"https:\/\/agora.xtec.cat\/zer-capdecreus\/wp-json\/wp\/v2\/pages\/5885","targetHints":{"allow":["GET"]}}],"collection":[{"href":"https:\/\/agora.xtec.cat\/zer-capdecreus\/wp-json\/wp\/v2\/pages"}],"about":[{"href":"https:\/\/agora.xtec.cat\/zer-capdecreus\/wp-json\/wp\/v2\/types\/page"}],"author":[{"embeddable":true,"href":"https:\/\/agora.xtec.cat\/zer-capdecreus\/wp-json\/wp\/v2\/users\/1"}],"replies":[{"embeddable":true,"href":"https:\/\/agora.xtec.cat\/zer-capdecreus\/wp-json\/wp\/v2\/comments?post=5885"}],"version-history":[{"count":4,"href":"https:\/\/agora.xtec.cat\/zer-capdecreus\/wp-json\/wp\/v2\/pages\/5885\/revisions"}],"predecessor-version":[{"id":7526,"href":"https:\/\/agora.xtec.cat\/zer-capdecreus\/wp-json\/wp\/v2\/pages\/5885\/revisions\/7526"}],"up":[{"embeddable":true,"href":"https:\/\/agora.xtec.cat\/zer-capdecreus\/wp-json\/wp\/v2\/pages\/5852"}],"wp:attachment":[{"href":"https:\/\/agora.xtec.cat\/zer-capdecreus\/wp-json\/wp\/v2\/media?parent=5885"}],"curies":[{"name":"wp","href":"https:\/\/api.w.org\/{rel}","templated":true}]}}