{"id":5854,"date":"2022-06-21T21:36:03","date_gmt":"2022-06-21T19:36:03","guid":{"rendered":"https:\/\/agora.xtec.cat\/zer-capdecreus\/?page_id=5854"},"modified":"2023-04-22T11:20:19","modified_gmt":"2023-04-22T09:20:19","slug":"vela-escolar","status":"publish","type":"page","link":"https:\/\/agora.xtec.cat\/zer-capdecreus\/escola-les-clisques\/que-fem\/vela-escolar\/","title":{"rendered":"Vela Escolar"},"content":{"rendered":"<p style=\"text-align: justify;\">\r\n\t<div class=\"slideshow_container slideshow_container_style-light\" style=\"height: 300px; \" data-slideshow-id=\"6452\" data-style-name=\"style-light\" data-style-version=\"2.3.1\" >\r\n\r\n\t\t\t\t\t<div class=\"slideshow_loading_icon\"><\/div>\r\n\t\t\r\n\t\t<div class=\"slideshow_content\" style=\"display: none;\">\r\n\r\n\t\t\t<div class=\"slideshow_view\">\r\n\t\t\t\t<div class=\"slideshow_slide slideshow_slide_image\">\r\n\t\t\t\t\t\t\t\t\t\t\t<img src=\"https:\/\/agora.xtec.cat\/zer-capdecreus\/wp-content\/uploads\/usu1769\/2023\/04\/1682154020277-scaled.jpg\" alt=\"1682154020277\" width=\"2560\" height=\"1440\" \/>\r\n\t\t\t\t\t\t\t\t\t\t<div class=\"slideshow_description_box slideshow_transparent\">\r\n\t\t\t\t\t\t<div class=\"slideshow_title\">1682154020277<\/div>\t\t\t\t\t\t\t\t\t\t\t<\/div>\r\n\t\t\t\t<\/div>\r\n\r\n\t\t\t\t\t\t<div style=\"clear: both;\"><\/div><\/div><div class=\"slideshow_view\">\r\n\t\t\t\t<div class=\"slideshow_slide slideshow_slide_image\">\r\n\t\t\t\t\t\t\t\t\t\t\t<img src=\"https:\/\/agora.xtec.cat\/zer-capdecreus\/wp-content\/uploads\/usu1769\/2023\/04\/1682154022033-scaled.jpg\" alt=\"1682154022033\" width=\"2560\" height=\"1440\" \/>\r\n\t\t\t\t\t\t\t\t\t\t<div class=\"slideshow_description_box slideshow_transparent\">\r\n\t\t\t\t\t\t<div class=\"slideshow_title\">1682154022033<\/div>\t\t\t\t\t\t\t\t\t\t\t<\/div>\r\n\t\t\t\t<\/div>\r\n\r\n\t\t\t\t\t\t<div style=\"clear: both;\"><\/div><\/div><div class=\"slideshow_view\">\r\n\t\t\t\t<div class=\"slideshow_slide slideshow_slide_image\">\r\n\t\t\t\t\t\t\t\t\t\t\t<img src=\"https:\/\/agora.xtec.cat\/zer-capdecreus\/wp-content\/uploads\/usu1769\/2023\/04\/1682154021252-scaled.jpg\" alt=\"1682154021252\" width=\"2560\" height=\"1440\" \/>\r\n\t\t\t\t\t\t\t\t\t\t<div class=\"slideshow_description_box slideshow_transparent\">\r\n\t\t\t\t\t\t<div class=\"slideshow_title\">1682154021252<\/div>\t\t\t\t\t\t\t\t\t\t\t<\/div>\r\n\t\t\t\t<\/div>\r\n\r\n\t\t\t\t\t\t<div style=\"clear: both;\"><\/div><\/div><div class=\"slideshow_view\">\r\n\t\t\t\t<div class=\"slideshow_slide slideshow_slide_image\">\r\n\t\t\t\t\t\t\t\t\t\t\t<img src=\"https:\/\/agora.xtec.cat\/zer-capdecreus\/wp-content\/uploads\/usu1769\/2023\/04\/1682154022764-scaled.jpg\" alt=\"1682154022764\" width=\"2560\" height=\"1440\" \/>\r\n\t\t\t\t\t\t\t\t\t\t<div class=\"slideshow_description_box slideshow_transparent\">\r\n\t\t\t\t\t\t<div class=\"slideshow_title\">1682154022764<\/div>\t\t\t\t\t\t\t\t\t\t\t<\/div>\r\n\t\t\t\t<\/div>\r\n\r\n\t\t\t\t\t\t<div style=\"clear: both;\"><\/div><\/div><div class=\"slideshow_view\">\r\n\t\t\t\t<div class=\"slideshow_slide slideshow_slide_image\">\r\n\t\t\t\t\t\t\t\t\t\t\t<img src=\"https:\/\/agora.xtec.cat\/zer-capdecreus\/wp-content\/uploads\/usu1769\/2022\/06\/vela-scaled.jpg\" alt=\"vela\" width=\"2560\" height=\"1139\" \/>\r\n\t\t\t\t\t\t\t\t\t\t<div class=\"slideshow_description_box slideshow_transparent\">\r\n\t\t\t\t\t\t<div class=\"slideshow_title\">vela<\/div>\t\t\t\t\t\t\t\t\t\t\t<\/div>\r\n\t\t\t\t<\/div>\r\n\r\n\t\t\t\t\t\t<div style=\"clear: both;\"><\/div><\/div>\r\n\t\t<\/div>\r\n\r\n\t\t<div class=\"slideshow_controlPanel slideshow_transparent\" style=\"display: none;\"><ul><li class=\"slideshow_togglePlay\" data-play-text=\"Visualitza\" data-pause-text=\"Pausa\"><\/li><\/ul><\/div>\r\n\r\n\t\t<div class=\"slideshow_button slideshow_previous slideshow_transparent\" role=\"button\" data-previous-text=\"Anterior\" style=\"display: none;\"><\/div>\r\n\t\t<div class=\"slideshow_button slideshow_next slideshow_transparent\" role=\"button\" data-next-text=\"Seg\u00fcent\" style=\"display: none;\"><\/div>\r\n\r\n\t\t<div class=\"slideshow_pagination\" style=\"display: none;\" data-go-to-text=\"V\u00e9s a la diapositiva\"><div class=\"slideshow_pagination_center\"><\/div><\/div>\r\n\r\n\t\t<!-- WordPress Slideshow Version 2.3.1 -->\r\n\r\n\t\t\t<\/div>\r\n\r\n<\/p>\n<p style=\"text-align: justify;\">Durant el curs 2021-2022 s&#8217;ha recuperat l&#8217;activitat de Vela Escolar, que ja s&#8217;havia dut a terme a l&#8217;escola amb anterioritat. L&#8217;activitat, que permet al nostre alumnat adquirir coneixements sobre el mar i el comportament dels diferents tipus d&#8217;embarcacions, tamb\u00e9 dona coneixements sobre un entorn natural molt proper per\u00f2 poc conegut. Amb aquesta activitat, ens acostem al mar tot aprenent l&#8217;esport de la Vela, com manar diferents embarcacions i per a saber com actuar en diferents situacions que ens podem trobar a mar.<\/p>\n<p style=\"text-align: justify;\">Durant el curs 21-22 han estat els alumnes de 4t, 5\u00e8 i 6\u00e8 els que han pogut practicar aquest esport, i ha estat gr\u00e0cies a l&#8217;entesa entre el Club N\u00e0utic i l&#8217;Ajuntament que l&#8217;activitat ha suposat cost zero a les fam\u00edlies.<\/p>\n<p style=\"text-align: justify;\">L&#8217;activitat, molt ben valorada pels alumnes, s&#8217;encabeix dins el curr\u00edculum d&#8217;Educaci\u00f3 F\u00edsica i la intenci\u00f3 \u00e9s la de dur-la a terme durant els propers cursos escolars.<\/p>\n<p>Durant el curs 22-23 s\u2019ha ampliat l\u2019activitat als alumnes de cicle mitj\u00e0 que s\u2019han sumat als alumnes que ja es van iniciar en l\u2019aprenentatge de la durant el curs passat.<\/p>\n<p style=\"text-align: center;\"><em>Clica per a accedir als objectius del programa:<\/em><\/p>\n<p><a href=\"https:\/\/drive.google.com\/file\/d\/191e128816XQVQQjopRLhYghPiT_kAv9Q\/view?usp=sharing\"><img loading=\"lazy\" decoding=\"async\" class=\"aligncenter wp-image-6023 size-medium\" src=\"https:\/\/agora.xtec.cat\/zer-capdecreus\/wp-content\/uploads\/usu1769\/2022\/09\/Objectius-Vela-Escolar-page-001-212x300.jpg\" alt=\"\" width=\"212\" height=\"300\" srcset=\"https:\/\/agora.xtec.cat\/zer-capdecreus\/wp-content\/uploads\/usu1769\/2022\/09\/Objectius-Vela-Escolar-page-001-212x300.jpg 212w, https:\/\/agora.xtec.cat\/zer-capdecreus\/wp-content\/uploads\/usu1769\/2022\/09\/Objectius-Vela-Escolar-page-001-724x1024.jpg 724w, https:\/\/agora.xtec.cat\/zer-capdecreus\/wp-content\/uploads\/usu1769\/2022\/09\/Objectius-Vela-Escolar-page-001-768x1086.jpg 768w, https:\/\/agora.xtec.cat\/zer-capdecreus\/wp-content\/uploads\/usu1769\/2022\/09\/Objectius-Vela-Escolar-page-001-1086x1536.jpg 1086w, https:\/\/agora.xtec.cat\/zer-capdecreus\/wp-content\/uploads\/usu1769\/2022\/09\/Objectius-Vela-Escolar-page-001.jpg 1240w\" sizes=\"auto, (max-width: 212px) 100vw, 212px\" \/><\/a><\/p>\n<p><a href=\"https:\/\/agora.xtec.cat\/zer-capdecreus\/wp-content\/uploads\/usu1769\/2022\/06\/img9.jpg\"><img loading=\"lazy\" decoding=\"async\" class=\"aligncenter wp-image-5856 size-medium\" src=\"https:\/\/agora.xtec.cat\/zer-capdecreus\/wp-content\/uploads\/usu1769\/2022\/06\/img9-225x300.jpg\" alt=\"\" width=\"225\" height=\"300\" srcset=\"https:\/\/agora.xtec.cat\/zer-capdecreus\/wp-content\/uploads\/usu1769\/2022\/06\/img9-225x300.jpg 225w, https:\/\/agora.xtec.cat\/zer-capdecreus\/wp-content\/uploads\/usu1769\/2022\/06\/img9-768x1024.jpg 768w, https:\/\/agora.xtec.cat\/zer-capdecreus\/wp-content\/uploads\/usu1769\/2022\/06\/img9-1152x1536.jpg 1152w, https:\/\/agora.xtec.cat\/zer-capdecreus\/wp-content\/uploads\/usu1769\/2022\/06\/img9.jpg 1210w\" sizes=\"auto, (max-width: 225px) 100vw, 225px\" \/><\/a><\/p>\n","protected":false},"excerpt":{"rendered":"<p>\t\t\t\t\t\t1682154020277\t\t\t\t\t\t\t\t\t\t\t<\/p>\n<p>\t\t\t\t\t\t1682154022033\t\t\t\t\t\t\t\t\t\t\t<\/p>\n<p>\t\t\t\t\t\t1682154021252\t\t\t\t\t\t\t\t\t\t\t<\/p>\n<p>\t\t\t\t\t\t1682154022764\t\t\t\t\t\t\t\t\t\t\t<\/p>\n<p>\t\t\t\t\t\tvela\t\t\t\t\t\t\t\t\t\t\t<\/p>\n<ul>\n<li class=\"slideshow_togglePlay\" data-play-text=\"Visualitza\" data-pause-text=\"Pausa\"><\/li>\n<\/ul>\n<p>Durant el curs 2021-2022 s&#8217;ha recuperat l&#8217;activitat de Vela Escolar, que ja s&#8217;havia dut a terme a l&#8217;escola amb anterioritat. L&#8217;activitat, que permet al nostre alumnat adquirir coneixements sobre el mar i el comportament dels diferents tipus d&#8217;embarcacions, tamb\u00e9 dona coneixements sobre&hellip;  <a href=\"https:\/\/agora.xtec.cat\/zer-capdecreus\/escola-les-clisques\/que-fem\/vela-escolar\/\" title=\"Read Vela Escolar\">Llegeix m\u00e9s\u00bb<\/a><\/p>\n","protected":false},"author":1,"featured_media":0,"parent":5852,"menu_order":50,"comment_status":"closed","ping_status":"closed","template":"page-templates\/side-menu.php","meta":{"_bbp_topic_count":0,"_bbp_reply_count":0,"_bbp_total_topic_count":0,"_bbp_total_reply_count":0,"_bbp_voice_count":0,"_bbp_anonymous_reply_count":0,"_bbp_topic_count_hidden":0,"_bbp_reply_count_hidden":0,"_bbp_forum_subforum_count":0,"footnotes":""},"class_list":["post-5854","page","type-page","status-publish","hentry"],"post_mailing_queue_ids":[],"_links":{"self":[{"href":"https:\/\/agora.xtec.cat\/zer-capdecreus\/wp-json\/wp\/v2\/pages\/5854","targetHints":{"allow":["GET"]}}],"collection":[{"href":"https:\/\/agora.xtec.cat\/zer-capdecreus\/wp-json\/wp\/v2\/pages"}],"about":[{"href":"https:\/\/agora.xtec.cat\/zer-capdecreus\/wp-json\/wp\/v2\/types\/page"}],"author":[{"embeddable":true,"href":"https:\/\/agora.xtec.cat\/zer-capdecreus\/wp-json\/wp\/v2\/users\/1"}],"replies":[{"embeddable":true,"href":"https:\/\/agora.xtec.cat\/zer-capdecreus\/wp-json\/wp\/v2\/comments?post=5854"}],"version-history":[{"count":3,"href":"https:\/\/agora.xtec.cat\/zer-capdecreus\/wp-json\/wp\/v2\/pages\/5854\/revisions"}],"predecessor-version":[{"id":6460,"href":"https:\/\/agora.xtec.cat\/zer-capdecreus\/wp-json\/wp\/v2\/pages\/5854\/revisions\/6460"}],"up":[{"embeddable":true,"href":"https:\/\/agora.xtec.cat\/zer-capdecreus\/wp-json\/wp\/v2\/pages\/5852"}],"wp:attachment":[{"href":"https:\/\/agora.xtec.cat\/zer-capdecreus\/wp-json\/wp\/v2\/media?parent=5854"}],"curies":[{"name":"wp","href":"https:\/\/api.w.org\/{rel}","templated":true}]}}