{"id":5764,"date":"2022-01-12T13:48:11","date_gmt":"2022-01-12T12:48:11","guid":{"rendered":"https:\/\/agora.xtec.cat\/zer-capdecreus\/?page_id=5764"},"modified":"2022-06-21T21:17:36","modified_gmt":"2022-06-21T19:17:36","slug":"historia-de-lescola","status":"publish","type":"page","link":"https:\/\/agora.xtec.cat\/zer-capdecreus\/escola-les-clisques\/historia-de-lescola\/","title":{"rendered":"Hist\u00f2ria de l&#8217;escola"},"content":{"rendered":"\r\n\t<div class=\"slideshow_container slideshow_container_style-light\" style=\"height: 300px; \" data-slideshow-id=\"5777\" data-style-name=\"style-light\" data-style-version=\"2.3.1\" >\r\n\r\n\t\t\t\t\t<div class=\"slideshow_loading_icon\"><\/div>\r\n\t\t\r\n\t\t<div class=\"slideshow_content\" style=\"display: none;\">\r\n\r\n\t\t\t<div class=\"slideshow_view\">\r\n\t\t\t\t<div class=\"slideshow_slide slideshow_slide_image\">\r\n\t\t\t\t\t\t\t\t\t\t\t<img src=\"https:\/\/agora.xtec.cat\/zer-capdecreus\/wp-content\/uploads\/usu1769\/2022\/01\/ARXIUCOM-005-min-scaled.jpg\" alt=\"ARXIUCOM 005-min\" width=\"2560\" height=\"1920\" \/>\r\n\t\t\t\t\t\t\t\t\t\t<div class=\"slideshow_description_box slideshow_transparent\">\r\n\t\t\t\t\t\t<div class=\"slideshow_title\">ARXIUCOM 005-min<\/div>\t\t\t\t\t\t\t\t\t\t\t<\/div>\r\n\t\t\t\t<\/div>\r\n\r\n\t\t\t\t\t\t<div style=\"clear: both;\"><\/div><\/div><div class=\"slideshow_view\">\r\n\t\t\t\t<div class=\"slideshow_slide slideshow_slide_image\">\r\n\t\t\t\t\t\t\t\t\t\t\t<img src=\"https:\/\/agora.xtec.cat\/zer-capdecreus\/wp-content\/uploads\/usu1769\/2022\/01\/ARXIUCOM-001-min-scaled.jpg\" alt=\"ARXIUCOM 001-min\" width=\"2560\" height=\"1920\" \/>\r\n\t\t\t\t\t\t\t\t\t\t<div class=\"slideshow_description_box slideshow_transparent\">\r\n\t\t\t\t\t\t<div class=\"slideshow_title\">ARXIUCOM 001-min<\/div>\t\t\t\t\t\t\t\t\t\t\t<\/div>\r\n\t\t\t\t<\/div>\r\n\r\n\t\t\t\t\t\t<div style=\"clear: both;\"><\/div><\/div><div class=\"slideshow_view\">\r\n\t\t\t\t<div class=\"slideshow_slide slideshow_slide_image\">\r\n\t\t\t\t\t\t\t\t\t\t\t<img src=\"https:\/\/agora.xtec.cat\/zer-capdecreus\/wp-content\/uploads\/usu1769\/2022\/01\/21juny1918-min-scaled.jpg\" alt=\"21juny1918-min\" width=\"2560\" height=\"1835\" \/>\r\n\t\t\t\t\t\t\t\t\t\t<div class=\"slideshow_description_box slideshow_transparent\">\r\n\t\t\t\t\t\t<div class=\"slideshow_title\">21juny1918-min<\/div>\t\t\t\t\t\t\t\t\t\t\t<\/div>\r\n\t\t\t\t<\/div>\r\n\r\n\t\t\t\t\t\t<div style=\"clear: both;\"><\/div><\/div><div class=\"slideshow_view\">\r\n\t\t\t\t<div class=\"slideshow_slide slideshow_slide_image\">\r\n\t\t\t\t\t\t\t\t\t\t\t<img src=\"https:\/\/agora.xtec.cat\/zer-capdecreus\/wp-content\/uploads\/usu1769\/2022\/01\/1950-min-scaled.jpg\" alt=\"1950-min\" width=\"2560\" height=\"1610\" \/>\r\n\t\t\t\t\t\t\t\t\t\t<div class=\"slideshow_description_box slideshow_transparent\">\r\n\t\t\t\t\t\t<div class=\"slideshow_title\">1950-min<\/div>\t\t\t\t\t\t\t\t\t\t\t<\/div>\r\n\t\t\t\t<\/div>\r\n\r\n\t\t\t\t\t\t<div style=\"clear: both;\"><\/div><\/div><div class=\"slideshow_view\">\r\n\t\t\t\t<div class=\"slideshow_slide slideshow_slide_image\">\r\n\t\t\t\t\t\t\t\t\t\t\t<img src=\"https:\/\/agora.xtec.cat\/zer-capdecreus\/wp-content\/uploads\/usu1769\/2022\/01\/85-86.jpg\" alt=\"85-86\" width=\"1025\" height=\"741\" \/>\r\n\t\t\t\t\t\t\t\t\t\t<div class=\"slideshow_description_box slideshow_transparent\">\r\n\t\t\t\t\t\t<div class=\"slideshow_title\">85-86<\/div>\t\t\t\t\t\t\t\t\t\t\t<\/div>\r\n\t\t\t\t<\/div>\r\n\r\n\t\t\t\t\t\t<div style=\"clear: both;\"><\/div><\/div><div class=\"slideshow_view\">\r\n\t\t\t\t<div class=\"slideshow_slide slideshow_slide_image\">\r\n\t\t\t\t\t\t\t\t\t\t\t<img src=\"https:\/\/agora.xtec.cat\/zer-capdecreus\/wp-content\/uploads\/usu1769\/2022\/01\/Yaiza-1.jpg\" alt=\"Yaiza 1\" width=\"1178\" height=\"721\" \/>\r\n\t\t\t\t\t\t\t\t\t\t<div class=\"slideshow_description_box slideshow_transparent\">\r\n\t\t\t\t\t\t<div class=\"slideshow_title\">Yaiza 1<\/div>\t\t\t\t\t\t\t\t\t\t\t<\/div>\r\n\t\t\t\t<\/div>\r\n\r\n\t\t\t\t\t\t<div style=\"clear: both;\"><\/div><\/div><div class=\"slideshow_view\">\r\n\t\t\t\t<div class=\"slideshow_slide slideshow_slide_image\">\r\n\t\t\t\t\t\t\t\t\t\t\t<img src=\"https:\/\/agora.xtec.cat\/zer-capdecreus\/wp-content\/uploads\/usu1769\/2022\/01\/Yaiza-2.jpg\" alt=\"Yaiza 2\" width=\"1377\" height=\"987\" \/>\r\n\t\t\t\t\t\t\t\t\t\t<div class=\"slideshow_description_box slideshow_transparent\">\r\n\t\t\t\t\t\t<div class=\"slideshow_title\">Yaiza 2<\/div>\t\t\t\t\t\t\t\t\t\t\t<\/div>\r\n\t\t\t\t<\/div>\r\n\r\n\t\t\t\t\t\t<div style=\"clear: both;\"><\/div><\/div><div class=\"slideshow_view\">\r\n\t\t\t\t<div class=\"slideshow_slide slideshow_slide_image\">\r\n\t\t\t\t\t\t\t\t\t\t\t<img src=\"https:\/\/agora.xtec.cat\/zer-capdecreus\/wp-content\/uploads\/usu1769\/2022\/01\/P1012101.jpg\" alt=\"OLYMPUS DIGITAL CAMERA\" width=\"1600\" height=\"1200\" \/>\r\n\t\t\t\t\t\t\t\t\t\t<div class=\"slideshow_description_box slideshow_transparent\">\r\n\t\t\t\t\t\t<div class=\"slideshow_title\">OLYMPUS DIGITAL CAMERA<\/div>\t\t\t\t\t\t\t\t\t\t\t<\/div>\r\n\t\t\t\t<\/div>\r\n\r\n\t\t\t\t\t\t<div style=\"clear: both;\"><\/div><\/div>\r\n\t\t<\/div>\r\n\r\n\t\t<div class=\"slideshow_controlPanel slideshow_transparent\" style=\"display: none;\"><ul><li class=\"slideshow_togglePlay\" data-play-text=\"Visualitza\" data-pause-text=\"Pausa\"><\/li><\/ul><\/div>\r\n\r\n\t\t<div class=\"slideshow_button slideshow_previous slideshow_transparent\" role=\"button\" data-previous-text=\"Anterior\" style=\"display: none;\"><\/div>\r\n\t\t<div class=\"slideshow_button slideshow_next slideshow_transparent\" role=\"button\" data-next-text=\"Seg\u00fcent\" style=\"display: none;\"><\/div>\r\n\r\n\t\t<div class=\"slideshow_pagination\" style=\"display: none;\" data-go-to-text=\"V\u00e9s a la diapositiva\"><div class=\"slideshow_pagination_center\"><\/div><\/div>\r\n\r\n\t\t<!-- WordPress Slideshow Version 2.3.1 -->\r\n\r\n\t\t\t<\/div>\r\n\r\n\n<p><b>L\u2019ESCOLA DE PORT DE LA SELVA\u00a0 DES\u00a0 DE 1882 FINS A L\u2019ACTUALITAT<\/b><\/p>\n<p style=\"text-align: justify;\">El llibre del Sr. Ernest Musquera\u00a0 esmenta la falta de documentaci\u00f3 de la primera etapa de les escoles i aporta testimoni oral\u00a0 de dos mestres que tot i la seva avan\u00e7ada edat van explicar el que recordaven. Eren la sra. Consol Costa i\u00a0 el sr. Joaquim Oriol Puignau. Fins a final del segle XIX els nens i les nenes no tenien un ensenyament regular, estaven separats i tenien mestres diferents. El primer c\u00e0rrec de mestre que es coneix data de 1882.\u00a0 La sra Rosa Burrall\u00f3 (1882-1909) va ser la mestra de 60-70 nens en l\u2019edifici de l\u2019antic consult\u00f2ri m\u00e8dic.<\/p>\n<p style=\"text-align: justify;\">El sr. Joaquim Teixidor (1910-1929) va ser el mestre dels nens, entre 70-80,\u00a0 en l\u2019edifici del carrer Roqueta cantonada al carrer de la Pla\u00e7a i que era coneguda com \u201cCan Llarg\u201d.<\/p>\n<p><a href=\"https:\/\/agora.xtec.cat\/zer-capdecreus\/wp-content\/uploads\/usu1769\/2022\/01\/21juny1918-min-scaled.jpg\"><img loading=\"lazy\" decoding=\"async\" class=\"aligncenter size-medium wp-image-5770\" src=\"https:\/\/agora.xtec.cat\/zer-capdecreus\/wp-content\/uploads\/usu1769\/2022\/01\/21juny1918-min-300x215.jpg\" alt=\"\" width=\"300\" height=\"215\" srcset=\"https:\/\/agora.xtec.cat\/zer-capdecreus\/wp-content\/uploads\/usu1769\/2022\/01\/21juny1918-min-300x215.jpg 300w, https:\/\/agora.xtec.cat\/zer-capdecreus\/wp-content\/uploads\/usu1769\/2022\/01\/21juny1918-min-1024x734.jpg 1024w, https:\/\/agora.xtec.cat\/zer-capdecreus\/wp-content\/uploads\/usu1769\/2022\/01\/21juny1918-min-768x550.jpg 768w, https:\/\/agora.xtec.cat\/zer-capdecreus\/wp-content\/uploads\/usu1769\/2022\/01\/21juny1918-min-1536x1101.jpg 1536w, https:\/\/agora.xtec.cat\/zer-capdecreus\/wp-content\/uploads\/usu1769\/2022\/01\/21juny1918-min-2048x1468.jpg 2048w\" sizes=\"auto, (max-width: 300px) 100vw, 300px\" \/><\/a><\/p>\n<p style=\"text-align: justify;\">Les religioses franceses sor Antonia, sor Llu\u00efsa, sor Maria i sor Rosario (1904-1936) van arribar a Port de la Selva fugint de Fran\u00e7a, i van crear una escola particular per nenes\u00a0 que es va ubicar\u00a0 en\u00a0 locals de la sra. Maria Bruzi (v\u00eddua, francesa i coneguda com la Sra. Maria) i m\u00e9s tard al carrer de la Costa\u00a0 fins que l\u2019edifici va ser destru\u00eft durant la guerra civil i les monges van haver de marxar.<\/p>\n<p><a href=\"https:\/\/agora.xtec.cat\/zer-capdecreus\/wp-content\/uploads\/usu1769\/2022\/01\/Nueva-imagen-15-min-scaled.jpg\"><img loading=\"lazy\" decoding=\"async\" class=\"aligncenter size-medium wp-image-5782\" src=\"https:\/\/agora.xtec.cat\/zer-capdecreus\/wp-content\/uploads\/usu1769\/2022\/01\/Nueva-imagen-15-min-300x192.jpg\" alt=\"\" width=\"300\" height=\"192\" srcset=\"https:\/\/agora.xtec.cat\/zer-capdecreus\/wp-content\/uploads\/usu1769\/2022\/01\/Nueva-imagen-15-min-300x192.jpg 300w, https:\/\/agora.xtec.cat\/zer-capdecreus\/wp-content\/uploads\/usu1769\/2022\/01\/Nueva-imagen-15-min-1024x657.jpg 1024w, https:\/\/agora.xtec.cat\/zer-capdecreus\/wp-content\/uploads\/usu1769\/2022\/01\/Nueva-imagen-15-min-768x493.jpg 768w, https:\/\/agora.xtec.cat\/zer-capdecreus\/wp-content\/uploads\/usu1769\/2022\/01\/Nueva-imagen-15-min-1536x985.jpg 1536w, https:\/\/agora.xtec.cat\/zer-capdecreus\/wp-content\/uploads\/usu1769\/2022\/01\/Nueva-imagen-15-min-2048x1314.jpg 2048w\" sizes=\"auto, (max-width: 300px) 100vw, 300px\" \/><\/a><\/p>\n<p style=\"text-align: justify;\">L\u2019escola d\u2019Orientaci\u00f3 Mar\u00edtima i Pesquera es va crear a l\u2019any 1920 en el P\u00f2sit dels pescadors,\u00a0 per donar continu\u00eftat als estudis que es donaven a l\u2019escola dels nens.<\/p>\n<p style=\"text-align: justify;\">A l\u2019any 1933 l\u2019ajuntament va donar uns terrenys al mestre Joaquim Teixidor\u00a0 perqu\u00e8 hi constru\u00eds un edifici escolar el qual va ser inaugurat un any despr\u00e9s. Aquest edifici tenia una aula per nens i un altra per nenes. Era conegut com l\u2019escola de Port de la Selva.<\/p>\n<p style=\"text-align: justify;\">Durant la guerra civil\u00a0 (1936-1939) l\u2019activitat educativa es va traslladar a Ca l\u2019Alfares (edifici de l\u2019actual ajuntament).\u00a0 Acabada la guerra, a\u00a0 l\u2019any 1940 els alumnes van poder estudiar a la Sala de Ball.\u00a0 En aquell moment es van voler suprimir les dues escoles unit\u00e0ries de les nenes perqu\u00e8 d\u00e8ien que hi havia poca assist\u00e8ncia (d\u2019un total de 1002 habitants 44 eren nenes en edat escolar). L\u2019ajuntament s\u00b4hi va oposar i en una de les escoles es va fer una aula de p\u00e0rvuls.<\/p>\n<p style=\"text-align: justify;\">A partir de l\u2019any 1946\u00a0 es van fer obres a l\u2019edifici escolar per poder incloure alumnes m\u00e9s petits i tamb\u00e9 perqu\u00e8 tots els mestres hi tinguessin cabuda. Aix\u00ed doncs l\u2019escola va quedar repartida de la seg\u00fcent forma: una classe unit\u00e0ria de nenes amb la mestra\u00a0 C\u00f2nsol Costa, una classe de p\u00e0rvuls\u00a0 amb la mestra Francisca Carreras i una classe de nens amb el mestre Ernest Musquera.<\/p>\n<p><a href=\"https:\/\/agora.xtec.cat\/zer-capdecreus\/wp-content\/uploads\/usu1769\/2022\/01\/1950-min-scaled.jpg\"><img loading=\"lazy\" decoding=\"async\" class=\"aligncenter size-medium wp-image-5772\" src=\"https:\/\/agora.xtec.cat\/zer-capdecreus\/wp-content\/uploads\/usu1769\/2022\/01\/1950-min-300x189.jpg\" alt=\"\" width=\"300\" height=\"189\" srcset=\"https:\/\/agora.xtec.cat\/zer-capdecreus\/wp-content\/uploads\/usu1769\/2022\/01\/1950-min-300x189.jpg 300w, https:\/\/agora.xtec.cat\/zer-capdecreus\/wp-content\/uploads\/usu1769\/2022\/01\/1950-min-1024x644.jpg 1024w, https:\/\/agora.xtec.cat\/zer-capdecreus\/wp-content\/uploads\/usu1769\/2022\/01\/1950-min-768x483.jpg 768w, https:\/\/agora.xtec.cat\/zer-capdecreus\/wp-content\/uploads\/usu1769\/2022\/01\/1950-min-1536x966.jpg 1536w, https:\/\/agora.xtec.cat\/zer-capdecreus\/wp-content\/uploads\/usu1769\/2022\/01\/1950-min-2048x1288.jpg 2048w\" sizes=\"auto, (max-width: 300px) 100vw, 300px\" \/><\/a><\/p>\n<p style=\"text-align: justify;\">Fins a l\u2019any 1950 tamb\u00e9 es feien classes a casa de la sra. Casadevall al carrer Major.<\/p>\n<p style=\"text-align: justify;\">A les esmentades escoles\u00a0 s\u2019anaven succeint diferents mestres: Salvador Nadal, Josep M\u00aa Gratac\u00f3s, Maria Dabau, Pedro Tellez,\u00a0 Herminia Sal\u00f3, Dolors Jord\u00e0, Pietat Caselles, Dolors Causs\u00e0, Marta F\u00e0brega, Pere Cortada, Conxita Larrull,&#8230;<\/p>\n<p><a href=\"https:\/\/agora.xtec.cat\/zer-capdecreus\/wp-content\/uploads\/usu1769\/2022\/01\/85-86.jpg\"><img loading=\"lazy\" decoding=\"async\" class=\"aligncenter size-medium wp-image-5771\" src=\"https:\/\/agora.xtec.cat\/zer-capdecreus\/wp-content\/uploads\/usu1769\/2022\/01\/85-86-300x217.jpg\" alt=\"\" width=\"300\" height=\"217\" srcset=\"https:\/\/agora.xtec.cat\/zer-capdecreus\/wp-content\/uploads\/usu1769\/2022\/01\/85-86-300x217.jpg 300w, https:\/\/agora.xtec.cat\/zer-capdecreus\/wp-content\/uploads\/usu1769\/2022\/01\/85-86-768x555.jpg 768w, https:\/\/agora.xtec.cat\/zer-capdecreus\/wp-content\/uploads\/usu1769\/2022\/01\/85-86.jpg 1025w\" sizes=\"auto, (max-width: 300px) 100vw, 300px\" \/><\/a><\/p>\n<p style=\"text-align: justify;\">A l\u2019any 1987 l\u2019escola de Port de la Selva tenia tres nivells d\u2019ensenyament: preescolar a c\u00e0rrec de la mestra M\u00aaAngels Carb\u00f3, el cicle inicial, a c\u00e0rrec de Rosa M\u00aa Morell Dabau\u00a0 i el cicle mitj\u00e0 a c\u00e0rrec d\u2019Anna M\u00aa Iglesias Coll.<\/p>\n<p style=\"text-align: justify;\">Els alumnes de cicle superior anaven a l\u2019Escola P\u00fablica de Llan\u00e7\u00e0.<\/p>\n<p style=\"text-align: justify;\">I aix\u00ed va anar passant el temps fins que l\u2019any 2006 es va decidir enderrocar l\u2019antiga escola per construir-ne una de nova que s\u2019ajust\u00e9s m\u00e9s a les necessitats educatives del moment.<\/p>\n<p style=\"text-align: justify;\">Mentres es feia la nova escola,\u00a0 l\u2019activitat educativa del curs 2006- 2007 es va traslladar en uns m\u00f2duls prefabricats al costat del pavell\u00f3 municipal.<\/p>\n<p style=\"text-align: justify;\">I finalment, al curs 2007- 2008 es va inaugurar la nova escola que est\u00e0 construida en el mateix solar on havia estat ubicada l\u2019escola de l\u2019any 1933, i de la que avui en dia gaudeixen les mainades de Port de la Selva , Selva de Mar\u00a0 i dem\u00e9s criatures de les contrades.<\/p>\n<p style=\"text-align: justify;\">A la nova escola se li ha posat com a\u00a0 nom\u00a0 Les Clisques, per recordar el soroll que fa el mar quan mulla les pedres de la vora de l\u2019aigua de la platja del costat.<\/p>\n<p><em>Document elaborat pels alumnes de 5\u00e8 i 6\u00e8 del curs 2020-2021.<\/em><\/p>\n","protected":false},"excerpt":{"rendered":"<p>\t\t\t\t\t\tARXIUCOM 005-min\t\t\t\t\t\t\t\t\t\t\t<\/p>\n<p>\t\t\t\t\t\tARXIUCOM 001-min\t\t\t\t\t\t\t\t\t\t\t<\/p>\n<p>\t\t\t\t\t\t21juny1918-min\t\t\t\t\t\t\t\t\t\t\t<\/p>\n<p>\t\t\t\t\t\t1950-min\t\t\t\t\t\t\t\t\t\t\t<\/p>\n<p>\t\t\t\t\t\t85-86\t\t\t\t\t\t\t\t\t\t\t<\/p>\n<p>\t\t\t\t\t\tYaiza 1\t\t\t\t\t\t\t\t\t\t\t<\/p>\n<p>\t\t\t\t\t\tYaiza 2\t\t\t\t\t\t\t\t\t\t\t<\/p>\n<p>\t\t\t\t\t\tOLYMPUS DIGITAL CAMERA\t\t\t\t\t\t\t\t\t\t\t<\/p>\n<ul>\n<li class=\"slideshow_togglePlay\" data-play-text=\"Visualitza\" data-pause-text=\"Pausa\"><\/li>\n<\/ul>\n<p>L\u2019ESCOLA DE PORT DE LA SELVA\u00a0 DES\u00a0 DE 1882 FINS A L\u2019ACTUALITAT<br \/>\nEl llibre del Sr. Ernest Musquera\u00a0 esmenta la falta de documentaci\u00f3 de la primera etapa de les escoles i aporta testimoni oral\u00a0 de dos mestres&hellip;  <a href=\"https:\/\/agora.xtec.cat\/zer-capdecreus\/escola-les-clisques\/historia-de-lescola\/\" title=\"Read Hist\u00f2ria de l&#8217;escola\">Llegeix m\u00e9s\u00bb<\/a><\/p>\n","protected":false},"author":1,"featured_media":0,"parent":264,"menu_order":70,"comment_status":"closed","ping_status":"closed","template":"","meta":{"_bbp_topic_count":0,"_bbp_reply_count":0,"_bbp_total_topic_count":0,"_bbp_total_reply_count":0,"_bbp_voice_count":0,"_bbp_anonymous_reply_count":0,"_bbp_topic_count_hidden":0,"_bbp_reply_count_hidden":0,"_bbp_forum_subforum_count":0,"footnotes":""},"class_list":["post-5764","page","type-page","status-publish","hentry"],"post_mailing_queue_ids":[],"_links":{"self":[{"href":"https:\/\/agora.xtec.cat\/zer-capdecreus\/wp-json\/wp\/v2\/pages\/5764","targetHints":{"allow":["GET"]}}],"collection":[{"href":"https:\/\/agora.xtec.cat\/zer-capdecreus\/wp-json\/wp\/v2\/pages"}],"about":[{"href":"https:\/\/agora.xtec.cat\/zer-capdecreus\/wp-json\/wp\/v2\/types\/page"}],"author":[{"embeddable":true,"href":"https:\/\/agora.xtec.cat\/zer-capdecreus\/wp-json\/wp\/v2\/users\/1"}],"replies":[{"embeddable":true,"href":"https:\/\/agora.xtec.cat\/zer-capdecreus\/wp-json\/wp\/v2\/comments?post=5764"}],"version-history":[{"count":3,"href":"https:\/\/agora.xtec.cat\/zer-capdecreus\/wp-json\/wp\/v2\/pages\/5764\/revisions"}],"predecessor-version":[{"id":5789,"href":"https:\/\/agora.xtec.cat\/zer-capdecreus\/wp-json\/wp\/v2\/pages\/5764\/revisions\/5789"}],"up":[{"embeddable":true,"href":"https:\/\/agora.xtec.cat\/zer-capdecreus\/wp-json\/wp\/v2\/pages\/264"}],"wp:attachment":[{"href":"https:\/\/agora.xtec.cat\/zer-capdecreus\/wp-json\/wp\/v2\/media?parent=5764"}],"curies":[{"name":"wp","href":"https:\/\/api.w.org\/{rel}","templated":true}]}}