{"id":57,"date":"2014-09-17T17:01:07","date_gmt":"2014-09-17T17:01:07","guid":{"rendered":"http:\/\/agora.xtec.cat\/zer-capdecreus\/?page_id=57"},"modified":"2020-05-12T16:41:57","modified_gmt":"2020-05-12T14:41:57","slug":"projecte-educatiu","status":"publish","type":"page","link":"https:\/\/agora.xtec.cat\/zer-capdecreus\/zer\/projecte-educatiu\/","title":{"rendered":"Projecte educatiu"},"content":{"rendered":"<p style=\"text-align: justify;\">D&#8217;acord amb la <a title=\"Article 91 LEC\" href=\"http:\/\/www20.gencat.cat\/portal\/site\/portaljuridic\/menuitem.d15a4e5dfb99396dc366ec10b0c0e1a0\/?vgnextoid=b85297b5a87d6210VgnVCM1000000b0c1e0aRCRD&amp;vgnextchannel=b85297b5a87d6210VgnVCM1000000b0c1e0aRCRD&amp;vgnextfmt=default&amp;action=fitxa&amp;portalId=1&amp;documentId=480169&amp;newLang=ca_ES#fragment-1182442\" target=\"_blank\" rel=\"noopener noreferrer\">Llei d&#8217;Educaci\u00f3 de Catalunya<\/a>, el projecte educatiu incorpora el car\u00e0cter propi del centre.<\/p>\n<p style=\"text-align: justify;\">El nostre Projecte educatiu \u00e9s un projecte educatiu de ZER, per\u00f2 qu\u00e8 significa aix\u00f2?<\/p>\n<p style=\"text-align: justify;\">El terme ZER (Zona Escolar Rural) dona nom a una agrupaci\u00f3 d\u2019escoles petites relativament properes geogr\u00e0ficament i que funciona com una sola escola.<\/p>\n<p style=\"text-align: justify;\">Les escoles que formen part de la ZER Cap de Creus s\u00f3n l&#8217;escola Les Clisques (el Port de la Selva) i l&#8217;escola Puig d&#8217;Esquers (Colera).<\/p>\n<p style=\"text-align: justify;\">S\u2019estableix un Projecte Educatiu com\u00fa adaptat a les caracter\u00edstiques de la zona, on els i les mestres treballen en equip programant activitats conjuntes pels i les alumnes. Es comparteixen serveis i mestres especialistes itinerants (educaci\u00f3 f\u00edsica, educaci\u00f3 especial, educaci\u00f3 musical i llengua estrangera) i es potencia una participaci\u00f3 de pares, mares i ajuntaments m\u00e9s coordinada.<br \/>\nL\u2019estructura de la ZER permet una millora de la qualitat en l\u2019educaci\u00f3 de l\u2019alumnat que viu en les zones rurals. Tamb\u00e9 permet la relaci\u00f3 i el treball en equip entre alumnes i mestres dels diferents centres en activitats i tasques que per separat resultarien for\u00e7a dificultoses: programacions, sortides, col\u00f2nies, trobades, projectes&#8230; Tamb\u00e9 facilita mantenir obertes escoles petites, fet que representa conservar viu l\u2019esperit jove als pobles.<br \/>\nA la ZER Cap de Creus cada escola mant\u00e9 la seva identitat i gestiona tot el que li \u00e9s propi a trav\u00e9s del seu Consell Escolar.<br \/>\nEl Consell Escolar de ZER gestiona tot all\u00f2 que \u00e9s com\u00fa a totes les escoles i que conforma la Programaci\u00f3 General Anual de la ZER:<\/p>\n<p>&#8211; Objectius del curs.<br \/>\n&#8211; Activitats conjuntes amb alumnes: sortides, trobades, col\u00f2nies, festes culturals&#8230;<br \/>\n&#8211; Projectes de treball de cohesi\u00f3 de la ZER.<br \/>\n&#8211; Coordinaci\u00f3 dels mestres especialistes.<\/p>\n<p>El nostre projecte educatiu cont\u00e9 els elements seg\u00fcents:<\/p>\n<ul>\n<li><a href=\"https:\/\/agora.xtec.cat\/zer-capdecreus\/docs\/indicadors-evolutius-de-la-zer-cap-de-creus\/?bp-attachment=Indicadors-Evolutiu-ZER-Cap-de-Creus-18-19.pdf\"><span style=\"color: #000000;\">Indicadors de progr\u00e9s<\/span><\/a>.<\/li>\n<li>Concreci\u00f3 i desenvolupament dels curr\u00edculums.<\/li>\n<li>Criteris que defineixen l&#8217;estructura organitzativa.<\/li>\n<li><a href=\"https:\/\/agora.xtec.cat\/zer-capdecreus\/docs\/projecte-linguistic-zer-cap-de-creus\/?bp-attachment=PROJECTE-LING%C3%9C%C3%8DSTIC-ZER-Cap-de-Creus.pdf\"><span style=\"color: #000000;\">Projecte ling\u00fc\u00edstic.<\/span><\/a><\/li>\n<li>Car\u00e0cter propi del centre.<\/li>\n<\/ul>\n<p style=\"text-align: justify;\">Podeu consultar el Projecte Educatiu de la ZER Cap de Creus clicant al seg\u00fcent enlla\u00e7. Tamb\u00e9 podeu trobar els documents a l&#8217;apartat Documents.<\/p>\n<p><a href=\"https:\/\/docs.google.com\/uc?export=download&amp;id=1JAxl_Uk8mCDb3QCW0L6clvL866wi4cO9\"><img loading=\"lazy\" decoding=\"async\" class=\"wp-image-1367 aligncenter\" src=\"https:\/\/agora.xtec.cat\/zer-capdecreus\/wp-content\/uploads\/usu1769\/2020\/04\/PEZ-ZER-Cap-de-Creus-07-19-portada-1-724x1024.jpg\" alt=\"\" width=\"181\" height=\"256\" srcset=\"https:\/\/agora.xtec.cat\/zer-capdecreus\/wp-content\/uploads\/usu1769\/2020\/04\/PEZ-ZER-Cap-de-Creus-07-19-portada-1-724x1024.jpg 724w, https:\/\/agora.xtec.cat\/zer-capdecreus\/wp-content\/uploads\/usu1769\/2020\/04\/PEZ-ZER-Cap-de-Creus-07-19-portada-1-212x300.jpg 212w, https:\/\/agora.xtec.cat\/zer-capdecreus\/wp-content\/uploads\/usu1769\/2020\/04\/PEZ-ZER-Cap-de-Creus-07-19-portada-1-768x1086.jpg 768w, https:\/\/agora.xtec.cat\/zer-capdecreus\/wp-content\/uploads\/usu1769\/2020\/04\/PEZ-ZER-Cap-de-Creus-07-19-portada-1.jpg 1240w\" sizes=\"auto, (max-width: 181px) 100vw, 181px\" \/><\/a><\/p>\n<p>&nbsp;<\/p>\n<p>&nbsp;<\/p>\n","protected":false},"excerpt":{"rendered":"<p>D&#8217;acord amb la <a title=\"Article 91 LEC\" href=\"http:\/\/www20.gencat.cat\/portal\/site\/portaljuridic\/menuitem.d15a4e5dfb99396dc366ec10b0c0e1a0\/?vgnextoid=b85297b5a87d6210VgnVCM1000000b0c1e0aRCRD&amp;vgnextchannel=b85297b5a87d6210VgnVCM1000000b0c1e0aRCRD&amp;vgnextfmt=default&amp;action=fitxa&amp;portalId=1&amp;documentId=480169&amp;newLang=ca_ES#fragment-1182442\" target=\"_blank\" rel=\"noopener noreferrer\">Llei d&#8217;Educaci\u00f3 de Catalunya<\/a>, el projecte educatiu incorpora el car\u00e0cter propi del centre.<br \/>\nEl nostre Projecte educatiu \u00e9s un projecte educatiu de ZER, per\u00f2 qu\u00e8 significa aix\u00f2?<br \/>\nEl terme ZER (Zona Escolar Rural) dona nom a una&hellip;  <a href=\"https:\/\/agora.xtec.cat\/zer-capdecreus\/zer\/projecte-educatiu\/\" title=\"Read Projecte educatiu\">Llegeix m\u00e9s\u00bb<\/a><\/p>\n","protected":false},"author":1,"featured_media":0,"parent":19,"menu_order":30,"comment_status":"closed","ping_status":"closed","template":"page-templates\/side-menu.php","meta":{"_bbp_topic_count":0,"_bbp_reply_count":0,"_bbp_total_topic_count":0,"_bbp_total_reply_count":0,"_bbp_voice_count":0,"_bbp_anonymous_reply_count":0,"_bbp_topic_count_hidden":0,"_bbp_reply_count_hidden":0,"_bbp_forum_subforum_count":0,"footnotes":""},"class_list":["post-57","page","type-page","status-publish","hentry"],"post_mailing_queue_ids":[],"_links":{"self":[{"href":"https:\/\/agora.xtec.cat\/zer-capdecreus\/wp-json\/wp\/v2\/pages\/57","targetHints":{"allow":["GET"]}}],"collection":[{"href":"https:\/\/agora.xtec.cat\/zer-capdecreus\/wp-json\/wp\/v2\/pages"}],"about":[{"href":"https:\/\/agora.xtec.cat\/zer-capdecreus\/wp-json\/wp\/v2\/types\/page"}],"author":[{"embeddable":true,"href":"https:\/\/agora.xtec.cat\/zer-capdecreus\/wp-json\/wp\/v2\/users\/1"}],"replies":[{"embeddable":true,"href":"https:\/\/agora.xtec.cat\/zer-capdecreus\/wp-json\/wp\/v2\/comments?post=57"}],"version-history":[{"count":4,"href":"https:\/\/agora.xtec.cat\/zer-capdecreus\/wp-json\/wp\/v2\/pages\/57\/revisions"}],"predecessor-version":[{"id":3889,"href":"https:\/\/agora.xtec.cat\/zer-capdecreus\/wp-json\/wp\/v2\/pages\/57\/revisions\/3889"}],"up":[{"embeddable":true,"href":"https:\/\/agora.xtec.cat\/zer-capdecreus\/wp-json\/wp\/v2\/pages\/19"}],"wp:attachment":[{"href":"https:\/\/agora.xtec.cat\/zer-capdecreus\/wp-json\/wp\/v2\/media?parent=57"}],"curies":[{"name":"wp","href":"https:\/\/api.w.org\/{rel}","templated":true}]}}