{"id":5328,"date":"2021-09-24T16:00:08","date_gmt":"2021-09-24T14:00:08","guid":{"rendered":"https:\/\/agora.xtec.cat\/zer-capdecreus\/?page_id=5328"},"modified":"2021-10-01T12:40:00","modified_gmt":"2021-10-01T10:40:00","slug":"equip-directiu","status":"publish","type":"page","link":"https:\/\/agora.xtec.cat\/zer-capdecreus\/zer\/equip-directiu\/","title":{"rendered":"Equip directiu"},"content":{"rendered":"<p>Clica sobre cada membre de l&#8217;equip directiu per a con\u00e8ixer la traject\u00f2ria professional de cadasc\u00fa.<\/p>\n<p><strong>ZER Cap de Creus<\/strong><\/p>\n<p>Director: <a href=\"https:\/\/agora.xtec.cat\/zer-capdecreus\/wp-content\/uploads\/usu1769\/2021\/09\/Josep-Bertran.-Trajectoria-professional-signat-2.pdf\">Josep Bertran Muntada<\/a><\/p>\n<p>Cap d&#8217;Estudis: Irene Bosacoma Bell-Lloch<\/p>\n<p>Secretari: <a href=\"https:\/\/agora.xtec.cat\/zer-capdecreus\/wp-content\/uploads\/usu1769\/2021\/09\/Model-trajectoria-professional-Marc1.pdf\">Marc Tic\u00f3 Gil<\/a><\/p>\n<p>&nbsp;<\/p>\n<p><strong>Escola Les Clisques<\/strong><\/p>\n<p>Director: <a href=\"https:\/\/agora.xtec.cat\/zer-capdecreus\/wp-content\/uploads\/usu1769\/2021\/09\/Josep-Bertran.-Trajectoria-professional-signat-2.pdf\">Josep Bertran Muntada<\/a><\/p>\n<p>Secret\u00e0ria: Cristina L\u00f3pez Moreno<\/p>\n<p>&nbsp;<\/p>\n<p><strong>Escola Puig d&#8217;Esquers<\/strong><\/p>\n<p>Director: <a href=\"https:\/\/agora.xtec.cat\/zer-capdecreus\/wp-content\/uploads\/usu1769\/2021\/10\/Model-trajectoria-professional-Kilian.pdf\">Kilian Barbeta Molinos<\/a><\/p>\n","protected":false},"excerpt":{"rendered":"<p>Clica sobre cada membre de l&#8217;equip directiu per a con\u00e8ixer la traject\u00f2ria professional de cadasc\u00fa.<br \/>\nZER Cap de Creus<br \/>\nDirector: <a href=\"https:\/\/agora.xtec.cat\/zer-capdecreus\/wp-content\/uploads\/usu1769\/2021\/09\/Josep-Bertran.-Trajectoria-professional-signat-2.pdf\">Josep Bertran Muntada<\/a><br \/>\nCap d&#8217;Estudis: Irene Bosacoma Bell-Lloch<br \/>\nSecretari: <a href=\"https:\/\/agora.xtec.cat\/zer-capdecreus\/wp-content\/uploads\/usu1769\/2021\/09\/Model-trajectoria-professional-Marc1.pdf\">Marc Tic\u00f3 Gil<\/a><br \/>\n&nbsp;<br \/>\nEscola Les Clisques<br \/>\nDirector: <a href=\"https:\/\/agora.xtec.cat\/zer-capdecreus\/wp-content\/uploads\/usu1769\/2021\/09\/Josep-Bertran.-Trajectoria-professional-signat-2.pdf\">Josep Bertran Muntada<\/a><br \/>\nSecret\u00e0ria: Cristina L\u00f3pez Moreno<br \/>\n&nbsp;<br \/>\nEscola Puig d&#8217;Esquers<br \/>\nDirector: <a href=\"https:\/\/agora.xtec.cat\/zer-capdecreus\/wp-content\/uploads\/usu1769\/2021\/10\/Model-trajectoria-professional-Kilian.pdf\">Kilian Barbeta Molinos<\/a><\/p>\n","protected":false},"author":1,"featured_media":0,"parent":19,"menu_order":0,"comment_status":"closed","ping_status":"closed","template":"","meta":{"_bbp_topic_count":0,"_bbp_reply_count":0,"_bbp_total_topic_count":0,"_bbp_total_reply_count":0,"_bbp_voice_count":0,"_bbp_anonymous_reply_count":0,"_bbp_topic_count_hidden":0,"_bbp_reply_count_hidden":0,"_bbp_forum_subforum_count":0,"footnotes":""},"class_list":["post-5328","page","type-page","status-publish","hentry"],"post_mailing_queue_ids":[],"_links":{"self":[{"href":"https:\/\/agora.xtec.cat\/zer-capdecreus\/wp-json\/wp\/v2\/pages\/5328","targetHints":{"allow":["GET"]}}],"collection":[{"href":"https:\/\/agora.xtec.cat\/zer-capdecreus\/wp-json\/wp\/v2\/pages"}],"about":[{"href":"https:\/\/agora.xtec.cat\/zer-capdecreus\/wp-json\/wp\/v2\/types\/page"}],"author":[{"embeddable":true,"href":"https:\/\/agora.xtec.cat\/zer-capdecreus\/wp-json\/wp\/v2\/users\/1"}],"replies":[{"embeddable":true,"href":"https:\/\/agora.xtec.cat\/zer-capdecreus\/wp-json\/wp\/v2\/comments?post=5328"}],"version-history":[{"count":3,"href":"https:\/\/agora.xtec.cat\/zer-capdecreus\/wp-json\/wp\/v2\/pages\/5328\/revisions"}],"predecessor-version":[{"id":5348,"href":"https:\/\/agora.xtec.cat\/zer-capdecreus\/wp-json\/wp\/v2\/pages\/5328\/revisions\/5348"}],"up":[{"embeddable":true,"href":"https:\/\/agora.xtec.cat\/zer-capdecreus\/wp-json\/wp\/v2\/pages\/19"}],"wp:attachment":[{"href":"https:\/\/agora.xtec.cat\/zer-capdecreus\/wp-json\/wp\/v2\/media?parent=5328"}],"curies":[{"name":"wp","href":"https:\/\/api.w.org\/{rel}","templated":true}]}}