{"id":435,"date":"2015-07-24T15:14:37","date_gmt":"2015-07-24T14:14:37","guid":{"rendered":"http:\/\/agora.xtec.cat\/zer-capdecreus\/?page_id=435"},"modified":"2022-06-21T21:19:15","modified_gmt":"2022-06-21T19:19:15","slug":"ampa","status":"publish","type":"page","link":"https:\/\/agora.xtec.cat\/zer-capdecreus\/escola-puig\/ampa\/","title":{"rendered":"AFA"},"content":{"rendered":"<p><strong>Pots veure les \u00faltimes not\u00edcies de l&#8217;AFA de l&#8217;escola Puig d&#8217;Esquers <a href=\"http:\/\/agora.xtec.cat\/zer-capdecreus\/categoria\/escola-beta\/ampa-escola-beta\/\">aqu\u00ed<\/a>.<\/strong><\/p>\n<p>L\u2019AFA \u00e9s l\u2019entitat que agrupa a les fam\u00edlies d\u2019alumnes de l\u2019Escola per a la defensa dels seus interessos en tot all\u00f2 que fa refer\u00e8ncia a l\u2019educaci\u00f3 dels infants i col\u00b7labora en el funcionament del centre.<br \/>\n\u00c9s una entitat constitu\u00efda com associaci\u00f3 sense \u00e0nim de lucre. Est\u00e0 regulada per uns estatuts i s\u2019organitza a trav\u00e9s de: La Junta Directiva i l\u2019Assemblea General.<br \/>\nL&#8217;objectiu fonamental de l&#8217;AFA \u00e9s contribuir a la millora de la qualitat de l&#8217;ensenyament que reben els nostres fills i filles.<\/p>\n<p><a href=\"http:\/\/agora.xtec.cat\/zer-capdecreus\/wp-content\/uploads\/usu1769\/2014\/09\/ampa.png\"><img loading=\"lazy\" decoding=\"async\" class=\" size-medium wp-image-185 aligncenter\" src=\"http:\/\/agora.xtec.cat\/zer-capdecreus\/wp-content\/uploads\/usu1769\/2014\/09\/ampa-300x120.png\" alt=\"ampa\" width=\"300\" height=\"120\" srcset=\"https:\/\/agora.xtec.cat\/zer-capdecreus\/wp-content\/uploads\/usu1769\/2014\/09\/ampa-300x120.png 300w, https:\/\/agora.xtec.cat\/zer-capdecreus\/wp-content\/uploads\/usu1769\/2014\/09\/ampa.png 315w\" sizes=\"auto, (max-width: 300px) 100vw, 300px\" \/><\/a><\/p>\n<p>Algunes de les tasques que es fan s\u00f3n:<\/p>\n<ul>\n<li>Promoure la participaci\u00f3 de les fam\u00edlies dels alumnes: Castanyada, esmorzars i berenars saludables, Celebraci\u00f3 del Nadal, Festa final de curs,&#8230;<\/li>\n<li>Promoure la representaci\u00f3 i la participaci\u00f3 de les fam\u00edlies dels alumnes en el Consell Escolar.<\/li>\n<li>Col\u00b7labora en les activitats educatives, organitza i gestiona les activitats extraescolars.<\/li>\n<li>Ajuda al finan\u00e7ament d\u2019aquelles activitats o equipaments que el centre necessita: Festa de fi del curs escolar, Trobades de ZER, despla\u00e7aments amb autocar, projecte de rob\u00f2tica, ordinadors pels alumnes,&#8230;etc.<\/li>\n<\/ul>\n<h6>Qui \u00e9s de l\u2019AFA?<\/h6>\n<p>L\u2019Associaci\u00f3 est\u00e0 formada per les fam\u00edlies que s\u2019han inscrit com a s\u00f2cies. L\u2019actual Junta est\u00e0 formada per:<\/p>\n<ul>\n<li>Presid\u00e8ncia: Gl\u00f2ria Ya\u00f1ez<\/li>\n<li>Membres de les fam\u00edlies de l&#8217;escola que formen un molt bon equip de treball.<\/li>\n<\/ul>\n<p>La quota, que es paga per fam\u00edlia, \u00e9s de 40\u20ac.<\/p>\n<h6>Contactar<\/h6>\n<ul>\n<li>Correu electr\u00f2nic: gyanez@xtec.cat<\/li>\n<\/ul>\n","protected":false},"excerpt":{"rendered":"<p>Pots veure les \u00faltimes not\u00edcies de l&#8217;AFA de l&#8217;escola Puig d&#8217;Esquers <a href=\"http:\/\/agora.xtec.cat\/zer-capdecreus\/categoria\/escola-beta\/ampa-escola-beta\/\">aqu\u00ed<\/a>.<br \/>\nL\u2019AFA \u00e9s l\u2019entitat que agrupa a les fam\u00edlies d\u2019alumnes de l\u2019Escola per a la defensa dels seus interessos en tot all\u00f2 que fa refer\u00e8ncia a l\u2019educaci\u00f3 dels infants i col\u00b7labora en el funcionament&hellip;  <a href=\"https:\/\/agora.xtec.cat\/zer-capdecreus\/escola-puig\/ampa\/\" title=\"Read AFA\">Llegeix m\u00e9s\u00bb<\/a><\/p>\n","protected":false},"author":1,"featured_media":0,"parent":266,"menu_order":80,"comment_status":"closed","ping_status":"closed","template":"page-templates\/side-menu.php","meta":{"_bbp_topic_count":0,"_bbp_reply_count":0,"_bbp_total_topic_count":0,"_bbp_total_reply_count":0,"_bbp_voice_count":0,"_bbp_anonymous_reply_count":0,"_bbp_topic_count_hidden":0,"_bbp_reply_count_hidden":0,"_bbp_forum_subforum_count":0,"footnotes":""},"class_list":["post-435","page","type-page","status-publish","hentry"],"post_mailing_queue_ids":[],"_links":{"self":[{"href":"https:\/\/agora.xtec.cat\/zer-capdecreus\/wp-json\/wp\/v2\/pages\/435","targetHints":{"allow":["GET"]}}],"collection":[{"href":"https:\/\/agora.xtec.cat\/zer-capdecreus\/wp-json\/wp\/v2\/pages"}],"about":[{"href":"https:\/\/agora.xtec.cat\/zer-capdecreus\/wp-json\/wp\/v2\/types\/page"}],"author":[{"embeddable":true,"href":"https:\/\/agora.xtec.cat\/zer-capdecreus\/wp-json\/wp\/v2\/users\/1"}],"replies":[{"embeddable":true,"href":"https:\/\/agora.xtec.cat\/zer-capdecreus\/wp-json\/wp\/v2\/comments?post=435"}],"version-history":[{"count":3,"href":"https:\/\/agora.xtec.cat\/zer-capdecreus\/wp-json\/wp\/v2\/pages\/435\/revisions"}],"predecessor-version":[{"id":5304,"href":"https:\/\/agora.xtec.cat\/zer-capdecreus\/wp-json\/wp\/v2\/pages\/435\/revisions\/5304"}],"up":[{"embeddable":true,"href":"https:\/\/agora.xtec.cat\/zer-capdecreus\/wp-json\/wp\/v2\/pages\/266"}],"wp:attachment":[{"href":"https:\/\/agora.xtec.cat\/zer-capdecreus\/wp-json\/wp\/v2\/media?parent=435"}],"curies":[{"name":"wp","href":"https:\/\/api.w.org\/{rel}","templated":true}]}}