{"id":43,"date":"2014-09-17T16:45:07","date_gmt":"2014-09-17T16:45:07","guid":{"rendered":"http:\/\/agora.xtec.cat\/zer-capdecreus\/?page_id=43"},"modified":"2023-03-03T20:41:01","modified_gmt":"2023-03-03T19:41:01","slug":"consell-escolar","status":"publish","type":"page","link":"https:\/\/agora.xtec.cat\/zer-capdecreus\/zer\/consell-escolar\/","title":{"rendered":"Consell escolar"},"content":{"rendered":"<p style=\"text-align: justify;\">El consell escolar del centre \u00e9s l\u2019\u00f2rgan col\u00b7legiat de participaci\u00f3 de la comunitat escolar en el govern del centre. Corresponen al consell escolar les funcions establertes a la Llei 12\/2009, de 10 de juliol, d\u2019educaci\u00f3.<\/p>\n<h4 style=\"text-align: justify;\">Composici\u00f3 del consell escolar<\/h4>\n<ul style=\"text-align: justify;\">\n<li>President: Josep Bertran<\/li>\n<li>Cap d\u2019Estudis: Irene Bosacoma<\/li>\n<li>Secretari: Marc Tic\u00f3<\/li>\n<li>Director Puig d\u2019Esquers: Kilian Barbeta<\/li>\n<li style=\"text-align: left;\">Mestres del Claustre: Cristina L\u00f3pez, S\u00f2nia Rodr\u00edguez, S\u00edlvia Canaleta.<\/li>\n<li>Representants dels Pares\/Mares: Anna Prat, Anna Dom\u00ednguez.<\/li>\n<li>Representant de l\u2019AMPA: L\u00eddia Ferrer, Gl\u00f2ria Y\u00e1\u00f1ez.<\/li>\n<li>Representant de l\u2019Ajuntament: Maria Turr\u00f3, Pere Red\u00f3.<\/li>\n<\/ul>\n<h4 style=\"text-align: justify;\">Funcions del consell escolar dels centres p\u00fablics<\/h4>\n<ol>\n<li style=\"text-align: justify;\">Aprovar el projecte educatiu i les modificacions corresponents per una majoria de tres cinquenes parts dels membres.<\/li>\n<li style=\"text-align: justify;\">Aprovar la programaci\u00f3 general anual del centre i avaluar-ne el desenvolupament i els resultats.<\/li>\n<li style=\"text-align: justify;\">Aprovar les propostes d\u2019acords de co-responsabilitat, convenis i altres acords de col\u00b7\u0097col\u00b7laboraci\u00f3 del centre amb entitats o institucions.<\/li>\n<li style=\"text-align: justify;\">Aprovar les normes d\u2019organitzaci\u00f3 i funcionament i les modificacions corresponents.<\/li>\n<li style=\"text-align: justify;\">Aprovar la carta de comprom\u00eds educatiu.<\/li>\n<li style=\"text-align: justify;\">Aprovar el pressupost del centre i el rendiment de comptes.<\/li>\n<li style=\"text-align: justify;\">Intervenir en el procediment d\u2019admissi\u00f3 d\u2019alumnes.<\/li>\n<li style=\"text-align: justify;\">Participar en el procediment de selecci\u00f3 i en la proposta de cessament del director o directora.<\/li>\n<li style=\"text-align: justify;\">Intervenir en la resoluci\u00f3 dels conflictes i, si escau, revisar les sancions als alumnes.<\/li>\n<li style=\"text-align: justify;\">Aprovar les directrius per a la programaci\u00f3 d\u2019activitats escolars complement\u00e0ries i d\u2019activitats extraescolars, i avaluar-ne el desenvolupament.<\/li>\n<li style=\"text-align: justify;\">Participar en les an\u00e0lisis i les avaluacions del funcionament general del centre i con\u00e8ixer l\u2019evoluci\u00f3 del rendiment escolar.<\/li>\n<li style=\"text-align: justify;\">Aprovar els criteris de col\u00b7laboraci\u00f3 amb altres centres i amb l\u2019entorn.<\/li>\n<li style=\"text-align: justify;\">Qualsevol altra que li sigui atribu\u00efda per les normes legals o reglament\u00e0ries.<\/li>\n<\/ol>\n<p><a href=\"https:\/\/drive.google.com\/drive\/folders\/1dcTZUxCP0WeF4mMABVUafOyc4LGhH2ze\">Acords presos<\/a><\/p>\n<p>&nbsp;<\/p>\n","protected":false},"excerpt":{"rendered":"<p>El consell escolar del centre \u00e9s l\u2019\u00f2rgan col\u00b7legiat de participaci\u00f3 de la comunitat escolar en el govern del centre. Corresponen al consell escolar les funcions establertes a la Llei 12\/2009, de 10 de juliol, d\u2019educaci\u00f3.<br \/>\nComposici\u00f3 del consell escolar<\/p>\n<ul style=\"text-align: justify;\">\n<li>President: Josep Bertran<\/li>\n<li>Cap d\u2019Estudis: Irene Bosacoma<\/li>\n<li>Secretari:&hellip;  <a href=\"https:\/\/agora.xtec.cat\/zer-capdecreus\/zer\/consell-escolar\/\" title=\"Read Consell escolar\">Llegeix m\u00e9s\u00bb<\/a><br \/>\n","protected":false},"author":1,"featured_media":0,"parent":19,"menu_order":60,"comment_status":"closed","ping_status":"closed","template":"page-templates\/side-menu.php","meta":{"_bbp_topic_count":0,"_bbp_reply_count":0,"_bbp_total_topic_count":0,"_bbp_total_reply_count":0,"_bbp_voice_count":0,"_bbp_anonymous_reply_count":0,"_bbp_topic_count_hidden":0,"_bbp_reply_count_hidden":0,"_bbp_forum_subforum_count":0,"footnotes":""},"class_list":["post-43","page","type-page","status-publish","hentry"],"post_mailing_queue_ids":[],"_links":{"self":[{"href":"https:\/\/agora.xtec.cat\/zer-capdecreus\/wp-json\/wp\/v2\/pages\/43","targetHints":{"allow":["GET"]}}],"collection":[{"href":"https:\/\/agora.xtec.cat\/zer-capdecreus\/wp-json\/wp\/v2\/pages"}],"about":[{"href":"https:\/\/agora.xtec.cat\/zer-capdecreus\/wp-json\/wp\/v2\/types\/page"}],"author":[{"embeddable":true,"href":"https:\/\/agora.xtec.cat\/zer-capdecreus\/wp-json\/wp\/v2\/users\/1"}],"replies":[{"embeddable":true,"href":"https:\/\/agora.xtec.cat\/zer-capdecreus\/wp-json\/wp\/v2\/comments?post=43"}],"version-history":[{"count":4,"href":"https:\/\/agora.xtec.cat\/zer-capdecreus\/wp-json\/wp\/v2\/pages\/43\/revisions"}],"predecessor-version":[{"id":6311,"href":"https:\/\/agora.xtec.cat\/zer-capdecreus\/wp-json\/wp\/v2\/pages\/43\/revisions\/6311"}],"up":[{"embeddable":true,"href":"https:\/\/agora.xtec.cat\/zer-capdecreus\/wp-json\/wp\/v2\/pages\/19"}],"wp:attachment":[{"href":"https:\/\/agora.xtec.cat\/zer-capdecreus\/wp-json\/wp\/v2\/media?parent=43"}],"curies":[{"name":"wp","href":"https:\/\/api.w.org\/{rel}","templated":true}]}}