{"id":305,"date":"2015-07-20T13:44:02","date_gmt":"2015-07-20T12:44:02","guid":{"rendered":"http:\/\/agora.xtec.cat\/zer-capdecreus\/?page_id=305"},"modified":"2024-09-28T15:04:01","modified_gmt":"2024-09-28T13:04:01","slug":"escola-verda","status":"publish","type":"page","link":"https:\/\/agora.xtec.cat\/zer-capdecreus\/zer\/que-fem\/escola-verda\/","title":{"rendered":"Escola verda"},"content":{"rendered":"<p style=\"text-align: justify;\">\r\n\t<div class=\"slideshow_container slideshow_container_style-light\" style=\"height: 300px; \" data-slideshow-id=\"3823\" data-style-name=\"style-light\" data-style-version=\"2.3.1\" >\r\n\r\n\t\t\t\t\t<div class=\"slideshow_loading_icon\"><\/div>\r\n\t\t\r\n\t\t<div class=\"slideshow_content\" style=\"display: none;\">\r\n\r\n\t\t\t<div class=\"slideshow_view\">\r\n\t\t\t\t<div class=\"slideshow_slide slideshow_slide_image\">\r\n\t\t\t\t\t\t\t\t\t\t\t<img src=\"https:\/\/agora.xtec.cat\/zer-capdecreus\/wp-content\/uploads\/usu1769\/2020\/04\/Lets-clean-2019.jpeg\" alt=\"Let&#039;s clean 2019\" width=\"1600\" height=\"778\" \/>\r\n\t\t\t\t\t\t\t\t\t\t<div class=\"slideshow_description_box slideshow_transparent\">\r\n\t\t\t\t\t\t<div class=\"slideshow_title\">Let&#039;s clean 2019<\/div>\t\t\t\t\t\t\t\t\t\t\t<\/div>\r\n\t\t\t\t<\/div>\r\n\r\n\t\t\t\t\t\t<div style=\"clear: both;\"><\/div><\/div><div class=\"slideshow_view\">\r\n\t\t\t\t<div class=\"slideshow_slide slideshow_slide_image\">\r\n\t\t\t\t\t\t\t\t\t\t\t<img src=\"https:\/\/agora.xtec.cat\/zer-capdecreus\/wp-content\/uploads\/usu1769\/2020\/04\/Verda-1-Entorn-Colera.jpg\" alt=\"Verda 1 Entorn Colera\" width=\"1600\" height=\"903\" \/>\r\n\t\t\t\t\t\t\t\t\t\t<div class=\"slideshow_description_box slideshow_transparent\">\r\n\t\t\t\t\t\t<div class=\"slideshow_title\">Verda 1 Entorn Colera<\/div>\t\t\t\t\t\t\t\t\t\t\t<\/div>\r\n\t\t\t\t<\/div>\r\n\r\n\t\t\t\t\t\t<div style=\"clear: both;\"><\/div><\/div><div class=\"slideshow_view\">\r\n\t\t\t\t<div class=\"slideshow_slide slideshow_slide_image\">\r\n\t\t\t\t\t\t\t\t\t\t\t<img src=\"https:\/\/agora.xtec.cat\/zer-capdecreus\/wp-content\/uploads\/usu1769\/2020\/04\/Verda-2-Entorn-Colera.jpg\" alt=\"Verda 2 Entorn Colera\" width=\"1600\" height=\"903\" \/>\r\n\t\t\t\t\t\t\t\t\t\t<div class=\"slideshow_description_box slideshow_transparent\">\r\n\t\t\t\t\t\t<div class=\"slideshow_title\">Verda 2 Entorn Colera<\/div>\t\t\t\t\t\t\t\t\t\t\t<\/div>\r\n\t\t\t\t<\/div>\r\n\r\n\t\t\t\t\t\t<div style=\"clear: both;\"><\/div><\/div><div class=\"slideshow_view\">\r\n\t\t\t\t<div class=\"slideshow_slide slideshow_slide_image\">\r\n\t\t\t\t\t\t\t\t\t\t\t<img src=\"https:\/\/agora.xtec.cat\/zer-capdecreus\/wp-content\/uploads\/usu1769\/2020\/04\/Verda-3-Hort-Colera.jpg\" alt=\"Verda 3 Hort Colera\" width=\"750\" height=\"558\" \/>\r\n\t\t\t\t\t\t\t\t\t\t<div class=\"slideshow_description_box slideshow_transparent\">\r\n\t\t\t\t\t\t<div class=\"slideshow_title\">Verda 3 Hort Colera<\/div>\t\t\t\t\t\t\t\t\t\t\t<\/div>\r\n\t\t\t\t<\/div>\r\n\r\n\t\t\t\t\t\t<div style=\"clear: both;\"><\/div><\/div><div class=\"slideshow_view\">\r\n\t\t\t\t<div class=\"slideshow_slide slideshow_slide_image\">\r\n\t\t\t\t\t\t\t\t\t\t\t<img src=\"https:\/\/agora.xtec.cat\/zer-capdecreus\/wp-content\/uploads\/usu1769\/2020\/04\/Verda-4-Hort-Colera.jpg\" alt=\"Verda 4 Hort Colera\" width=\"1600\" height=\"1200\" \/>\r\n\t\t\t\t\t\t\t\t\t\t<div class=\"slideshow_description_box slideshow_transparent\">\r\n\t\t\t\t\t\t<div class=\"slideshow_title\">Verda 4 Hort Colera<\/div>\t\t\t\t\t\t\t\t\t\t\t<\/div>\r\n\t\t\t\t<\/div>\r\n\r\n\t\t\t\t\t\t<div style=\"clear: both;\"><\/div><\/div><div class=\"slideshow_view\">\r\n\t\t\t\t<div class=\"slideshow_slide slideshow_slide_image\">\r\n\t\t\t\t\t\t\t\t\t\t\t<img src=\"https:\/\/agora.xtec.cat\/zer-capdecreus\/wp-content\/uploads\/usu1769\/2020\/04\/Verda-5-Hort-Cigonyes-Colera.jpg\" alt=\"Verda 5 Hort Cigonyes Colera\" width=\"1600\" height=\"903\" \/>\r\n\t\t\t\t\t\t\t\t\t\t<div class=\"slideshow_description_box slideshow_transparent\">\r\n\t\t\t\t\t\t<div class=\"slideshow_title\">Verda 5 Hort Cigonyes Colera<\/div>\t\t\t\t\t\t\t\t\t\t\t<\/div>\r\n\t\t\t\t<\/div>\r\n\r\n\t\t\t\t\t\t<div style=\"clear: both;\"><\/div><\/div><div class=\"slideshow_view\">\r\n\t\t\t\t<div class=\"slideshow_slide slideshow_slide_image\">\r\n\t\t\t\t\t\t\t\t\t\t\t<img src=\"https:\/\/agora.xtec.cat\/zer-capdecreus\/wp-content\/uploads\/usu1769\/2020\/04\/Verda-5-Lets-clean-up-Clisques.jpg\" alt=\"Verda 5 Let&#039;s clean up Clisques\" width=\"1328\" height=\"747\" \/>\r\n\t\t\t\t\t\t\t\t\t\t<div class=\"slideshow_description_box slideshow_transparent\">\r\n\t\t\t\t\t\t<div class=\"slideshow_title\">Verda 5 Let&#039;s clean up Clisques<\/div>\t\t\t\t\t\t\t\t\t\t\t<\/div>\r\n\t\t\t\t<\/div>\r\n\r\n\t\t\t\t\t\t<div style=\"clear: both;\"><\/div><\/div><div class=\"slideshow_view\">\r\n\t\t\t\t<div class=\"slideshow_slide slideshow_slide_image\">\r\n\t\t\t\t\t\t\t\t\t\t\t<img src=\"https:\/\/agora.xtec.cat\/zer-capdecreus\/wp-content\/uploads\/usu1769\/2020\/04\/Verda-6-Reciclatge-Clisques.jpg\" alt=\"Verda 6 Reciclatge Clisques\" width=\"1600\" height=\"1200\" \/>\r\n\t\t\t\t\t\t\t\t\t\t<div class=\"slideshow_description_box slideshow_transparent\">\r\n\t\t\t\t\t\t<div class=\"slideshow_title\">Verda 6 Reciclatge Clisques<\/div>\t\t\t\t\t\t\t\t\t\t\t<\/div>\r\n\t\t\t\t<\/div>\r\n\r\n\t\t\t\t\t\t<div style=\"clear: both;\"><\/div><\/div><div class=\"slideshow_view\">\r\n\t\t\t\t<div class=\"slideshow_slide slideshow_slide_image\">\r\n\t\t\t\t\t\t\t\t\t\t\t<img src=\"https:\/\/agora.xtec.cat\/zer-capdecreus\/wp-content\/uploads\/usu1769\/2020\/04\/Verda-7-Marcel-Clisques.jpg\" alt=\"Verda 7 Marcel Clisques\" width=\"4000\" height=\"2250\" \/>\r\n\t\t\t\t\t\t\t\t\t\t<div class=\"slideshow_description_box slideshow_transparent\">\r\n\t\t\t\t\t\t<div class=\"slideshow_title\">Verda 7 Marcel Clisques<\/div>\t\t\t\t\t\t\t\t\t\t\t<\/div>\r\n\t\t\t\t<\/div>\r\n\r\n\t\t\t\t\t\t<div style=\"clear: both;\"><\/div><\/div><div class=\"slideshow_view\">\r\n\t\t\t\t<div class=\"slideshow_slide slideshow_slide_image\">\r\n\t\t\t\t\t\t\t\t\t\t\t<img src=\"https:\/\/agora.xtec.cat\/zer-capdecreus\/wp-content\/uploads\/usu1769\/2020\/04\/Verda-9-Marcel-Clisques.jpg\" alt=\"Verda 9 Marcel Clisques\" width=\"3264\" height=\"2448\" \/>\r\n\t\t\t\t\t\t\t\t\t\t<div class=\"slideshow_description_box slideshow_transparent\">\r\n\t\t\t\t\t\t<div class=\"slideshow_title\">Verda 9 Marcel Clisques<\/div>\t\t\t\t\t\t\t\t\t\t\t<\/div>\r\n\t\t\t\t<\/div>\r\n\r\n\t\t\t\t\t\t<div style=\"clear: both;\"><\/div><\/div><div class=\"slideshow_view\">\r\n\t\t\t\t<div class=\"slideshow_slide slideshow_slide_image\">\r\n\t\t\t\t\t\t\t\t\t\t\t<img src=\"https:\/\/agora.xtec.cat\/zer-capdecreus\/wp-content\/uploads\/usu1769\/2020\/04\/Verda-10-Pedra-seca-Clisques.jpg\" alt=\"Verda 10 Pedra seca Clisques\" width=\"1599\" height=\"747\" \/>\r\n\t\t\t\t\t\t\t\t\t\t<div class=\"slideshow_description_box slideshow_transparent\">\r\n\t\t\t\t\t\t<div class=\"slideshow_title\">Verda 10 Pedra seca Clisques<\/div>\t\t\t\t\t\t\t\t\t\t\t<\/div>\r\n\t\t\t\t<\/div>\r\n\r\n\t\t\t\t\t\t<div style=\"clear: both;\"><\/div><\/div>\r\n\t\t<\/div>\r\n\r\n\t\t<div class=\"slideshow_controlPanel slideshow_transparent\" style=\"display: none;\"><ul><li class=\"slideshow_togglePlay\" data-play-text=\"Visualitza\" data-pause-text=\"Pausa\"><\/li><\/ul><\/div>\r\n\r\n\t\t<div class=\"slideshow_button slideshow_previous slideshow_transparent\" role=\"button\" data-previous-text=\"Anterior\" style=\"display: none;\"><\/div>\r\n\t\t<div class=\"slideshow_button slideshow_next slideshow_transparent\" role=\"button\" data-next-text=\"Seg\u00fcent\" style=\"display: none;\"><\/div>\r\n\r\n\t\t<div class=\"slideshow_pagination\" style=\"display: none;\" data-go-to-text=\"V\u00e9s a la diapositiva\"><div class=\"slideshow_pagination_center\"><\/div><\/div>\r\n\r\n\t\t<!-- WordPress Slideshow Version 2.3.1 -->\r\n\r\n\t\t\t<\/div>\r\n\r\n<\/p>\n<p style=\"text-align: justify;\">Des del 2007 a les escoles de la nostra ZER duem a terme actuacions per a conscienciar als alumnes de la import\u00e0ncia de tenir cura del medi ambient en general, i sobretot del nostre entorn m\u00e9s proper.<\/p>\n<p style=\"text-align: justify;\">Cada una de les escoles de la ZER segueix el seu propi projecte (Programa de la xarxa d\u2019escoles verdes a les Clisques i programa propi a Puig d\u2019Esquers).<\/p>\n<p>Les actuacions m\u00e9s destacades que s\u2019hi fan s\u00f3n les seg\u00fcents:<\/p>\n<p style=\"text-align: justify;\">&#8211; Hort Escolar ecol\u00f2gic. On s&#8217;apr\u00e8n el desenvolupament de les plantes de manera vivencial i experimental, i tamb\u00e9, l&#8217;aprenentatge de les feines que es realitzen en un hort ecol\u00f2gic al llarg de l&#8217;any.<\/p>\n<p style=\"text-align: justify;\">&#8211;\u00a0 Recollida selectiva de deixalles escolars. Les dues escoles separen les deixalles que es generen a cada aula i depend\u00e8ncies comunes de l&#8217;escola en les diferents tipologies en les que es poden reciclar.<br \/>\nEs separa sobretot en 3 tipus: Paper-Envasos-Org\u00e0nic.<\/p>\n<p>Altres actuacions que es realitzen s\u00f3n les seg\u00fcents:<\/p>\n<p style=\"text-align: justify;\">Utilitzaci\u00f3 de material reciclat per a fer treballs de pl\u00e0stica, participaci\u00f3 en la verema, retirada de plantes invasores de les platges del nostre entorn, plantaci\u00f3 de plantes arom\u00e0tiques, d&#8217;arbres fruiters i ceps \u00a0als nostres patis, coneixement i pr\u00e0ctica de la construcci\u00f3 en pedra seca. Participaci\u00f3 en l&#8217;activitat comarcal del Correcull destinada a recollir i fer estudi estad\u00edstic de deixalles del nostre entorn.<\/p>\n<p>Finalment, de manera bienal (1 vegada cada 2 anys) celebrem les jornades verdes per a treballar i potenciar l&#8217;ecologisme.<\/p>\n","protected":false},"excerpt":{"rendered":"<p>\t\t\t\t\t\tLet&#039;s clean 2019\t\t\t\t\t\t\t\t\t\t\t<\/p>\n<p>\t\t\t\t\t\tVerda 1 Entorn Colera\t\t\t\t\t\t\t\t\t\t\t<\/p>\n<p>\t\t\t\t\t\tVerda 2 Entorn Colera\t\t\t\t\t\t\t\t\t\t\t<\/p>\n<p>\t\t\t\t\t\tVerda 3 Hort Colera\t\t\t\t\t\t\t\t\t\t\t<\/p>\n<p>\t\t\t\t\t\tVerda 4 Hort Colera\t\t\t\t\t\t\t\t\t\t\t<\/p>\n<p>\t\t\t\t\t\tVerda 5 Hort Cigonyes Colera\t\t\t\t\t\t\t\t\t\t\t<\/p>\n<p>\t\t\t\t\t\tVerda 5 Let&#039;s clean up Clisques\t\t\t\t\t\t\t\t\t\t\t<\/p>\n<p>\t\t\t\t\t\tVerda 6 Reciclatge Clisques\t\t\t\t\t\t\t\t\t\t\t<\/p>\n<p>\t\t\t\t\t\tVerda 7 Marcel Clisques\t\t\t\t\t\t\t\t\t\t\t<\/p>\n<p>\t\t\t\t\t\tVerda 9 Marcel Clisques\t\t\t\t\t\t\t\t\t\t\t<\/p>\n<p>\t\t\t\t\t\tVerda 10 Pedra seca Clisques\t\t\t\t\t\t\t\t\t\t\t<\/p>\n<ul>\n<li class=\"slideshow_togglePlay\" data-play-text=\"Visualitza\" data-pause-text=\"Pausa\"><\/li>\n<\/ul>\n<p>Des del 2007 a les escoles&hellip;  <a href=\"https:\/\/agora.xtec.cat\/zer-capdecreus\/zer\/que-fem\/escola-verda\/\" title=\"Read Escola verda\">Llegeix m\u00e9s\u00bb<\/a><\/p>\n","protected":false},"author":1,"featured_media":0,"parent":297,"menu_order":30,"comment_status":"closed","ping_status":"closed","template":"page-templates\/side-menu.php","meta":{"_bbp_topic_count":0,"_bbp_reply_count":0,"_bbp_total_topic_count":0,"_bbp_total_reply_count":0,"_bbp_voice_count":0,"_bbp_anonymous_reply_count":0,"_bbp_topic_count_hidden":0,"_bbp_reply_count_hidden":0,"_bbp_forum_subforum_count":0,"footnotes":""},"class_list":["post-305","page","type-page","status-publish","hentry"],"post_mailing_queue_ids":[],"_links":{"self":[{"href":"https:\/\/agora.xtec.cat\/zer-capdecreus\/wp-json\/wp\/v2\/pages\/305","targetHints":{"allow":["GET"]}}],"collection":[{"href":"https:\/\/agora.xtec.cat\/zer-capdecreus\/wp-json\/wp\/v2\/pages"}],"about":[{"href":"https:\/\/agora.xtec.cat\/zer-capdecreus\/wp-json\/wp\/v2\/types\/page"}],"author":[{"embeddable":true,"href":"https:\/\/agora.xtec.cat\/zer-capdecreus\/wp-json\/wp\/v2\/users\/1"}],"replies":[{"embeddable":true,"href":"https:\/\/agora.xtec.cat\/zer-capdecreus\/wp-json\/wp\/v2\/comments?post=305"}],"version-history":[{"count":5,"href":"https:\/\/agora.xtec.cat\/zer-capdecreus\/wp-json\/wp\/v2\/pages\/305\/revisions"}],"predecessor-version":[{"id":7271,"href":"https:\/\/agora.xtec.cat\/zer-capdecreus\/wp-json\/wp\/v2\/pages\/305\/revisions\/7271"}],"up":[{"embeddable":true,"href":"https:\/\/agora.xtec.cat\/zer-capdecreus\/wp-json\/wp\/v2\/pages\/297"}],"wp:attachment":[{"href":"https:\/\/agora.xtec.cat\/zer-capdecreus\/wp-json\/wp\/v2\/media?parent=305"}],"curies":[{"name":"wp","href":"https:\/\/api.w.org\/{rel}","templated":true}]}}