{"id":272,"date":"2015-07-20T13:10:37","date_gmt":"2015-07-20T12:10:37","guid":{"rendered":"http:\/\/agora.xtec.cat\/zer-capdecreus\/?page_id=272"},"modified":"2026-02-06T19:59:00","modified_gmt":"2026-02-06T18:59:00","slug":"qui-som","status":"publish","type":"page","link":"https:\/\/agora.xtec.cat\/zer-capdecreus\/escola-puig\/qui-som\/","title":{"rendered":"Qui som"},"content":{"rendered":"<p style=\"text-align: justify;\"><span style=\"font-weight: 400;\">L\u2019escola Puig d\u2019Esquers, situada al municipi de Colera, a l\u2019Alt Empord\u00e0, forma part de la ZER Cap de Creus, juntament amb l\u2019escola Les Clisques, del municipi de Port de la Selva.<\/span><\/p>\n<p style=\"text-align: justify;\"><span style=\"font-weight: 400;\">Colera \u00e9s un poble costaner, on l\u2019economia principal que t\u00e9 \u00e9s el turisme d\u2019estiu (juliol i agost). T\u00e9 menys de 530 habitants que hi viuen tot l\u2019any.<\/span><\/p>\n<p style=\"text-align: justify;\"><span style=\"font-weight: 400;\">Les infraestructures i serveis es concentren en el nucli de la poblaci\u00f3 (b\u00e0sicament un carrer d\u2019entrada i un de sortida, que porten fins a la platja de Colera). Colera t\u00e9 una escola reformada i ampliada fa pocs anys, un centre c\u00edvic, un centre social (el Trull) i una sala polivalent. No t\u00e9 llar d\u2019infants ni institut. Els pares que volen portar als seus fills a la llar d\u2019infants es desplacen al poble del costat, Llan\u00e7\u00e0. Al igual que els alumnes que acaben Prim\u00e0ria, que van a l\u2019institut de Llan\u00e7\u00e0 amb el transport p\u00fablic que els recull i els torna di\u00e0riament al poble.\u00a0 <\/span><\/p>\n<p style=\"text-align: justify;\"><span style=\"font-weight: 400;\">Al ser un poble petit (amb nom\u00e9s dues urbanitzacions), on la majoria de les fam\u00edlies resideix al nucli del poble, fa que el 79% dels alumnes pugui venir a l\u2019escola caminant i tan sols el 21% dels alumnes es desplacin amb cotxe per venir a l\u2019escola.<\/span><\/p>\n<p style=\"text-align: justify;\"><span style=\"font-weight: 400;\">Actualment l\u2019escola acull a 20 nens i nenes, alguns del mateix poble de Colera i tamb\u00e9 d\u2019altres de Llan\u00e7\u00e0.<\/span><\/p>\n<p style=\"text-align: justify;\"><span style=\"font-weight: 400;\">L\u2019escola Puig d\u2019Esquers es va ampliar i reformar l\u2019any 2011. Es va reformar un edifici que era dels voltants del 1900 i es va ampliar duplicant la seva capacitat. Es va adaptar a les necessitats actuals d\u2019un centre educatiu.\u00a0<\/span><\/p>\n<p style=\"text-align: justify;\"><span style=\"font-weight: 400;\">Els espais s\u00f3n funcionals i ben dissenyats, cosa que facilita la mobilitat i l\u2019organitzaci\u00f3 del centre.<\/span><\/p>\n<p style=\"text-align: justify;\"><span style=\"font-weight: 400;\">El claustre est\u00e0 format per dos mestres fixes a l\u2019escola i cinc especialistes (d\u2019educaci\u00f3 f\u00edsica, angl\u00e8s, m\u00fasica, educaci\u00f3 especial i religi\u00f3) que v\u00e9nen a fer algunes hores a l\u2019escola.<\/span><\/p>\n<p style=\"text-align: justify;\"><span style=\"font-weight: 400;\">Un cop al mes tenim el suport d\u2019un membre de l\u2019EAP.<\/span><\/p>\n<p style=\"text-align: justify;\"><span style=\"font-weight: 400;\">La r\u00e0tio actual permet atendre b\u00e9 a l\u2019alumnat amb necessitats educatives especials o amb dificultats en l\u2019aprenentatge, a partir d\u2019atencions individualitzades, en petit grup o amb estrat\u00e8gies i metodologies inclusives a dins l\u2019aula.<\/span><\/p>\n<p style=\"text-align: justify;\"><span style=\"font-weight: 400;\">L\u2019ambient de l\u2019escola i de l\u2019entorn \u00e9s molt tranquil i aix\u00f2 permet desenvolupar el proc\u00e9s d\u2019ensenyament \u2013 aprenentatge en un ambient de confian\u00e7a, proper i adaptant-nos als nivells de cada alumne.<\/span><\/p>\n<p style=\"text-align: center;\">Organigrama:<\/p>\n<table style=\"border-collapse: collapse; width: 99.8789%; height: 256px;\">\n<tbody>\n<tr style=\"height: 32px;\">\n<td style=\"width: 100%; text-align: center; height: 32px;\">KILIAN BARBETA (DIRECTOR)<\/td>\n<\/tr>\n<tr style=\"height: 32px;\">\n<td style=\"width: 100%; height: 32px; text-align: center;\"><\/td>\n<\/tr>\n<tr style=\"height: 32px;\">\n<td style=\"width: 100%; height: 32px; text-align: center;\">N\u00daRIA Y\u00c1\u00d1EZ (MESTRA D&#8217;ESCOLA)<\/td>\n<\/tr>\n<tr style=\"height: 32px;\">\n<td style=\"width: 100%; height: 32px; text-align: center;\">KILIAN BARBETA (MESTRE D&#8217;ESCOLA)<\/td>\n<\/tr>\n<tr style=\"height: 32px;\">\n<td style=\"width: 100%; height: 32px; text-align: center;\">ISABEL ESCAICH (MESTRA VALORS)<\/td>\n<\/tr>\n<tr style=\"height: 32px;\">\n<td style=\"width: 100%; height: 32px; text-align: center;\">PEP BERTRAN (MESTRE DE ZER)<\/td>\n<\/tr>\n<tr style=\"height: 32px;\">\n<td style=\"width: 100%; height: 32px; text-align: center;\">IRENE BOSACOMA (MESTRA DE ZER)<\/td>\n<\/tr>\n<tr style=\"height: 32px;\">\n<td style=\"width: 100%; height: 32px; text-align: center;\">S\u00d2NIA RODR\u00cdGUEZ (MESTRA DE ZER)<\/td>\n<\/tr>\n<tr>\n<td style=\"width: 100%; text-align: center;\">MARC TIC\u00d3 (MESTRE DE ZER)<\/td>\n<\/tr>\n<\/tbody>\n<\/table>\n<p>&nbsp;<\/p>\n","protected":false},"excerpt":{"rendered":"<p>L\u2019escola Puig d\u2019Esquers, situada al municipi de Colera, a l\u2019Alt Empord\u00e0, forma part de la ZER Cap de Creus, juntament amb l\u2019escola Les Clisques, del municipi de Port de la Selva.<br \/>\nColera \u00e9s un poble costaner, on l\u2019economia principal que t\u00e9 \u00e9s el turisme d\u2019estiu (juliol&hellip;  <a href=\"https:\/\/agora.xtec.cat\/zer-capdecreus\/escola-puig\/qui-som\/\" title=\"Read Qui som\">Llegeix m\u00e9s\u00bb<\/a><\/p>\n","protected":false},"author":1,"featured_media":0,"parent":266,"menu_order":10,"comment_status":"closed","ping_status":"closed","template":"page-templates\/side-menu.php","meta":{"_bbp_topic_count":0,"_bbp_reply_count":0,"_bbp_total_topic_count":0,"_bbp_total_reply_count":0,"_bbp_voice_count":0,"_bbp_anonymous_reply_count":0,"_bbp_topic_count_hidden":0,"_bbp_reply_count_hidden":0,"_bbp_forum_subforum_count":0,"footnotes":""},"class_list":["post-272","page","type-page","status-publish","hentry"],"post_mailing_queue_ids":[],"_links":{"self":[{"href":"https:\/\/agora.xtec.cat\/zer-capdecreus\/wp-json\/wp\/v2\/pages\/272","targetHints":{"allow":["GET"]}}],"collection":[{"href":"https:\/\/agora.xtec.cat\/zer-capdecreus\/wp-json\/wp\/v2\/pages"}],"about":[{"href":"https:\/\/agora.xtec.cat\/zer-capdecreus\/wp-json\/wp\/v2\/types\/page"}],"author":[{"embeddable":true,"href":"https:\/\/agora.xtec.cat\/zer-capdecreus\/wp-json\/wp\/v2\/users\/1"}],"replies":[{"embeddable":true,"href":"https:\/\/agora.xtec.cat\/zer-capdecreus\/wp-json\/wp\/v2\/comments?post=272"}],"version-history":[{"count":6,"href":"https:\/\/agora.xtec.cat\/zer-capdecreus\/wp-json\/wp\/v2\/pages\/272\/revisions"}],"predecessor-version":[{"id":7558,"href":"https:\/\/agora.xtec.cat\/zer-capdecreus\/wp-json\/wp\/v2\/pages\/272\/revisions\/7558"}],"up":[{"embeddable":true,"href":"https:\/\/agora.xtec.cat\/zer-capdecreus\/wp-json\/wp\/v2\/pages\/266"}],"wp:attachment":[{"href":"https:\/\/agora.xtec.cat\/zer-capdecreus\/wp-json\/wp\/v2\/media?parent=272"}],"curies":[{"name":"wp","href":"https:\/\/api.w.org\/{rel}","templated":true}]}}