{"id":266,"date":"2015-07-20T13:08:55","date_gmt":"2015-07-20T12:08:55","guid":{"rendered":"http:\/\/agora.xtec.cat\/zer-capdecreus\/?page_id=266"},"modified":"2020-09-17T13:35:38","modified_gmt":"2020-09-17T11:35:38","slug":"escola-puig","status":"publish","type":"page","link":"https:\/\/agora.xtec.cat\/zer-capdecreus\/escola-puig\/","title":{"rendered":"Escola Puig d&#8217;Esquers"},"content":{"rendered":"<p style=\"text-align: justify;\">Benvinguts a l\u2019escola Puig d\u2019Esquers, l\u2019escola rural de Colera.<\/p>\n<p style=\"text-align: justify;\">La nostra escola pren el nom d\u2019una muntanya (de 606 m) que est\u00e0 situada entre els termes municipals de Colera i Llan\u00e7\u00e0. \u00c9s una muntanya amb una visi\u00f3 excepcional de la plana empordanesa, aix\u00ed com de les petites valls que hi ha entre els \u00faltims contraforts muntanyencs i el mar (Llan\u00e7\u00e0, Colera, Garbet). Amb vistes entre l\u2019inici\/final dels Pirineus i la Mar d\u2019Amunt. L\u2019escola no podria tenir millor nom, ja que els trets que ens caracteritzen com escola, i els principis en els quals ens sentim m\u00e9s identificats, rauen en una vis\u00f3 excepcional cap a tots els nostres alumnes.<\/p>\n<p style=\"text-align: justify;\">La nostra escola hi \u00e9s per satisfer les necessitats educatives individuals i socials dels nostres alumnes, i perqu\u00e8 puguin iniciar aix\u00ed un proc\u00e9s de formaci\u00f3 mitjan\u00e7ant l\u2019adquisici\u00f3 d\u2019uns coneixements, actituds i valors que els serveixin per integrar-se dins la societat de manera competent.<\/p>\n<p>&nbsp;<\/p>\n<p style=\"padding-left: 30px;\"><a href=\"https:\/\/agora.xtec.cat\/zer-capdecreus\/wp-content\/uploads\/usu1769\/2020\/09\/Colera-escola.jpg\"><img loading=\"lazy\" decoding=\"async\" class=\"alignnone size-full wp-image-4078\" src=\"https:\/\/agora.xtec.cat\/zer-capdecreus\/wp-content\/uploads\/usu1769\/2020\/09\/Colera-escola.jpg\" alt=\"\" width=\"992\" height=\"382\" srcset=\"https:\/\/agora.xtec.cat\/zer-capdecreus\/wp-content\/uploads\/usu1769\/2020\/09\/Colera-escola.jpg 992w, https:\/\/agora.xtec.cat\/zer-capdecreus\/wp-content\/uploads\/usu1769\/2020\/09\/Colera-escola-300x116.jpg 300w, https:\/\/agora.xtec.cat\/zer-capdecreus\/wp-content\/uploads\/usu1769\/2020\/09\/Colera-escola-768x296.jpg 768w\" sizes=\"auto, (max-width: 992px) 100vw, 992px\" \/><\/a><\/p>\n<ul>\n<li><a href=\"https:\/\/agora.xtec.cat\/zer-capdecreus\/categoria\/escola-puig-esquers\/\">Blog<\/a> de l&#8217;escola Puig d&#8217;Esquers.<\/li>\n<\/ul>\n<p>&nbsp;<\/p>\n","protected":false},"excerpt":{"rendered":"<p>Benvinguts a l\u2019escola Puig d\u2019Esquers, l\u2019escola rural de Colera.<br \/>\nLa nostra escola pren el nom d\u2019una muntanya (de 606 m) que est\u00e0 situada entre els termes municipals de Colera i Llan\u00e7\u00e0. \u00c9s una muntanya amb una visi\u00f3 excepcional de la plana empordanesa, aix\u00ed com de les&hellip;  <a href=\"https:\/\/agora.xtec.cat\/zer-capdecreus\/escola-puig\/\" title=\"Read Escola Puig d&#8217;Esquers\">Llegeix m\u00e9s\u00bb<\/a><\/p>\n","protected":false},"author":1,"featured_media":0,"parent":0,"menu_order":0,"comment_status":"closed","ping_status":"closed","template":"page-templates\/side-menu.php","meta":{"_bbp_topic_count":0,"_bbp_reply_count":0,"_bbp_total_topic_count":0,"_bbp_total_reply_count":0,"_bbp_voice_count":0,"_bbp_anonymous_reply_count":0,"_bbp_topic_count_hidden":0,"_bbp_reply_count_hidden":0,"_bbp_forum_subforum_count":0,"footnotes":""},"class_list":["post-266","page","type-page","status-publish","hentry"],"post_mailing_queue_ids":[],"_links":{"self":[{"href":"https:\/\/agora.xtec.cat\/zer-capdecreus\/wp-json\/wp\/v2\/pages\/266","targetHints":{"allow":["GET"]}}],"collection":[{"href":"https:\/\/agora.xtec.cat\/zer-capdecreus\/wp-json\/wp\/v2\/pages"}],"about":[{"href":"https:\/\/agora.xtec.cat\/zer-capdecreus\/wp-json\/wp\/v2\/types\/page"}],"author":[{"embeddable":true,"href":"https:\/\/agora.xtec.cat\/zer-capdecreus\/wp-json\/wp\/v2\/users\/1"}],"replies":[{"embeddable":true,"href":"https:\/\/agora.xtec.cat\/zer-capdecreus\/wp-json\/wp\/v2\/comments?post=266"}],"version-history":[{"count":3,"href":"https:\/\/agora.xtec.cat\/zer-capdecreus\/wp-json\/wp\/v2\/pages\/266\/revisions"}],"predecessor-version":[{"id":4080,"href":"https:\/\/agora.xtec.cat\/zer-capdecreus\/wp-json\/wp\/v2\/pages\/266\/revisions\/4080"}],"wp:attachment":[{"href":"https:\/\/agora.xtec.cat\/zer-capdecreus\/wp-json\/wp\/v2\/media?parent=266"}],"curies":[{"name":"wp","href":"https:\/\/api.w.org\/{rel}","templated":true}]}}