{"id":264,"date":"2015-07-20T13:06:26","date_gmt":"2015-07-20T12:06:26","guid":{"rendered":"http:\/\/agora.xtec.cat\/zer-capdecreus\/?page_id=264"},"modified":"2022-06-30T23:27:10","modified_gmt":"2022-06-30T21:27:10","slug":"escola-les-clisques","status":"publish","type":"page","link":"https:\/\/agora.xtec.cat\/zer-capdecreus\/escola-les-clisques\/","title":{"rendered":"Escola Les Clisques"},"content":{"rendered":"\r\n\t<div class=\"slideshow_container slideshow_container_style-light\" style=\"height: 300px; \" data-slideshow-id=\"3789\" data-style-name=\"style-light\" data-style-version=\"2.3.1\" >\r\n\r\n\t\t\t\t\t<div class=\"slideshow_loading_icon\"><\/div>\r\n\t\t\r\n\t\t<div class=\"slideshow_content\" style=\"display: none;\">\r\n\r\n\t\t\t<div class=\"slideshow_view\">\r\n\t\t\t\t<div class=\"slideshow_slide slideshow_slide_image\">\r\n\t\t\t\t\t\t\t\t\t\t\t<img src=\"https:\/\/agora.xtec.cat\/zer-capdecreus\/wp-content\/uploads\/usu1769\/2020\/04\/Ti\u00f3.jpg\" alt=\"Ti\u00f3\" width=\"1366\" height=\"375\" \/>\r\n\t\t\t\t\t\t\t\t\t\t<div class=\"slideshow_description_box slideshow_transparent\">\r\n\t\t\t\t\t\t<div class=\"slideshow_title\">Ti\u00f3<\/div>\t\t\t\t\t\t\t\t\t\t\t<\/div>\r\n\t\t\t\t<\/div>\r\n\r\n\t\t\t\t\t\t<div style=\"clear: both;\"><\/div><\/div><div class=\"slideshow_view\">\r\n\t\t\t\t<div class=\"slideshow_slide slideshow_slide_image\">\r\n\t\t\t\t\t\t\t\t\t\t\t<img src=\"https:\/\/agora.xtec.cat\/zer-capdecreus\/wp-content\/uploads\/usu1769\/2020\/04\/Ti\u00f3-2.jpg\" alt=\"Ti\u00f3 2\" width=\"1366\" height=\"470\" \/>\r\n\t\t\t\t\t\t\t\t\t\t<div class=\"slideshow_description_box slideshow_transparent\">\r\n\t\t\t\t\t\t<div class=\"slideshow_title\">Ti\u00f3 2<\/div>\t\t\t\t\t\t\t\t\t\t\t<\/div>\r\n\t\t\t\t<\/div>\r\n\r\n\t\t\t\t\t\t<div style=\"clear: both;\"><\/div><\/div><div class=\"slideshow_view\">\r\n\t\t\t\t<div class=\"slideshow_slide slideshow_slide_image\">\r\n\t\t\t\t\t\t\t\t\t\t\t<img src=\"https:\/\/agora.xtec.cat\/zer-capdecreus\/wp-content\/uploads\/usu1769\/2020\/04\/St.-Pere.jpg\" alt=\"St. Pere\" width=\"1074\" height=\"604\" \/>\r\n\t\t\t\t\t\t\t\t\t\t<div class=\"slideshow_description_box slideshow_transparent\">\r\n\t\t\t\t\t\t<div class=\"slideshow_title\">St. Pere<\/div>\t\t\t\t\t\t\t\t\t\t\t<\/div>\r\n\t\t\t\t<\/div>\r\n\r\n\t\t\t\t\t\t<div style=\"clear: both;\"><\/div><\/div><div class=\"slideshow_view\">\r\n\t\t\t\t<div class=\"slideshow_slide slideshow_slide_image\">\r\n\t\t\t\t\t\t\t\t\t\t\t<img src=\"https:\/\/agora.xtec.cat\/zer-capdecreus\/wp-content\/uploads\/usu1769\/2020\/07\/20200213_145559_opt-e1595786827307.jpg\" alt=\"20200213_145559_opt\" width=\"1800\" height=\"1013\" \/>\r\n\t\t\t\t\t\t\t\t\t\t<div class=\"slideshow_description_box slideshow_transparent\">\r\n\t\t\t\t\t\t<div class=\"slideshow_title\">20200213_145559_opt<\/div>\t\t\t\t\t\t\t\t\t\t\t<\/div>\r\n\t\t\t\t<\/div>\r\n\r\n\t\t\t\t\t\t<div style=\"clear: both;\"><\/div><\/div><div class=\"slideshow_view\">\r\n\t\t\t\t<div class=\"slideshow_slide slideshow_slide_image\">\r\n\t\t\t\t\t\t\t\t\t\t\t<img src=\"https:\/\/agora.xtec.cat\/zer-capdecreus\/wp-content\/uploads\/usu1769\/2020\/04\/robotica.jpg\" alt=\"robotica\" width=\"1074\" height=\"604\" \/>\r\n\t\t\t\t\t\t\t\t\t\t<div class=\"slideshow_description_box slideshow_transparent\">\r\n\t\t\t\t\t\t<div class=\"slideshow_title\">robotica<\/div>\t\t\t\t\t\t\t\t\t\t\t<\/div>\r\n\t\t\t\t<\/div>\r\n\r\n\t\t\t\t\t\t<div style=\"clear: both;\"><\/div><\/div><div class=\"slideshow_view\">\r\n\t\t\t\t<div class=\"slideshow_slide slideshow_slide_image\">\r\n\t\t\t\t\t\t\t\t\t\t\t<img src=\"https:\/\/agora.xtec.cat\/zer-capdecreus\/wp-content\/uploads\/usu1769\/2020\/04\/Lets-clean-2019.jpeg\" alt=\"Let&#039;s clean 2019\" width=\"1600\" height=\"778\" \/>\r\n\t\t\t\t\t\t\t\t\t\t<div class=\"slideshow_description_box slideshow_transparent\">\r\n\t\t\t\t\t\t<div class=\"slideshow_title\">Let&#039;s clean 2019<\/div>\t\t\t\t\t\t\t\t\t\t\t<\/div>\r\n\t\t\t\t<\/div>\r\n\r\n\t\t\t\t\t\t<div style=\"clear: both;\"><\/div><\/div><div class=\"slideshow_view\">\r\n\t\t\t\t<div class=\"slideshow_slide slideshow_slide_image\">\r\n\t\t\t\t\t\t\t\t\t\t\t<img src=\"https:\/\/agora.xtec.cat\/zer-capdecreus\/wp-content\/uploads\/usu1769\/2020\/04\/pedra.jpg\" alt=\"pedra\" width=\"805\" height=\"604\" \/>\r\n\t\t\t\t\t\t\t\t\t\t<div class=\"slideshow_description_box slideshow_transparent\">\r\n\t\t\t\t\t\t<div class=\"slideshow_title\">pedra<\/div>\t\t\t\t\t\t\t\t\t\t\t<\/div>\r\n\t\t\t\t<\/div>\r\n\r\n\t\t\t\t\t\t<div style=\"clear: both;\"><\/div><\/div><div class=\"slideshow_view\">\r\n\t\t\t\t<div class=\"slideshow_slide slideshow_slide_image\">\r\n\t\t\t\t\t\t\t\t\t\t\t<img src=\"https:\/\/agora.xtec.cat\/zer-capdecreus\/wp-content\/uploads\/usu1769\/2020\/04\/Pedra-seca.jpg\" alt=\"Pedra seca\" width=\"805\" height=\"604\" \/>\r\n\t\t\t\t\t\t\t\t\t\t<div class=\"slideshow_description_box slideshow_transparent\">\r\n\t\t\t\t\t\t<div class=\"slideshow_title\">Pedra seca<\/div>\t\t\t\t\t\t\t\t\t\t\t<\/div>\r\n\t\t\t\t<\/div>\r\n\r\n\t\t\t\t\t\t<div style=\"clear: both;\"><\/div><\/div><div class=\"slideshow_view\">\r\n\t\t\t\t<div class=\"slideshow_slide slideshow_slide_image\">\r\n\t\t\t\t\t\t\t\t\t\t\t<img src=\"https:\/\/agora.xtec.cat\/zer-capdecreus\/wp-content\/uploads\/usu1769\/2020\/04\/Pau.jpg\" alt=\"Pau\" width=\"1074\" height=\"604\" \/>\r\n\t\t\t\t\t\t\t\t\t\t<div class=\"slideshow_description_box slideshow_transparent\">\r\n\t\t\t\t\t\t<div class=\"slideshow_title\">Pau<\/div>\t\t\t\t\t\t\t\t\t\t\t<\/div>\r\n\t\t\t\t<\/div>\r\n\r\n\t\t\t\t\t\t<div style=\"clear: both;\"><\/div><\/div><div class=\"slideshow_view\">\r\n\t\t\t\t<div class=\"slideshow_slide slideshow_slide_image\">\r\n\t\t\t\t\t\t\t\t\t\t\t<img src=\"https:\/\/agora.xtec.cat\/zer-capdecreus\/wp-content\/uploads\/usu1769\/2020\/04\/mercat.jpg\" alt=\"mercat\" width=\"1074\" height=\"604\" \/>\r\n\t\t\t\t\t\t\t\t\t\t<div class=\"slideshow_description_box slideshow_transparent\">\r\n\t\t\t\t\t\t<div class=\"slideshow_title\">mercat<\/div>\t\t\t\t\t\t\t\t\t\t\t<\/div>\r\n\t\t\t\t<\/div>\r\n\r\n\t\t\t\t\t\t<div style=\"clear: both;\"><\/div><\/div><div class=\"slideshow_view\">\r\n\t\t\t\t<div class=\"slideshow_slide slideshow_slide_image\">\r\n\t\t\t\t\t\t\t\t\t\t\t<img src=\"https:\/\/agora.xtec.cat\/zer-capdecreus\/wp-content\/uploads\/usu1769\/2020\/04\/Marcel.jpg\" alt=\"Marcel\" width=\"4000\" height=\"2250\" \/>\r\n\t\t\t\t\t\t\t\t\t\t<div class=\"slideshow_description_box slideshow_transparent\">\r\n\t\t\t\t\t\t<div class=\"slideshow_title\">Marcel<\/div>\t\t\t\t\t\t\t\t\t\t\t<\/div>\r\n\t\t\t\t<\/div>\r\n\r\n\t\t\t\t\t\t<div style=\"clear: both;\"><\/div><\/div><div class=\"slideshow_view\">\r\n\t\t\t\t<div class=\"slideshow_slide slideshow_slide_image\">\r\n\t\t\t\t\t\t\t\t\t\t\t<img src=\"https:\/\/agora.xtec.cat\/zer-capdecreus\/wp-content\/uploads\/usu1769\/2020\/04\/Insti.jpeg\" alt=\"Insti\" width=\"1599\" height=\"755\" \/>\r\n\t\t\t\t\t\t\t\t\t\t<div class=\"slideshow_description_box slideshow_transparent\">\r\n\t\t\t\t\t\t<div class=\"slideshow_title\">Insti<\/div>\t\t\t\t\t\t\t\t\t\t\t<\/div>\r\n\t\t\t\t<\/div>\r\n\r\n\t\t\t\t\t\t<div style=\"clear: both;\"><\/div><\/div><div class=\"slideshow_view\">\r\n\t\t\t\t<div class=\"slideshow_slide slideshow_slide_image\">\r\n\t\t\t\t\t\t\t\t\t\t\t<img src=\"https:\/\/agora.xtec.cat\/zer-capdecreus\/wp-content\/uploads\/usu1769\/2020\/04\/Contes-Nadal.jpg\" alt=\"Contes Nadal\" width=\"1074\" height=\"604\" \/>\r\n\t\t\t\t\t\t\t\t\t\t<div class=\"slideshow_description_box slideshow_transparent\">\r\n\t\t\t\t\t\t<div class=\"slideshow_title\">Contes Nadal<\/div>\t\t\t\t\t\t\t\t\t\t\t<\/div>\r\n\t\t\t\t<\/div>\r\n\r\n\t\t\t\t\t\t<div style=\"clear: both;\"><\/div><\/div><div class=\"slideshow_view\">\r\n\t\t\t\t<div class=\"slideshow_slide slideshow_slide_image\">\r\n\t\t\t\t\t\t\t\t\t\t\t<img src=\"https:\/\/agora.xtec.cat\/zer-capdecreus\/wp-content\/uploads\/usu1769\/2020\/04\/Carnaval.jpg\" alt=\"Carnaval\" width=\"1074\" height=\"604\" \/>\r\n\t\t\t\t\t\t\t\t\t\t<div class=\"slideshow_description_box slideshow_transparent\">\r\n\t\t\t\t\t\t<div class=\"slideshow_title\">Carnaval<\/div>\t\t\t\t\t\t\t\t\t\t\t<\/div>\r\n\t\t\t\t<\/div>\r\n\r\n\t\t\t\t\t\t<div style=\"clear: both;\"><\/div><\/div><div class=\"slideshow_view\">\r\n\t\t\t\t<div class=\"slideshow_slide slideshow_slide_image\">\r\n\t\t\t\t\t\t\t\t\t\t\t<img src=\"https:\/\/agora.xtec.cat\/zer-capdecreus\/wp-content\/uploads\/usu1769\/2020\/04\/bicicletada.jpg\" alt=\"bicicletada\" width=\"1366\" height=\"459\" \/>\r\n\t\t\t\t\t\t\t\t\t\t<div class=\"slideshow_description_box slideshow_transparent\">\r\n\t\t\t\t\t\t<div class=\"slideshow_title\">bicicletada<\/div>\t\t\t\t\t\t\t\t\t\t\t<\/div>\r\n\t\t\t\t<\/div>\r\n\r\n\t\t\t\t\t\t<div style=\"clear: both;\"><\/div><\/div><div class=\"slideshow_view\">\r\n\t\t\t\t<div class=\"slideshow_slide slideshow_slide_image\">\r\n\t\t\t\t\t\t\t\t\t\t\t<img src=\"https:\/\/agora.xtec.cat\/zer-capdecreus\/wp-content\/uploads\/usu1769\/2020\/04\/bastons.jpg\" alt=\"bastons\" width=\"805\" height=\"604\" \/>\r\n\t\t\t\t\t\t\t\t\t\t<div class=\"slideshow_description_box slideshow_transparent\">\r\n\t\t\t\t\t\t<div class=\"slideshow_title\">bastons<\/div>\t\t\t\t\t\t\t\t\t\t\t<\/div>\r\n\t\t\t\t<\/div>\r\n\r\n\t\t\t\t\t\t<div style=\"clear: both;\"><\/div><\/div>\r\n\t\t<\/div>\r\n\r\n\t\t<div class=\"slideshow_controlPanel slideshow_transparent\" style=\"display: none;\"><ul><li class=\"slideshow_togglePlay\" data-play-text=\"Visualitza\" data-pause-text=\"Pausa\"><\/li><\/ul><\/div>\r\n\r\n\t\t<div class=\"slideshow_button slideshow_previous slideshow_transparent\" role=\"button\" data-previous-text=\"Anterior\" style=\"display: none;\"><\/div>\r\n\t\t<div class=\"slideshow_button slideshow_next slideshow_transparent\" role=\"button\" data-next-text=\"Seg\u00fcent\" style=\"display: none;\"><\/div>\r\n\r\n\t\t<div class=\"slideshow_pagination\" style=\"display: none;\" data-go-to-text=\"V\u00e9s a la diapositiva\"><div class=\"slideshow_pagination_center\"><\/div><\/div>\r\n\r\n\t\t<!-- WordPress Slideshow Version 2.3.1 -->\r\n\r\n\t\t\t<\/div>\r\n\r\n\n<p style=\"text-align: justify;\">Benvinguts a l&#8217;escola Les Clisques, l&#8217;escola rural del Port de la Selva.<\/p>\n<p style=\"text-align: justify;\">La nostra escola pren el nom d&#8217;una de les petites platges que tenim al nostre entorn. I ja que ens permetem adoptar el nom d\u2019aquesta platja com a nostre, creiem que no podem fer altra cosa que, com a mostra d\u2019agra\u00efment, obrir-nos a aquest entorn per a con\u00e8ixer-lo, cuidar-lo i estimar-lo.<\/p>\n<p style=\"text-align: justify;\">\u00c9s per aix\u00f2, que basem la nostra tasca escolar a aprendre, principalment, de l&#8217;entorn natural i cultural m\u00e9s proper. De la mateixa manera, volem obrir-nos a la diversitat cultural del m\u00f3n per a ser m\u00e9s tolerants tot potenciant la cultura de la pau.<\/p>\n<p style=\"text-align: justify;\">Per altra banda, donem molta import\u00e0ncia a la salut dels nostres alumnes tot potenciant els h\u00e0bits saludables com la bona alimentaci\u00f3 i la pr\u00e0ctica de l&#8217;esport. Tamb\u00e9 cuidem la relaci\u00f3 entre els alumnes de l&#8217;escola amb pr\u00e0ctiques com la dels padrins i fillols.<\/p>\n<p style=\"text-align: justify;\">Finalment intentem potenciar el pensament l\u00f2gic amb la pr\u00e0ctica dels escacs i la rob\u00f2tica escolar.<\/p>\n<p style=\"text-align: justify;\">Tot aix\u00f2 per a donar als nostres alumnes les eines que els permeti desenvolupar-se de manera aut\u00f2noma en un m\u00f3n cada cop m\u00e9s canviant i volem fer-ho de manera agradable potenciant les bones relacions entre alumnes, mestres, fam\u00edlies i entorn.<\/p>\n<p style=\"text-align: justify;\">Esperem continuar complint els objectius que ens proposem!<\/p>\n<p style=\"padding-left: 30px;\"><a href=\"https:\/\/agora.xtec.cat\/zer-capdecreus\/wp-content\/uploads\/usu1769\/2020\/04\/Clisques-portada.jpg\"><img loading=\"lazy\" decoding=\"async\" class=\"alignnone size-large wp-image-3851\" src=\"https:\/\/agora.xtec.cat\/zer-capdecreus\/wp-content\/uploads\/usu1769\/2020\/04\/Clisques-portada-1024x294.jpg\" alt=\"\" width=\"1024\" height=\"294\" srcset=\"https:\/\/agora.xtec.cat\/zer-capdecreus\/wp-content\/uploads\/usu1769\/2020\/04\/Clisques-portada-1024x294.jpg 1024w, https:\/\/agora.xtec.cat\/zer-capdecreus\/wp-content\/uploads\/usu1769\/2020\/04\/Clisques-portada-300x86.jpg 300w, https:\/\/agora.xtec.cat\/zer-capdecreus\/wp-content\/uploads\/usu1769\/2020\/04\/Clisques-portada-768x220.jpg 768w\" sizes=\"auto, (max-width: 1024px) 100vw, 1024px\" \/><\/a><\/p>\n<p>Si vols con\u00e8ixer les \u00faltimes activitats destacades de l\u2019escola Les Clisques, clica al seg\u00fcent enlla\u00e7:<\/p>\n<p style=\"text-align: center;\"><a href=\"https:\/\/agora.xtec.cat\/zer-capdecreus\/categoria\/escola-clisques\/\">Bloc de l\u2019escola Les Clisques.<\/a><\/p>\n<p>&nbsp;<\/p>\n","protected":false},"excerpt":{"rendered":"<p>\t\t\t\t\t\tTi\u00f3\t\t\t\t\t\t\t\t\t\t\t<\/p>\n<p>\t\t\t\t\t\tTi\u00f3 2\t\t\t\t\t\t\t\t\t\t\t<\/p>\n<p>\t\t\t\t\t\tSt. Pere\t\t\t\t\t\t\t\t\t\t\t<\/p>\n<p>\t\t\t\t\t\t20200213_145559_opt\t\t\t\t\t\t\t\t\t\t\t<\/p>\n<p>\t\t\t\t\t\trobotica\t\t\t\t\t\t\t\t\t\t\t<\/p>\n<p>\t\t\t\t\t\tLet&#039;s clean 2019\t\t\t\t\t\t\t\t\t\t\t<\/p>\n<p>\t\t\t\t\t\tpedra\t\t\t\t\t\t\t\t\t\t\t<\/p>\n<p>\t\t\t\t\t\tPedra seca\t\t\t\t\t\t\t\t\t\t\t<\/p>\n<p>\t\t\t\t\t\tPau\t\t\t\t\t\t\t\t\t\t\t<\/p>\n<p>\t\t\t\t\t\tmercat\t\t\t\t\t\t\t\t\t\t\t<\/p>\n<p>\t\t\t\t\t\tMarcel\t\t\t\t\t\t\t\t\t\t\t<\/p>\n<p>\t\t\t\t\t\tInsti\t\t\t\t\t\t\t\t\t\t\t<\/p>\n<p>\t\t\t\t\t\tContes Nadal\t\t\t\t\t\t\t\t\t\t\t<\/p>\n<p>\t\t\t\t\t\tCarnaval\t\t\t\t\t\t\t\t\t\t\t<\/p>\n<p>\t\t\t\t\t\tbicicletada\t\t\t\t\t\t\t\t\t\t\t<\/p>\n<p>\t\t\t\t\t\tbastons\t\t\t\t\t\t\t\t\t\t\t<\/p>\n<ul>\n<li class=\"slideshow_togglePlay\" data-play-text=\"Visualitza\" data-pause-text=\"Pausa\"><\/li>\n<\/ul>\n<p>Benvinguts a l&#8217;escola Les Clisques, l&#8217;escola rural del Port de la Selva.<br \/>\nLa nostra escola pren el nom d&#8217;una de les petites platges que tenim al nostre entorn. I ja que ens permetem adoptar el nom d\u2019aquesta&hellip;  <a href=\"https:\/\/agora.xtec.cat\/zer-capdecreus\/escola-les-clisques\/\" title=\"Read Escola Les Clisques\">Llegeix m\u00e9s\u00bb<\/a><\/p>\n","protected":false},"author":1,"featured_media":0,"parent":0,"menu_order":0,"comment_status":"closed","ping_status":"closed","template":"page-templates\/side-menu.php","meta":{"_bbp_topic_count":0,"_bbp_reply_count":0,"_bbp_total_topic_count":0,"_bbp_total_reply_count":0,"_bbp_voice_count":0,"_bbp_anonymous_reply_count":0,"_bbp_topic_count_hidden":0,"_bbp_reply_count_hidden":0,"_bbp_forum_subforum_count":0,"footnotes":""},"class_list":["post-264","page","type-page","status-publish","hentry"],"post_mailing_queue_ids":[],"_links":{"self":[{"href":"https:\/\/agora.xtec.cat\/zer-capdecreus\/wp-json\/wp\/v2\/pages\/264","targetHints":{"allow":["GET"]}}],"collection":[{"href":"https:\/\/agora.xtec.cat\/zer-capdecreus\/wp-json\/wp\/v2\/pages"}],"about":[{"href":"https:\/\/agora.xtec.cat\/zer-capdecreus\/wp-json\/wp\/v2\/types\/page"}],"author":[{"embeddable":true,"href":"https:\/\/agora.xtec.cat\/zer-capdecreus\/wp-json\/wp\/v2\/users\/1"}],"replies":[{"embeddable":true,"href":"https:\/\/agora.xtec.cat\/zer-capdecreus\/wp-json\/wp\/v2\/comments?post=264"}],"version-history":[{"count":4,"href":"https:\/\/agora.xtec.cat\/zer-capdecreus\/wp-json\/wp\/v2\/pages\/264\/revisions"}],"predecessor-version":[{"id":5868,"href":"https:\/\/agora.xtec.cat\/zer-capdecreus\/wp-json\/wp\/v2\/pages\/264\/revisions\/5868"}],"wp:attachment":[{"href":"https:\/\/agora.xtec.cat\/zer-capdecreus\/wp-json\/wp\/v2\/media?parent=264"}],"curies":[{"name":"wp","href":"https:\/\/api.w.org\/{rel}","templated":true}]}}