{"id":1408,"date":"2020-04-13T00:09:06","date_gmt":"2020-04-12T22:09:06","guid":{"rendered":"http:\/\/agora.xtec.cat\/zer-capdecreus\/?page_id=1408"},"modified":"2020-07-25T01:54:24","modified_gmt":"2020-07-24T23:54:24","slug":"padrins-i-fillols-2","status":"publish","type":"page","link":"https:\/\/agora.xtec.cat\/zer-capdecreus\/zer\/que-fem\/padrins-i-fillols-2\/","title":{"rendered":"Padrins i fillols"},"content":{"rendered":"\r\n\t<div class=\"slideshow_container slideshow_container_style-light\" style=\"height: 300px; \" data-slideshow-id=\"3996\" data-style-name=\"style-light\" data-style-version=\"2.3.1\" >\r\n\r\n\t\t\t\t\t<div class=\"slideshow_loading_icon\"><\/div>\r\n\t\t\r\n\t\t<div class=\"slideshow_content\" style=\"display: none;\">\r\n\r\n\t\t\t<div class=\"slideshow_view\">\r\n\t\t\t\t<div class=\"slideshow_slide slideshow_slide_image\">\r\n\t\t\t\t\t\t\t\t\t\t\t<img src=\"https:\/\/agora.xtec.cat\/zer-capdecreus\/wp-content\/uploads\/usu1769\/2020\/07\/padrins-port-2.jpg\" alt=\"padrins port 2\" width=\"1064\" height=\"598\" \/>\r\n\t\t\t\t\t\t\t\t\t\t<div class=\"slideshow_description_box slideshow_transparent\">\r\n\t\t\t\t\t\t<div class=\"slideshow_title\">padrins port 2<\/div>\t\t\t\t\t\t\t\t\t\t\t<\/div>\r\n\t\t\t\t<\/div>\r\n\r\n\t\t\t\t\t\t<div style=\"clear: both;\"><\/div><\/div><div class=\"slideshow_view\">\r\n\t\t\t\t<div class=\"slideshow_slide slideshow_slide_image\">\r\n\t\t\t\t\t\t\t\t\t\t\t<img src=\"https:\/\/agora.xtec.cat\/zer-capdecreus\/wp-content\/uploads\/usu1769\/2020\/07\/padrins-colera-3.jpg\" alt=\"padrins colera 3\" width=\"320\" height=\"181\" \/>\r\n\t\t\t\t\t\t\t\t\t\t<div class=\"slideshow_description_box slideshow_transparent\">\r\n\t\t\t\t\t\t<div class=\"slideshow_title\">padrins colera 3<\/div>\t\t\t\t\t\t\t\t\t\t\t<\/div>\r\n\t\t\t\t<\/div>\r\n\r\n\t\t\t\t\t\t<div style=\"clear: both;\"><\/div><\/div><div class=\"slideshow_view\">\r\n\t\t\t\t<div class=\"slideshow_slide slideshow_slide_image\">\r\n\t\t\t\t\t\t\t\t\t\t\t<img src=\"https:\/\/agora.xtec.cat\/zer-capdecreus\/wp-content\/uploads\/usu1769\/2020\/07\/20180606_102041b.jpg\" alt=\"20180606_102041b\" width=\"1800\" height=\"1350\" \/>\r\n\t\t\t\t\t\t\t\t\t\t<div class=\"slideshow_description_box slideshow_transparent\">\r\n\t\t\t\t\t\t<div class=\"slideshow_title\">20180606_102041b<\/div>\t\t\t\t\t\t\t\t\t\t\t<\/div>\r\n\t\t\t\t<\/div>\r\n\r\n\t\t\t\t\t\t<div style=\"clear: both;\"><\/div><\/div><div class=\"slideshow_view\">\r\n\t\t\t\t<div class=\"slideshow_slide slideshow_slide_image\">\r\n\t\t\t\t\t\t\t\t\t\t\t<img src=\"https:\/\/agora.xtec.cat\/zer-capdecreus\/wp-content\/uploads\/usu1769\/2020\/07\/padrins-colera.jpg\" alt=\"padrins colera\" width=\"1200\" height=\"1600\" \/>\r\n\t\t\t\t\t\t\t\t\t\t<div class=\"slideshow_description_box slideshow_transparent\">\r\n\t\t\t\t\t\t<div class=\"slideshow_title\">padrins colera<\/div>\t\t\t\t\t\t\t\t\t\t\t<\/div>\r\n\t\t\t\t<\/div>\r\n\r\n\t\t\t\t\t\t<div style=\"clear: both;\"><\/div><\/div><div class=\"slideshow_view\">\r\n\t\t\t\t<div class=\"slideshow_slide slideshow_slide_image\">\r\n\t\t\t\t\t\t\t\t\t\t\t<img src=\"https:\/\/agora.xtec.cat\/zer-capdecreus\/wp-content\/uploads\/usu1769\/2020\/07\/padrins-port-1.jpg\" alt=\"padrins port 1\" width=\"1064\" height=\"598\" \/>\r\n\t\t\t\t\t\t\t\t\t\t<div class=\"slideshow_description_box slideshow_transparent\">\r\n\t\t\t\t\t\t<div class=\"slideshow_title\">padrins port 1<\/div>\t\t\t\t\t\t\t\t\t\t\t<\/div>\r\n\t\t\t\t<\/div>\r\n\r\n\t\t\t\t\t\t<div style=\"clear: both;\"><\/div><\/div><div class=\"slideshow_view\">\r\n\t\t\t\t<div class=\"slideshow_slide slideshow_slide_image\">\r\n\t\t\t\t\t\t\t\t\t\t\t<img src=\"https:\/\/agora.xtec.cat\/zer-capdecreus\/wp-content\/uploads\/usu1769\/2020\/07\/padrins-colera-2.jpg\" alt=\"padrins colera 2\" width=\"1600\" height=\"903\" \/>\r\n\t\t\t\t\t\t\t\t\t\t<div class=\"slideshow_description_box slideshow_transparent\">\r\n\t\t\t\t\t\t<div class=\"slideshow_title\">padrins colera 2<\/div>\t\t\t\t\t\t\t\t\t\t\t<\/div>\r\n\t\t\t\t<\/div>\r\n\r\n\t\t\t\t\t\t<div style=\"clear: both;\"><\/div><\/div><div class=\"slideshow_view\">\r\n\t\t\t\t<div class=\"slideshow_slide slideshow_slide_image\">\r\n\t\t\t\t\t\t\t\t\t\t\t<img src=\"https:\/\/agora.xtec.cat\/zer-capdecreus\/wp-content\/uploads\/usu1769\/2020\/07\/padrins-port-3.jpg\" alt=\"padrins port 3\" width=\"1064\" height=\"598\" \/>\r\n\t\t\t\t\t\t\t\t\t\t<div class=\"slideshow_description_box slideshow_transparent\">\r\n\t\t\t\t\t\t<div class=\"slideshow_title\">padrins port 3<\/div>\t\t\t\t\t\t\t\t\t\t\t<\/div>\r\n\t\t\t\t<\/div>\r\n\r\n\t\t\t\t\t\t<div style=\"clear: both;\"><\/div><\/div><div class=\"slideshow_view\">\r\n\t\t\t\t<div class=\"slideshow_slide slideshow_slide_image\">\r\n\t\t\t\t\t\t\t\t\t\t\t<img src=\"https:\/\/agora.xtec.cat\/zer-capdecreus\/wp-content\/uploads\/usu1769\/2020\/07\/padrins-port-4.jpg\" alt=\"padrins port 4\" width=\"1064\" height=\"598\" \/>\r\n\t\t\t\t\t\t\t\t\t\t<div class=\"slideshow_description_box slideshow_transparent\">\r\n\t\t\t\t\t\t<div class=\"slideshow_title\">padrins port 4<\/div>\t\t\t\t\t\t\t\t\t\t\t<\/div>\r\n\t\t\t\t<\/div>\r\n\r\n\t\t\t\t\t\t<div style=\"clear: both;\"><\/div><\/div><div class=\"slideshow_view\">\r\n\t\t\t\t<div class=\"slideshow_slide slideshow_slide_image\">\r\n\t\t\t\t\t\t\t\t\t\t\t<img src=\"https:\/\/agora.xtec.cat\/zer-capdecreus\/wp-content\/uploads\/usu1769\/2020\/07\/padrins-port-5.jpg\" alt=\"padrins port 5\" width=\"1064\" height=\"598\" \/>\r\n\t\t\t\t\t\t\t\t\t\t<div class=\"slideshow_description_box slideshow_transparent\">\r\n\t\t\t\t\t\t<div class=\"slideshow_title\">padrins port 5<\/div>\t\t\t\t\t\t\t\t\t\t\t<\/div>\r\n\t\t\t\t<\/div>\r\n\r\n\t\t\t\t\t\t<div style=\"clear: both;\"><\/div><\/div>\r\n\t\t<\/div>\r\n\r\n\t\t<div class=\"slideshow_controlPanel slideshow_transparent\" style=\"display: none;\"><ul><li class=\"slideshow_togglePlay\" data-play-text=\"Visualitza\" data-pause-text=\"Pausa\"><\/li><\/ul><\/div>\r\n\r\n\t\t<div class=\"slideshow_button slideshow_previous slideshow_transparent\" role=\"button\" data-previous-text=\"Anterior\" style=\"display: none;\"><\/div>\r\n\t\t<div class=\"slideshow_button slideshow_next slideshow_transparent\" role=\"button\" data-next-text=\"Seg\u00fcent\" style=\"display: none;\"><\/div>\r\n\r\n\t\t<div class=\"slideshow_pagination\" style=\"display: none;\" data-go-to-text=\"V\u00e9s a la diapositiva\"><div class=\"slideshow_pagination_center\"><\/div><\/div>\r\n\r\n\t\t<!-- WordPress Slideshow Version 2.3.1 -->\r\n\r\n\t\t\t<\/div>\r\n\r\n\n<p style=\"text-align: justify;\">La cooperaci\u00f3 i l&#8217;empatia \u00e9s vital per a mantenir un clima agradable i de respecte entre els infants de la nostra ZER. D&#8217;aquesta idea neix el projecte dels <em>Padrins i Fillols\u00a0<\/em>a la ZER Cap de Creus.<\/p>\n<p style=\"text-align: justify;\">Des dels inicis de la creaci\u00f3 de la ZER, s&#8217;ha vetllat per a crear vincles entre els alumnes de diferents edats de les nostres escoles. Per fer-ho, cada inici de curs es fa una cerim\u00f2nia on <em>enlla\u00e7em o vinculem <\/em>cada padr\u00ed amb un fillol. Aquesta cerim\u00f2nia significa que al llarg del curs, aquests dos alumnes duran a terme activitats conjuntes, sovint pensades per a fer gaudir al padr\u00ed\/fillol o passar una bona estona conjuntament. Duent a terme aquestes activitats, els dos membres de la parella se&#8217;n veuen beneficiats, ja que l&#8217;alumne m\u00e9s gran sol aportar experi\u00e8ncia i el m\u00e9s jove espontane\u00eftat. Aquest vincle, va creixent al llarg del curs i aporta molta benestar als nostres alumnes.<\/p>\n<p style=\"text-align: justify;\">El tipus d&#8217;activitats que es fan conjuntament s\u00f3n variades, i poden anar des d&#8217;explicar-se contes o preparar jocs, a fer felicitacions de Nadal o ser els acompanyants a les sortides conjuntes.<\/p>\n<p style=\"text-align: justify;\">Aquesta \u00e9s una activitat que cada curs es valora molt i que de ben segur recordaran els nostres alumnes.<\/p>\n","protected":false},"excerpt":{"rendered":"<p>\t\t\t\t\t\tpadrins port 2\t\t\t\t\t\t\t\t\t\t\t<\/p>\n<p>\t\t\t\t\t\tpadrins colera 3\t\t\t\t\t\t\t\t\t\t\t<\/p>\n<p>\t\t\t\t\t\t20180606_102041b\t\t\t\t\t\t\t\t\t\t\t<\/p>\n<p>\t\t\t\t\t\tpadrins colera\t\t\t\t\t\t\t\t\t\t\t<\/p>\n<p>\t\t\t\t\t\tpadrins port 1\t\t\t\t\t\t\t\t\t\t\t<\/p>\n<p>\t\t\t\t\t\tpadrins colera 2\t\t\t\t\t\t\t\t\t\t\t<\/p>\n<p>\t\t\t\t\t\tpadrins port 3\t\t\t\t\t\t\t\t\t\t\t<\/p>\n<p>\t\t\t\t\t\tpadrins port 4\t\t\t\t\t\t\t\t\t\t\t<\/p>\n<p>\t\t\t\t\t\tpadrins port 5\t\t\t\t\t\t\t\t\t\t\t<\/p>\n<ul>\n<li class=\"slideshow_togglePlay\" data-play-text=\"Visualitza\" data-pause-text=\"Pausa\"><\/li>\n<\/ul>\n<p>La cooperaci\u00f3 i l&#8217;empatia \u00e9s vital per a mantenir un clima agradable i de respecte entre els infants de la nostra ZER. D&#8217;aquesta idea neix el projecte&hellip;  <a href=\"https:\/\/agora.xtec.cat\/zer-capdecreus\/zer\/que-fem\/padrins-i-fillols-2\/\" title=\"Read Padrins i fillols\">Llegeix m\u00e9s\u00bb<\/a><\/p>\n","protected":false},"author":1,"featured_media":0,"parent":297,"menu_order":50,"comment_status":"closed","ping_status":"closed","template":"page-templates\/side-menu.php","meta":{"_bbp_topic_count":0,"_bbp_reply_count":0,"_bbp_total_topic_count":0,"_bbp_total_reply_count":0,"_bbp_voice_count":0,"_bbp_anonymous_reply_count":0,"_bbp_topic_count_hidden":0,"_bbp_reply_count_hidden":0,"_bbp_forum_subforum_count":0,"footnotes":""},"class_list":["post-1408","page","type-page","status-publish","hentry"],"post_mailing_queue_ids":[],"_links":{"self":[{"href":"https:\/\/agora.xtec.cat\/zer-capdecreus\/wp-json\/wp\/v2\/pages\/1408","targetHints":{"allow":["GET"]}}],"collection":[{"href":"https:\/\/agora.xtec.cat\/zer-capdecreus\/wp-json\/wp\/v2\/pages"}],"about":[{"href":"https:\/\/agora.xtec.cat\/zer-capdecreus\/wp-json\/wp\/v2\/types\/page"}],"author":[{"embeddable":true,"href":"https:\/\/agora.xtec.cat\/zer-capdecreus\/wp-json\/wp\/v2\/users\/1"}],"replies":[{"embeddable":true,"href":"https:\/\/agora.xtec.cat\/zer-capdecreus\/wp-json\/wp\/v2\/comments?post=1408"}],"version-history":[{"count":4,"href":"https:\/\/agora.xtec.cat\/zer-capdecreus\/wp-json\/wp\/v2\/pages\/1408\/revisions"}],"predecessor-version":[{"id":3997,"href":"https:\/\/agora.xtec.cat\/zer-capdecreus\/wp-json\/wp\/v2\/pages\/1408\/revisions\/3997"}],"up":[{"embeddable":true,"href":"https:\/\/agora.xtec.cat\/zer-capdecreus\/wp-json\/wp\/v2\/pages\/297"}],"wp:attachment":[{"href":"https:\/\/agora.xtec.cat\/zer-capdecreus\/wp-json\/wp\/v2\/media?parent=1408"}],"curies":[{"name":"wp","href":"https:\/\/api.w.org\/{rel}","templated":true}]}}