{"id":1052,"date":"2019-02-18T22:48:33","date_gmt":"2019-02-18T21:48:33","guid":{"rendered":"http:\/\/agora.xtec.cat\/zer-capdecreus\/?page_id=1052"},"modified":"2021-10-15T15:59:59","modified_gmt":"2021-10-15T13:59:59","slug":"treball-cooperatiu-i-per-projectes","status":"publish","type":"page","link":"https:\/\/agora.xtec.cat\/zer-capdecreus\/zer\/que-fem\/treball-cooperatiu-i-per-projectes\/","title":{"rendered":"Treball cooperatiu i per projectes"},"content":{"rendered":"<p style=\"text-align: justify;\">A la ZER Cap de Creus, degut a l\u2019agrupaci\u00f3 dels seus alumnes i pel tipus d\u2019escoles que formem la ZER, una de les metodologies que m\u00e9s hem utilitzat per a treballar des de fa m\u00e9s de 10 anys ha estat el treball en grups cooperatius. Aquesta manera de treballar, consisteix en fer-ho agrupant els alumnes en petits grups on cada membre del grup t\u00e9 un rol definit i on, de la suma de tots els seus membres en sorgeix un bon resultat. Aquesta metodologia s\u2019utilitza en sobretot en els tallers en el cas de l\u2019escola Puig d\u2019Esquers, i en mat\u00e8ries com Coneixement del Medi i rob\u00f2tica a l\u2019escola Les Clisques.<\/p>\n<p style=\"text-align: justify;\">Durant el curs 18-19, el claustre de la ZER es forma per a comen\u00e7ar a treballar per projectes i comen\u00e7a a introduir aquesta metodologia dins les aules. En aquesta, el que es prioritza, \u00e9s l\u2019inter\u00e8s de l\u2019alumne. Aix\u00ed doncs, \u00e9s ell qui decideix quins coneixements li desperten m\u00e9s la curiositat i que per tant, treballar\u00e0. El paper del mestre ser\u00e0 d&#8217;ajudar i guiar a l\u2019alumne a crear nou coneixement ja sigui q\u00fcestionant noves preguntes o suggerint noves vies d\u2019investigaci\u00f3.<\/p>\n","protected":false},"excerpt":{"rendered":"<p>A la ZER Cap de Creus, degut a l\u2019agrupaci\u00f3 dels seus alumnes i pel tipus d\u2019escoles que formem la ZER, una de les metodologies que m\u00e9s hem utilitzat per a treballar des de fa m\u00e9s de 10 anys ha estat el treball en grups cooperatius.&hellip;  <a href=\"https:\/\/agora.xtec.cat\/zer-capdecreus\/zer\/que-fem\/treball-cooperatiu-i-per-projectes\/\" title=\"Read Treball cooperatiu i per projectes\">Llegeix m\u00e9s\u00bb<\/a><\/p>\n","protected":false},"author":3,"featured_media":0,"parent":297,"menu_order":60,"comment_status":"closed","ping_status":"closed","template":"page-templates\/side-menu.php","meta":{"_bbp_topic_count":0,"_bbp_reply_count":0,"_bbp_total_topic_count":0,"_bbp_total_reply_count":0,"_bbp_voice_count":0,"_bbp_anonymous_reply_count":0,"_bbp_topic_count_hidden":0,"_bbp_reply_count_hidden":0,"_bbp_forum_subforum_count":0,"footnotes":""},"class_list":["post-1052","page","type-page","status-publish","hentry"],"post_mailing_queue_ids":[],"_links":{"self":[{"href":"https:\/\/agora.xtec.cat\/zer-capdecreus\/wp-json\/wp\/v2\/pages\/1052","targetHints":{"allow":["GET"]}}],"collection":[{"href":"https:\/\/agora.xtec.cat\/zer-capdecreus\/wp-json\/wp\/v2\/pages"}],"about":[{"href":"https:\/\/agora.xtec.cat\/zer-capdecreus\/wp-json\/wp\/v2\/types\/page"}],"author":[{"embeddable":true,"href":"https:\/\/agora.xtec.cat\/zer-capdecreus\/wp-json\/wp\/v2\/users\/3"}],"replies":[{"embeddable":true,"href":"https:\/\/agora.xtec.cat\/zer-capdecreus\/wp-json\/wp\/v2\/comments?post=1052"}],"version-history":[{"count":4,"href":"https:\/\/agora.xtec.cat\/zer-capdecreus\/wp-json\/wp\/v2\/pages\/1052\/revisions"}],"predecessor-version":[{"id":5364,"href":"https:\/\/agora.xtec.cat\/zer-capdecreus\/wp-json\/wp\/v2\/pages\/1052\/revisions\/5364"}],"up":[{"embeddable":true,"href":"https:\/\/agora.xtec.cat\/zer-capdecreus\/wp-json\/wp\/v2\/pages\/297"}],"wp:attachment":[{"href":"https:\/\/agora.xtec.cat\/zer-capdecreus\/wp-json\/wp\/v2\/media?parent=1052"}],"curies":[{"name":"wp","href":"https:\/\/api.w.org\/{rel}","templated":true}]}}