{"id":7078,"date":"2024-11-21T16:12:22","date_gmt":"2024-11-21T15:12:22","guid":{"rendered":"https:\/\/agora.xtec.cat\/zer-baixmontseny\/?page_id=7078"},"modified":"2024-12-13T11:51:21","modified_gmt":"2024-12-13T10:51:21","slug":"escacs","status":"publish","type":"page","link":"https:\/\/agora.xtec.cat\/zer-baixmontseny\/escola-alfa\/escacs\/","title":{"rendered":"Escacs com a projecte que ens defineix com a escola"},"content":{"rendered":"<p>Els escacs s\u00f3n presents a la nostra escola: totes les aules disposen de taulers i peces perqu\u00e8 els infants hi puguin jugar.<\/p>\n<p>A m\u00e9s, a Cicle Inicial, es fa una hora setmanal de treball espec\u00edfic d&#8217;escacs, ja sigui amb el tauler gegant que tots els infants de<\/p>\n<p>l&#8217;escola van pintar l&#8217;any 2021, ja sigui amb taulers i peces, amb l&#8217;ordinador, amb la pantalla gran, amb material elaborat pel professorat&#8230;<\/p>\n<p>Utilitzem els escacs com una eina educativa, per treballar de forma transversal diferents aspectes del curr\u00edculum, seguint les premisses extretes de la formaci\u00f3 que ha fet l&#8217;equip docent, dins del programa del Departament i la Federaci\u00f3, <em>Escacs a l&#8217;escola<\/em>.<\/p>\n<p>D&#8217;altra banda, tots els infants poden resoldre el repte quinzenal que es proposa al vest\u00edbul, on se&#8217;ls planteja un enigma relacionat amb els escacs.<\/p>\n<p>Finalment, al tercer trimestre, tota l&#8217;escola celebrem el gust que tenim per aquest esport amb un mat\u00ed dedicat als escacs: La jornada dels escacs, on oferim tallers, diferents modalitats de partides, jocs i propostes que tenen els escacs com a eix vertebrador.<\/p>\n<div><\/div>\n<div><img loading=\"lazy\" decoding=\"async\" class=\"aligncenter wp-image-7180\" src=\"https:\/\/agora.xtec.cat\/zer-baixmontseny\/wp-content\/uploads\/usu1001\/2024\/12\/IMG_4388-1-1-1024x768.jpg\" alt=\"\" width=\"495\" height=\"371\" srcset=\"https:\/\/agora.xtec.cat\/zer-baixmontseny\/wp-content\/uploads\/usu1001\/2024\/12\/IMG_4388-1-1-1024x768.jpg 1024w, https:\/\/agora.xtec.cat\/zer-baixmontseny\/wp-content\/uploads\/usu1001\/2024\/12\/IMG_4388-1-1-300x225.jpg 300w, https:\/\/agora.xtec.cat\/zer-baixmontseny\/wp-content\/uploads\/usu1001\/2024\/12\/IMG_4388-1-1-768x576.jpg 768w, https:\/\/agora.xtec.cat\/zer-baixmontseny\/wp-content\/uploads\/usu1001\/2024\/12\/IMG_4388-1-1-1536x1152.jpg 1536w, https:\/\/agora.xtec.cat\/zer-baixmontseny\/wp-content\/uploads\/usu1001\/2024\/12\/IMG_4388-1-1-2048x1536.jpg 2048w, https:\/\/agora.xtec.cat\/zer-baixmontseny\/wp-content\/uploads\/usu1001\/2024\/12\/IMG_4388-1-1-200x150.jpg 200w\" sizes=\"auto, (max-width: 495px) 100vw, 495px\" \/><\/div>\n<div><img loading=\"lazy\" decoding=\"async\" class=\"wp-image-7184 alignright\" src=\"https:\/\/agora.xtec.cat\/zer-baixmontseny\/wp-content\/uploads\/usu1001\/2024\/12\/IMG20220426114923-1024x768.jpg\" alt=\"\" width=\"455\" height=\"341\" srcset=\"https:\/\/agora.xtec.cat\/zer-baixmontseny\/wp-content\/uploads\/usu1001\/2024\/12\/IMG20220426114923-1024x768.jpg 1024w, https:\/\/agora.xtec.cat\/zer-baixmontseny\/wp-content\/uploads\/usu1001\/2024\/12\/IMG20220426114923-300x225.jpg 300w, https:\/\/agora.xtec.cat\/zer-baixmontseny\/wp-content\/uploads\/usu1001\/2024\/12\/IMG20220426114923-768x576.jpg 768w, https:\/\/agora.xtec.cat\/zer-baixmontseny\/wp-content\/uploads\/usu1001\/2024\/12\/IMG20220426114923-1536x1152.jpg 1536w, https:\/\/agora.xtec.cat\/zer-baixmontseny\/wp-content\/uploads\/usu1001\/2024\/12\/IMG20220426114923-2048x1536.jpg 2048w, https:\/\/agora.xtec.cat\/zer-baixmontseny\/wp-content\/uploads\/usu1001\/2024\/12\/IMG20220426114923-200x150.jpg 200w\" sizes=\"auto, (max-width: 455px) 100vw, 455px\" \/> <img loading=\"lazy\" decoding=\"async\" class=\"wp-image-7185 alignleft\" src=\"https:\/\/agora.xtec.cat\/zer-baixmontseny\/wp-content\/uploads\/usu1001\/2024\/12\/IMG20241003104605-1-1024x768.jpg\" alt=\"\" width=\"450\" height=\"337\" srcset=\"https:\/\/agora.xtec.cat\/zer-baixmontseny\/wp-content\/uploads\/usu1001\/2024\/12\/IMG20241003104605-1-1024x768.jpg 1024w, https:\/\/agora.xtec.cat\/zer-baixmontseny\/wp-content\/uploads\/usu1001\/2024\/12\/IMG20241003104605-1-300x225.jpg 300w, https:\/\/agora.xtec.cat\/zer-baixmontseny\/wp-content\/uploads\/usu1001\/2024\/12\/IMG20241003104605-1-768x576.jpg 768w, https:\/\/agora.xtec.cat\/zer-baixmontseny\/wp-content\/uploads\/usu1001\/2024\/12\/IMG20241003104605-1-1536x1152.jpg 1536w, https:\/\/agora.xtec.cat\/zer-baixmontseny\/wp-content\/uploads\/usu1001\/2024\/12\/IMG20241003104605-1-2048x1536.jpg 2048w, https:\/\/agora.xtec.cat\/zer-baixmontseny\/wp-content\/uploads\/usu1001\/2024\/12\/IMG20241003104605-1-200x150.jpg 200w\" sizes=\"auto, (max-width: 450px) 100vw, 450px\" \/> <img loading=\"lazy\" decoding=\"async\" class=\"wp-image-7186 alignright\" src=\"https:\/\/agora.xtec.cat\/zer-baixmontseny\/wp-content\/uploads\/usu1001\/2024\/12\/IMG20241024103944-1024x768.jpg\" alt=\"\" width=\"466\" height=\"349\" srcset=\"https:\/\/agora.xtec.cat\/zer-baixmontseny\/wp-content\/uploads\/usu1001\/2024\/12\/IMG20241024103944-1024x768.jpg 1024w, https:\/\/agora.xtec.cat\/zer-baixmontseny\/wp-content\/uploads\/usu1001\/2024\/12\/IMG20241024103944-300x225.jpg 300w, https:\/\/agora.xtec.cat\/zer-baixmontseny\/wp-content\/uploads\/usu1001\/2024\/12\/IMG20241024103944-768x576.jpg 768w, https:\/\/agora.xtec.cat\/zer-baixmontseny\/wp-content\/uploads\/usu1001\/2024\/12\/IMG20241024103944-1536x1152.jpg 1536w, https:\/\/agora.xtec.cat\/zer-baixmontseny\/wp-content\/uploads\/usu1001\/2024\/12\/IMG20241024103944-2048x1536.jpg 2048w, https:\/\/agora.xtec.cat\/zer-baixmontseny\/wp-content\/uploads\/usu1001\/2024\/12\/IMG20241024103944-200x150.jpg 200w\" sizes=\"auto, (max-width: 466px) 100vw, 466px\" \/><\/div>\n","protected":false},"excerpt":{"rendered":"<p>Els escacs s\u00f3n presents a la nostra escola: totes les aules disposen de taulers i peces perqu\u00e8 els infants hi puguin jugar.<br \/>\nA m\u00e9s, a Cicle Inicial, es fa una hora setmanal de treball espec\u00edfic d&#8217;escacs, ja sigui amb el tauler gegant que tots els infants&hellip;  <a href=\"https:\/\/agora.xtec.cat\/zer-baixmontseny\/escola-alfa\/escacs\/\" title=\"Read Escacs com a projecte que ens defineix com a escola\">Llegeix m\u00e9s\u00bb<\/a><\/p>\n","protected":false},"author":1,"featured_media":0,"parent":264,"menu_order":0,"comment_status":"closed","ping_status":"closed","template":"","meta":{"_bbp_topic_count":0,"_bbp_reply_count":0,"_bbp_total_topic_count":0,"_bbp_total_reply_count":0,"_bbp_voice_count":0,"_bbp_anonymous_reply_count":0,"_bbp_topic_count_hidden":0,"_bbp_reply_count_hidden":0,"_bbp_forum_subforum_count":0,"footnotes":""},"class_list":["post-7078","page","type-page","status-publish","hentry"],"post_mailing_queue_ids":[],"_links":{"self":[{"href":"https:\/\/agora.xtec.cat\/zer-baixmontseny\/wp-json\/wp\/v2\/pages\/7078","targetHints":{"allow":["GET"]}}],"collection":[{"href":"https:\/\/agora.xtec.cat\/zer-baixmontseny\/wp-json\/wp\/v2\/pages"}],"about":[{"href":"https:\/\/agora.xtec.cat\/zer-baixmontseny\/wp-json\/wp\/v2\/types\/page"}],"author":[{"embeddable":true,"href":"https:\/\/agora.xtec.cat\/zer-baixmontseny\/wp-json\/wp\/v2\/users\/1"}],"replies":[{"embeddable":true,"href":"https:\/\/agora.xtec.cat\/zer-baixmontseny\/wp-json\/wp\/v2\/comments?post=7078"}],"version-history":[{"count":6,"href":"https:\/\/agora.xtec.cat\/zer-baixmontseny\/wp-json\/wp\/v2\/pages\/7078\/revisions"}],"predecessor-version":[{"id":7189,"href":"https:\/\/agora.xtec.cat\/zer-baixmontseny\/wp-json\/wp\/v2\/pages\/7078\/revisions\/7189"}],"up":[{"embeddable":true,"href":"https:\/\/agora.xtec.cat\/zer-baixmontseny\/wp-json\/wp\/v2\/pages\/264"}],"wp:attachment":[{"href":"https:\/\/agora.xtec.cat\/zer-baixmontseny\/wp-json\/wp\/v2\/media?parent=7078"}],"curies":[{"name":"wp","href":"https:\/\/api.w.org\/{rel}","templated":true}]}}