{"id":7075,"date":"2024-11-21T16:11:05","date_gmt":"2024-11-21T15:11:05","guid":{"rendered":"https:\/\/agora.xtec.cat\/zer-baixmontseny\/?page_id=7075"},"modified":"2024-11-22T15:16:45","modified_gmt":"2024-11-22T14:16:45","slug":"hort-escolar","status":"publish","type":"page","link":"https:\/\/agora.xtec.cat\/zer-baixmontseny\/escola-alfa\/hort-escolar\/","title":{"rendered":"Hort Escolar"},"content":{"rendered":"<p><span style=\"font-weight: 400;\">El 2017 va n\u00e8ixer un projecte fruit de la dualitat de dos necessitats que es van acabar complementant. Per una banda dels avis del barri quan ens van manifestar la il\u00b7lusi\u00f3 que els faria ser part\u00edcips en alguna activitat de l\u2019escola, i per altra banda, dels alumnes quan en m\u00faltiples ocasions ens diuen que volen que els avis i pares participin amb ells a l\u2019escola.<\/span><\/p>\n<p><span style=\"font-weight: 400;\">Vam aconseguir aix\u00ed, que l\u2019hort fos un espai on es treballa molts aspectes curriculars i on els nostres alumnes vivien una metodologia que unia aprenentatge i servei a la comunitat creant una\u00a0 relaci\u00f3 entre els avis del barri on est\u00e0 situada a l\u2019escola i els infants.<\/span><\/p>\n<p>Avui en dia encara tenim l&#8217;hort a l&#8217;escola tota i que amb una mirada diferent. Ara s\u00f3n les pr\u00f2pies fam\u00edlies i l&#8217;espai de menjador qui ens ajuda a fer d&#8217;aquest projecet, un projecte sostenible.<\/p>\n<p>Aqu\u00ed us deixem un recull del primer projecte que v\u00e0rem fer: <a href=\"https:\/\/drive.google.com\/file\/d\/1cNjcxT0I5dlE7dwV80FF9VEB5PTmN3-A\/view?usp=sharing\">Recull 1<\/a><\/p>\n<p>Tres anys m\u00e9s tard va sorgir el segon projecte hort que vam anomenar <span style=\"font-weight: 400;\">P<\/span><span style=\"font-weight: 400;\">r<\/span><span style=\"font-weight: 400;\">o<\/span><span style=\"font-weight: 400;\">j<\/span><span style=\"font-weight: 400;\">e<\/span><span style=\"font-weight: 400;\">c<\/span><span style=\"font-weight: 400;\">t<\/span><span style=\"font-weight: 400;\">e<\/span><span style=\"font-weight: 400;\"> i<\/span><span style=\"font-weight: 400;\">n<\/span><span style=\"font-weight: 400;\">t<\/span><span style=\"font-weight: 400;\">e<\/span><span style=\"font-weight: 400;\">r<\/span><span style=\"font-weight: 400;\">g<\/span><span style=\"font-weight: 400;\">e<\/span><span style=\"font-weight: 400;\">n<\/span><span style=\"font-weight: 400;\">e<\/span><span style=\"font-weight: 400;\">r<\/span><span style=\"font-weight: 400;\">a<\/span><span style=\"font-weight: 400;\">c<\/span><span style=\"font-weight: 400;\">i<\/span><span style=\"font-weight: 400;\">o<\/span><span style=\"font-weight: 400;\">n<\/span><span style=\"font-weight: 400;\">a<\/span><span style=\"font-weight: 400;\">l <\/span><span style=\"font-weight: 400;\">de<\/span><span style=\"font-weight: 400;\"> l\u2019<\/span><span style=\"font-weight: 400;\">h<\/span><span style=\"font-weight: 400;\">o<\/span><span style=\"font-weight: 400;\">rt 2. 0<\/span>.<a href=\"https:\/\/drive.google.com\/file\/d\/19z5K8y_2H6jkFAFaoHqMbK5huMA9JM_p\/view?usp=sharing\"> Recull 2<\/a><\/p>\n<p><img loading=\"lazy\" decoding=\"async\" class=\"aligncenter size-full wp-image-7102\" src=\"https:\/\/agora.xtec.cat\/zer-baixmontseny\/wp-content\/uploads\/usu1001\/2024\/11\/qq.jpg\" alt=\"\" width=\"640\" height=\"480\" srcset=\"https:\/\/agora.xtec.cat\/zer-baixmontseny\/wp-content\/uploads\/usu1001\/2024\/11\/qq.jpg 640w, https:\/\/agora.xtec.cat\/zer-baixmontseny\/wp-content\/uploads\/usu1001\/2024\/11\/qq-300x225.jpg 300w, https:\/\/agora.xtec.cat\/zer-baixmontseny\/wp-content\/uploads\/usu1001\/2024\/11\/qq-200x150.jpg 200w\" sizes=\"auto, (max-width: 640px) 100vw, 640px\" \/><\/p>\n<p>&nbsp;<\/p>\n<p><img loading=\"lazy\" decoding=\"async\" class=\"wp-image-7106 aligncenter\" src=\"https:\/\/agora.xtec.cat\/zer-baixmontseny\/wp-content\/uploads\/usu1001\/2024\/11\/aa-1024x768.jpg\" alt=\"\" width=\"413\" height=\"310\" srcset=\"https:\/\/agora.xtec.cat\/zer-baixmontseny\/wp-content\/uploads\/usu1001\/2024\/11\/aa-1024x768.jpg 1024w, https:\/\/agora.xtec.cat\/zer-baixmontseny\/wp-content\/uploads\/usu1001\/2024\/11\/aa-300x225.jpg 300w, https:\/\/agora.xtec.cat\/zer-baixmontseny\/wp-content\/uploads\/usu1001\/2024\/11\/aa-768x576.jpg 768w, https:\/\/agora.xtec.cat\/zer-baixmontseny\/wp-content\/uploads\/usu1001\/2024\/11\/aa-1536x1152.jpg 1536w, https:\/\/agora.xtec.cat\/zer-baixmontseny\/wp-content\/uploads\/usu1001\/2024\/11\/aa-200x150.jpg 200w, https:\/\/agora.xtec.cat\/zer-baixmontseny\/wp-content\/uploads\/usu1001\/2024\/11\/aa.jpg 1600w\" sizes=\"auto, (max-width: 413px) 100vw, 413px\" \/><\/p>\n<p>&nbsp;<\/p>\n<p><img loading=\"lazy\" decoding=\"async\" class=\"aligncenter wp-image-7109\" src=\"https:\/\/agora.xtec.cat\/zer-baixmontseny\/wp-content\/uploads\/usu1001\/2024\/11\/ss-1024x768.jpg\" alt=\"\" width=\"640\" height=\"480\" srcset=\"https:\/\/agora.xtec.cat\/zer-baixmontseny\/wp-content\/uploads\/usu1001\/2024\/11\/ss-1024x768.jpg 1024w, https:\/\/agora.xtec.cat\/zer-baixmontseny\/wp-content\/uploads\/usu1001\/2024\/11\/ss-300x225.jpg 300w, https:\/\/agora.xtec.cat\/zer-baixmontseny\/wp-content\/uploads\/usu1001\/2024\/11\/ss-768x576.jpg 768w, https:\/\/agora.xtec.cat\/zer-baixmontseny\/wp-content\/uploads\/usu1001\/2024\/11\/ss-1536x1152.jpg 1536w, https:\/\/agora.xtec.cat\/zer-baixmontseny\/wp-content\/uploads\/usu1001\/2024\/11\/ss-200x150.jpg 200w, https:\/\/agora.xtec.cat\/zer-baixmontseny\/wp-content\/uploads\/usu1001\/2024\/11\/ss.jpg 1600w\" sizes=\"auto, (max-width: 640px) 100vw, 640px\" \/><\/p>\n","protected":false},"excerpt":{"rendered":"<p>El 2017 va n\u00e8ixer un projecte fruit de la dualitat de dos necessitats que es van acabar complementant. Per una banda dels avis del barri quan ens van manifestar la il\u00b7lusi\u00f3 que els faria ser part\u00edcips en alguna activitat de l\u2019escola, i per altra banda,&hellip;  <a href=\"https:\/\/agora.xtec.cat\/zer-baixmontseny\/escola-alfa\/hort-escolar\/\" title=\"Read Hort Escolar\">Llegeix m\u00e9s\u00bb<\/a><\/p>\n","protected":false},"author":1,"featured_media":0,"parent":264,"menu_order":0,"comment_status":"closed","ping_status":"closed","template":"","meta":{"_bbp_topic_count":0,"_bbp_reply_count":0,"_bbp_total_topic_count":0,"_bbp_total_reply_count":0,"_bbp_voice_count":0,"_bbp_anonymous_reply_count":0,"_bbp_topic_count_hidden":0,"_bbp_reply_count_hidden":0,"_bbp_forum_subforum_count":0,"footnotes":""},"class_list":["post-7075","page","type-page","status-publish","hentry"],"post_mailing_queue_ids":[],"_links":{"self":[{"href":"https:\/\/agora.xtec.cat\/zer-baixmontseny\/wp-json\/wp\/v2\/pages\/7075","targetHints":{"allow":["GET"]}}],"collection":[{"href":"https:\/\/agora.xtec.cat\/zer-baixmontseny\/wp-json\/wp\/v2\/pages"}],"about":[{"href":"https:\/\/agora.xtec.cat\/zer-baixmontseny\/wp-json\/wp\/v2\/types\/page"}],"author":[{"embeddable":true,"href":"https:\/\/agora.xtec.cat\/zer-baixmontseny\/wp-json\/wp\/v2\/users\/1"}],"replies":[{"embeddable":true,"href":"https:\/\/agora.xtec.cat\/zer-baixmontseny\/wp-json\/wp\/v2\/comments?post=7075"}],"version-history":[{"count":6,"href":"https:\/\/agora.xtec.cat\/zer-baixmontseny\/wp-json\/wp\/v2\/pages\/7075\/revisions"}],"predecessor-version":[{"id":7120,"href":"https:\/\/agora.xtec.cat\/zer-baixmontseny\/wp-json\/wp\/v2\/pages\/7075\/revisions\/7120"}],"up":[{"embeddable":true,"href":"https:\/\/agora.xtec.cat\/zer-baixmontseny\/wp-json\/wp\/v2\/pages\/264"}],"wp:attachment":[{"href":"https:\/\/agora.xtec.cat\/zer-baixmontseny\/wp-json\/wp\/v2\/media?parent=7075"}],"curies":[{"name":"wp","href":"https:\/\/api.w.org\/{rel}","templated":true}]}}