{"id":6382,"date":"2023-11-21T07:45:24","date_gmt":"2023-11-21T06:45:24","guid":{"rendered":"https:\/\/agora.xtec.cat\/zer-baixmontseny\/?page_id=6382"},"modified":"2023-11-21T07:45:24","modified_gmt":"2023-11-21T06:45:24","slug":"logo-erasmus","status":"publish","type":"page","link":"https:\/\/agora.xtec.cat\/zer-baixmontseny\/zer\/zer-baix-montseny\/logo-erasmus\/","title":{"rendered":"LOGO ERASMUS+"},"content":{"rendered":"<p><img loading=\"lazy\" decoding=\"async\" class=\"wp-image-6364 alignleft\" src=\"https:\/\/agora.xtec.cat\/zer-baixmontseny\/wp-content\/uploads\/usu1001\/2023\/11\/EN_FundedbytheEU_RGB_BLACK-Outline-1024x228.png\" alt=\"\" width=\"239\" height=\"53\" srcset=\"https:\/\/agora.xtec.cat\/zer-baixmontseny\/wp-content\/uploads\/usu1001\/2023\/11\/EN_FundedbytheEU_RGB_BLACK-Outline-1024x228.png 1024w, https:\/\/agora.xtec.cat\/zer-baixmontseny\/wp-content\/uploads\/usu1001\/2023\/11\/EN_FundedbytheEU_RGB_BLACK-Outline-300x67.png 300w, https:\/\/agora.xtec.cat\/zer-baixmontseny\/wp-content\/uploads\/usu1001\/2023\/11\/EN_FundedbytheEU_RGB_BLACK-Outline-768x171.png 768w, https:\/\/agora.xtec.cat\/zer-baixmontseny\/wp-content\/uploads\/usu1001\/2023\/11\/EN_FundedbytheEU_RGB_BLACK-Outline-1536x342.png 1536w, https:\/\/agora.xtec.cat\/zer-baixmontseny\/wp-content\/uploads\/usu1001\/2023\/11\/EN_FundedbytheEU_RGB_BLACK-Outline-2048x456.png 2048w\" sizes=\"auto, (max-width: 239px) 100vw, 239px\" \/> <a href=\"http:\/\/sepie.es\/\"><img loading=\"lazy\" decoding=\"async\" class=\"wp-image-6363 alignnone\" src=\"https:\/\/agora.xtec.cat\/zer-baixmontseny\/wp-content\/uploads\/usu1001\/2023\/11\/SEPIE_erasmus_plus.gif\" alt=\"\" width=\"144\" height=\"53\" \/><\/a> <img loading=\"lazy\" decoding=\"async\" class=\"wp-image-6362 alignright\" src=\"https:\/\/agora.xtec.cat\/zer-baixmontseny\/wp-content\/uploads\/usu1001\/2023\/11\/es_cofinanciado_por_la_union_europea_pos-1024x215.png\" alt=\"\" width=\"281\" height=\"59\" srcset=\"https:\/\/agora.xtec.cat\/zer-baixmontseny\/wp-content\/uploads\/usu1001\/2023\/11\/es_cofinanciado_por_la_union_europea_pos-1024x215.png 1024w, https:\/\/agora.xtec.cat\/zer-baixmontseny\/wp-content\/uploads\/usu1001\/2023\/11\/es_cofinanciado_por_la_union_europea_pos-300x63.png 300w, https:\/\/agora.xtec.cat\/zer-baixmontseny\/wp-content\/uploads\/usu1001\/2023\/11\/es_cofinanciado_por_la_union_europea_pos-768x161.png 768w, https:\/\/agora.xtec.cat\/zer-baixmontseny\/wp-content\/uploads\/usu1001\/2023\/11\/es_cofinanciado_por_la_union_europea_pos-1536x322.png 1536w, https:\/\/agora.xtec.cat\/zer-baixmontseny\/wp-content\/uploads\/usu1001\/2023\/11\/es_cofinanciado_por_la_union_europea_pos-2048x429.png 2048w\" sizes=\"auto, (max-width: 281px) 100vw, 281px\" \/><\/p>\n<p>&nbsp;<\/p>\n<div><span style=\"color: #666666; font-family: comic sans ms, sans-serif;\"><i>El nostre centre forma part d&#8217;un\u00a0Microconsorci\u00a0d&#8217;Innovaci\u00f3 Avan\u00e7ada que desenvolupa un projecte Erasmus\u00a0+ amb el que aspirem a ser referents\u00a0<\/i><\/span><i>a Catalunya<\/i><i>\u00a0en l&#8217;\u00fas pedag\u00f2gic de les tecnologies emergents.\u00a0<\/i><\/div>\n<div><span style=\"color: #666666; font-family: comic sans ms, sans-serif;\"><i>\u00a0<\/i><\/span><\/div>\n<div><span style=\"color: #666666; font-family: comic sans ms, sans-serif;\"><i>Enguany, com a pas previ a altres accions, participem en un concurs de logotips amb 87 centres m\u00e9s on la persona guanyadora obtindr\u00e0 com a premi una activitat l\u00fadica per a tot el seu grup-classe.\u00a0<\/i><\/span><\/div>\n<div><span style=\"color: #666666; font-family: comic sans ms, sans-serif;\"><i>\u00a0<\/i><\/span><\/div>\n<div><span style=\"color: #666666; font-family: comic sans ms, sans-serif;\"><i>Aquest \u00e9s el nostre LOGO GUANYADOR:\u00a0<\/i><\/span><\/div>\n<div><\/div>\n<div><\/div>\n<div><a href=\"https:\/\/agora.xtec.cat\/zer-baixmontseny\/wp-content\/uploads\/usu1001\/2022\/03\/IMG-20220222-WA0002.jpg\"><img loading=\"lazy\" decoding=\"async\" class=\"aligncenter wp-image-5461\" src=\"https:\/\/agora.xtec.cat\/zer-baixmontseny\/wp-content\/uploads\/usu1001\/2022\/03\/IMG-20220222-WA0002.jpg\" alt=\"\" width=\"319\" height=\"319\" srcset=\"https:\/\/agora.xtec.cat\/zer-baixmontseny\/wp-content\/uploads\/usu1001\/2022\/03\/IMG-20220222-WA0002.jpg 1200w, https:\/\/agora.xtec.cat\/zer-baixmontseny\/wp-content\/uploads\/usu1001\/2022\/03\/IMG-20220222-WA0002-300x300.jpg 300w, https:\/\/agora.xtec.cat\/zer-baixmontseny\/wp-content\/uploads\/usu1001\/2022\/03\/IMG-20220222-WA0002-1024x1024.jpg 1024w, https:\/\/agora.xtec.cat\/zer-baixmontseny\/wp-content\/uploads\/usu1001\/2022\/03\/IMG-20220222-WA0002-150x150.jpg 150w, https:\/\/agora.xtec.cat\/zer-baixmontseny\/wp-content\/uploads\/usu1001\/2022\/03\/IMG-20220222-WA0002-768x768.jpg 768w\" sizes=\"auto, (max-width: 319px) 100vw, 319px\" \/><\/a><\/div>\n","protected":false},"excerpt":{"rendered":"<p> <a href=\"http:\/\/sepie.es\/\"><\/a><br \/>\n&nbsp;<br \/>\nEl nostre centre forma part d&#8217;un\u00a0Microconsorci\u00a0d&#8217;Innovaci\u00f3 Avan\u00e7ada que desenvolupa un projecte Erasmus\u00a0+ amb el que aspirem a ser referents\u00a0a Catalunya\u00a0en l&#8217;\u00fas pedag\u00f2gic de les tecnologies emergents.\u00a0<br \/>\n\u00a0<br \/>\nEnguany, com a pas previ a altres accions, participem en un concurs de logotips amb 87 centres&hellip;  <a href=\"https:\/\/agora.xtec.cat\/zer-baixmontseny\/zer\/zer-baix-montseny\/logo-erasmus\/\" title=\"Read LOGO ERASMUS+\">Llegeix m\u00e9s\u00bb<\/a><\/p>\n","protected":false},"author":1,"featured_media":0,"parent":6271,"menu_order":0,"comment_status":"closed","ping_status":"closed","template":"","meta":{"_bbp_topic_count":0,"_bbp_reply_count":0,"_bbp_total_topic_count":0,"_bbp_total_reply_count":0,"_bbp_voice_count":0,"_bbp_anonymous_reply_count":0,"_bbp_topic_count_hidden":0,"_bbp_reply_count_hidden":0,"_bbp_forum_subforum_count":0,"footnotes":""},"class_list":["post-6382","page","type-page","status-publish","hentry"],"post_mailing_queue_ids":[],"_links":{"self":[{"href":"https:\/\/agora.xtec.cat\/zer-baixmontseny\/wp-json\/wp\/v2\/pages\/6382","targetHints":{"allow":["GET"]}}],"collection":[{"href":"https:\/\/agora.xtec.cat\/zer-baixmontseny\/wp-json\/wp\/v2\/pages"}],"about":[{"href":"https:\/\/agora.xtec.cat\/zer-baixmontseny\/wp-json\/wp\/v2\/types\/page"}],"author":[{"embeddable":true,"href":"https:\/\/agora.xtec.cat\/zer-baixmontseny\/wp-json\/wp\/v2\/users\/1"}],"replies":[{"embeddable":true,"href":"https:\/\/agora.xtec.cat\/zer-baixmontseny\/wp-json\/wp\/v2\/comments?post=6382"}],"version-history":[{"count":1,"href":"https:\/\/agora.xtec.cat\/zer-baixmontseny\/wp-json\/wp\/v2\/pages\/6382\/revisions"}],"predecessor-version":[{"id":6383,"href":"https:\/\/agora.xtec.cat\/zer-baixmontseny\/wp-json\/wp\/v2\/pages\/6382\/revisions\/6383"}],"up":[{"embeddable":true,"href":"https:\/\/agora.xtec.cat\/zer-baixmontseny\/wp-json\/wp\/v2\/pages\/6271"}],"wp:attachment":[{"href":"https:\/\/agora.xtec.cat\/zer-baixmontseny\/wp-json\/wp\/v2\/media?parent=6382"}],"curies":[{"name":"wp","href":"https:\/\/api.w.org\/{rel}","templated":true}]}}