{"id":6372,"date":"2023-06-20T19:19:26","date_gmt":"2023-06-20T17:19:26","guid":{"rendered":"https:\/\/agora.xtec.cat\/zer-baixmontseny\/?page_id=6372"},"modified":"2023-11-20T19:28:11","modified_gmt":"2023-11-20T18:28:11","slug":"job-shadowing-a-dinamarca","status":"publish","type":"page","link":"https:\/\/agora.xtec.cat\/zer-baixmontseny\/zer\/zer-baix-montseny\/job-shadowing-a-dinamarca\/","title":{"rendered":"JOB SHADOWING A DINAMARCA"},"content":{"rendered":"<p><img loading=\"lazy\" decoding=\"async\" class=\"wp-image-6364 alignnone\" src=\"https:\/\/agora.xtec.cat\/zer-baixmontseny\/wp-content\/uploads\/usu1001\/2023\/11\/EN_FundedbytheEU_RGB_BLACK-Outline-1024x228.png\" alt=\"\" width=\"197\" height=\"44\" srcset=\"https:\/\/agora.xtec.cat\/zer-baixmontseny\/wp-content\/uploads\/usu1001\/2023\/11\/EN_FundedbytheEU_RGB_BLACK-Outline-1024x228.png 1024w, https:\/\/agora.xtec.cat\/zer-baixmontseny\/wp-content\/uploads\/usu1001\/2023\/11\/EN_FundedbytheEU_RGB_BLACK-Outline-300x67.png 300w, https:\/\/agora.xtec.cat\/zer-baixmontseny\/wp-content\/uploads\/usu1001\/2023\/11\/EN_FundedbytheEU_RGB_BLACK-Outline-768x171.png 768w, https:\/\/agora.xtec.cat\/zer-baixmontseny\/wp-content\/uploads\/usu1001\/2023\/11\/EN_FundedbytheEU_RGB_BLACK-Outline-1536x342.png 1536w, https:\/\/agora.xtec.cat\/zer-baixmontseny\/wp-content\/uploads\/usu1001\/2023\/11\/EN_FundedbytheEU_RGB_BLACK-Outline-2048x456.png 2048w\" sizes=\"auto, (max-width: 197px) 100vw, 197px\" \/> <a href=\"http:\/\/www.sepie.es\/\"><img loading=\"lazy\" decoding=\"async\" class=\"wp-image-6363 alignleft\" src=\"https:\/\/agora.xtec.cat\/zer-baixmontseny\/wp-content\/uploads\/usu1001\/2023\/11\/SEPIE_erasmus_plus.gif\" alt=\"\" width=\"146\" height=\"54\" \/><\/a> <img loading=\"lazy\" decoding=\"async\" class=\"wp-image-6362 alignright\" src=\"https:\/\/agora.xtec.cat\/zer-baixmontseny\/wp-content\/uploads\/usu1001\/2023\/11\/es_cofinanciado_por_la_union_europea_pos-1024x215.png\" alt=\"\" width=\"272\" height=\"57\" srcset=\"https:\/\/agora.xtec.cat\/zer-baixmontseny\/wp-content\/uploads\/usu1001\/2023\/11\/es_cofinanciado_por_la_union_europea_pos-1024x215.png 1024w, https:\/\/agora.xtec.cat\/zer-baixmontseny\/wp-content\/uploads\/usu1001\/2023\/11\/es_cofinanciado_por_la_union_europea_pos-300x63.png 300w, https:\/\/agora.xtec.cat\/zer-baixmontseny\/wp-content\/uploads\/usu1001\/2023\/11\/es_cofinanciado_por_la_union_europea_pos-768x161.png 768w, https:\/\/agora.xtec.cat\/zer-baixmontseny\/wp-content\/uploads\/usu1001\/2023\/11\/es_cofinanciado_por_la_union_europea_pos-1536x322.png 1536w, https:\/\/agora.xtec.cat\/zer-baixmontseny\/wp-content\/uploads\/usu1001\/2023\/11\/es_cofinanciado_por_la_union_europea_pos-2048x429.png 2048w\" sizes=\"auto, (max-width: 272px) 100vw, 272px\" \/><\/p>\n<p>&nbsp;<\/p>\n<p>La nostra companya Ariadna ha estat una setmana a un centre de Dinamarca observant com \u00e9s el dia a dia en aquest centre. Ha estat possible aquesta mobilitat al Projecte Erasmus CETE+. Us deixem un enlla\u00e7 a la seva presentaci\u00f3.<\/p>\n<p><a href=\"https:\/\/drive.google.com\/file\/d\/12MvQWxWe1rsRzLAV7qfEXtstZ3Cpscy3\/view?usp=drive_link\">DINAMARCA<\/a><\/p>\n","protected":false},"excerpt":{"rendered":"<p> <a href=\"http:\/\/www.sepie.es\/\"><\/a><br \/>\n&nbsp;<br \/>\nLa nostra companya Ariadna ha estat una setmana a un centre de Dinamarca observant com \u00e9s el dia a dia en aquest centre. Ha estat possible aquesta mobilitat al Projecte Erasmus CETE+. Us deixem un enlla\u00e7 a la seva presentaci\u00f3.<br \/>\n<a href=\"https:\/\/drive.google.com\/file\/d\/12MvQWxWe1rsRzLAV7qfEXtstZ3Cpscy3\/view?usp=drive_link\">DINAMARCA<\/a><\/p>\n","protected":false},"author":1,"featured_media":0,"parent":6271,"menu_order":0,"comment_status":"closed","ping_status":"closed","template":"","meta":{"_bbp_topic_count":0,"_bbp_reply_count":0,"_bbp_total_topic_count":0,"_bbp_total_reply_count":0,"_bbp_voice_count":0,"_bbp_anonymous_reply_count":0,"_bbp_topic_count_hidden":0,"_bbp_reply_count_hidden":0,"_bbp_forum_subforum_count":0,"footnotes":""},"class_list":["post-6372","page","type-page","status-publish","hentry"],"post_mailing_queue_ids":[],"_links":{"self":[{"href":"https:\/\/agora.xtec.cat\/zer-baixmontseny\/wp-json\/wp\/v2\/pages\/6372","targetHints":{"allow":["GET"]}}],"collection":[{"href":"https:\/\/agora.xtec.cat\/zer-baixmontseny\/wp-json\/wp\/v2\/pages"}],"about":[{"href":"https:\/\/agora.xtec.cat\/zer-baixmontseny\/wp-json\/wp\/v2\/types\/page"}],"author":[{"embeddable":true,"href":"https:\/\/agora.xtec.cat\/zer-baixmontseny\/wp-json\/wp\/v2\/users\/1"}],"replies":[{"embeddable":true,"href":"https:\/\/agora.xtec.cat\/zer-baixmontseny\/wp-json\/wp\/v2\/comments?post=6372"}],"version-history":[{"count":2,"href":"https:\/\/agora.xtec.cat\/zer-baixmontseny\/wp-json\/wp\/v2\/pages\/6372\/revisions"}],"predecessor-version":[{"id":6378,"href":"https:\/\/agora.xtec.cat\/zer-baixmontseny\/wp-json\/wp\/v2\/pages\/6372\/revisions\/6378"}],"up":[{"embeddable":true,"href":"https:\/\/agora.xtec.cat\/zer-baixmontseny\/wp-json\/wp\/v2\/pages\/6271"}],"wp:attachment":[{"href":"https:\/\/agora.xtec.cat\/zer-baixmontseny\/wp-json\/wp\/v2\/media?parent=6372"}],"curies":[{"name":"wp","href":"https:\/\/api.w.org\/{rel}","templated":true}]}}