{"id":6271,"date":"2023-06-10T10:56:59","date_gmt":"2023-06-10T08:56:59","guid":{"rendered":"https:\/\/agora.xtec.cat\/zer-baixmontseny\/?page_id=6271"},"modified":"2024-05-21T12:06:34","modified_gmt":"2024-05-21T10:06:34","slug":"zer-baix-montseny","status":"publish","type":"page","link":"https:\/\/agora.xtec.cat\/zer-baixmontseny\/zer\/zer-baix-montseny\/","title":{"rendered":"ERASMUS +"},"content":{"rendered":"<p><img loading=\"lazy\" decoding=\"async\" class=\"wp-image-6362 alignnone\" src=\"https:\/\/agora.xtec.cat\/zer-baixmontseny\/wp-content\/uploads\/usu1001\/2023\/11\/es_cofinanciado_por_la_union_europea_pos-1024x215.png\" alt=\"\" width=\"282\" height=\"59\" srcset=\"https:\/\/agora.xtec.cat\/zer-baixmontseny\/wp-content\/uploads\/usu1001\/2023\/11\/es_cofinanciado_por_la_union_europea_pos-1024x215.png 1024w, https:\/\/agora.xtec.cat\/zer-baixmontseny\/wp-content\/uploads\/usu1001\/2023\/11\/es_cofinanciado_por_la_union_europea_pos-300x63.png 300w, https:\/\/agora.xtec.cat\/zer-baixmontseny\/wp-content\/uploads\/usu1001\/2023\/11\/es_cofinanciado_por_la_union_europea_pos-768x161.png 768w, https:\/\/agora.xtec.cat\/zer-baixmontseny\/wp-content\/uploads\/usu1001\/2023\/11\/es_cofinanciado_por_la_union_europea_pos-1536x322.png 1536w, https:\/\/agora.xtec.cat\/zer-baixmontseny\/wp-content\/uploads\/usu1001\/2023\/11\/es_cofinanciado_por_la_union_europea_pos-2048x429.png 2048w\" sizes=\"auto, (max-width: 282px) 100vw, 282px\" \/> <a href=\"http:\/\/www.sepie.es\/\"><img loading=\"lazy\" decoding=\"async\" class=\"wp-image-6363 alignnone\" src=\"https:\/\/agora.xtec.cat\/zer-baixmontseny\/wp-content\/uploads\/usu1001\/2023\/11\/SEPIE_erasmus_plus.gif\" alt=\"\" width=\"170\" height=\"63\" \/><\/a><img loading=\"lazy\" decoding=\"async\" class=\"wp-image-6364 alignleft\" src=\"https:\/\/agora.xtec.cat\/zer-baixmontseny\/wp-content\/uploads\/usu1001\/2023\/11\/EN_FundedbytheEU_RGB_BLACK-Outline-1024x228.png\" alt=\"\" width=\"260\" height=\"58\" srcset=\"https:\/\/agora.xtec.cat\/zer-baixmontseny\/wp-content\/uploads\/usu1001\/2023\/11\/EN_FundedbytheEU_RGB_BLACK-Outline-1024x228.png 1024w, https:\/\/agora.xtec.cat\/zer-baixmontseny\/wp-content\/uploads\/usu1001\/2023\/11\/EN_FundedbytheEU_RGB_BLACK-Outline-300x67.png 300w, https:\/\/agora.xtec.cat\/zer-baixmontseny\/wp-content\/uploads\/usu1001\/2023\/11\/EN_FundedbytheEU_RGB_BLACK-Outline-768x171.png 768w, https:\/\/agora.xtec.cat\/zer-baixmontseny\/wp-content\/uploads\/usu1001\/2023\/11\/EN_FundedbytheEU_RGB_BLACK-Outline-1536x342.png 1536w, https:\/\/agora.xtec.cat\/zer-baixmontseny\/wp-content\/uploads\/usu1001\/2023\/11\/EN_FundedbytheEU_RGB_BLACK-Outline-2048x456.png 2048w\" sizes=\"auto, (max-width: 260px) 100vw, 260px\" \/><\/p>\n<p>\u00daLTIMES NOTICIES<\/p>\n<p>Les mestres participant en el Job Shadowing i el coordinador del projecte em participat en una jornada d\u2019internacionalitzaci\u00f3 Erasmus+ <span style=\"color: #000000;\"><span style=\"font-family: verdana, sans-serif;\">que es va celebrar el passat dimarts <b>dia 14 de maig<\/b>\u00a0a les instal\u00b7lacions de\u00a0<\/span><\/span>\u00a0<span style=\"color: #000000;\"><span style=\"font-family: verdana, sans-serif;\"><b>l&#8217;UPF, Barcelona School of Management.\u00a0<\/b> En aquestes jornades hem pogut escoltar la p<\/span><\/span>on\u00e8ncia :\u00a0\u201cDisseny dels espais educatius. Aprenentatge i creativitat\u201d del Sr. Siro L\u00f3pez, un taller : Despr\u00e8s del CETE+, qu\u00e8?<\/p>\n<p>Us deixem el poster de la jornada<\/p>\n<p><a href=\"https:\/\/agora.xtec.cat\/zer-baixmontseny\/wp-content\/uploads\/usu1001\/2024\/05\/Programa_ErasmusCETE_14_05_24.pdf\">Programa_Erasmus+CETE+_14_05_24<\/a><\/p>\n<p><img loading=\"lazy\" decoding=\"async\" class=\"aligncenter  wp-image-6771\" src=\"https:\/\/agora.xtec.cat\/zer-baixmontseny\/wp-content\/uploads\/usu1001\/2024\/05\/Equip-Innovacio-Avancada.jpg\" alt=\"\" width=\"342\" height=\"534\" srcset=\"https:\/\/agora.xtec.cat\/zer-baixmontseny\/wp-content\/uploads\/usu1001\/2024\/05\/Equip-Innovacio-Avancada.jpg 587w, https:\/\/agora.xtec.cat\/zer-baixmontseny\/wp-content\/uploads\/usu1001\/2024\/05\/Equip-Innovacio-Avancada-192x300.jpg 192w\" sizes=\"auto, (max-width: 342px) 100vw, 342px\" \/><\/p>\n<p>&nbsp;<\/p>\n<p>Aquesta setmana tenim a la Patricia visita l&#8217;escola Les Petits Souris de Ghoy a Lessines B\u00e8lgica, Aquesta visita est\u00e0 dins del projecte <b>CETE+ 22 projecte n\u00famero: <\/b><b>2022-1-ES01-KA121-SCH-000058737.<\/b><\/p>\n<p>Aquests primers dies ha visitat l&#8217;escola de refer\u00e8ncia de la ZER i ha vist com treballen les matem\u00e0tiques i els tallers de construcci\u00f3.<\/p>\n<p><img loading=\"lazy\" decoding=\"async\" class=\"wp-image-6580 alignleft\" src=\"https:\/\/agora.xtec.cat\/zer-baixmontseny\/wp-content\/uploads\/usu1001\/2024\/01\/IMG-20240131-WA0000-1024x768.jpg\" alt=\"\" width=\"309\" height=\"232\" srcset=\"https:\/\/agora.xtec.cat\/zer-baixmontseny\/wp-content\/uploads\/usu1001\/2024\/01\/IMG-20240131-WA0000-1024x768.jpg 1024w, https:\/\/agora.xtec.cat\/zer-baixmontseny\/wp-content\/uploads\/usu1001\/2024\/01\/IMG-20240131-WA0000-300x225.jpg 300w, https:\/\/agora.xtec.cat\/zer-baixmontseny\/wp-content\/uploads\/usu1001\/2024\/01\/IMG-20240131-WA0000-768x576.jpg 768w, https:\/\/agora.xtec.cat\/zer-baixmontseny\/wp-content\/uploads\/usu1001\/2024\/01\/IMG-20240131-WA0000-1536x1152.jpg 1536w, https:\/\/agora.xtec.cat\/zer-baixmontseny\/wp-content\/uploads\/usu1001\/2024\/01\/IMG-20240131-WA0000-200x150.jpg 200w, https:\/\/agora.xtec.cat\/zer-baixmontseny\/wp-content\/uploads\/usu1001\/2024\/01\/IMG-20240131-WA0000.jpg 1600w\" sizes=\"auto, (max-width: 309px) 100vw, 309px\" \/> \u00a0 \u00a0 \u00a0 \u00a0 \u00a0 \u00a0 \u00a0 \u00a0 \u00a0 \u00a0 \u00a0 \u00a0 \u00a0 \u00a0 \u00a0 \u00a0 \u00a0 \u00a0 \u00a0 \u00a0 \u00a0 \u00a0 \u00a0 \u00a0 \u00a0 \u00a0 \u00a0 \u00a0 \u00a0 \u00a0 \u00a0 \u00a0 <img loading=\"lazy\" decoding=\"async\" class=\"wp-image-6582 alignnone\" src=\"https:\/\/agora.xtec.cat\/zer-baixmontseny\/wp-content\/uploads\/usu1001\/2024\/01\/IMG-20240129-WA0010-768x1024.jpg\" alt=\"\" width=\"184\" height=\"245\" srcset=\"https:\/\/agora.xtec.cat\/zer-baixmontseny\/wp-content\/uploads\/usu1001\/2024\/01\/IMG-20240129-WA0010-768x1024.jpg 768w, https:\/\/agora.xtec.cat\/zer-baixmontseny\/wp-content\/uploads\/usu1001\/2024\/01\/IMG-20240129-WA0010-225x300.jpg 225w, https:\/\/agora.xtec.cat\/zer-baixmontseny\/wp-content\/uploads\/usu1001\/2024\/01\/IMG-20240129-WA0010-1152x1536.jpg 1152w, https:\/\/agora.xtec.cat\/zer-baixmontseny\/wp-content\/uploads\/usu1001\/2024\/01\/IMG-20240129-WA0010.jpg 1200w\" sizes=\"auto, (max-width: 184px) 100vw, 184px\" \/><img loading=\"lazy\" decoding=\"async\" class=\"wp-image-6581 alignnone\" src=\"https:\/\/agora.xtec.cat\/zer-baixmontseny\/wp-content\/uploads\/usu1001\/2024\/01\/IMG-20240131-WA0002-1024x768.jpg\" alt=\"\" width=\"292\" height=\"219\" srcset=\"https:\/\/agora.xtec.cat\/zer-baixmontseny\/wp-content\/uploads\/usu1001\/2024\/01\/IMG-20240131-WA0002-1024x768.jpg 1024w, https:\/\/agora.xtec.cat\/zer-baixmontseny\/wp-content\/uploads\/usu1001\/2024\/01\/IMG-20240131-WA0002-300x225.jpg 300w, https:\/\/agora.xtec.cat\/zer-baixmontseny\/wp-content\/uploads\/usu1001\/2024\/01\/IMG-20240131-WA0002-768x576.jpg 768w, https:\/\/agora.xtec.cat\/zer-baixmontseny\/wp-content\/uploads\/usu1001\/2024\/01\/IMG-20240131-WA0002-1536x1152.jpg 1536w, https:\/\/agora.xtec.cat\/zer-baixmontseny\/wp-content\/uploads\/usu1001\/2024\/01\/IMG-20240131-WA0002-200x150.jpg 200w, https:\/\/agora.xtec.cat\/zer-baixmontseny\/wp-content\/uploads\/usu1001\/2024\/01\/IMG-20240131-WA0002.jpg 1600w\" sizes=\"auto, (max-width: 292px) 100vw, 292px\" \/><\/p>\n<p>&nbsp;<\/p>\n<p>En aquest espai pots trobar tota all\u00f2 referent a les nostres mobilitats i objectius del nostre projecte.<\/p>\n<p>In this space you can find anything related to our job shadowing and objectives of our project.<\/p>\n<p><a href=\"https:\/\/drive.google.com\/file\/d\/1sNrfTP5EMKi7LsfowADQxIayFJ-lmB5K\/view?usp=sharing\"><strong>JOB SHADOWING<\/strong><\/a><\/p>\n<table>\n<tbody>\n<tr>\n<td width=\"144\"><a href=\"https:\/\/agora.xtec.cat\/zer-baixmontseny\/zer\/zer-baix-montseny\/job-shadowing-a-dinamarca\/\"><img loading=\"lazy\" decoding=\"async\" class=\" wp-image-6432 alignleft\" src=\"https:\/\/agora.xtec.cat\/zer-baixmontseny\/wp-content\/uploads\/usu1001\/2023\/12\/baixa.jpg\" alt=\"\" width=\"117\" height=\"117\" srcset=\"https:\/\/agora.xtec.cat\/zer-baixmontseny\/wp-content\/uploads\/usu1001\/2023\/12\/baixa.jpg 225w, https:\/\/agora.xtec.cat\/zer-baixmontseny\/wp-content\/uploads\/usu1001\/2023\/12\/baixa-150x150.jpg 150w\" sizes=\"auto, (max-width: 117px) 100vw, 117px\" \/><\/a><\/td>\n<td width=\"144\">P\u00c0GINA WEB<\/p>\n<p><a href=\"https:\/\/soenderholmskole.aula.dk\/\">SONDERHOM SKOLE<\/a> (AALBORG)<\/td>\n<td width=\"144\"><a href=\"https:\/\/agora.xtec.cat\/zer-baixmontseny\/zer\/zer-baix-montseny\/job-shadowing-a-braga-portugal\/\"><img loading=\"lazy\" decoding=\"async\" class=\"wp-image-6435 aligncenter\" src=\"https:\/\/agora.xtec.cat\/zer-baixmontseny\/wp-content\/uploads\/usu1001\/2023\/12\/portugal.jpg\" alt=\"\" width=\"197\" height=\"110\" \/><\/a><\/td>\n<td width=\"144\">P\u00c0GINA WEB<\/p>\n<p><a href=\"https:\/\/aetsm.pt\/\">Agrupamento de escolas de Trigal de Santa Maria<\/a><\/td>\n<\/tr>\n<tr>\n<td><img loading=\"lazy\" decoding=\"async\" class=\"aligncenter size-full wp-image-6480\" src=\"https:\/\/agora.xtec.cat\/zer-baixmontseny\/wp-content\/uploads\/usu1001\/2024\/01\/BANDERA-BELGICA.jpg\" alt=\"\" width=\"275\" height=\"183\" \/><\/td>\n<td>P\u00c0GINA WEB<\/p>\n<p><a href=\"https:\/\/www.lespetitessourisdeghoy.com\/\">Petits souris de Ghoy<\/a><\/td>\n<td><img loading=\"lazy\" decoding=\"async\" class=\"aligncenter size-full wp-image-6480\" src=\"https:\/\/agora.xtec.cat\/zer-baixmontseny\/wp-content\/uploads\/usu1001\/2024\/01\/BANDERA-BELGICA.jpg\" alt=\"\" width=\"275\" height=\"183\" \/><\/td>\n<td>P\u00c0GINA WEB<\/p>\n<p><a href=\"https:\/\/www.ecoledespetitschemins.com\/\">\u00c9cole des petits Chemins<\/a><\/td>\n<\/tr>\n<\/tbody>\n<\/table>\n<p>&nbsp;<\/p>\n<table style=\"width: 84.3124%;\">\n<tbody>\n<tr>\n<td style=\"width: 32.8152%;\" width=\"192\">&nbsp;<\/p>\n<p><a href=\"https:\/\/agora.xtec.cat\/zer-baixmontseny\/zer\/zer-baix-montseny\/objectius-del-projecte\/\">OBJECTIUS<img loading=\"lazy\" decoding=\"async\" class=\"aligncenter size-large wp-image-6440\" src=\"https:\/\/agora.xtec.cat\/zer-baixmontseny\/wp-content\/uploads\/usu1001\/2023\/12\/objectius-1.jpg\" alt=\"\" width=\"294\" height=\"172\" \/><\/a><\/p>\n<p>&nbsp;<\/p>\n<p><a href=\"https:\/\/docs.google.com\/document\/d\/1xPMNPy3e7_-Rypvu0G5iFYsBqIEn-fuNTc-MNtRY6rc\/edit?usp=sharing\">OBJECTIUS DE LA ZER<\/a><\/p>\n<p>&nbsp;<\/p>\n<p>&nbsp;<\/td>\n<td style=\"width: 32.6425%;\" width=\"192\">\n<p style=\"text-align: center;\"><strong>CONCURS LOGO<\/strong><\/p>\n<p><a href=\"https:\/\/agora.xtec.cat\/zer-baixmontseny\/zer\/zer-baix-montseny\/logo-erasmus\/\"><img loading=\"lazy\" decoding=\"async\" class=\"aligncenter size-large wp-image-6439\" src=\"https:\/\/agora.xtec.cat\/zer-baixmontseny\/wp-content\/uploads\/usu1001\/2023\/12\/logo.png\" alt=\"\" width=\"312\" height=\"346\" srcset=\"https:\/\/agora.xtec.cat\/zer-baixmontseny\/wp-content\/uploads\/usu1001\/2023\/12\/logo.png 312w, https:\/\/agora.xtec.cat\/zer-baixmontseny\/wp-content\/uploads\/usu1001\/2023\/12\/logo-271x300.png 271w\" sizes=\"auto, (max-width: 312px) 100vw, 312px\" \/><\/a><\/td>\n<td style=\"width: 135.924%;\" width=\"192\"><strong>PRIMERES\u00a0MOBILITATS<\/strong><\/p>\n<p><a href=\"https:\/\/agora.xtec.cat\/zer-baixmontseny\/zer\/zer-baix-montseny\/primeres-mobilitats\/\"><img loading=\"lazy\" decoding=\"async\" class=\"aligncenter size-large wp-image-6438\" src=\"https:\/\/agora.xtec.cat\/zer-baixmontseny\/wp-content\/uploads\/usu1001\/2023\/12\/images.jpg\" alt=\"\" width=\"208\" height=\"242\" \/><\/a><\/p>\n<p>&nbsp;<\/td>\n<\/tr>\n<tr>\n<td style=\"width: 32.8152%;\" width=\"192\">&nbsp;<\/p>\n<p><a href=\"https:\/\/agora.xtec.cat\/zer-baixmontseny\/zer\/zer-baix-montseny\/rrecursos-elaborats\/\"><img loading=\"lazy\" decoding=\"async\" class=\"aligncenter size-full wp-image-6437\" style=\"background-color: #ffffff;\" src=\"https:\/\/agora.xtec.cat\/zer-baixmontseny\/wp-content\/uploads\/usu1001\/2023\/12\/baixa-1.jpg\" alt=\"\" width=\"249\" height=\"203\" \/><\/a><\/p>\n<p style=\"text-align: center;\"><strong>RECURSOS ELABORATS<\/strong><\/p>\n<p><a href=\"https:\/\/drive.google.com\/file\/d\/1uypOGBrgJehxbx9cAhH-6Jf1WmXRF2EL\/view?usp=sharing\">ROB\u00d2TICA EDUCATIVA<\/a><\/p>\n<p>&nbsp;<\/p>\n<p>&nbsp;<\/p>\n<p>&nbsp;<\/p>\n<p>&nbsp;<\/p>\n<p>&nbsp;<\/p>\n<p>&nbsp;<\/p>\n<p>&nbsp;<\/td>\n<td style=\"width: 32.6425%;\" width=\"192\">\n<p style=\"text-align: center;\"><strong><img loading=\"lazy\" decoding=\"async\" class=\"aligncenter size-full wp-image-6456\" src=\"https:\/\/agora.xtec.cat\/zer-baixmontseny\/wp-content\/uploads\/usu1001\/2023\/12\/images-1.jpg\" alt=\"\" width=\"240\" height=\"200\" \/>EVID\u00c8NCIES<\/strong><\/p>\n<p><a href=\"https:\/\/docs.google.com\/document\/d\/1QieiuIRsg3yy-y76b3Yeyo1Cu7w1qjsYf_orIQAl4Rg\/edit?usp=sharing\">ACTES DE CLAUSTRE<\/a><\/p>\n<p><a href=\"https:\/\/docs.google.com\/document\/d\/1ATGo_aw8ZfiueSbd_B_cmjSqAXLc-amC\/edit?usp=sharing&amp;ouid=115459657390811966619&amp;rtpof=true&amp;sd=true\">ACTA CEZ<\/a><\/p>\n<p><a href=\"https:\/\/docs.google.com\/document\/d\/1ptIjWRU9ld_vhFhaRmJP2y_7RG_gCc3n\/edit?usp=sharing&amp;ouid=115459657390811966619&amp;rtpof=true&amp;sd=true\">ACTA REUNI\u00d3 ED ZER<\/a><\/p>\n<p><a href=\"https:\/\/drive.google.com\/file\/d\/1rRhktuLPrFYBHUn5X6dUkIyPBOap-i9A\/view?usp=sharing\">PGA I INDICADORS<\/a><\/p>\n<p><a href=\"https:\/\/drive.google.com\/file\/d\/15i-sHHlC7cuDqvhbdp5IdSzId1ZFonak\/view?usp=sharing\">Avaluacio-21-MC-IA<\/a><\/p>\n<p>&nbsp;<\/td>\n<td style=\"width: 135.924%;\" width=\"192\">\n<p style=\"text-align: center;\"><strong><img loading=\"lazy\" decoding=\"async\" class=\"aligncenter size-full wp-image-6455\" src=\"https:\/\/agora.xtec.cat\/zer-baixmontseny\/wp-content\/uploads\/usu1001\/2023\/12\/baixa.png\" alt=\"\" width=\"225\" height=\"225\" srcset=\"https:\/\/agora.xtec.cat\/zer-baixmontseny\/wp-content\/uploads\/usu1001\/2023\/12\/baixa.png 225w, https:\/\/agora.xtec.cat\/zer-baixmontseny\/wp-content\/uploads\/usu1001\/2023\/12\/baixa-150x150.png 150w\" sizes=\"auto, (max-width: 225px) 100vw, 225px\" \/>DIFUSI\u00d3<\/strong><\/p>\n<p><a href=\"https:\/\/drive.google.com\/file\/d\/1uGLkF_zinNQWV12CN3ViPe3oFC54mx18\/view?usp=sharing\">INFOGRAFIA PER A LES FAM\u00cdLIES<\/a><\/p>\n<p><a href=\"https:\/\/agora.xtec.cat\/zer-baixmontseny\/general\/erasmus\/\">NOT\u00cdCIES<\/a><\/p>\n<p><a href=\"https:\/\/padlet.com\/mtortosa3\/cete-22_mobilitats-equip-ia-f5tmqsfztgyojmfc\">PADLET ANY 2024<\/a><\/p>\n<p><a href=\"https:\/\/padlet.com\/vroca3\/mobilitats-erasmus-mc_ia-183c5998ojq9y4tk\">PADLET<\/a><\/p>\n<p><a href=\"https:\/\/drive.google.com\/file\/d\/1WWQ7U5rOJCTBmSHSFQQ0GGtsf9R6bgnn\/view?usp=sharing\">V\u00cdDEO REPORTATGE PORTUGAL (BRAGA)<\/a><\/p>\n<p><a href=\"https:\/\/drive.google.com\/file\/d\/1-D_-NaMNyfZW_1EDkYZYOEKMjNcAI4g9\/view?usp=sharing\">V\u00cdDEO REPORTATGE DINAMARCA (AALBORG)<\/a><\/p>\n<p><a href=\"https:\/\/drive.google.com\/drive\/folders\/11O4vFyJYrVmx0FPoQXR7VWkvPzib4uPV?usp=sharing\">COMPARTINT AMB INFANTS<\/a><\/p>\n<p>&nbsp;<\/p>\n<p>&nbsp;<\/p>\n<p>&nbsp;<\/p>\n<p>&nbsp;<\/td>\n<\/tr>\n<\/tbody>\n<\/table>\n<p>&nbsp;<\/p>\n<p>El projecte KA 120 del microconsorci IA del projecte Erasmus+ CETE+ est\u00e0 confinanciat pel programa Erasmus+ de la Uni\u00f3 Europea. El contingut de publicacions es responsabilitat exclusiva de la ZER Baix Montseny i ni la Comissi\u00f3 Europea ni el Servei Espanyol per la Internacionalitzaci\u00f3 de l&#8217;Educaci\u00f3 (SEPIE) s\u00f3n responsables de l&#8217;\u00fas que pugui fer-se de la informaci\u00f3 aqu\u00ed difosa.<\/p>\n<p>El proyecto KA 120 del microconsorci IA del proyecto Erasmus+ CETE+ est\u00e1 cofinanciado por el programa Erasmus+ de la Uni\u00f3n Europea. El contenido de publicaci\u00f3n es responsabilidad exclusiva de la ZER Baix Montseny y ni la Comisi\u00f3n Europea, ni el Servicio Espa\u00f1ol para la Internacionalizaci\u00f3n de la Educaci\u00f3n (SEPIE) son responsables del uso que pueda hacerse de la informaci\u00f3n aqu\u00ed difundida.<\/p>\n<p><span class=\"Y2IQFc\" lang=\"en\">The KA 120 project of the IA microconsortium of the Erasmus+ CETE+ project is co-financed by the Erasmus+ program of the European Union. The publication content is the exclusive responsibility of the ZER Baix Montseny and neither the European Commission nor the Spanish Service for the Internationalization of Education (SEPIE) are responsible for the use that may be made of the information disseminated here.<\/span><\/p>\n<p>&nbsp;<\/p>\n","protected":false},"excerpt":{"rendered":"<p> <a href=\"http:\/\/www.sepie.es\/\"><\/a><br \/>\n\u00daLTIMES NOTICIES<br \/>\nLes mestres participant en el Job Shadowing i el coordinador del projecte em participat en una jornada d\u2019internacionalitzaci\u00f3 Erasmus+ que es va celebrar el passat dimarts dia 14 de maig\u00a0a les instal\u00b7lacions de\u00a0\u00a0l&#8217;UPF, Barcelona School of Management.\u00a0 En aquestes jornades hem pogut&hellip;  <a href=\"https:\/\/agora.xtec.cat\/zer-baixmontseny\/zer\/zer-baix-montseny\/\" title=\"Read ERASMUS +\">Llegeix m\u00e9s\u00bb<\/a><\/p>\n","protected":false},"author":1,"featured_media":0,"parent":19,"menu_order":0,"comment_status":"closed","ping_status":"closed","template":"page-templates\/side-menu.php","meta":{"_bbp_topic_count":0,"_bbp_reply_count":0,"_bbp_total_topic_count":0,"_bbp_total_reply_count":0,"_bbp_voice_count":0,"_bbp_anonymous_reply_count":0,"_bbp_topic_count_hidden":0,"_bbp_reply_count_hidden":0,"_bbp_forum_subforum_count":0,"footnotes":""},"class_list":["post-6271","page","type-page","status-publish","hentry"],"post_mailing_queue_ids":[],"_links":{"self":[{"href":"https:\/\/agora.xtec.cat\/zer-baixmontseny\/wp-json\/wp\/v2\/pages\/6271","targetHints":{"allow":["GET"]}}],"collection":[{"href":"https:\/\/agora.xtec.cat\/zer-baixmontseny\/wp-json\/wp\/v2\/pages"}],"about":[{"href":"https:\/\/agora.xtec.cat\/zer-baixmontseny\/wp-json\/wp\/v2\/types\/page"}],"author":[{"embeddable":true,"href":"https:\/\/agora.xtec.cat\/zer-baixmontseny\/wp-json\/wp\/v2\/users\/1"}],"replies":[{"embeddable":true,"href":"https:\/\/agora.xtec.cat\/zer-baixmontseny\/wp-json\/wp\/v2\/comments?post=6271"}],"version-history":[{"count":6,"href":"https:\/\/agora.xtec.cat\/zer-baixmontseny\/wp-json\/wp\/v2\/pages\/6271\/revisions"}],"predecessor-version":[{"id":6772,"href":"https:\/\/agora.xtec.cat\/zer-baixmontseny\/wp-json\/wp\/v2\/pages\/6271\/revisions\/6772"}],"up":[{"embeddable":true,"href":"https:\/\/agora.xtec.cat\/zer-baixmontseny\/wp-json\/wp\/v2\/pages\/19"}],"wp:attachment":[{"href":"https:\/\/agora.xtec.cat\/zer-baixmontseny\/wp-json\/wp\/v2\/media?parent=6271"}],"curies":[{"name":"wp","href":"https:\/\/api.w.org\/{rel}","templated":true}]}}