{"id":57,"date":"2014-09-17T17:01:07","date_gmt":"2014-09-17T16:01:07","guid":{"rendered":"http:\/\/agora.xtec.cat\/zer-baixmontseny\/?page_id=57"},"modified":"2025-11-03T16:18:36","modified_gmt":"2025-11-03T15:18:36","slug":"projecte-educatiu","status":"publish","type":"page","link":"https:\/\/agora.xtec.cat\/zer-baixmontseny\/zer\/projecte-educatiu\/","title":{"rendered":"Projecte educatiu (PEC)"},"content":{"rendered":"<p><b>\u00a0 \u00a0 \u00a0 \u00a0 \u00a0 \u00a0 \u00a0 \u00a0 \u00a0 \u00a0 \u00a0 \u00a0 \u00a0 \u00a0 \u00a0 \u00a0 \u00a0 \u00a0 \u00a0 \u00a0 \u00a0 \u00a0 \u00a0 \u00a0 \u00a0 \u00a0 \u00a0PROJECTE EDUCATIU DE LA ZER BAIX MONTSENY<\/b><\/p>\n<table style=\"width: 100%; height: 207px;\">\n<tbody>\n<tr style=\"height: 23px;\">\n<td style=\"height: 23px;\"><b>DOCUMENT<\/b><\/td>\n<td style=\"height: 23px;\"><b>ESTAT<\/b><\/td>\n<td style=\"height: 23px;\"><b>ANY<\/b><\/td>\n<\/tr>\n<tr style=\"height: 23px;\">\n<td style=\"height: 23px;\"><a href=\"https:\/\/drive.google.com\/file\/d\/1WtwjGttqnfzvUzlU1hcrRx3rYmVCQgNz\/view?usp=sharing\"><span style=\"font-weight: 400;\">PEZ<\/span><\/a><\/td>\n<td style=\"height: 23px;\"><span style=\"font-weight: 400;\">Aprovat<\/span><\/td>\n<td style=\"height: 23px;\"><span style=\"font-weight: 400;\">2023<\/span><\/td>\n<\/tr>\n<tr style=\"height: 23px;\">\n<td style=\"height: 23px;\"><a href=\"https:\/\/drive.google.com\/file\/d\/1tEOtQjd1uqAQrMWzvoVHmgvNJylNoNLa\/view?usp=sharing\"><span style=\"font-weight: 400;\">PdD<\/span><\/a><\/td>\n<td style=\"height: 23px;\"><span style=\"font-weight: 400;\">Aprovat<\/span><\/td>\n<td style=\"height: 23px;\"><span style=\"font-weight: 400;\">2022<\/span><\/td>\n<\/tr>\n<tr style=\"height: 23px;\">\n<td style=\"height: 23px;\"><a href=\"https:\/\/drive.google.com\/file\/d\/1sBToub2p3NmcRraJUSM6AfYgMuO5ZGVI\/view?usp=sharing\"><span style=\"font-weight: 400;\">PLZ<\/span><\/a><\/td>\n<td style=\"height: 23px;\"><span style=\"font-weight: 400;\">Aprovat<\/span><\/td>\n<td style=\"height: 23px;\"><span style=\"font-weight: 400;\">2019<\/span><\/td>\n<\/tr>\n<tr style=\"height: 23px;\">\n<td style=\"height: 23px;\"><a href=\"https:\/\/drive.google.com\/file\/d\/1CP_1nfYt-rS1SJHdsDQ_WJ_NV4OI5MUP\/view?usp=sharing\"><span style=\"font-weight: 400;\">NOFZ<\/span><\/a><\/td>\n<td style=\"height: 23px;\"><span style=\"font-weight: 400;\">Aprovat<\/span><\/td>\n<td style=\"height: 23px;\"><span style=\"font-weight: 400;\">2024<\/span><\/td>\n<\/tr>\n<tr style=\"height: 23px;\">\n<td style=\"height: 23px;\"><a href=\"https:\/\/docs.google.com\/document\/d\/1y2jc8NFHdjajapelGLZbrowqqVYFhcem\/edit?usp=drive_link&amp;ouid=115459657390811966619&amp;rtpof=true&amp;sd=true\"><span style=\"font-weight: 400;\">Pla d\u2019acollida<\/span><\/a><\/td>\n<td style=\"height: 23px;\"><span style=\"font-weight: 400;\">Aprovat<\/span><\/td>\n<td style=\"height: 23px;\"><span style=\"font-weight: 400;\"> 2023<\/span><\/td>\n<\/tr>\n<tr style=\"height: 23px;\">\n<td style=\"height: 23px;\"><a href=\"https:\/\/sites.google.com\/xtec.cat\/estrategia-digital-zbm\/presentaci%C3%B3-de-ledc?authuser=2\"><span style=\"font-weight: 400;\">EDC<\/span><\/a><\/td>\n<td style=\"height: 23px;\"><span style=\"font-weight: 400;\">Aprovat<\/span><\/td>\n<td style=\"height: 23px;\"><span style=\"font-weight: 400;\">2023<\/span><\/td>\n<\/tr>\n<tr style=\"height: 23px;\">\n<td style=\"height: 23px;\"><a href=\"https:\/\/drive.google.com\/file\/d\/1D6wUPRnwsY1EIlLtwH2E3JZe8v6C36Rx\/view?usp=sharing\"><span style=\"font-weight: 400;\">Organigrama<\/span><\/a><\/td>\n<td style=\"height: 23px;\"><\/td>\n<td style=\"height: 23px;\"><span style=\"font-weight: 400;\">\u00a0<\/span><\/td>\n<\/tr>\n<tr style=\"height: 23px;\">\n<td style=\"height: 23px;\"><a href=\"https:\/\/drive.google.com\/file\/d\/1rXPtbatgwhAdE8Dywp59xbgMmOvyBYgd\/view?usp=sharing\">Projecte de conviv\u00e8ncia<\/a><\/td>\n<td style=\"height: 23px;\"><span style=\"font-weight: 400;\"> Aprovat<\/span><\/td>\n<td style=\"height: 23px;\"><span style=\"font-weight: 400;\">\u00a02023<\/span><\/td>\n<\/tr>\n<\/tbody>\n<\/table>\n<p style=\"text-align: center;\"><em><br \/>\nEl millor mitj\u00e0 per fer bons els nens \u00e9s fer-los feli\u00e7os. <\/em><br \/>\n<em><span class=\"b_autor\">(Oscar Wilde)<\/span><\/em><\/p>\n","protected":false},"excerpt":{"rendered":"<p>\u00a0 \u00a0 \u00a0 \u00a0 \u00a0 \u00a0 \u00a0 \u00a0 \u00a0 \u00a0 \u00a0 \u00a0 \u00a0 \u00a0 \u00a0 \u00a0 \u00a0 \u00a0 \u00a0 \u00a0 \u00a0 \u00a0 \u00a0 \u00a0 \u00a0 \u00a0 \u00a0PROJECTE EDUCATIU DE LA ZER BAIX MONTSENY<\/p>\n<p>DOCUMENT<br \/>\nESTAT<br \/>\nANY<\/p>\n<p><a href=\"https:\/\/drive.google.com\/file\/d\/1WtwjGttqnfzvUzlU1hcrRx3rYmVCQgNz\/view?usp=sharing\">PEZ<\/a><br \/>\nAprovat<br \/>\n2023<\/p>\n<p><a href=\"https:\/\/drive.google.com\/file\/d\/1tEOtQjd1uqAQrMWzvoVHmgvNJylNoNLa\/view?usp=sharing\">PdD<\/a><br \/>\nAprovat<br \/>\n2022<\/p>\n<p><a href=\"https:\/\/drive.google.com\/file\/d\/1sBToub2p3NmcRraJUSM6AfYgMuO5ZGVI\/view?usp=sharing\">PLZ<\/a><br \/>\nAprovat<br \/>\n2019<\/p>\n<p><a href=\"https:\/\/drive.google.com\/file\/d\/1CP_1nfYt-rS1SJHdsDQ_WJ_NV4OI5MUP\/view?usp=sharing\">NOFZ<\/a><br \/>\nAprovat<br \/>\n2024<\/p>\n<p><a href=\"https:\/\/docs.google.com\/document\/d\/1y2jc8NFHdjajapelGLZbrowqqVYFhcem\/edit?usp=drive_link&amp;ouid=115459657390811966619&amp;rtpof=true&amp;sd=true\">Pla d\u2019acollida<\/a><br \/>\nAprovat<br \/>\n 2023<\/p>\n<p><a href=\"https:\/\/sites.google.com\/xtec.cat\/estrategia-digital-zbm\/presentaci%C3%B3-de-ledc?authuser=2\">EDC<\/a><br \/>\nAprovat<br \/>\n2023<\/p>\n<p><a href=\"https:\/\/drive.google.com\/file\/d\/1D6wUPRnwsY1EIlLtwH2E3JZe8v6C36Rx\/view?usp=sharing\">Organigrama<\/a><\/p>\n<p>\u00a0<\/p>\n<p><a href=\"https:\/\/drive.google.com\/file\/d\/1rXPtbatgwhAdE8Dywp59xbgMmOvyBYgd\/view?usp=sharing\">Projecte de conviv\u00e8ncia<\/a><br \/>\n&hellip;  <a href=\"https:\/\/agora.xtec.cat\/zer-baixmontseny\/zer\/projecte-educatiu\/\" title=\"Read Projecte educatiu (PEC)\">Llegeix m\u00e9s\u00bb<\/a><\/p>\n","protected":false},"author":1,"featured_media":0,"parent":19,"menu_order":10,"comment_status":"closed","ping_status":"closed","template":"","meta":{"_bbp_topic_count":0,"_bbp_reply_count":0,"_bbp_total_topic_count":0,"_bbp_total_reply_count":0,"_bbp_voice_count":0,"_bbp_anonymous_reply_count":0,"_bbp_topic_count_hidden":0,"_bbp_reply_count_hidden":0,"_bbp_forum_subforum_count":0,"footnotes":""},"class_list":["post-57","page","type-page","status-publish","hentry"],"post_mailing_queue_ids":[],"_links":{"self":[{"href":"https:\/\/agora.xtec.cat\/zer-baixmontseny\/wp-json\/wp\/v2\/pages\/57","targetHints":{"allow":["GET"]}}],"collection":[{"href":"https:\/\/agora.xtec.cat\/zer-baixmontseny\/wp-json\/wp\/v2\/pages"}],"about":[{"href":"https:\/\/agora.xtec.cat\/zer-baixmontseny\/wp-json\/wp\/v2\/types\/page"}],"author":[{"embeddable":true,"href":"https:\/\/agora.xtec.cat\/zer-baixmontseny\/wp-json\/wp\/v2\/users\/1"}],"replies":[{"embeddable":true,"href":"https:\/\/agora.xtec.cat\/zer-baixmontseny\/wp-json\/wp\/v2\/comments?post=57"}],"version-history":[{"count":6,"href":"https:\/\/agora.xtec.cat\/zer-baixmontseny\/wp-json\/wp\/v2\/pages\/57\/revisions"}],"predecessor-version":[{"id":7916,"href":"https:\/\/agora.xtec.cat\/zer-baixmontseny\/wp-json\/wp\/v2\/pages\/57\/revisions\/7916"}],"up":[{"embeddable":true,"href":"https:\/\/agora.xtec.cat\/zer-baixmontseny\/wp-json\/wp\/v2\/pages\/19"}],"wp:attachment":[{"href":"https:\/\/agora.xtec.cat\/zer-baixmontseny\/wp-json\/wp\/v2\/media?parent=57"}],"curies":[{"name":"wp","href":"https:\/\/api.w.org\/{rel}","templated":true}]}}