{"id":5081,"date":"2021-07-14T12:51:58","date_gmt":"2021-07-14T10:51:58","guid":{"rendered":"http:\/\/agora.xtec.cat\/zer-baixmontseny\/?page_id=5081"},"modified":"2025-09-10T15:06:16","modified_gmt":"2025-09-10T13:06:16","slug":"autoritzacions","status":"publish","type":"page","link":"https:\/\/agora.xtec.cat\/zer-baixmontseny\/escola-alfa\/atencio-families\/autoritzacions\/","title":{"rendered":"Autoritzacions"},"content":{"rendered":"<h4>AUTORITZACIONS PERMANENTS (a excepci\u00f3 que es produeixi algun canvi d&#8217;informaci\u00f3)<\/h4>\n<h4>Autoritzacions \u00e0mbit SALUT<\/h4>\n<table style=\"height: 184px;\" width=\"485\">\n<tbody>\n<tr>\n<td style=\"width: 356.734px;\">Informaci\u00f3 general sobre temes de salut<\/td>\n<td style=\"width: 120.266px;\"><a href=\"https:\/\/drive.google.com\/file\/d\/1taHCqdaK7hRdcHbxVifGj5UEIOYx5M7Q\/view?usp=sharing\" target=\"_blank\" rel=\"noopener noreferrer\">ENLLA\u00c7<\/a><\/td>\n<\/tr>\n<tr>\n<td style=\"width: 356.734px;\">Administraci\u00f3 de paracetamol<\/td>\n<td style=\"width: 120.266px;\"><a href=\"https:\/\/drive.google.com\/file\/d\/1WLW-NkixJNMEMBYWIBiz_pP-tJylCc_7\/view?usp=sharing\" target=\"_blank\" rel=\"noopener noreferrer\">ENLLA\u00c7<\/a><\/td>\n<\/tr>\n<tr>\n<td style=\"width: 356.734px;\">Administraci\u00f3 de medicaments<\/td>\n<td style=\"width: 120.266px;\"><a href=\"https:\/\/drive.google.com\/file\/d\/1sCjjg97gzRWpLLcTFa35kFCqlnOYIhN5\/view?usp=sharing\" target=\"_blank\" rel=\"noopener noreferrer\">ENLLA\u00c7<\/a><\/td>\n<\/tr>\n<tr>\n<td style=\"width: 356.734px;\">Administraci\u00f3 de medicaments a les col\u00f2nies<\/td>\n<td style=\"width: 120.266px;\"><a href=\"https:\/\/drive.google.com\/file\/d\/1DOvxgWajZ_1XGJq5WGZdMaG7lbSilpj1\/view?usp=sharing\" target=\"_blank\" rel=\"noopener noreferrer\">ENLLA\u00c7<\/a><\/td>\n<\/tr>\n<tr>\n<td style=\"width: 356.734px;\">Activitat d&#8217;educaci\u00f3 f\u00edsica<\/td>\n<td style=\"width: 120.266px;\"><a href=\"https:\/\/drive.google.com\/file\/d\/1lgDzFDuckXoBTqX7cJdGvHbAf2RZUA8m\/view?usp=sharing\" target=\"_blank\" rel=\"noopener noreferrer\">ENLLA\u00c7<\/a><\/td>\n<\/tr>\n<\/tbody>\n<\/table>\n<h4><span style=\"color: revert; font-size: revert; font-weight: revert;\"><br \/>Autoritzacions relacionades amb els drets d&#8217;imatge<\/span><\/h4>\n<p>Les marcades amb un asterisc s&#8217;han de lliurar degudament complimentades al principi de l&#8217;escolaritzaci\u00f3<\/p>\n<table style=\"height: 115px; width: 636px;\" width=\"488\">\n<tbody>\n<tr>\n<td style=\"width: 514.797px;\">Autoritzaci\u00f3 d&#8217;\u00fas d&#8217;imatges i veu<\/td>\n<td style=\"width: 113.203px;\"><a href=\"https:\/\/drive.google.com\/file\/d\/1AvQLlbrrSsKkR0IsYgtCQn6lwnpogvW9\/view?usp=drive_link\">ENLLA\u00c7<\/a><\/td>\n<\/tr>\n<tr>\n<td style=\"width: 514.797px;\">Autoritzaci\u00f3 \u00fas de serveis i recursos digitals a l&#8217;aula\u00a0 ( nom\u00e9s 5\u00e8 i 6\u00e8)<\/td>\n<td style=\"width: 113.203px;\"><a href=\"https:\/\/drive.google.com\/file\/d\/1L1NrotRRrOTI9PHFvGObfWkz2eoGf7si\/view?usp=sharing\" target=\"_blank\" rel=\"noopener noreferrer\">ENLLA\u00c7<\/a><\/td>\n<\/tr>\n<tr>\n<td style=\"width: 514.797px;\">\u00a0<\/td>\n<td style=\"width: 113.203px;\">\u00a0<\/td>\n<\/tr>\n<\/tbody>\n<\/table>\n<h4>AUTORITZACIONS QUE CAL ACTUALITZAR CADA CURS<\/h4>\n<h4>Autoritzacions relacionades amb les entrades i sortides de l&#8217;escola<\/h4>\n<table style=\"height: 105px; width: 75.8115%;\" width=\"487\">\n<tbody>\n<tr>\n<td style=\"width: 181.676%;\">Autoritzaci\u00f3 de sortides d&#8217;entorn<\/td>\n<td style=\"width: 121.993%;\"><a href=\"https:\/\/drive.google.com\/drive\/folders\/1vbKo3CmWTRMVH8gj6SD7vGHWsU2exCrX?usp=sharing\" target=\"_blank\" rel=\"noopener noreferrer\">ENLLA\u00c7<\/a><\/td>\n<\/tr>\n<tr>\n<td style=\"width: 181.676%;\">Autoritzaci\u00f3 per la recollida d&#8217;alumnes<\/td>\n<td style=\"width: 121.993%;\"><a href=\"https:\/\/drive.google.com\/drive\/folders\/1vbKo3CmWTRMVH8gj6SD7vGHWsU2exCrX?usp=sharing\" target=\"_blank\" rel=\"noopener noreferrer\">ENLLA\u00c7<\/a><\/td>\n<\/tr>\n<tr>\n<td style=\"width: 181.676%;\">Autoritzaci\u00f3 per marxar sol a casa \/ amb germ\u00e0 gran<\/td>\n<td style=\"width: 121.993%;\"><a href=\"https:\/\/drive.google.com\/drive\/folders\/1vbKo3CmWTRMVH8gj6SD7vGHWsU2exCrX?usp=sharing\" target=\"_blank\" rel=\"noopener noreferrer\">ENLLA\u00c7<\/a><\/td>\n<\/tr>\n<\/tbody>\n<\/table>\n\n\n<p><\/p>\n","protected":false},"excerpt":{"rendered":"<p>AUTORITZACIONS PERMANENTS (a excepci\u00f3 que es produeixi algun canvi d&#8217;informaci\u00f3)<br \/>\nAutoritzacions \u00e0mbit SALUT<\/p>\n<p>Informaci\u00f3 general sobre temes de salut<br \/>\n<a href=\"https:\/\/drive.google.com\/file\/d\/1taHCqdaK7hRdcHbxVifGj5UEIOYx5M7Q\/view?usp=sharing\" target=\"_blank\" rel=\"noopener noreferrer\">ENLLA\u00c7<\/a><\/p>\n<p>Administraci\u00f3 de paracetamol<br \/>\n<a href=\"https:\/\/drive.google.com\/file\/d\/1WLW-NkixJNMEMBYWIBiz_pP-tJylCc_7\/view?usp=sharing\" target=\"_blank\" rel=\"noopener noreferrer\">ENLLA\u00c7<\/a><\/p>\n<p>Administraci\u00f3 de medicaments<br \/>\n<a href=\"https:\/\/drive.google.com\/file\/d\/1sCjjg97gzRWpLLcTFa35kFCqlnOYIhN5\/view?usp=sharing\" target=\"_blank\" rel=\"noopener noreferrer\">ENLLA\u00c7<\/a><\/p>\n<p>Administraci\u00f3 de medicaments a les col\u00f2nies<br \/>\n<a href=\"https:\/\/drive.google.com\/file\/d\/1DOvxgWajZ_1XGJq5WGZdMaG7lbSilpj1\/view?usp=sharing\" target=\"_blank\" rel=\"noopener noreferrer\">ENLLA\u00c7<\/a><\/p>\n<p>Activitat d&#8217;educaci\u00f3 f\u00edsica<br \/>\n<a href=\"https:\/\/drive.google.com\/file\/d\/1lgDzFDuckXoBTqX7cJdGvHbAf2RZUA8m\/view?usp=sharing\"&hellip;  <a href=\"https:\/\/agora.xtec.cat\/zer-baixmontseny\/escola-alfa\/atencio-families\/autoritzacions\/\" title=\"Read Autoritzacions\">Llegeix m\u00e9s\u00bb<\/a><\/p>\n","protected":false},"author":1,"featured_media":0,"parent":5074,"menu_order":15,"comment_status":"closed","ping_status":"closed","template":"","meta":{"_bbp_topic_count":0,"_bbp_reply_count":0,"_bbp_total_topic_count":0,"_bbp_total_reply_count":0,"_bbp_voice_count":0,"_bbp_anonymous_reply_count":0,"_bbp_topic_count_hidden":0,"_bbp_reply_count_hidden":0,"_bbp_forum_subforum_count":0,"footnotes":""},"class_list":["post-5081","page","type-page","status-publish","hentry"],"post_mailing_queue_ids":[],"_links":{"self":[{"href":"https:\/\/agora.xtec.cat\/zer-baixmontseny\/wp-json\/wp\/v2\/pages\/5081","targetHints":{"allow":["GET"]}}],"collection":[{"href":"https:\/\/agora.xtec.cat\/zer-baixmontseny\/wp-json\/wp\/v2\/pages"}],"about":[{"href":"https:\/\/agora.xtec.cat\/zer-baixmontseny\/wp-json\/wp\/v2\/types\/page"}],"author":[{"embeddable":true,"href":"https:\/\/agora.xtec.cat\/zer-baixmontseny\/wp-json\/wp\/v2\/users\/1"}],"replies":[{"embeddable":true,"href":"https:\/\/agora.xtec.cat\/zer-baixmontseny\/wp-json\/wp\/v2\/comments?post=5081"}],"version-history":[{"count":5,"href":"https:\/\/agora.xtec.cat\/zer-baixmontseny\/wp-json\/wp\/v2\/pages\/5081\/revisions"}],"predecessor-version":[{"id":7734,"href":"https:\/\/agora.xtec.cat\/zer-baixmontseny\/wp-json\/wp\/v2\/pages\/5081\/revisions\/7734"}],"up":[{"embeddable":true,"href":"https:\/\/agora.xtec.cat\/zer-baixmontseny\/wp-json\/wp\/v2\/pages\/5074"}],"wp:attachment":[{"href":"https:\/\/agora.xtec.cat\/zer-baixmontseny\/wp-json\/wp\/v2\/media?parent=5081"}],"curies":[{"name":"wp","href":"https:\/\/api.w.org\/{rel}","templated":true}]}}