{"id":5074,"date":"2021-07-14T12:23:53","date_gmt":"2021-07-14T10:23:53","guid":{"rendered":"http:\/\/agora.xtec.cat\/zer-baixmontseny\/?page_id=5074"},"modified":"2025-07-10T14:20:34","modified_gmt":"2025-07-10T12:20:34","slug":"atencio-families","status":"publish","type":"page","link":"https:\/\/agora.xtec.cat\/zer-baixmontseny\/escola-alfa\/atencio-families\/","title":{"rendered":"Atenci\u00f3 fam\u00edlies"},"content":{"rendered":"<p>En aquest apartat podeu trobar tota la informaci\u00f3 adre\u00e7ada a les fam\u00edlies.<\/p>\n<p>Horari d&#8217;atenci\u00f3 al p\u00fablic:<\/p>\n<p>Direcci\u00f3 i secretaria: dilluns d&#8217;11.30\u202fh-12.30\u202fh. Cita pr\u00e8via.<\/p>\n<p><span style=\"text-decoration: underline;\"><strong>TEL\u00c8FON\u00a0 \u00a0 634799658 \/\/ 938484788<\/strong><\/span><\/p>\n<p>Direcci\u00f3: Mireia Salvador<br \/>Secretaria: Patr\u00edcia R\u00edos<br \/>Correu per a informacions i preguntes generals d\u2019escola: a8039744@xtec.cat<br \/>Correu per a consultes sobre pagaments: secretaria@pont-trencat.cat.<\/p>\n<p>Per a comunicar-nos situacions imprevistes truqueu a l\u2019escola<strong>.<\/strong><br \/>Per a la resta de comunicacions, adreceu-vos si us plau a la tutora de refer\u00e8ncia a trav\u00e9s del correu de tutoria.<\/p>\n<p>Document informatiu del curs:<\/p>\n<p><a href=\"https:\/\/drive.google.com\/file\/d\/13Nci85Inda27Ry7ktZUp-k9QqK_OL6S_\/view?usp=sharing\" target=\"_blank\" rel=\"noopener noreferrer\">ARRENQUEM UN NOU CURS<\/a><\/p>\n\n\n<p><\/p>\n","protected":false},"excerpt":{"rendered":"<p>En aquest apartat podeu trobar tota la informaci\u00f3 adre\u00e7ada a les fam\u00edlies.<br \/>\nHorari d&#8217;atenci\u00f3 al p\u00fablic:<br \/>\nDirecci\u00f3 i secretaria: dilluns d&#8217;11.30\u202fh-12.30\u202fh. Cita pr\u00e8via.<br \/>\nTEL\u00c8FON\u00a0 \u00a0 634799658 \/\/ 938484788<br \/>\nDirecci\u00f3: Mireia SalvadorSecretaria: Patr\u00edcia R\u00edosCorreu per a informacions i preguntes generals d\u2019escola: a8039744@xtec.catCorreu per a consultes sobre pagaments: secretaria@pont-trencat.cat.<br \/>\nPer a comunicar-nos&hellip;  <a href=\"https:\/\/agora.xtec.cat\/zer-baixmontseny\/escola-alfa\/atencio-families\/\" title=\"Read Atenci\u00f3 fam\u00edlies\">Llegeix m\u00e9s\u00bb<\/a><\/p>\n","protected":false},"author":1,"featured_media":0,"parent":264,"menu_order":27,"comment_status":"closed","ping_status":"closed","template":"","meta":{"_bbp_topic_count":0,"_bbp_reply_count":0,"_bbp_total_topic_count":0,"_bbp_total_reply_count":0,"_bbp_voice_count":0,"_bbp_anonymous_reply_count":0,"_bbp_topic_count_hidden":0,"_bbp_reply_count_hidden":0,"_bbp_forum_subforum_count":0,"footnotes":""},"class_list":["post-5074","page","type-page","status-publish","hentry"],"post_mailing_queue_ids":[],"_links":{"self":[{"href":"https:\/\/agora.xtec.cat\/zer-baixmontseny\/wp-json\/wp\/v2\/pages\/5074","targetHints":{"allow":["GET"]}}],"collection":[{"href":"https:\/\/agora.xtec.cat\/zer-baixmontseny\/wp-json\/wp\/v2\/pages"}],"about":[{"href":"https:\/\/agora.xtec.cat\/zer-baixmontseny\/wp-json\/wp\/v2\/types\/page"}],"author":[{"embeddable":true,"href":"https:\/\/agora.xtec.cat\/zer-baixmontseny\/wp-json\/wp\/v2\/users\/1"}],"replies":[{"embeddable":true,"href":"https:\/\/agora.xtec.cat\/zer-baixmontseny\/wp-json\/wp\/v2\/comments?post=5074"}],"version-history":[{"count":6,"href":"https:\/\/agora.xtec.cat\/zer-baixmontseny\/wp-json\/wp\/v2\/pages\/5074\/revisions"}],"predecessor-version":[{"id":7725,"href":"https:\/\/agora.xtec.cat\/zer-baixmontseny\/wp-json\/wp\/v2\/pages\/5074\/revisions\/7725"}],"up":[{"embeddable":true,"href":"https:\/\/agora.xtec.cat\/zer-baixmontseny\/wp-json\/wp\/v2\/pages\/264"}],"wp:attachment":[{"href":"https:\/\/agora.xtec.cat\/zer-baixmontseny\/wp-json\/wp\/v2\/media?parent=5074"}],"curies":[{"name":"wp","href":"https:\/\/api.w.org\/{rel}","templated":true}]}}