{"id":435,"date":"2015-07-24T15:14:37","date_gmt":"2015-07-24T13:14:37","guid":{"rendered":"http:\/\/agora.xtec.cat\/zer-baixmontseny\/?page_id=435"},"modified":"2021-04-22T14:35:51","modified_gmt":"2021-04-22T12:35:51","slug":"ampa","status":"publish","type":"page","link":"https:\/\/agora.xtec.cat\/zer-baixmontseny\/escola-beta\/ampa\/","title":{"rendered":"AFA de l&#8217;escola l&#8217;Alzinar"},"content":{"rendered":"<p>Ha comen\u00e7at un nou any a l\u2019 escola l\u2019 Alzinar. Estem molt contents d\u2019 iniciar un nou curs ple de novetats, de noves viv\u00e8ncies compartides dins aquest petit univers. L&#8217; AFA arranca amb moltes novetats i iniciatives que passem a descriure mitjan\u00e7ant aquest nou blog, lloc on compartirem tot all\u00f2 important per a les fam\u00edlies que ens composen.<\/p>\n<p>Dins aquest nou espai, obrim una nova finestra de comunicaci\u00f3 amb tot l\u2019 ecosistema de l\u2019 AFA de l\u2019 Escola l\u2019 Alzinar de Campins mitjan\u00e7ant aquest blog dins el Web de l\u2019 escola.<\/p>\n<p>Com es va comunicar a l\u2019 inici de curs, hi ha tres grans novetats:<\/p>\n<p><strong>Subvenci\u00f3 Extraescolars en Dijous no lectius<\/strong>: L\u2019 AFA ha aconseguit una subvenci\u00f3 per a que els dijous no lectius tinguem extra-escolars totalment gratu\u00eftes. Les tres activitats escollides per a aquestes extraescolars han estat Cuina, Angl\u00e8s i Multi-esports!<\/p>\n<p><strong>Extraescolars a les tardes a l\u2019 escola<\/strong>. Posem a la disposici\u00f3 dels alumnes de l\u2019 Alzinar, I a tothom que vulgui de for a de l\u2019 escola tamb\u00e9, la possibilitat de fer extra-escolars els dilluns i divendres, les dues activitats disponibles s\u00f3n Rob\u00f2tica (Dilluns) i Dansa (Divendres). Les activitats s\u2019 inicien a les 16:30, a la sortida dels nens i nenes de l\u2019 escola, i acaben a les 18 hores. Si coneixeu alg\u00fa interessat ens pot contactar a l\u2019 AFA per tal d\u2019 inscriure-s\u2019hi.<\/p>\n<p><strong>Comissions de treball obertes a tothom<\/strong>. Posem a la vostra disposici\u00f3 les seg\u00fcents Comissions de treball per tal que us hi involucreu activament i les ideeu, s\u00f3n molt necess\u00e0ries i beneficioses per l\u2019 Escola, per a fer que tot\/es estem encara millor:<\/p>\n<ul>\n<li>Comissi\u00f3 de Llibres<\/li>\n<li>Comissi\u00f3 de Festes i Activitats Culturals<\/li>\n<li>Comissi\u00f3 d\u2019 Activitats Extraescolars<\/li>\n<li>Comissi\u00f3 de Manteniment i millora de l\u2019escola<\/li>\n<li>Comissi\u00f3 de Comunicaci\u00f3 i Xarxes<\/li>\n<\/ul>\n<p>L\u2019 AFA com sabeu t\u00e9 una junta volunt\u00e0ria i fem el que podem de la millor manera que sabem, aquesta \u00e9s una crida amb maj\u00fascules: Necessitem moltes m\u00e9s mans i ganes, i il\u00b7lusi\u00f3 a totes aquestes comissions que ens ajudaran a fer-ho tot encara millor.<\/p>\n<p>Animeu-vos a participar, si hi teniu inter\u00e8s ens podeu enviar un correu a: <a href=\"mailto:ampaalzinar@gmail.com\">ampaalzinar@gmail.com<\/a><\/p>\n<p>Moltes gr\u00e0cies i fins molt aviat!<\/p>\n<p>AFA Escola l\u2019 Alzinar de Campins<\/p>\n<p><strong>Pots veure les \u00faltimes not\u00edcies de l&#8217;AFA de l&#8217;escola l&#8217;Alzinar aqu\u00ed.<\/strong><\/p>\n<p>L\u2019AFA \u00e9s l\u2019entitat que agrupa a les families d\u2019alumnes de l\u2019Escola per a la defensa dels seus interessos en tot all\u00f2 que fa refer\u00e8ncia a l\u2019educaci\u00f3 dels nens i nenes i col\u00b7labora en el funcionament del centre.<br \/>\n\u00c9s una entitat constitu\u00efda com associaci\u00f3 sense \u00e0nim de lucre. Est\u00e0 regulada per uns estatuts i s\u2019organitza a trav\u00e9s de: La Junta Directiva i l\u2019Assemblea General.<br \/>\nL&#8217;objectiu fonamental de l&#8217;AFA \u00e9s contribuir a la millora de la qualitat de l&#8217;ensenyament que reben els nostres fills i filles.<\/p>\n<p>Algunes de les tasques que es fan s\u00f3n:<\/p>\n<ul>\n<li>Promoure la participaci\u00f3 de les fam\u00edlies a l&#8217;escola: matinals familiars, xerrades, sortides, &#8230;<\/li>\n<li>Promoure la representaci\u00f3 i la participaci\u00f3 dels pares i mares dels alumnes en el Consell Escolar.<\/li>\n<li>Col\u00b7labora en les activitats educatives, organitza i gestiona les activitats extraescolars i el menjador de l\u2019Escola.<\/li>\n<li>Venda de llibres de text.<\/li>\n<li>Col\u00b7labora en el Projecte per a la Reutilitzaci\u00f3 i Socialitzaci\u00f3 de llibres.<\/li>\n<li>Ajuda al finan\u00e7ament d\u2019aquelles activitats o equipaments que el centre necessita: Festa de l\u2019Escola, Bibliotea, Fem dansa, projecte de rob\u00f2tica Robotseny, etc.<\/li>\n<\/ul>\n<h6>Qui \u00e9s de l\u2019AFA?<\/h6>\n<p>L\u2019Associaci\u00f3 est\u00e0 formada per les fam\u00edlies que s\u2019han inscrit com a s\u00f2cies. L\u2019actual Junta est\u00e0 formada per:<\/p>\n<ul>\n<li>Presid\u00e8ncia: Meritxell Costa<\/li>\n<li>Vicepresid\u00e8ncia: Marta Torras<\/li>\n<li>Secretaria: Laura Sicar<\/li>\n<li>Tresoreria: Yvonne Sol\u00e0<\/li>\n<\/ul>\n<p>A m\u00e9s, hi ha els vocals que formen diferents grups de treball.<br \/>\nLa quota, que es paga per fam\u00edlia, \u00e9s de &lt;Preu&gt;\u20ac.<\/p>\n<h6>Horari d\u2019atenci\u00f3 de l\u2019AFA<\/h6>\n<ul>\n<li>Dilluns i dimecres de 00h. a\u00a000h.<\/li>\n<li>Dimarts i dijous de 00h. a 00h.<\/li>\n<\/ul>\n<h6>Contactar<\/h6>\n<ul>\n<li>Correu electr\u00f2nic: ampaalzinar@gmail.com<\/li>\n<\/ul>\n","protected":false},"excerpt":{"rendered":"<p>Ha comen\u00e7at un nou any a l\u2019 escola l\u2019 Alzinar. Estem molt contents d\u2019 iniciar un nou curs ple de novetats, de noves viv\u00e8ncies compartides dins aquest petit univers. L&#8217; AFA arranca amb moltes novetats i iniciatives que passem a descriure mitjan\u00e7ant aquest nou blog,&hellip;  <a href=\"https:\/\/agora.xtec.cat\/zer-baixmontseny\/escola-beta\/ampa\/\" title=\"Read AFA de l&#8217;escola l&#8217;Alzinar\">Llegeix m\u00e9s\u00bb<\/a><\/p>\n","protected":false},"author":1,"featured_media":0,"parent":266,"menu_order":70,"comment_status":"closed","ping_status":"closed","template":"page-templates\/side-menu.php","meta":{"_bbp_topic_count":0,"_bbp_reply_count":0,"_bbp_total_topic_count":0,"_bbp_total_reply_count":0,"_bbp_voice_count":0,"_bbp_anonymous_reply_count":0,"_bbp_topic_count_hidden":0,"_bbp_reply_count_hidden":0,"_bbp_forum_subforum_count":0,"footnotes":""},"class_list":["post-435","page","type-page","status-publish","hentry"],"post_mailing_queue_ids":[],"_links":{"self":[{"href":"https:\/\/agora.xtec.cat\/zer-baixmontseny\/wp-json\/wp\/v2\/pages\/435","targetHints":{"allow":["GET"]}}],"collection":[{"href":"https:\/\/agora.xtec.cat\/zer-baixmontseny\/wp-json\/wp\/v2\/pages"}],"about":[{"href":"https:\/\/agora.xtec.cat\/zer-baixmontseny\/wp-json\/wp\/v2\/types\/page"}],"author":[{"embeddable":true,"href":"https:\/\/agora.xtec.cat\/zer-baixmontseny\/wp-json\/wp\/v2\/users\/1"}],"replies":[{"embeddable":true,"href":"https:\/\/agora.xtec.cat\/zer-baixmontseny\/wp-json\/wp\/v2\/comments?post=435"}],"version-history":[{"count":3,"href":"https:\/\/agora.xtec.cat\/zer-baixmontseny\/wp-json\/wp\/v2\/pages\/435\/revisions"}],"predecessor-version":[{"id":4354,"href":"https:\/\/agora.xtec.cat\/zer-baixmontseny\/wp-json\/wp\/v2\/pages\/435\/revisions\/4354"}],"up":[{"embeddable":true,"href":"https:\/\/agora.xtec.cat\/zer-baixmontseny\/wp-json\/wp\/v2\/pages\/266"}],"wp:attachment":[{"href":"https:\/\/agora.xtec.cat\/zer-baixmontseny\/wp-json\/wp\/v2\/media?parent=435"}],"curies":[{"name":"wp","href":"https:\/\/api.w.org\/{rel}","templated":true}]}}