{"id":426,"date":"2015-07-24T14:45:35","date_gmt":"2015-07-24T12:45:35","guid":{"rendered":"http:\/\/agora.xtec.cat\/zer-baixmontseny\/?page_id=426"},"modified":"2024-10-18T10:58:58","modified_gmt":"2024-10-18T08:58:58","slug":"ampa","status":"publish","type":"page","link":"https:\/\/agora.xtec.cat\/zer-baixmontseny\/escola-alfa\/ampa\/","title":{"rendered":"AFA Pont Trencat"},"content":{"rendered":"<p>L\u2019Associaci\u00f3 de Fam\u00edlies d\u2019Alumnes de l\u2019Escola Pont Trencat \u00e9s una associaci\u00f3 volunt\u00e0ria formada per mares i pares d\u2019infants de l\u2019escola, oberta a tothom, que desinteressadament i sense cap \u00e0nim de lucre vol contribuir en millorar la qualitat de l\u2019activitat escolar.<\/p>\n<p>L\u2019AFA d\u00f3na suport directe a les fam\u00edlies i a la direcci\u00f3 de l\u2019escola. L\u2019AFA t\u00e9 un representant amb veu i vot al Consell escolar impulsant des de la via del consens el projecte educatiu.<br \/>\nL\u2019AFA organitza reunions peri\u00f2diques de la Junta i planifica tota la seva activitat.<\/p>\n<p><span style=\"font-family: inherit; font-size: 1em;\">L\u2019actual junta est\u00e0 formada per:<\/span><\/p>\n<p><span style=\"font-weight: 400;\">Xavi Encina Alsina President<\/span><\/p>\n<p><span style=\"font-weight: 400;\">Vicen\u00e7 Bosch. Vicepresident<\/span><\/p>\n<p><span style=\"font-weight: 400;\">M\u00f2nika Roman\u00ed. Secret\u00e0ria<\/span><\/p>\n<p><span style=\"font-weight: 400;\">N\u00faria Oliv\u00e9. Tresorera i Comissi\u00f3 Sostenibilitat<\/span><\/p>\n<p><span style=\"font-weight: 400;\">Miriam Alarcon Recioi. Vocal 1.Comissi\u00f3\u00a0<\/span><\/p>\n<p><span style=\"font-weight: 400;\">Montse Lloret S\u00e1nchez. Vocal 2.Comissi\u00f3\u00a0<\/span><\/p>\n<p><span style=\"font-weight: 400;\">Annalisa Terrizzi. Vocal 3.Comissi\u00f3 COCOBE<\/span><\/p>\n<p><span style=\"font-weight: 400;\">Imma Mestieri.<\/span><span style=\"font-weight: 400;\">Vocal 4.Comissi\u00f3\u00a0 COCOBE<\/span><\/p>\n<p><span style=\"font-weight: 400;\">Daniel Ramos. <\/span><span style=\"font-weight: 400;\">Vocal 5.Comissi\u00f3\u00a0 MENJADOR<\/span><\/p>\n<p><span style=\"font-weight: 400;\">Meritxell Garcia.<\/span><span style=\"font-weight: 400;\">Vocal 6.Comissi\u00f3 LOTERIA<\/span><\/p>\n<p><span style=\"font-weight: 400;\">Marta Zueras.<\/span><span style=\"font-weight: 400;\">Vocal 7.Comissi\u00f3 INCLUSIU<\/span><\/p>\n<p><span style=\"font-weight: 400;\">Maria\u00a0 Balasch. <\/span><span style=\"font-weight: 400;\">Vocal 8.Comissi\u00f3 FESTES<\/span><\/p>\n<p>QUOTES:<br \/>\n\u2013\u00a01 fill: 40 euros<br \/>\n\u2013\u00a02 fills: 58 euros<br \/>\n\u2013\u00a03 fills: 76 euros<\/p>\n<p>La comunicaci\u00f3 amb els socis es fa via mailing.<br \/>\nEs realitzen dues assemblees de socis ordin\u00e0ries i les extraordin\u00e0ries necess\u00e0ries per al bon funcionament de l\u2019associaci\u00f3.<\/p>\n<p>Aquest any l\u2019AFA tamb\u00e9 s\u2019ha estrenat amb les xarxes socials. Ens podreu trobar a Instagram com a @afa.pontrencat , aix\u00ed com al web de l\u2019escola.<\/p>\n<p>L\u2019associaci\u00f3 tamb\u00e9 promou activitats que puguin aportar nous recursos econ\u00f2mics i sol\u00b7licita i gestiona subvencions p\u00fabliques.<\/p>\n<p>EXTRAESCOLARS<\/p>\n<p>NATACI\u00d3: dilluns i dimarts al Sot de les Granotes, a Sant Celoni.<br \/>\nPer a inscriure&#8217;t, demana informaci\u00f3 a l\u2019AFA ( <a href=\"mailto:afapontrencat@gmail.com\">afapontrencat@gmail.com<\/a>)<\/p>\n<p>&nbsp;<\/p>\n<p>Tamb\u00e9\u00a0 et pot interessar:<\/p>\n<p><a href=\"https:\/\/drive.google.com\/file\/d\/1BC71GhWra0NargrZDkVSiE-xBRWvtwm3\/view?usp=sharing\">V\u00eddeo AFA 23-24<\/a><\/p>\n<p><a href=\"https:\/\/agora.xtec.cat\/zer-baixmontseny\/wp-content\/uploads\/usu1001\/2023\/11\/Triptic-AFA-2023-2024-2.pdf\">Tr\u00edptic AFA 2023-2024 (2)<\/a><\/p>\n<p><a href=\"https:\/\/agora.xtec.cat\/zer-baixmontseny\/wp-content\/uploads\/usu1001\/2022\/03\/z.jpg\"><img loading=\"lazy\" decoding=\"async\" class=\"aligncenter size-full wp-image-5415\" src=\"https:\/\/agora.xtec.cat\/zer-baixmontseny\/wp-content\/uploads\/usu1001\/2022\/03\/z.jpg\" alt=\"\" width=\"305\" height=\"362\" srcset=\"https:\/\/agora.xtec.cat\/zer-baixmontseny\/wp-content\/uploads\/usu1001\/2022\/03\/z.jpg 305w, https:\/\/agora.xtec.cat\/zer-baixmontseny\/wp-content\/uploads\/usu1001\/2022\/03\/z-253x300.jpg 253w\" sizes=\"auto, (max-width: 305px) 100vw, 305px\" \/><\/a><\/p>\n<p>&nbsp;<\/p>\n<p>&nbsp;<\/p>\n<h4 style=\"text-align: justify;\"><\/h4>\n","protected":false},"excerpt":{"rendered":"<p>L\u2019Associaci\u00f3 de Fam\u00edlies d\u2019Alumnes de l\u2019Escola Pont Trencat \u00e9s una associaci\u00f3 volunt\u00e0ria formada per mares i pares d\u2019infants de l\u2019escola, oberta a tothom, que desinteressadament i sense cap \u00e0nim de lucre vol contribuir en millorar la qualitat de l\u2019activitat escolar.<br \/>\nL\u2019AFA d\u00f3na suport directe a les&hellip;  <a href=\"https:\/\/agora.xtec.cat\/zer-baixmontseny\/escola-alfa\/ampa\/\" title=\"Read AFA Pont Trencat\">Llegeix m\u00e9s\u00bb<\/a><\/p>\n","protected":false},"author":1,"featured_media":0,"parent":264,"menu_order":70,"comment_status":"closed","ping_status":"closed","template":"","meta":{"_bbp_topic_count":0,"_bbp_reply_count":0,"_bbp_total_topic_count":0,"_bbp_total_reply_count":0,"_bbp_voice_count":0,"_bbp_anonymous_reply_count":0,"_bbp_topic_count_hidden":0,"_bbp_reply_count_hidden":0,"_bbp_forum_subforum_count":0,"footnotes":""},"class_list":["post-426","page","type-page","status-publish","hentry"],"post_mailing_queue_ids":[],"_links":{"self":[{"href":"https:\/\/agora.xtec.cat\/zer-baixmontseny\/wp-json\/wp\/v2\/pages\/426","targetHints":{"allow":["GET"]}}],"collection":[{"href":"https:\/\/agora.xtec.cat\/zer-baixmontseny\/wp-json\/wp\/v2\/pages"}],"about":[{"href":"https:\/\/agora.xtec.cat\/zer-baixmontseny\/wp-json\/wp\/v2\/types\/page"}],"author":[{"embeddable":true,"href":"https:\/\/agora.xtec.cat\/zer-baixmontseny\/wp-json\/wp\/v2\/users\/1"}],"replies":[{"embeddable":true,"href":"https:\/\/agora.xtec.cat\/zer-baixmontseny\/wp-json\/wp\/v2\/comments?post=426"}],"version-history":[{"count":6,"href":"https:\/\/agora.xtec.cat\/zer-baixmontseny\/wp-json\/wp\/v2\/pages\/426\/revisions"}],"predecessor-version":[{"id":6913,"href":"https:\/\/agora.xtec.cat\/zer-baixmontseny\/wp-json\/wp\/v2\/pages\/426\/revisions\/6913"}],"up":[{"embeddable":true,"href":"https:\/\/agora.xtec.cat\/zer-baixmontseny\/wp-json\/wp\/v2\/pages\/264"}],"wp:attachment":[{"href":"https:\/\/agora.xtec.cat\/zer-baixmontseny\/wp-json\/wp\/v2\/media?parent=426"}],"curies":[{"name":"wp","href":"https:\/\/api.w.org\/{rel}","templated":true}]}}