{"id":4086,"date":"2021-01-21T17:47:29","date_gmt":"2021-01-21T16:47:29","guid":{"rendered":"http:\/\/agora.xtec.cat\/zer-baixmontseny\/?page_id=4086"},"modified":"2021-06-04T10:07:22","modified_gmt":"2021-06-04T08:07:22","slug":"ens-apropem-al-mon-cientific","status":"publish","type":"page","link":"https:\/\/agora.xtec.cat\/zer-baixmontseny\/escola-beta\/projectes\/ens-apropem-al-mon-cientific\/","title":{"rendered":"Ens apropem al m\u00f3n cient\u00edfic"},"content":{"rendered":"<p>Durant aquest curs fem una sessi\u00f3 mensual amb en Marc Boada per apropar-nos al m\u00f3n cient\u00edfic. Alguns dels objectius que ens proposem s\u00f3n:<\/p>\n<ul>\n<li>Treballar per desenvolupar les compet\u00e8ncies del \u00e0mbit cient\u00edfic.<\/li>\n<li>Fomentar l&#8217;atenci\u00f3, l&#8217;observaci\u00f3 i percepci\u00f3 de les propietats de la natura i la mat\u00e8ria.<\/li>\n<li>Fer activitats experimentals per desenvolupar la manipulaci\u00f3 fina i comen\u00e7ar a establir models te\u00f2rics.<\/li>\n<\/ul>\n<p>&nbsp;<\/p>\n<p><a href=\"https:\/\/agora.xtec.cat\/zer-baixmontseny\/wp-content\/uploads\/usu1001\/2021\/06\/marc-boada-01.jpg\"><img loading=\"lazy\" decoding=\"async\" class=\"aligncenter size-medium wp-image-4903\" src=\"https:\/\/agora.xtec.cat\/zer-baixmontseny\/wp-content\/uploads\/usu1001\/2021\/06\/marc-boada-01-300x166.jpg\" alt=\"\" width=\"300\" height=\"166\" srcset=\"https:\/\/agora.xtec.cat\/zer-baixmontseny\/wp-content\/uploads\/usu1001\/2021\/06\/marc-boada-01-300x167.jpg 300w, https:\/\/agora.xtec.cat\/zer-baixmontseny\/wp-content\/uploads\/usu1001\/2021\/06\/marc-boada-01.jpg 302w\" sizes=\"auto, (max-width: 300px) 100vw, 300px\" \/><\/a><\/p>\n","protected":false},"excerpt":{"rendered":"<p>Durant aquest curs fem una sessi\u00f3 mensual amb en Marc Boada per apropar-nos al m\u00f3n cient\u00edfic. Alguns dels objectius que ens proposem s\u00f3n:<\/p>\n<ul>\n<li>Treballar per desenvolupar les compet\u00e8ncies del \u00e0mbit cient\u00edfic.<\/li>\n<li>Fomentar l&#8217;atenci\u00f3, l&#8217;observaci\u00f3 i percepci\u00f3 de les propietats de la natura i la mat\u00e8ria.<\/li>\n<li>Fer activitats experimentals&hellip;  <a href=\"https:\/\/agora.xtec.cat\/zer-baixmontseny\/escola-beta\/projectes\/ens-apropem-al-mon-cientific\/\" title=\"Read Ens apropem al m\u00f3n cient\u00edfic\">Llegeix m\u00e9s\u00bb<\/a><br \/>\n","protected":false},"author":1,"featured_media":0,"parent":2138,"menu_order":0,"comment_status":"closed","ping_status":"closed","template":"page-templates\/side-menu.php","meta":{"_bbp_topic_count":0,"_bbp_reply_count":0,"_bbp_total_topic_count":0,"_bbp_total_reply_count":0,"_bbp_voice_count":0,"_bbp_anonymous_reply_count":0,"_bbp_topic_count_hidden":0,"_bbp_reply_count_hidden":0,"_bbp_forum_subforum_count":0,"footnotes":""},"class_list":["post-4086","page","type-page","status-publish","hentry"],"post_mailing_queue_ids":[],"_links":{"self":[{"href":"https:\/\/agora.xtec.cat\/zer-baixmontseny\/wp-json\/wp\/v2\/pages\/4086","targetHints":{"allow":["GET"]}}],"collection":[{"href":"https:\/\/agora.xtec.cat\/zer-baixmontseny\/wp-json\/wp\/v2\/pages"}],"about":[{"href":"https:\/\/agora.xtec.cat\/zer-baixmontseny\/wp-json\/wp\/v2\/types\/page"}],"author":[{"embeddable":true,"href":"https:\/\/agora.xtec.cat\/zer-baixmontseny\/wp-json\/wp\/v2\/users\/1"}],"replies":[{"embeddable":true,"href":"https:\/\/agora.xtec.cat\/zer-baixmontseny\/wp-json\/wp\/v2\/comments?post=4086"}],"version-history":[{"count":3,"href":"https:\/\/agora.xtec.cat\/zer-baixmontseny\/wp-json\/wp\/v2\/pages\/4086\/revisions"}],"predecessor-version":[{"id":4906,"href":"https:\/\/agora.xtec.cat\/zer-baixmontseny\/wp-json\/wp\/v2\/pages\/4086\/revisions\/4906"}],"up":[{"embeddable":true,"href":"https:\/\/agora.xtec.cat\/zer-baixmontseny\/wp-json\/wp\/v2\/pages\/2138"}],"wp:attachment":[{"href":"https:\/\/agora.xtec.cat\/zer-baixmontseny\/wp-json\/wp\/v2\/media?parent=4086"}],"curies":[{"name":"wp","href":"https:\/\/api.w.org\/{rel}","templated":true}]}}