{"id":3916,"date":"2020-09-25T14:47:26","date_gmt":"2020-09-25T12:47:26","guid":{"rendered":"http:\/\/agora.xtec.cat\/zer-baixmontseny\/?page_id=3916"},"modified":"2026-01-14T15:32:31","modified_gmt":"2026-01-14T14:32:31","slug":"radio-repte","status":"publish","type":"page","link":"https:\/\/agora.xtec.cat\/zer-baixmontseny\/escola-alfa\/radio-repte\/","title":{"rendered":"R\u00e0dio REPT-E"},"content":{"rendered":"<p><b>R\u00e0dio Rept-E ( R\u00e0dio Escola Pont Trencat Emissora) <\/b><span style=\"font-weight: 400;\">\u00e9s un <\/span><b>mitj\u00e0 comunicatiu, <\/b><span style=\"font-weight: 400;\">de l\u2019Escola Pont Trencat &#8211; ZER Baix Montseny que neix amb molta il\u00b7lusi\u00f3 el 2019 amb ganes de generar contingut que arribi arreu.<\/span><\/p>\n<p>A trav\u00e9s d\u2019aquest mitj\u00e0 es poden desenvolupar compet\u00e8ncies i habilitats d\u2019una manera motivadora i significativa per l\u2019alumnat. Decidir el contingut d\u2019un programa, fer-ne l\u2019escaleta, repartir papers, escriure guions, interpretar-los davant del micr\u00f2fon&#8230; s\u00f3n activitats que faciliten el treball participatiu, la inclusi\u00f3, la millora del llenguatge oral, entre moltes altres qualitats.<span style=\"font-weight: 400;\"> Una experi\u00e8ncia d&#8217;excel\u00b7l\u00e8ncia per a treballar la flu\u00efdesa lectora, dicci\u00f3, entonaci\u00f3, augment de vocabulari i les tasques h\u00edbrides del fet de llegir per aprendre.<\/span><\/p>\n<p><span style=\"font-weight: 400;\">M\u00e9s enll\u00e0 dels aprenentatges, considerem aquest mitj\u00e0 comunicatiu com a una eina inclusiva i terap\u00e8utica.\u00a0<\/span><br \/>\n<span style=\"font-weight: 400;\">Tamb\u00e9, aquesta eina alhora, motiva\u00a0 fer xarxa amb la\u00a0 comunitat educativa\u00a0 doncs la idea inicial i el t\u00e8cnic del programa \u00e9s en Xavi Costa, papa de l\u2019Albert Costa ( 6\u00e8).<\/span><br \/>\n<span style=\"font-weight: 400;\">Els recursos que han fet possible l\u2019exist\u00e8ncia de l\u2019espai de la r\u00e0dio han estat subvencionats per l\u2019AFA i per totes les fam\u00edlies de l\u2019escola.\u00a0<\/span><br \/>\n<span style=\"font-weight: 400;\">I sab\u00edeu que les emissores escolars s\u00f3n el bressol dels futurs periodistes?<\/span><br \/>\n<span style=\"font-weight: 400;\">Aix\u00ed que, gr\u00e0cies per aquesta gran aposta!!\u00a0<\/span><\/p>\n<p><i><span style=\"font-weight: 400;\">No \u00e9s imatge, es veu. I de vegades, la veu pot fer molt m\u00e9s que una imatge\u2026<\/span><\/i><\/p>\n<p>Els <span style=\"color: #00ccff;\"><em>p\u00f2dcasts<\/em> <\/span>que es graven quinzenalment s\u2019emeten a:<br \/>\n&#8211; les entrades i sortides de l\u2019escola<br \/>\n&#8211; la p\u00e0gina <a href=\"http:\/\/xtec.gencat.cat\/ca\/recursos\/media\/radio\/radio_centres\/\" target=\"_blank\" rel=\"noopener noreferrer\">La <span class=\"gmail-il\">r\u00e0dio<\/span> <span class=\"gmail-il\">als<\/span> <span class=\"gmail-il\">centres<\/span><\/a> de la XTEC<br \/>\n&#8211; r\u00e0dio Educa Baix Montseny ( enlla\u00e7 que trobareu en aquesta mateixa p\u00e0gina clicant sobre la imatge de la r\u00e0dio).<\/p>\n<p>Equip de r\u00e0dio Rept E temporada 23-24:<\/p>\n<p>T\u00e8cnics: Biel S\u00e1ez, Maria Garcia i Bernat Ca\u00f1o<\/p>\n<p>Locutors\/es: Infants de\u00a0CS ( acompanya Mireia Salvador)<\/p>\n<p><a href=\"https:\/\/drive.google.com\/file\/d\/12AJNJR2cu55hG40jo4ZRTHKnlH_4_8My\/view?usp=sharing\">Llegenda<\/a> del Pont Trencat<\/p>\n<p><a href=\"https:\/\/drive.google.com\/drive\/folders\/1FzbPRQqbSJPb8pGcxlE5nLiO4XFL2t3j?usp=sharing\">P\u00f2dcasts<\/a><\/p>\n<p><a href=\"https:\/\/drive.google.com\/drive\/folders\/1p_h19cu_md32Zms2-ESvX-NnrlLA3xlh?usp=sharing\">Fotos r\u00e0dio Rept E<\/a><\/p>\n<p><img loading=\"lazy\" decoding=\"async\" class=\"alignnone wp-image-5866\" src=\"https:\/\/agora.xtec.cat\/zer-baixmontseny\/wp-content\/uploads\/usu1001\/2023\/03\/radio-prova9c-definitiu.jpg\" alt=\"\" width=\"255\" height=\"213\" srcset=\"https:\/\/agora.xtec.cat\/zer-baixmontseny\/wp-content\/uploads\/usu1001\/2023\/03\/radio-prova9c-definitiu.jpg 1280w, https:\/\/agora.xtec.cat\/zer-baixmontseny\/wp-content\/uploads\/usu1001\/2023\/03\/radio-prova9c-definitiu-300x250.jpg 300w, https:\/\/agora.xtec.cat\/zer-baixmontseny\/wp-content\/uploads\/usu1001\/2023\/03\/radio-prova9c-definitiu-1024x854.jpg 1024w, https:\/\/agora.xtec.cat\/zer-baixmontseny\/wp-content\/uploads\/usu1001\/2023\/03\/radio-prova9c-definitiu-768x640.jpg 768w\" sizes=\"auto, (max-width: 255px) 100vw, 255px\" \/><\/p>\n<p>#canaldereporters<\/p>\n","protected":false},"excerpt":{"rendered":"<p>R\u00e0dio Rept-E ( R\u00e0dio Escola Pont Trencat Emissora) \u00e9s un mitj\u00e0 comunicatiu, de l\u2019Escola Pont Trencat &#8211; ZER Baix Montseny que neix amb molta il\u00b7lusi\u00f3 el 2019 amb ganes de generar contingut que arribi arreu.<br \/>\nA trav\u00e9s d\u2019aquest mitj\u00e0 es poden desenvolupar compet\u00e8ncies i habilitats d\u2019una&hellip;  <a href=\"https:\/\/agora.xtec.cat\/zer-baixmontseny\/escola-alfa\/radio-repte\/\" title=\"Read R\u00e0dio REPT-E\">Llegeix m\u00e9s\u00bb<\/a><\/p>\n","protected":false},"author":1,"featured_media":0,"parent":264,"menu_order":80,"comment_status":"closed","ping_status":"closed","template":"page-templates\/side-menu.php","meta":{"_bbp_topic_count":0,"_bbp_reply_count":0,"_bbp_total_topic_count":0,"_bbp_total_reply_count":0,"_bbp_voice_count":0,"_bbp_anonymous_reply_count":0,"_bbp_topic_count_hidden":0,"_bbp_reply_count_hidden":0,"_bbp_forum_subforum_count":0,"footnotes":""},"class_list":["post-3916","page","type-page","status-publish","hentry"],"post_mailing_queue_ids":[],"_links":{"self":[{"href":"https:\/\/agora.xtec.cat\/zer-baixmontseny\/wp-json\/wp\/v2\/pages\/3916","targetHints":{"allow":["GET"]}}],"collection":[{"href":"https:\/\/agora.xtec.cat\/zer-baixmontseny\/wp-json\/wp\/v2\/pages"}],"about":[{"href":"https:\/\/agora.xtec.cat\/zer-baixmontseny\/wp-json\/wp\/v2\/types\/page"}],"author":[{"embeddable":true,"href":"https:\/\/agora.xtec.cat\/zer-baixmontseny\/wp-json\/wp\/v2\/users\/1"}],"replies":[{"embeddable":true,"href":"https:\/\/agora.xtec.cat\/zer-baixmontseny\/wp-json\/wp\/v2\/comments?post=3916"}],"version-history":[{"count":6,"href":"https:\/\/agora.xtec.cat\/zer-baixmontseny\/wp-json\/wp\/v2\/pages\/3916\/revisions"}],"predecessor-version":[{"id":8021,"href":"https:\/\/agora.xtec.cat\/zer-baixmontseny\/wp-json\/wp\/v2\/pages\/3916\/revisions\/8021"}],"up":[{"embeddable":true,"href":"https:\/\/agora.xtec.cat\/zer-baixmontseny\/wp-json\/wp\/v2\/pages\/264"}],"wp:attachment":[{"href":"https:\/\/agora.xtec.cat\/zer-baixmontseny\/wp-json\/wp\/v2\/media?parent=3916"}],"curies":[{"name":"wp","href":"https:\/\/api.w.org\/{rel}","templated":true}]}}