{"id":3910,"date":"2020-09-16T16:27:18","date_gmt":"2020-09-16T14:27:18","guid":{"rendered":"http:\/\/agora.xtec.cat\/zer-baixmontseny\/?page_id=3910"},"modified":"2024-03-11T19:38:28","modified_gmt":"2024-03-11T18:38:28","slug":"escola-del-bosc","status":"publish","type":"page","link":"https:\/\/agora.xtec.cat\/zer-baixmontseny\/escola-del-bosc\/","title":{"rendered":"Escola del BOSC"},"content":{"rendered":"<p><strong class=\"mce\">100 anys despr\u00e9s d\u2019aquell primer projecte experimental<\/strong>\u00a0que Rosa Sensat va documentar en un diari personal del 1914 fins al 1928,<strong class=\"mce\">\u00a0a casa nostra -sobretot a partir del 2015- han aflorat amb for\u00e7a projectes educatius que aposten per l\u2019aprenentatge a l\u2019aire lliure.<\/strong><\/p>\n<p>\u201cUn espai on e<strong class=\"mce\">ls millors m\u00e8todes educatius -els arbres, els ocells i l\u2019aigua- envolten l\u2019infant<\/strong>, on els m\u00e8todes estan basats en l\u2019activitat sensorial, l\u2019observaci\u00f3 i l\u2019experi\u00e8ncia i on l\u2019infant s\u2019adona de la bellesa de la natura i apr\u00e8n a respectar el s\u00f2l on ha nascut\u201d.<\/p>\n<p>M\u00e9s enll\u00e0 d\u2019augmentar la seva curiositat, el joc a la natura en un terreny irregular amb m\u00faltiples materials estimula la imaginaci\u00f3, el llenguatge, la creativitat i la motricitat.\u00a0<strong class=\"mce\">\u00c9s un entorn que fomenta l\u2019autonomia i que obliga els infants a trobar i recon\u00e8ixer els seus propis l\u00edmits.<\/strong>\u00a0\u201cComproven si una branca \u00e9s viva o morta o si es poden enfilar a un arbre o no. Els estimulem i acompanyem en els seus reptes i capacitats\u201d<\/p>\n<p>A la natura \u201cels infants aprenen a viure en un context que no sempre \u00e9s previsible per\u00f2 que sempre \u00e9s estimulant.\u00a0<strong class=\"mce\">Ofereix reptes i est\u00edmuls ajustats a les seves necessitats, aporta calma i relaxa ments sobrecarregades i, el m\u00e9s important, aprenen de manera vivencial, integrant el que els passa.<\/strong><\/p>\n<p>US DEIXEM AQUEST DOCUMENT ON US EXPLIQUEM EL NOSTRE PROJECTE COM A ESCOLA!!!<\/p>\n<p><strong><a href=\"https:\/\/agora.xtec.cat\/zer-baixmontseny\/wp-content\/uploads\/usu1001\/2021\/11\/Projecte-escola-de-bosc-families.docx-2.pdf\">Projecte escola de bosc fam\u00edlies.docx (2)<\/a><\/strong><\/p>\n","protected":false},"excerpt":{"rendered":"<p>100 anys despr\u00e9s d\u2019aquell primer projecte experimental\u00a0que Rosa Sensat va documentar en un diari personal del 1914 fins al 1928,\u00a0a casa nostra -sobretot a partir del 2015- han aflorat amb for\u00e7a projectes educatius que aposten per l\u2019aprenentatge a l\u2019aire lliure.<br \/>\n\u201cUn espai on els millors m\u00e8todes&hellip;  <a href=\"https:\/\/agora.xtec.cat\/zer-baixmontseny\/escola-del-bosc\/\" title=\"Read Escola del BOSC\">Llegeix m\u00e9s\u00bb<\/a><\/p>\n","protected":false},"author":1,"featured_media":0,"parent":0,"menu_order":50,"comment_status":"closed","ping_status":"closed","template":"","meta":{"_bbp_topic_count":0,"_bbp_reply_count":0,"_bbp_total_topic_count":0,"_bbp_total_reply_count":0,"_bbp_voice_count":0,"_bbp_anonymous_reply_count":0,"_bbp_topic_count_hidden":0,"_bbp_reply_count_hidden":0,"_bbp_forum_subforum_count":0,"footnotes":""},"class_list":["post-3910","page","type-page","status-publish","hentry"],"post_mailing_queue_ids":[],"_links":{"self":[{"href":"https:\/\/agora.xtec.cat\/zer-baixmontseny\/wp-json\/wp\/v2\/pages\/3910","targetHints":{"allow":["GET"]}}],"collection":[{"href":"https:\/\/agora.xtec.cat\/zer-baixmontseny\/wp-json\/wp\/v2\/pages"}],"about":[{"href":"https:\/\/agora.xtec.cat\/zer-baixmontseny\/wp-json\/wp\/v2\/types\/page"}],"author":[{"embeddable":true,"href":"https:\/\/agora.xtec.cat\/zer-baixmontseny\/wp-json\/wp\/v2\/users\/1"}],"replies":[{"embeddable":true,"href":"https:\/\/agora.xtec.cat\/zer-baixmontseny\/wp-json\/wp\/v2\/comments?post=3910"}],"version-history":[{"count":3,"href":"https:\/\/agora.xtec.cat\/zer-baixmontseny\/wp-json\/wp\/v2\/pages\/3910\/revisions"}],"predecessor-version":[{"id":5259,"href":"https:\/\/agora.xtec.cat\/zer-baixmontseny\/wp-json\/wp\/v2\/pages\/3910\/revisions\/5259"}],"wp:attachment":[{"href":"https:\/\/agora.xtec.cat\/zer-baixmontseny\/wp-json\/wp\/v2\/media?parent=3910"}],"curies":[{"name":"wp","href":"https:\/\/api.w.org\/{rel}","templated":true}]}}