{"id":3832,"date":"2020-08-27T11:36:56","date_gmt":"2020-08-27T09:36:56","guid":{"rendered":"http:\/\/agora.xtec.cat\/zer-baixmontseny\/?page_id=3832"},"modified":"2024-11-21T16:14:10","modified_gmt":"2024-11-21T15:14:10","slug":"projectes-de-centre","status":"publish","type":"page","link":"https:\/\/agora.xtec.cat\/zer-baixmontseny\/escola-alfa\/projectes-de-centre\/","title":{"rendered":"Hist\u00f2ric de projectes"},"content":{"rendered":"<p>Els projectes de centre s\u00f3n aquells que neixen com a necessitat de centre.\u00a0Aqu\u00ed us presentem els que formen part de la nostra hist\u00f2ria:<\/p>\n<ul>\n<li><strong>Apadrinem el Patrimoni (Innovaci\u00f3 pedag\u00f2gica) ( 2019-2022)<\/strong><\/li>\n<\/ul>\n<p style=\"padding-left: 40px;\">Apadrinament d&#8217;un element patrimonial (el Pont Trencat) per donar-li valor i aprofundir en el seu coneixement des del punt de vista cultural. Promou la dimensi\u00f3 significativa, comunicativa, d&#8217;acci\u00f3 i de projecci\u00f3 de l&#8217;aprenentatge.<a href=\"https:\/\/drive.google.com\/file\/d\/1uTmvQ4QRkOwLSgZl86_YYZ0Qyh96RiKW\/view?usp=sharing\"> Enlla\u00e7<\/a> a la mem\u00f2ria<\/p>\n<ul>\n<li><strong>Ara Art. (Innovaci\u00f3 pedag\u00f2gica) (2020-2023)<\/strong><\/li>\n<\/ul>\n<p><strong style=\"font-family: inherit; font-size: 1em;\">Impulsat per la Direcci\u00f3 General de Curr\u00edculum i Personalitzaci\u00f3 <\/strong>El Departament d\u2019Educaci\u00f3 crea el Programa d&#8217;innovaci\u00f3 pedag\u00f2gica &#8220;araArt&#8221; amb la finalitat de fomentar i posar en valor projectes art\u00edstics que es porten a terme en el si d&#8217;un centre d&#8217;educaci\u00f3 infantil, prim\u00e0ria o secund\u00e0ria, en col\u00b7laboraci\u00f3 amb una escola art\u00edstica, un equipament cultural, o institucions, entitats i associacions art\u00edstiques, per promoure l&#8217;equitat i la qualitat del sistema educatiu reflectida en la millora de les capacitats i compet\u00e8ncies de l&#8217;alumnat participant.<\/p>\n<p>El programa d\u2019innovaci\u00f3 &#8220;araArt&#8221; promou la transformaci\u00f3 dels centres educatius a partir de les arts.<\/p>\n<p>La nostra escola va iniciar el projecte amb l&#8217;excel\u00b7lent col\u00b7laboraci\u00f3 de l&#8217;escola de m\u00fasica de Santa Maria de Palautordera (EMM Palau) ela quals acompanyen als docents i alumnes durant el proc\u00e9s d&#8217;aprenentatge, a trav\u00e9s de la participaci\u00f3 en la realitzaci\u00f3 de les activitats que componen els projectes generats. <a href=\"https:\/\/drive.google.com\/file\/d\/18d56ljzik-Rrz0BPU52Fgb1wOmxmROZX\/view?usp=sharing\">Enlla\u00e7<\/a> a la mem\u00f2ria.<\/p>\n<ul>\n<li><strong>Impuls a la lectura (Innovaci\u00f3 pedag\u00f2gica) ( 2017-2020)<\/strong><\/li>\n<\/ul>\n<p>Estrat\u00e8gia per a la millora de la compet\u00e8ncia lectora de tot l&#8217;alumnat per afavorir l&#8217;\u00e8xit educatiu, incorporant-la com a eix vertebrador de l&#8217;aprenentatge en el projecte educatiu de centre. D&#8217;aquesta formaci\u00f3 es despr\u00e8n el Pla Lector de Centre, Biblioteca escolar dinamitzada, activitats pel gust a la lectura, padrins i fillols, temps de lectura, estrat\u00e8gies lectores i molt m\u00e9s! <a style=\"font-family: inherit; font-size: 1em;\" href=\"https:\/\/drive.google.com\/file\/d\/1FDZo_VDSvQ35RaYWtRxDpi6xjbeg8uoo\/view?usp=sharing\">Enlla\u00e7<\/a><span style=\"font-family: inherit; font-size: 1em;\"> a la mem\u00f2ria<\/span><\/p>\n<p>&nbsp;<\/p>\n","protected":false},"excerpt":{"rendered":"<p>Els projectes de centre s\u00f3n aquells que neixen com a necessitat de centre.\u00a0Aqu\u00ed us presentem els que formen part de la nostra hist\u00f2ria:<\/p>\n<ul>\n<li>Apadrinem el Patrimoni (Innovaci\u00f3 pedag\u00f2gica) ( 2019-2022)<\/li>\n<\/ul>\n<p>Apadrinament d&#8217;un element patrimonial (el Pont Trencat) per donar-li valor i aprofundir en el seu coneixement des&hellip;  <a href=\"https:\/\/agora.xtec.cat\/zer-baixmontseny\/escola-alfa\/projectes-de-centre\/\" title=\"Read Hist\u00f2ric de projectes\">Llegeix m\u00e9s\u00bb<\/a><\/p>\n","protected":false},"author":1,"featured_media":0,"parent":264,"menu_order":0,"comment_status":"closed","ping_status":"closed","template":"page-templates\/side-menu.php","meta":{"_bbp_topic_count":0,"_bbp_reply_count":0,"_bbp_total_topic_count":0,"_bbp_total_reply_count":0,"_bbp_voice_count":0,"_bbp_anonymous_reply_count":0,"_bbp_topic_count_hidden":0,"_bbp_reply_count_hidden":0,"_bbp_forum_subforum_count":0,"footnotes":""},"class_list":["post-3832","page","type-page","status-publish","hentry"],"post_mailing_queue_ids":[],"_links":{"self":[{"href":"https:\/\/agora.xtec.cat\/zer-baixmontseny\/wp-json\/wp\/v2\/pages\/3832","targetHints":{"allow":["GET"]}}],"collection":[{"href":"https:\/\/agora.xtec.cat\/zer-baixmontseny\/wp-json\/wp\/v2\/pages"}],"about":[{"href":"https:\/\/agora.xtec.cat\/zer-baixmontseny\/wp-json\/wp\/v2\/types\/page"}],"author":[{"embeddable":true,"href":"https:\/\/agora.xtec.cat\/zer-baixmontseny\/wp-json\/wp\/v2\/users\/1"}],"replies":[{"embeddable":true,"href":"https:\/\/agora.xtec.cat\/zer-baixmontseny\/wp-json\/wp\/v2\/comments?post=3832"}],"version-history":[{"count":6,"href":"https:\/\/agora.xtec.cat\/zer-baixmontseny\/wp-json\/wp\/v2\/pages\/3832\/revisions"}],"predecessor-version":[{"id":7084,"href":"https:\/\/agora.xtec.cat\/zer-baixmontseny\/wp-json\/wp\/v2\/pages\/3832\/revisions\/7084"}],"up":[{"embeddable":true,"href":"https:\/\/agora.xtec.cat\/zer-baixmontseny\/wp-json\/wp\/v2\/pages\/264"}],"wp:attachment":[{"href":"https:\/\/agora.xtec.cat\/zer-baixmontseny\/wp-json\/wp\/v2\/media?parent=3832"}],"curies":[{"name":"wp","href":"https:\/\/api.w.org\/{rel}","templated":true}]}}