{"id":3830,"date":"2020-08-27T11:36:26","date_gmt":"2020-08-27T09:36:26","guid":{"rendered":"http:\/\/agora.xtec.cat\/zer-baixmontseny\/?page_id=3830"},"modified":"2021-07-13T12:14:58","modified_gmt":"2021-07-13T10:14:58","slug":"projectes-tic","status":"publish","type":"page","link":"https:\/\/agora.xtec.cat\/zer-baixmontseny\/escola-alfa\/projectes-tic\/","title":{"rendered":"Projectes TIC"},"content":{"rendered":"<p>S\u00f3n projectes basats en les Tecnologies de la Informaci\u00f3 i la Comunicaci\u00f3 que tenen com a finalitat refor\u00e7ar les compet\u00e8ncies digitals de l&#8217;alumnat. En el nostre centre es porten a terme dos projectes que s&#8217;inclouen en aquesta \u00e0rea:<\/p>\n<ul>\n<li><strong>Robotseny<\/strong><\/li>\n<\/ul>\n<p style=\"padding-left: 40px;\">Projecte a nivell comarcal (Baix Montseny) que desenvolupa les compet\u00e8ncies cient\u00edfiques i creatives del alumnes tot treballant de forma cooperativa. Tamb\u00e9 t\u00e9 l&#8217;objectiu de crear una xarxa de professorat implicat en aquesta tem\u00e0tica per tal de crear lligams i compartir experi\u00e8ncies en aquests \u00e0mbits.<\/p>\n<p style=\"padding-left: 40px;\">Com a eines per treballar aquests aspectes s&#8217;ensenya a programar robots i a dissenyar-los. El projecte es desenvolupa a l&#8217;aula i t\u00e9 una posada en escena en forma de torneig al final de curs.<\/p>\n<ul>\n<li><strong>Padrins TAC i Rob\u00f2tica<\/strong><\/li>\n<\/ul>\n<p style=\"padding-left: 40px;\">Amb aquest projecte, iniciat formalment el curs 2018-2019, pretenem iniciar a tot l&#8217;alumnat en el desenvolupament d&#8217;habilitats, capacitats i compet\u00e8ncies b\u00e0siques a trav\u00e9s de la resoluci\u00f3 de petits reptes d&#8217;aprenentatges diaris mitjan\u00e7ant l&#8217;\u00fas de la rob\u00f2tica. Per aquest projecte fem \u00fas de les <em>Bee Bots<\/em> i <em>Pro-bots<\/em>.<\/p>\n<p style=\"padding-left: 40px;\">Amb els grans es perfecciona els aprenentatges TAC (Tecnologies per l&#8217;Aprenentatge i el Coneixement) de rob\u00f2tica amb les pr\u00e0ctiques dels robots pel <em>Robotseny<\/em>.<\/p>\n<p>&nbsp;<\/p>\n","protected":false},"excerpt":{"rendered":"<p>S\u00f3n projectes basats en les Tecnologies de la Informaci\u00f3 i la Comunicaci\u00f3 que tenen com a finalitat refor\u00e7ar les compet\u00e8ncies digitals de l&#8217;alumnat. En el nostre centre es porten a terme dos projectes que s&#8217;inclouen en aquesta \u00e0rea:<\/p>\n<ul>\n<li>Robotseny<\/li>\n<\/ul>\n<p>Projecte a nivell comarcal (Baix Montseny) que desenvolupa&hellip;  <a href=\"https:\/\/agora.xtec.cat\/zer-baixmontseny\/escola-alfa\/projectes-tic\/\" title=\"Read Projectes TIC\">Llegeix m\u00e9s\u00bb<\/a><\/p>\n","protected":false},"author":1,"featured_media":0,"parent":264,"menu_order":0,"comment_status":"closed","ping_status":"closed","template":"page-templates\/side-menu.php","meta":{"_bbp_topic_count":0,"_bbp_reply_count":0,"_bbp_total_topic_count":0,"_bbp_total_reply_count":0,"_bbp_voice_count":0,"_bbp_anonymous_reply_count":0,"_bbp_topic_count_hidden":0,"_bbp_reply_count_hidden":0,"_bbp_forum_subforum_count":0,"footnotes":""},"class_list":["post-3830","page","type-page","status-publish","hentry"],"post_mailing_queue_ids":[],"_links":{"self":[{"href":"https:\/\/agora.xtec.cat\/zer-baixmontseny\/wp-json\/wp\/v2\/pages\/3830","targetHints":{"allow":["GET"]}}],"collection":[{"href":"https:\/\/agora.xtec.cat\/zer-baixmontseny\/wp-json\/wp\/v2\/pages"}],"about":[{"href":"https:\/\/agora.xtec.cat\/zer-baixmontseny\/wp-json\/wp\/v2\/types\/page"}],"author":[{"embeddable":true,"href":"https:\/\/agora.xtec.cat\/zer-baixmontseny\/wp-json\/wp\/v2\/users\/1"}],"replies":[{"embeddable":true,"href":"https:\/\/agora.xtec.cat\/zer-baixmontseny\/wp-json\/wp\/v2\/comments?post=3830"}],"version-history":[{"count":4,"href":"https:\/\/agora.xtec.cat\/zer-baixmontseny\/wp-json\/wp\/v2\/pages\/3830\/revisions"}],"predecessor-version":[{"id":5068,"href":"https:\/\/agora.xtec.cat\/zer-baixmontseny\/wp-json\/wp\/v2\/pages\/3830\/revisions\/5068"}],"up":[{"embeddable":true,"href":"https:\/\/agora.xtec.cat\/zer-baixmontseny\/wp-json\/wp\/v2\/pages\/264"}],"wp:attachment":[{"href":"https:\/\/agora.xtec.cat\/zer-baixmontseny\/wp-json\/wp\/v2\/media?parent=3830"}],"curies":[{"name":"wp","href":"https:\/\/api.w.org\/{rel}","templated":true}]}}