{"id":3828,"date":"2020-08-27T11:36:05","date_gmt":"2020-08-27T09:36:05","guid":{"rendered":"http:\/\/agora.xtec.cat\/zer-baixmontseny\/?page_id=3828"},"modified":"2024-11-22T15:16:12","modified_gmt":"2024-11-22T14:16:12","slug":"projectes-artistics","status":"publish","type":"page","link":"https:\/\/agora.xtec.cat\/zer-baixmontseny\/escola-alfa\/projectes-artistics\/","title":{"rendered":"Projectes art\u00edstics"},"content":{"rendered":"<p>Els projectes art\u00edstics s\u00f3n aquells que estan relacionats amb l&#8217;art.<\/p>\n<table>\n<tbody>\n<tr>\n<td><b>\u00c0MBIT PEDAG\u00d2GIC ART\u00cdSTIC<\/b><\/td>\n<\/tr>\n<tr>\n<td><b>Pim- Pam + Arar Art. Tot el curs ( Xarxa amb poble)<\/b><\/p>\n<p><span style=\"font-weight: 400;\">El projecte Pim Pam ( subvencionat per l\u2019ajuntament amb conveni amb el Departament)\u00a0 s\u2019emmarca dins l\u2019horari lectiu de les escoles de prim\u00e0ria,partint dels m\u00faltiples aprenentatges que ofereix un conjunt de percussi\u00f3 dins l\u2019aula (o m\u00e9s ben dit, fora al pati). La proposta afavoreix processos imaginatius, expressius i creatius a trav\u00e9s de la improvisaci\u00f3, la composici\u00f3 i la interpretaci\u00f3, sempre amb la implicaci\u00f3 activa dels nens i les nenes participants. A m\u00e9s, potencia<\/span><\/p>\n<p><span style=\"font-weight: 400;\">el desenvolupament d&#8217;habilitats socials, comunicatives i relacionals per mitj\u00e0 del desenvolupament de capacitats t\u00e8cniques instrumentals, de din\u00e0miques participatives i creatives que donen veu als nens i nenes i a partir d&#8217; una metodologia que s&#8217;ha creat al llarg dels \u00faltims 11 anys i que posa l&#8217;accent en l&#8217;educaci\u00f3 emocional.<\/span><\/p>\n<p><span style=\"font-weight: 400;\">Ara art \u00e9s un programa d\u2019innovaci\u00f3 del Departament que acompanya aquesta proposta art\u00edstica i d\u2019altres per fomentar un aprenentatge globalitzat de les arts a l\u2019escola. Les altres activitats s\u00f3n: can\u00e7oner catal\u00e0 que es treballa durant tot el curs, llibre d\u2019art + m\u00fasica cl\u00e0ssica, rac\u00f3 d\u2019art a les aules, ritual d\u2019entrada al bosc, recull de jocs ling\u00fc\u00edstics amb patrons r\u00edtmics, exposici\u00f3 permanent d\u2019obres d\u2019art.<\/span><\/p>\n<p><span style=\"font-weight: 400;\">A cicle inicial i Infantil tamb\u00e9 es far\u00e0 can\u00e7oner de bosc.<\/span><\/p>\n<p><span style=\"font-weight: 400;\">A cicle superior enguany tamb\u00e9 s\u2019inclou l&#8217;aprenentatge de l\u2019ukelele ( 1r trimestre).<\/span><\/td>\n<\/tr>\n<tr>\n<td><b>Ball de gitanes. Cicle Mitj\u00e0. Tot el curs ( Xarxa amb poble)<\/b><\/p>\n<p><span style=\"font-weight: 400;\">A trav\u00e9s del CRP, des d\u2019enguany les escoles de Palau participaran en la formaci\u00f3 de la tradici\u00f3 del ball de gitanes, una dansa viva conservada a Santa Maria de Palautordera que es balla a la pla\u00e7a de la Vila tot anunciant l&#8217;inici de la primavera i de la fertilitat. Amb tots els personatges que hi participen coronen el punt d&#8217;explosi\u00f3 de color, cultura i tradici\u00f3.<\/span><\/td>\n<\/tr>\n<tr>\n<td><b>Ball de bastons. Cicle Superior. Tot el curs<\/b><\/p>\n<p><span style=\"font-weight: 400;\">Tamb\u00e9 a trav\u00e9s del CRP les escoles de Palau participaran en la formaci\u00f3 d\u2019aquesta dansa popular que forma part de la cultura tradicional de molts indrets. M\u00e9s concretament, un passeig per les nostres tradicions dansades, estudiant la seva hist\u00f2ria, m\u00fasica, indument\u00e0ria i coreografia.<\/span><\/td>\n<\/tr>\n<tr>\n<td><b>La Clika. Cicle Inicial ( bianual) Enguany no toca<\/b><\/p>\n<p><span style=\"font-weight: 400;\">La Clika \u00e9s un projecte sociomusical en xarxa de Catalunya destinat a potenciar la m\u00fasica en viu en totes les seves vessants: Formaci\u00f3, Creaci\u00f3, Exhibici\u00f3 (concerts) i Participaci\u00f3 ciutadana i dinamitzaci\u00f3.<\/span><\/td>\n<\/tr>\n<tr>\n<td><b>Cant\u00e0nia\u00a0 Cicle Superior ( bianual) Enguany no toca<\/b><\/p>\n<p><span style=\"font-weight: 400;\">Activitat on participen diferents escoles de primaria de Catalunya. Cada anys s\u2019estrena una obra encarregada especialment per a aquesta activitat a compositors i escriptors de reconegut prestigi.<\/span><\/td>\n<\/tr>\n<\/tbody>\n<\/table>\n<p>&nbsp;<\/p>\n<p><span style=\"font-weight: 400;\">Des d\u2019enguany, totes les aules compten amb espais amb diversitat de propostes: espai ens cuidem, lectura, art, matem\u00e0tiques, ci\u00e8ncia i lleng\u00fces.<\/span><\/p>\n<ul>\n<li style=\"list-style-type: none;\"><\/li>\n<\/ul>\n<p>&nbsp;<\/p>\n","protected":false},"excerpt":{"rendered":"<p>Els projectes art\u00edstics s\u00f3n aquells que estan relacionats amb l&#8217;art.<\/p>\n<p>\u00c0MBIT PEDAG\u00d2GIC ART\u00cdSTIC<\/p>\n<p>Pim- Pam + Arar Art. Tot el curs ( Xarxa amb poble)<br \/>\nEl projecte Pim Pam ( subvencionat per l\u2019ajuntament amb conveni amb el Departament)\u00a0 s\u2019emmarca dins l\u2019horari lectiu de les escoles de prim\u00e0ria,partint dels&hellip;  <a href=\"https:\/\/agora.xtec.cat\/zer-baixmontseny\/escola-alfa\/projectes-artistics\/\" title=\"Read Projectes art\u00edstics\">Llegeix m\u00e9s\u00bb<\/a><\/p>\n","protected":false},"author":1,"featured_media":0,"parent":264,"menu_order":0,"comment_status":"closed","ping_status":"closed","template":"page-templates\/side-menu.php","meta":{"_bbp_topic_count":0,"_bbp_reply_count":0,"_bbp_total_topic_count":0,"_bbp_total_reply_count":0,"_bbp_voice_count":0,"_bbp_anonymous_reply_count":0,"_bbp_topic_count_hidden":0,"_bbp_reply_count_hidden":0,"_bbp_forum_subforum_count":0,"footnotes":""},"class_list":["post-3828","page","type-page","status-publish","hentry"],"post_mailing_queue_ids":[],"_links":{"self":[{"href":"https:\/\/agora.xtec.cat\/zer-baixmontseny\/wp-json\/wp\/v2\/pages\/3828","targetHints":{"allow":["GET"]}}],"collection":[{"href":"https:\/\/agora.xtec.cat\/zer-baixmontseny\/wp-json\/wp\/v2\/pages"}],"about":[{"href":"https:\/\/agora.xtec.cat\/zer-baixmontseny\/wp-json\/wp\/v2\/types\/page"}],"author":[{"embeddable":true,"href":"https:\/\/agora.xtec.cat\/zer-baixmontseny\/wp-json\/wp\/v2\/users\/1"}],"replies":[{"embeddable":true,"href":"https:\/\/agora.xtec.cat\/zer-baixmontseny\/wp-json\/wp\/v2\/comments?post=3828"}],"version-history":[{"count":6,"href":"https:\/\/agora.xtec.cat\/zer-baixmontseny\/wp-json\/wp\/v2\/pages\/3828\/revisions"}],"predecessor-version":[{"id":7119,"href":"https:\/\/agora.xtec.cat\/zer-baixmontseny\/wp-json\/wp\/v2\/pages\/3828\/revisions\/7119"}],"up":[{"embeddable":true,"href":"https:\/\/agora.xtec.cat\/zer-baixmontseny\/wp-json\/wp\/v2\/pages\/264"}],"wp:attachment":[{"href":"https:\/\/agora.xtec.cat\/zer-baixmontseny\/wp-json\/wp\/v2\/media?parent=3828"}],"curies":[{"name":"wp","href":"https:\/\/api.w.org\/{rel}","templated":true}]}}