{"id":3459,"date":"2020-03-30T16:04:05","date_gmt":"2020-03-30T14:04:05","guid":{"rendered":"http:\/\/agora.xtec.cat\/zer-baixmontseny\/?page_id=3459"},"modified":"2021-04-22T14:34:36","modified_gmt":"2021-04-22T12:34:36","slug":"blog-educacio-infantil-i-primer","status":"publish","type":"page","link":"https:\/\/agora.xtec.cat\/zer-baixmontseny\/escola-beta\/blog-educacio-infantil-i-primer\/","title":{"rendered":"BLOG EDUCACI\u00d3 INFANTIL I PRIMER"},"content":{"rendered":"<p><a href=\"https:\/\/agora.xtec.cat\/zer-baixmontseny\/wp-content\/uploads\/usu1001\/2020\/04\/REPTE-8-I-ARA-TU.docx\">REPTE 8 I ARA TU<\/a> Ara us toca a vosaltres <img loading=\"lazy\" decoding=\"async\" class=\"n3VNCb\" src=\"https:\/\/pbs.twimg.com\/profile_images\/509267803107389440\/UjnH_N_0.jpeg\" alt=\"Tu Clothing (@tu_clothing) | Twitter\" width=\"51\" height=\"51\" data-noaft=\"1\" \/><img loading=\"lazy\" decoding=\"async\" class=\"n3VNCb\" src=\"https:\/\/agora.xtec.cat\/ceipsotdelcamp\/wp-content\/uploads\/usu1699\/2020\/03\/arc-iris.jpg\" alt=\"Tot anir\u00e0 b\u00e9!! #joemquedoacasaxtu | Escola Sot del Camp\" width=\"98\" height=\"51\" data-noaft=\"1\" \/><\/p>\n<p><a href=\"https:\/\/agora.xtec.cat\/zer-baixmontseny\/wp-content\/uploads\/usu1001\/2020\/04\/REPTE-7-PISTES.docx\">REPTE 7 PISTES<\/a> Donem pistes per trobar el tresor <img loading=\"lazy\" decoding=\"async\" class=\"rg_i Q4LuWd\" src=\"https:\/\/encrypted-tbn0.gstatic.com\/images?q=tbn%3AANd9GcSvYPd22dTkwAkOWy78r4THBcpn4gRWpKuqGJ4sA1L-LWtbCq56&amp;usqp=CAU\" alt=\"TORNEM A L'ESCOLA! TORNEM A LA BIBLIO! | Escola Joan Maragall\" width=\"72\" height=\"69\" data-noaft=\"1\" \/><\/p>\n<p><a href=\"https:\/\/agora.xtec.cat\/zer-baixmontseny\/wp-content\/uploads\/usu1001\/2020\/04\/REPTE-6-PARAULES-BONIQUES.docx\">REPTE 6 PARAULES BONIQUES<\/a> Les paraules boniques valen molt i costen poc <img loading=\"lazy\" decoding=\"async\" class=\"n3VNCb\" src=\"https:\/\/pbs.twimg.com\/media\/DEh4cFUXcAcCFk4.jpg\" alt=\"Joan Turu * a Twitter: &quot;&quot;Les paraules boniques valen molt i costen ...\" width=\"72\" height=\"72\" data-noaft=\"1\" \/><\/p>\n<p><a href=\"https:\/\/agora.xtec.cat\/zer-baixmontseny\/wp-content\/uploads\/usu1001\/2020\/04\/REPTE-5-DISSOLUCI\u00d3-DEL-SUCRE.docx\">REPTE 5 DISSOLUCI\u00d3 DEL SUCRE<\/a> Fem dissolucions <img loading=\"lazy\" decoding=\"async\" class=\"n3VNCb\" src=\"https:\/\/1.bp.blogspot.com\/-KbJsoB-Igdg\/VQxr0zGAugI\/AAAAAAAAAiU\/tKToPJfvr84\/s1600\/lump-sugar-549096_1280.jpg\" alt=\"Mega post: El az\u00facar y sus tipos - Dulces, tartas y otras historias\" width=\"70\" height=\"64\" data-noaft=\"1\" \/><\/p>\n<p><a href=\"https:\/\/agora.xtec.cat\/zer-baixmontseny\/wp-content\/uploads\/usu1001\/2020\/04\/REPTE-4-DIBUIXEU-OMBRES.docx\">REPTE 4 DIBUIXEU OMBRES<\/a> Per jugar amb la llum <img loading=\"lazy\" decoding=\"async\" class=\"n3VNCb\" src=\"https:\/\/www.ebrevinil.com\/media\/cache\/b4a2b3a15ecaff9402cb41285ebc193e.jpg\" alt=\"Vinilo Infantil para ni\u00f1os, ni\u00f1as y beb\u00e9s &quot;Juego de Sombras&quot; 01630 ...\" width=\"87\" height=\"68\" data-noaft=\"1\" \/><\/p>\n<p><a href=\"https:\/\/agora.xtec.cat\/zer-baixmontseny\/wp-content\/uploads\/usu1001\/2020\/04\/REPTE-3-CREATIU.docx\">REPTE 3 CREATIU<\/a> Vinga, imaginaci\u00f3 al poder.<img loading=\"lazy\" decoding=\"async\" class=\"n3VNCb\" src=\"https:\/\/saletadecreacio.com\/wp-content\/uploads\/2019\/01\/IMG_20190125_192252_863.jpg\" alt=\"Taller de Simetria i Mandales - Saleta de Creaci\u00f3\" width=\"72\" height=\"79\" data-noaft=\"1\" \/><\/p>\n<p><a href=\"https:\/\/agora.xtec.cat\/zer-baixmontseny\/wp-content\/uploads\/usu1001\/2020\/03\/REPTE-2.docx\">REPTE 2<\/a> Aquest tamb\u00e9 va d&#8217;animals <img loading=\"lazy\" decoding=\"async\" class=\"\" src=\"http:\/\/www.bcn.cat\/ignasiiglesias\/general\/jardi\/plantes_animals\/fotos_dibuixos\/pit_roig.jpg\" width=\"89\" height=\"59\" \/><\/p>\n<p><a href=\"https:\/\/agora.xtec.cat\/zer-baixmontseny\/wp-content\/uploads\/usu1001\/2020\/03\/REPTE-1.docx\">REPTE 1<\/a> Aquest repte va de girafes, a veure com us en sortiu.<img loading=\"lazy\" decoding=\"async\" class=\"n3VNCb\" src=\"https:\/\/www.curiositats.cat\/wp-content\/uploads\/2016\/05\/2466924282_e6c07e984d_o-792x1024-670x866.jpg\" alt=\"Quant dorm una girafa? \u2013 Curiositats.cat\" width=\"53\" height=\"69\" data-noaft=\"1\" \/><\/p>\n<p>&nbsp;<\/p>\n","protected":false},"excerpt":{"rendered":"<p><a href=\"https:\/\/agora.xtec.cat\/zer-baixmontseny\/wp-content\/uploads\/usu1001\/2020\/04\/REPTE-8-I-ARA-TU.docx\">REPTE 8 I ARA TU<\/a> Ara us toca a vosaltres<br \/>\n<a href=\"https:\/\/agora.xtec.cat\/zer-baixmontseny\/wp-content\/uploads\/usu1001\/2020\/04\/REPTE-7-PISTES.docx\">REPTE 7 PISTES<\/a> Donem pistes per trobar el tresor<br \/>\n<a href=\"https:\/\/agora.xtec.cat\/zer-baixmontseny\/wp-content\/uploads\/usu1001\/2020\/04\/REPTE-6-PARAULES-BONIQUES.docx\">REPTE 6 PARAULES BONIQUES<\/a> Les paraules boniques valen molt i costen poc<br \/>\n<a href=\"https:\/\/agora.xtec.cat\/zer-baixmontseny\/wp-content\/uploads\/usu1001\/2020\/04\/REPTE-5-DISSOLUCI\u00d3-DEL-SUCRE.docx\">REPTE 5 DISSOLUCI\u00d3 DEL SUCRE<\/a> Fem dissolucions<br \/>\n<a href=\"https:\/\/agora.xtec.cat\/zer-baixmontseny\/wp-content\/uploads\/usu1001\/2020\/04\/REPTE-4-DIBUIXEU-OMBRES.docx\">REPTE 4&hellip;  <a href=\"https:\/\/agora.xtec.cat\/zer-baixmontseny\/escola-beta\/blog-educacio-infantil-i-primer\/\" title=\"Read BLOG EDUCACI\u00d3 INFANTIL I PRIMER\">Llegeix m\u00e9s\u00bb<\/a><\/p>\n","protected":false},"author":1,"featured_media":0,"parent":266,"menu_order":60,"comment_status":"closed","ping_status":"closed","template":"page-templates\/side-menu.php","meta":{"_bbp_topic_count":0,"_bbp_reply_count":0,"_bbp_total_topic_count":0,"_bbp_total_reply_count":0,"_bbp_voice_count":0,"_bbp_anonymous_reply_count":0,"_bbp_topic_count_hidden":0,"_bbp_reply_count_hidden":0,"_bbp_forum_subforum_count":0,"footnotes":""},"class_list":["post-3459","page","type-page","status-publish","hentry"],"post_mailing_queue_ids":[],"_links":{"self":[{"href":"https:\/\/agora.xtec.cat\/zer-baixmontseny\/wp-json\/wp\/v2\/pages\/3459","targetHints":{"allow":["GET"]}}],"collection":[{"href":"https:\/\/agora.xtec.cat\/zer-baixmontseny\/wp-json\/wp\/v2\/pages"}],"about":[{"href":"https:\/\/agora.xtec.cat\/zer-baixmontseny\/wp-json\/wp\/v2\/types\/page"}],"author":[{"embeddable":true,"href":"https:\/\/agora.xtec.cat\/zer-baixmontseny\/wp-json\/wp\/v2\/users\/1"}],"replies":[{"embeddable":true,"href":"https:\/\/agora.xtec.cat\/zer-baixmontseny\/wp-json\/wp\/v2\/comments?post=3459"}],"version-history":[{"count":2,"href":"https:\/\/agora.xtec.cat\/zer-baixmontseny\/wp-json\/wp\/v2\/pages\/3459\/revisions"}],"predecessor-version":[{"id":3574,"href":"https:\/\/agora.xtec.cat\/zer-baixmontseny\/wp-json\/wp\/v2\/pages\/3459\/revisions\/3574"}],"up":[{"embeddable":true,"href":"https:\/\/agora.xtec.cat\/zer-baixmontseny\/wp-json\/wp\/v2\/pages\/266"}],"wp:attachment":[{"href":"https:\/\/agora.xtec.cat\/zer-baixmontseny\/wp-json\/wp\/v2\/media?parent=3459"}],"curies":[{"name":"wp","href":"https:\/\/api.w.org\/{rel}","templated":true}]}}