{"id":3134,"date":"2019-10-04T10:56:33","date_gmt":"2019-10-04T08:56:33","guid":{"rendered":"http:\/\/agora.xtec.cat\/zer-baixmontseny\/?page_id=3134"},"modified":"2024-10-30T09:31:37","modified_gmt":"2024-10-30T08:31:37","slug":"trajectoria-equip-directiu","status":"publish","type":"page","link":"https:\/\/agora.xtec.cat\/zer-baixmontseny\/zer\/trajectoria-equip-directiu\/","title":{"rendered":"Traject\u00f2ria equip directiu"},"content":{"rendered":"<p>Mireia Salvador Comas, \u00e9s l&#8217;actual directora de la ZER Baix Montseny, la seva carrera professional ha estat realitzada amb el treball i enriquiment que ha tingut en les diferents escoles en les que ha estat treballant. La seva traject\u00f2ria \u00e9s de m\u00e9s de 20 anys de doc\u00e8ncia en el sector p\u00fablic, amb les especialitats de Prim\u00e0ria i TEI, tanmateix t\u00e9 experi\u00e8ncia en gesti\u00f3 , coordinaci\u00f3 i formaci\u00f3 en c\u00e0rrecs directius des del 2003.<\/p>\n<p><a href=\"https:\/\/drive.google.com\/file\/d\/1FwkVYX1GJ8WDl-JNWE-S_NO96uLaFcOc\/view?usp=sharing\">PERFIL PROFESSIONAL<\/a><\/p>\n<p>Quico L\u00f3pez Moreno, actual Cap d&#8217;Estudis de la ZER Baix Montseny, la seva carrera professional ha estat realitzada amb el treball i enriquiment que ha tingut en les diferents escoles en les que ha estat treballant (agrupacions rurals, escoles c\u00edcliques i escoles no complertes). La seva traject\u00f2ria \u00e9s de m\u00e9s de 18 anys de doc\u00e8ncia en el sector p\u00fablic, amb les especialitats de Prim\u00e0ria i EF, tanmateix t\u00e9 experi\u00e8ncia en coordinaci\u00f3 DIGITAL i gesti\u00f3 de c\u00e0rrecs directius.<\/p>\n<p><a href=\"https:\/\/drive.google.com\/file\/d\/1Scbya-OvrR7WzoOeINZGfTvCaN2dMu6q\/view?usp=sharing\">PERFIL PROFESSIONAL<\/a><\/p>\n<p>Gala Le\u00f3n\u00a0 D\u00edaz actual Secret\u00e0ria de la ZER Baix Montseny, la seva carrera professional ha estat realitzada amb el treball i enriquiment que ha tingut en les diferents escoles en les que ha estat treballant. La seva traject\u00f2ria \u00e9s de m\u00e9s de 7 anys de doc\u00e8ncia en el sector p\u00fablic, amb les especialitats de Prim\u00e0ria i m\u00fasica i especialitzada en coeducaci\u00f3.<\/p>\n<p><a href=\"https:\/\/drive.google.com\/file\/d\/1VDIt_H8KbkLYwFPOgJHfCNIzPS32TSX_\/view?usp=sharing\">PERFIL PROFESSIONAL<\/a><\/p>\n","protected":false},"excerpt":{"rendered":"<p>Mireia Salvador Comas, \u00e9s l&#8217;actual directora de la ZER Baix Montseny, la seva carrera professional ha estat realitzada amb el treball i enriquiment que ha tingut en les diferents escoles en les que ha estat treballant. La seva traject\u00f2ria \u00e9s de m\u00e9s de 20 anys&hellip;  <a href=\"https:\/\/agora.xtec.cat\/zer-baixmontseny\/zer\/trajectoria-equip-directiu\/\" title=\"Read Traject\u00f2ria equip directiu\">Llegeix m\u00e9s\u00bb<\/a><\/p>\n","protected":false},"author":1,"featured_media":0,"parent":19,"menu_order":0,"comment_status":"closed","ping_status":"closed","template":"","meta":{"_bbp_topic_count":0,"_bbp_reply_count":0,"_bbp_total_topic_count":0,"_bbp_total_reply_count":0,"_bbp_voice_count":0,"_bbp_anonymous_reply_count":0,"_bbp_topic_count_hidden":0,"_bbp_reply_count_hidden":0,"_bbp_forum_subforum_count":0,"footnotes":""},"class_list":["post-3134","page","type-page","status-publish","hentry"],"post_mailing_queue_ids":[],"_links":{"self":[{"href":"https:\/\/agora.xtec.cat\/zer-baixmontseny\/wp-json\/wp\/v2\/pages\/3134","targetHints":{"allow":["GET"]}}],"collection":[{"href":"https:\/\/agora.xtec.cat\/zer-baixmontseny\/wp-json\/wp\/v2\/pages"}],"about":[{"href":"https:\/\/agora.xtec.cat\/zer-baixmontseny\/wp-json\/wp\/v2\/types\/page"}],"author":[{"embeddable":true,"href":"https:\/\/agora.xtec.cat\/zer-baixmontseny\/wp-json\/wp\/v2\/users\/1"}],"replies":[{"embeddable":true,"href":"https:\/\/agora.xtec.cat\/zer-baixmontseny\/wp-json\/wp\/v2\/comments?post=3134"}],"version-history":[{"count":6,"href":"https:\/\/agora.xtec.cat\/zer-baixmontseny\/wp-json\/wp\/v2\/pages\/3134\/revisions"}],"predecessor-version":[{"id":6968,"href":"https:\/\/agora.xtec.cat\/zer-baixmontseny\/wp-json\/wp\/v2\/pages\/3134\/revisions\/6968"}],"up":[{"embeddable":true,"href":"https:\/\/agora.xtec.cat\/zer-baixmontseny\/wp-json\/wp\/v2\/pages\/19"}],"wp:attachment":[{"href":"https:\/\/agora.xtec.cat\/zer-baixmontseny\/wp-json\/wp\/v2\/media?parent=3134"}],"curies":[{"name":"wp","href":"https:\/\/api.w.org\/{rel}","templated":true}]}}