{"id":305,"date":"2015-07-20T13:44:02","date_gmt":"2015-07-20T12:44:02","guid":{"rendered":"http:\/\/agora.xtec.cat\/zer-baixmontseny\/?page_id=305"},"modified":"2016-03-06T15:41:06","modified_gmt":"2016-03-06T14:41:06","slug":"carta-compromis","status":"publish","type":"page","link":"https:\/\/agora.xtec.cat\/zer-baixmontseny\/zer\/carta-compromis\/","title":{"rendered":"Carta de Comprom\u00eds"},"content":{"rendered":"<p>La llei d&#8217;educaci\u00f3 de Catalunya de 2009 estableix que els centres educatius elaboraran una &#8220;Carta de Comprom\u00eds Educatiu&#8221; que s&#8217;ha de formalitzar en el moment de la matr\u00edcula. Aquesta Carta ha de recollir els elements m\u00e9s significatius del centre en base al seu Projecte Educatiu per tal que tota la comunitat escolar el conegui. Explicita quin \u00e9s el comprom\u00eds de l&#8217;escola amb les fam\u00edlies que han escollit aquell centre. Per tant, la Carta compromet a l&#8217;equip docent i, al mateix temps, a les fam\u00edlies que han acceptat les propostes exposades. En la Carta s&#8217;expressen tamb\u00e9 les condicions per a assolir un entorn de conviv\u00e8ncia i respecte pel desenvolupament de les activitats educatives.<\/p>\n<p>Clicant la imatge, trobareu la carta de comprom\u00eds<\/p>\n<p><a href=\"http:\/\/agora.xtec.cat\/ceip-alzinar-campins\/moodle\/pluginfile.php\/267\/mod_resource\/content\/1\/Carta_compromis_educatiu_ZER.pdf\" target=\"_blank\"><img loading=\"lazy\" decoding=\"async\" class=\"  wp-image-734 aligncenter\" src=\"http:\/\/agora.xtec.cat\/zer-baixmontseny\/wp-content\/uploads\/usu1001\/2015\/07\/COMPROMISO21.jpg\" alt=\"COMPROMISO21\" width=\"265\" height=\"262\" srcset=\"https:\/\/agora.xtec.cat\/zer-baixmontseny\/wp-content\/uploads\/usu1001\/2015\/07\/COMPROMISO21.jpg 711w, https:\/\/agora.xtec.cat\/zer-baixmontseny\/wp-content\/uploads\/usu1001\/2015\/07\/COMPROMISO21-300x297.jpg 300w\" sizes=\"auto, (max-width: 265px) 100vw, 265px\" \/><\/a><\/p>\n","protected":false},"excerpt":{"rendered":"<p>La llei d&#8217;educaci\u00f3 de Catalunya de 2009 estableix que els centres educatius elaboraran una &#8220;Carta de Comprom\u00eds Educatiu&#8221; que s&#8217;ha de formalitzar en el moment de la matr\u00edcula. Aquesta Carta ha de recollir els elements m\u00e9s significatius del centre en base al seu Projecte Educatiu&hellip;  <a href=\"https:\/\/agora.xtec.cat\/zer-baixmontseny\/zer\/carta-compromis\/\" title=\"Read Carta de Comprom\u00eds\">Llegeix m\u00e9s\u00bb<\/a><\/p>\n","protected":false},"author":1,"featured_media":0,"parent":19,"menu_order":50,"comment_status":"closed","ping_status":"closed","template":"","meta":{"_bbp_topic_count":0,"_bbp_reply_count":0,"_bbp_total_topic_count":0,"_bbp_total_reply_count":0,"_bbp_voice_count":0,"_bbp_anonymous_reply_count":0,"_bbp_topic_count_hidden":0,"_bbp_reply_count_hidden":0,"_bbp_forum_subforum_count":0,"footnotes":""},"class_list":["post-305","page","type-page","status-publish","hentry"],"post_mailing_queue_ids":[],"_links":{"self":[{"href":"https:\/\/agora.xtec.cat\/zer-baixmontseny\/wp-json\/wp\/v2\/pages\/305","targetHints":{"allow":["GET"]}}],"collection":[{"href":"https:\/\/agora.xtec.cat\/zer-baixmontseny\/wp-json\/wp\/v2\/pages"}],"about":[{"href":"https:\/\/agora.xtec.cat\/zer-baixmontseny\/wp-json\/wp\/v2\/types\/page"}],"author":[{"embeddable":true,"href":"https:\/\/agora.xtec.cat\/zer-baixmontseny\/wp-json\/wp\/v2\/users\/1"}],"replies":[{"embeddable":true,"href":"https:\/\/agora.xtec.cat\/zer-baixmontseny\/wp-json\/wp\/v2\/comments?post=305"}],"version-history":[{"count":3,"href":"https:\/\/agora.xtec.cat\/zer-baixmontseny\/wp-json\/wp\/v2\/pages\/305\/revisions"}],"predecessor-version":[{"id":737,"href":"https:\/\/agora.xtec.cat\/zer-baixmontseny\/wp-json\/wp\/v2\/pages\/305\/revisions\/737"}],"up":[{"embeddable":true,"href":"https:\/\/agora.xtec.cat\/zer-baixmontseny\/wp-json\/wp\/v2\/pages\/19"}],"wp:attachment":[{"href":"https:\/\/agora.xtec.cat\/zer-baixmontseny\/wp-json\/wp\/v2\/media?parent=305"}],"curies":[{"name":"wp","href":"https:\/\/api.w.org\/{rel}","templated":true}]}}