{"id":303,"date":"2015-07-20T13:43:37","date_gmt":"2015-07-20T12:43:37","guid":{"rendered":"http:\/\/agora.xtec.cat\/zer-baixmontseny\/?page_id=303"},"modified":"2026-03-16T16:06:39","modified_gmt":"2026-03-16T15:06:39","slug":"convivencia","status":"publish","type":"page","link":"https:\/\/agora.xtec.cat\/zer-baixmontseny\/zer\/convivencia\/","title":{"rendered":"Conviv\u00e8ncia i coeducaci\u00f3"},"content":{"rendered":"<p>Entenem per\u00a0 <strong>conviv\u00e8ncia<\/strong> l\u2019articulaci\u00f3 harm\u00f2nica de tots els individus i grups en una societat complexa i din\u00e0mica, acceptant-ne la diversitat per\u00f2 no la desigualtat, per assolir l\u2019objectiu final de cohesi\u00f3 social necess\u00e0ria per al funcionament d\u2019una societat democr\u00e0tica.<br \/>[Diccionari de la llengua catalana. Enciclop\u00e8dia Catalana]<\/p>\n<p><a href=\"https:\/\/drive.google.com\/file\/d\/1IcgixyYP1jCcOv0LotoENV18xZ3043nF\/view?usp=sharing\"><img loading=\"lazy\" decoding=\"async\" class=\"aligncenter wp-image-6066\" src=\"https:\/\/agora.xtec.cat\/zer-baixmontseny\/wp-content\/uploads\/usu1001\/2023\/06\/20230531_104508-1-1024x576.jpg\" alt=\"\" width=\"297\" height=\"167\" srcset=\"https:\/\/agora.xtec.cat\/zer-baixmontseny\/wp-content\/uploads\/usu1001\/2023\/06\/20230531_104508-1-1024x576.jpg 1024w, https:\/\/agora.xtec.cat\/zer-baixmontseny\/wp-content\/uploads\/usu1001\/2023\/06\/20230531_104508-1-300x169.jpg 300w, https:\/\/agora.xtec.cat\/zer-baixmontseny\/wp-content\/uploads\/usu1001\/2023\/06\/20230531_104508-1-768x432.jpg 768w, https:\/\/agora.xtec.cat\/zer-baixmontseny\/wp-content\/uploads\/usu1001\/2023\/06\/20230531_104508-1-1536x863.jpg 1536w, https:\/\/agora.xtec.cat\/zer-baixmontseny\/wp-content\/uploads\/usu1001\/2023\/06\/20230531_104508-1-2048x1151.jpg 2048w\" sizes=\"auto, (max-width: 297px) 100vw, 297px\" \/><\/a>Enlla\u00e7 al projecte de conviv\u00e8ncia de la ZER.<\/p>\n<p><a href=\"_wp_link_placeholder\" data-wplink-edit=\"true\">Enlla\u00e7<\/a> al projecte de coeducaci\u00f3 de la ZER.\u00a0<\/p>\n\n\n<p><\/p>\n","protected":false},"excerpt":{"rendered":"<p>Entenem per\u00a0 conviv\u00e8ncia l\u2019articulaci\u00f3 harm\u00f2nica de tots els individus i grups en una societat complexa i din\u00e0mica, acceptant-ne la diversitat per\u00f2 no la desigualtat, per assolir l\u2019objectiu final de cohesi\u00f3 social necess\u00e0ria per al funcionament d\u2019una societat democr\u00e0tica.[Diccionari de la llengua catalana. Enciclop\u00e8dia Catalana]<br \/>\n<a href=\"https:\/\/drive.google.com\/file\/d\/1IcgixyYP1jCcOv0LotoENV18xZ3043nF\/view?usp=sharing\"><\/a>Enlla\u00e7&hellip;  <a href=\"https:\/\/agora.xtec.cat\/zer-baixmontseny\/zer\/convivencia\/\" title=\"Read Conviv\u00e8ncia i coeducaci\u00f3\">Llegeix m\u00e9s\u00bb<\/a><\/p>\n","protected":false},"author":1,"featured_media":0,"parent":19,"menu_order":40,"comment_status":"closed","ping_status":"closed","template":"","meta":{"_bbp_topic_count":0,"_bbp_reply_count":0,"_bbp_total_topic_count":0,"_bbp_total_reply_count":0,"_bbp_voice_count":0,"_bbp_anonymous_reply_count":0,"_bbp_topic_count_hidden":0,"_bbp_reply_count_hidden":0,"_bbp_forum_subforum_count":0,"footnotes":""},"class_list":["post-303","page","type-page","status-publish","hentry"],"post_mailing_queue_ids":[],"_links":{"self":[{"href":"https:\/\/agora.xtec.cat\/zer-baixmontseny\/wp-json\/wp\/v2\/pages\/303","targetHints":{"allow":["GET"]}}],"collection":[{"href":"https:\/\/agora.xtec.cat\/zer-baixmontseny\/wp-json\/wp\/v2\/pages"}],"about":[{"href":"https:\/\/agora.xtec.cat\/zer-baixmontseny\/wp-json\/wp\/v2\/types\/page"}],"author":[{"embeddable":true,"href":"https:\/\/agora.xtec.cat\/zer-baixmontseny\/wp-json\/wp\/v2\/users\/1"}],"replies":[{"embeddable":true,"href":"https:\/\/agora.xtec.cat\/zer-baixmontseny\/wp-json\/wp\/v2\/comments?post=303"}],"version-history":[{"count":6,"href":"https:\/\/agora.xtec.cat\/zer-baixmontseny\/wp-json\/wp\/v2\/pages\/303\/revisions"}],"predecessor-version":[{"id":8155,"href":"https:\/\/agora.xtec.cat\/zer-baixmontseny\/wp-json\/wp\/v2\/pages\/303\/revisions\/8155"}],"up":[{"embeddable":true,"href":"https:\/\/agora.xtec.cat\/zer-baixmontseny\/wp-json\/wp\/v2\/pages\/19"}],"wp:attachment":[{"href":"https:\/\/agora.xtec.cat\/zer-baixmontseny\/wp-json\/wp\/v2\/media?parent=303"}],"curies":[{"name":"wp","href":"https:\/\/api.w.org\/{rel}","templated":true}]}}