{"id":272,"date":"2015-07-20T13:10:37","date_gmt":"2015-07-20T11:10:37","guid":{"rendered":"http:\/\/agora.xtec.cat\/zer-baixmontseny\/?page_id=272"},"modified":"2021-04-22T14:28:53","modified_gmt":"2021-04-22T12:28:53","slug":"qui-som","status":"publish","type":"page","link":"https:\/\/agora.xtec.cat\/zer-baixmontseny\/escola-beta\/qui-som\/","title":{"rendered":"Qui som"},"content":{"rendered":"<p>L&#8217;Escola L&#8217;Alzinar \u00e9s l&#8217;escola rural de Campins amb una llargu\u00edssima hist\u00f2ria (s&#8217;han trobat documents de l&#8217;any 1871). Hist\u00f2ricament sempre havia estat situada a la Pla\u00e7a de la Vila, al costat de l&#8217;Ajuntament, per\u00f2 a l&#8217;any 2007 es va construir un nou edifici que, aprofitant tot el seu entorn, acull les activitats pedag\u00f2giques que tenen com a objectiu afavorir l&#8217;autonomia, el desenvolupament de totes les capacitats dels nens i les nens i la implicaci\u00f3 amb l&#8217;entorn.<\/p>\n<p>Tota la comunitat educativa i especialment els\/les mestres, juntament amb les fam\u00edlies els acompanyem en aquest apassionant proc\u00e9s de creixement personal fonamentat en el joc, el propi esfor\u00e7, la relaci\u00f3 amb els altres i un bon treball de les emocions.<\/p>\n<p>Som una escola on hi ha tres comunitats, la dels petits, la dels mitjans i la dels grans distribuides en tres aules diferents. El fet de ser una escola rural ens permet gestionar els agrupaments dels alumnes d\u2019acord amb les necessitats de cada moment.<\/p>\n<p>Amb aquests agrupaments, els nens i nenes m\u00e9s grans de cada grup s\u00f3n m\u00e9s aut\u00f2noms, coneixen les rutines i poden ajudar als m\u00e9s petits, posant en valor el seu coneixement i, si cal, poden refor\u00e7ar aspectes que no hagin quedat ben assolits donant peu a qu\u00e8 la mestra pugui gestionar millor l\u2019aula.<\/p>\n","protected":false},"excerpt":{"rendered":"<p>L&#8217;Escola L&#8217;Alzinar \u00e9s l&#8217;escola rural de Campins amb una llargu\u00edssima hist\u00f2ria (s&#8217;han trobat documents de l&#8217;any 1871). Hist\u00f2ricament sempre havia estat situada a la Pla\u00e7a de la Vila, al costat de l&#8217;Ajuntament, per\u00f2 a l&#8217;any 2007 es va construir un nou edifici que, aprofitant tot&hellip;  <a href=\"https:\/\/agora.xtec.cat\/zer-baixmontseny\/escola-beta\/qui-som\/\" title=\"Read Qui som\">Llegeix m\u00e9s\u00bb<\/a><\/p>\n","protected":false},"author":1,"featured_media":0,"parent":266,"menu_order":10,"comment_status":"closed","ping_status":"closed","template":"page-templates\/side-menu.php","meta":{"_bbp_topic_count":0,"_bbp_reply_count":0,"_bbp_total_topic_count":0,"_bbp_total_reply_count":0,"_bbp_voice_count":0,"_bbp_anonymous_reply_count":0,"_bbp_topic_count_hidden":0,"_bbp_reply_count_hidden":0,"_bbp_forum_subforum_count":0,"footnotes":""},"class_list":["post-272","page","type-page","status-publish","hentry"],"post_mailing_queue_ids":[],"_links":{"self":[{"href":"https:\/\/agora.xtec.cat\/zer-baixmontseny\/wp-json\/wp\/v2\/pages\/272","targetHints":{"allow":["GET"]}}],"collection":[{"href":"https:\/\/agora.xtec.cat\/zer-baixmontseny\/wp-json\/wp\/v2\/pages"}],"about":[{"href":"https:\/\/agora.xtec.cat\/zer-baixmontseny\/wp-json\/wp\/v2\/types\/page"}],"author":[{"embeddable":true,"href":"https:\/\/agora.xtec.cat\/zer-baixmontseny\/wp-json\/wp\/v2\/users\/1"}],"replies":[{"embeddable":true,"href":"https:\/\/agora.xtec.cat\/zer-baixmontseny\/wp-json\/wp\/v2\/comments?post=272"}],"version-history":[{"count":3,"href":"https:\/\/agora.xtec.cat\/zer-baixmontseny\/wp-json\/wp\/v2\/pages\/272\/revisions"}],"predecessor-version":[{"id":2084,"href":"https:\/\/agora.xtec.cat\/zer-baixmontseny\/wp-json\/wp\/v2\/pages\/272\/revisions\/2084"}],"up":[{"embeddable":true,"href":"https:\/\/agora.xtec.cat\/zer-baixmontseny\/wp-json\/wp\/v2\/pages\/266"}],"wp:attachment":[{"href":"https:\/\/agora.xtec.cat\/zer-baixmontseny\/wp-json\/wp\/v2\/media?parent=272"}],"curies":[{"name":"wp","href":"https:\/\/api.w.org\/{rel}","templated":true}]}}