{"id":2660,"date":"2018-11-30T09:08:21","date_gmt":"2018-11-30T08:08:21","guid":{"rendered":"http:\/\/agora.xtec.cat\/zer-baixmontseny\/?page_id=2660"},"modified":"2020-08-27T11:22:16","modified_gmt":"2020-08-27T09:22:16","slug":"comerc-just-alternativa3","status":"publish","type":"page","link":"https:\/\/agora.xtec.cat\/zer-baixmontseny\/zer\/comerc-just-alternativa3\/","title":{"rendered":"COMER\u00c7 JUST &#8211; ALTERNATIVA3"},"content":{"rendered":"<p>Des del curs 17\/18 l&#8217;escola Pont Trencat participa amb l&#8217;empresa Alternativa 3 amb l&#8217;objectiu de que els alumnes coneguin de prop el comer\u00e7 just.<\/p>\n<p>Enguany hi estem participant les 3 escoles de la ZER.<\/p>\n<p>Entre d&#8217;altres activitats destaquem al calendari d&#8217;activitats per a la nostra escola, destaquem:\u00a0<span style=\"font-family: inherit; font-size: 1em;\">formaci\u00f3 per a mestres,\u00a0<\/span><span style=\"font-family: inherit;\"><span style=\"font-size: 1em;\">activitats aprenentatge i servei (pintem samarretes del comer\u00e7 just, piruletes de <\/span><\/span>xocolata<span style=\"font-family: inherit;\"><span style=\"font-size: 1em;\">, rac\u00f3 de lectura, taller de g\u00e8nere.. ) i moltes m\u00e9s activitats!<\/span><\/span><\/p>\n<p>Amb les altes dues escoles de la ZER tamb\u00e9 fem activitats conjuntes. Aquestes activitats les fem a la Diada de Sant Jordi. Destaquem &#8220;Apr\u00e8n comer\u00e7 just amb m\u00fasica, jocs gegants, mones de Pasqua,exposicions,&#8230;<\/p>\n<p>Estem s\u00faper contents de poder comptar amb Alternativa 3 i poder fer arribar als alumnes a trav\u00e9s d&#8217;aprenentatges transversals, conceptes tan importants com entendre el planeta com la casa comuna, on tots tenim la responsabilitat de gestionar i actuar per reduir les difer\u00e8ncies socials , ambientals i econ\u00f2miques, entendre les conseq\u00fc\u00e8ncies de consumir en un context de comer\u00e7 convencional, equitat de g\u00e8nere, consum responsable, treball digne, etc.<\/p>\n<p>Els anteriors conceptes es converteixen en objectius mitjan\u00e7ant activitats introduct\u00f2ries, de formaci\u00f3 i de difusi\u00f3 per finalment ser significatius per a l&#8217;alumne.<\/p>\n<p>Tot aprenentatge significatiu acaba sent aplicat m\u00e9s endavant, acaba essent interioritzat i valorat com quelcom que pot ser \u00fatil.<\/p>\n<p>Endavant doncs amb comer\u00e7 just!!!!!!!!!!!!!!<\/p>\n","protected":false},"excerpt":{"rendered":"<p>Des del curs 17\/18 l&#8217;escola Pont Trencat participa amb l&#8217;empresa Alternativa 3 amb l&#8217;objectiu de que els alumnes coneguin de prop el comer\u00e7 just.<br \/>\nEnguany hi estem participant les 3 escoles de la ZER.<br \/>\nEntre d&#8217;altres activitats destaquem al calendari d&#8217;activitats per a la nostra escola, destaquem:\u00a0formaci\u00f3&hellip;  <a href=\"https:\/\/agora.xtec.cat\/zer-baixmontseny\/zer\/comerc-just-alternativa3\/\" title=\"Read COMER\u00c7 JUST &#8211; ALTERNATIVA3\">Llegeix m\u00e9s\u00bb<\/a><\/p>\n","protected":false},"author":1,"featured_media":0,"parent":19,"menu_order":0,"comment_status":"closed","ping_status":"closed","template":"","meta":{"_bbp_topic_count":0,"_bbp_reply_count":0,"_bbp_total_topic_count":0,"_bbp_total_reply_count":0,"_bbp_voice_count":0,"_bbp_anonymous_reply_count":0,"_bbp_topic_count_hidden":0,"_bbp_reply_count_hidden":0,"_bbp_forum_subforum_count":0,"footnotes":""},"class_list":["post-2660","page","type-page","status-publish","hentry"],"post_mailing_queue_ids":[],"_links":{"self":[{"href":"https:\/\/agora.xtec.cat\/zer-baixmontseny\/wp-json\/wp\/v2\/pages\/2660","targetHints":{"allow":["GET"]}}],"collection":[{"href":"https:\/\/agora.xtec.cat\/zer-baixmontseny\/wp-json\/wp\/v2\/pages"}],"about":[{"href":"https:\/\/agora.xtec.cat\/zer-baixmontseny\/wp-json\/wp\/v2\/types\/page"}],"author":[{"embeddable":true,"href":"https:\/\/agora.xtec.cat\/zer-baixmontseny\/wp-json\/wp\/v2\/users\/1"}],"replies":[{"embeddable":true,"href":"https:\/\/agora.xtec.cat\/zer-baixmontseny\/wp-json\/wp\/v2\/comments?post=2660"}],"version-history":[{"count":2,"href":"https:\/\/agora.xtec.cat\/zer-baixmontseny\/wp-json\/wp\/v2\/pages\/2660\/revisions"}],"predecessor-version":[{"id":2664,"href":"https:\/\/agora.xtec.cat\/zer-baixmontseny\/wp-json\/wp\/v2\/pages\/2660\/revisions\/2664"}],"up":[{"embeddable":true,"href":"https:\/\/agora.xtec.cat\/zer-baixmontseny\/wp-json\/wp\/v2\/pages\/19"}],"wp:attachment":[{"href":"https:\/\/agora.xtec.cat\/zer-baixmontseny\/wp-json\/wp\/v2\/media?parent=2660"}],"curies":[{"name":"wp","href":"https:\/\/api.w.org\/{rel}","templated":true}]}}