{"id":2649,"date":"2018-12-06T09:47:43","date_gmt":"2018-12-06T08:47:43","guid":{"rendered":"http:\/\/agora.xtec.cat\/zer-baixmontseny\/?page_id=2649"},"modified":"2020-08-27T11:21:40","modified_gmt":"2020-08-27T09:21:40","slug":"la-musica-ens-uneix","status":"publish","type":"page","link":"https:\/\/agora.xtec.cat\/zer-baixmontseny\/zer\/la-musica-ens-uneix\/","title":{"rendered":"LA M\u00daSICA ENS UNEIX"},"content":{"rendered":"<p><span style=\"font-weight: 400;\">Gr\u00e0cies a la implicaci\u00f3 dels Ajuntaments en la millora qualitativa de les escoles a partir del curs 18\/19 es gaudeix d\u2019un projecte musical portat a terme per MUSICOP i l&#8217;escola de m\u00fasica de Santa Maria de Palautordera<\/span><\/p>\n<p><span style=\"font-weight: 400;\">Aquest projecte est\u00e0 subvencionat integrament pels Ajuntaments amb conveni amb el Departament d&#8217;Ensenyament.<\/span><\/p>\n<p><span style=\"font-weight: 400;\">\u00c9s un projecte destinat als alumnes de Prim\u00e0ria amb l\u2019objectiu final de potenciar l\u2019educaci\u00f3 art\u00edstica com a pilar fonamental per la consecuci\u00f3 d\u2019objectius socials, educatius i culturals.<\/span><\/p>\n<p><span style=\"font-weight: 400;\">M\u00e9s espec\u00edficament, els alumnes portaran a terme un aprenentatge r\u00edtmic i de diferents iinstruments, a m\u00e9s a m\u00e9s es proposa un treball de coral i moviment amb els alumnes de primer cicle de prim\u00e0ria per tal de preparar-los i fer-los part\u00edcips del projecte de l\u2019escola. <\/span><\/p>\n<p><span style=\"font-weight: 400;\">El projecte de la ZER es diu \u201c La M\u00fasica ens uneix\u201d<\/span><\/p>\n<p><span style=\"font-weight: 400;\">Objectiu final: Formar un conjunt instrumental a la ZER.<\/span><\/p>\n<p><span style=\"font-weight: 400;\">Per a la seva realitzaci\u00f3, comptem amb dos professors a l\u2019aula m\u00e9s el mestre de m\u00fasica.<\/span><\/p>\n<p><span style=\"font-weight: 400;\">Fer un projecte compartit potencia la cohesi\u00f3 i cooperaci\u00f3 entre totes les comunitats educatives <\/span><\/p>\n<p><span style=\"font-weight: 400;\">Quina il\u00b7lusi\u00f3 que ens fa compartir!!<\/span><\/p>\n<p><span style=\"font-weight: 400;\">A final de curs realitzarem un concert conjuntament tota la ZER.<\/span><\/p>\n","protected":false},"excerpt":{"rendered":"<p>Gr\u00e0cies a la implicaci\u00f3 dels Ajuntaments en la millora qualitativa de les escoles a partir del curs 18\/19 es gaudeix d\u2019un projecte musical portat a terme per MUSICOP i l&#8217;escola de m\u00fasica de Santa Maria de Palautordera<br \/>\nAquest projecte est\u00e0 subvencionat integrament pels Ajuntaments amb conveni&hellip;  <a href=\"https:\/\/agora.xtec.cat\/zer-baixmontseny\/zer\/la-musica-ens-uneix\/\" title=\"Read LA M\u00daSICA ENS UNEIX\">Llegeix m\u00e9s\u00bb<\/a><\/p>\n","protected":false},"author":1,"featured_media":0,"parent":19,"menu_order":0,"comment_status":"closed","ping_status":"closed","template":"","meta":{"_bbp_topic_count":0,"_bbp_reply_count":0,"_bbp_total_topic_count":0,"_bbp_total_reply_count":0,"_bbp_voice_count":0,"_bbp_anonymous_reply_count":0,"_bbp_topic_count_hidden":0,"_bbp_reply_count_hidden":0,"_bbp_forum_subforum_count":0,"footnotes":""},"class_list":["post-2649","page","type-page","status-publish","hentry"],"post_mailing_queue_ids":[],"_links":{"self":[{"href":"https:\/\/agora.xtec.cat\/zer-baixmontseny\/wp-json\/wp\/v2\/pages\/2649","targetHints":{"allow":["GET"]}}],"collection":[{"href":"https:\/\/agora.xtec.cat\/zer-baixmontseny\/wp-json\/wp\/v2\/pages"}],"about":[{"href":"https:\/\/agora.xtec.cat\/zer-baixmontseny\/wp-json\/wp\/v2\/types\/page"}],"author":[{"embeddable":true,"href":"https:\/\/agora.xtec.cat\/zer-baixmontseny\/wp-json\/wp\/v2\/users\/1"}],"replies":[{"embeddable":true,"href":"https:\/\/agora.xtec.cat\/zer-baixmontseny\/wp-json\/wp\/v2\/comments?post=2649"}],"version-history":[{"count":1,"href":"https:\/\/agora.xtec.cat\/zer-baixmontseny\/wp-json\/wp\/v2\/pages\/2649\/revisions"}],"predecessor-version":[{"id":2682,"href":"https:\/\/agora.xtec.cat\/zer-baixmontseny\/wp-json\/wp\/v2\/pages\/2649\/revisions\/2682"}],"up":[{"embeddable":true,"href":"https:\/\/agora.xtec.cat\/zer-baixmontseny\/wp-json\/wp\/v2\/pages\/19"}],"wp:attachment":[{"href":"https:\/\/agora.xtec.cat\/zer-baixmontseny\/wp-json\/wp\/v2\/media?parent=2649"}],"curies":[{"name":"wp","href":"https:\/\/api.w.org\/{rel}","templated":true}]}}