{"id":264,"date":"2015-07-20T13:06:26","date_gmt":"2015-07-20T12:06:26","guid":{"rendered":"http:\/\/agora.xtec.cat\/zer-baixmontseny\/?page_id=264"},"modified":"2026-02-04T12:07:56","modified_gmt":"2026-02-04T11:07:56","slug":"escola-alfa","status":"publish","type":"page","link":"https:\/\/agora.xtec.cat\/zer-baixmontseny\/escola-alfa\/","title":{"rendered":"Escola Pont Trencat"},"content":{"rendered":"<p><strong>Escola p\u00fablica que ofereix educaci\u00f3 Infantil (3-6) i educaci\u00f3 prim\u00e0ria (6-12).<\/strong><\/p>\n<p><strong>Horari lectiu:<\/strong> \u00a0 8.50 \u2013 12.30 h\u00a0 \/\u00a0\u00a0\u00a0 15.00 \u2013 16.30 h\u00a0 excepte dijous per la tarda no lectius ( 2n-4t i 5\u00e8 dijous de cada mes)<br \/><strong>Horari menjador:<\/strong> 12.30 \u2013 15.00h<\/p>\n<p>TEL\u00c8FON: 938 48 47 88<\/p>\n<p>Calendari de centre actualitzat cada mes. <a href=\"https:\/\/docs.google.com\/spreadsheets\/d\/1JYdvYDvI379LJs06IE5H_DefD6DXu778\/edit?gid=480130501#gid=480130501\">Clica aqu\u00ed<\/a><\/p>\n<p><img loading=\"lazy\" decoding=\"async\" class=\"aligncenter wp-image-6086\" src=\"https:\/\/agora.xtec.cat\/zer-baixmontseny\/wp-content\/uploads\/usu1001\/2023\/07\/9e555810-ce6d-4de4-82a0-7873752c4279-1024x576.jpg\" alt=\"\" width=\"434\" height=\"244\" srcset=\"https:\/\/agora.xtec.cat\/zer-baixmontseny\/wp-content\/uploads\/usu1001\/2023\/07\/9e555810-ce6d-4de4-82a0-7873752c4279-1024x576.jpg 1024w, https:\/\/agora.xtec.cat\/zer-baixmontseny\/wp-content\/uploads\/usu1001\/2023\/07\/9e555810-ce6d-4de4-82a0-7873752c4279-300x169.jpg 300w, https:\/\/agora.xtec.cat\/zer-baixmontseny\/wp-content\/uploads\/usu1001\/2023\/07\/9e555810-ce6d-4de4-82a0-7873752c4279-768x432.jpg 768w, https:\/\/agora.xtec.cat\/zer-baixmontseny\/wp-content\/uploads\/usu1001\/2023\/07\/9e555810-ce6d-4de4-82a0-7873752c4279-1536x864.jpg 1536w, https:\/\/agora.xtec.cat\/zer-baixmontseny\/wp-content\/uploads\/usu1001\/2023\/07\/9e555810-ce6d-4de4-82a0-7873752c4279.jpg 1600w\" sizes=\"auto, (max-width: 434px) 100vw, 434px\" \/><\/p>\n<p style=\"text-align: center;\"><b><i>\u201cEducar \u00e9s escoltar, acompanyar i dialogar per construir una autoestima sana, un car\u00e0cter fort i una ment oberta.\u201d<\/i><\/b><\/p>\n<p style=\"padding-left: 30px;\"><strong>TEL\u00c8FON DE CONTACTE:\u00a0 938 48 47 88<\/strong><\/p>\n\n<div class=\"wp-block-image\">\n<figure class=\"aligncenter size-large is-resized\"><img loading=\"lazy\" decoding=\"async\" width=\"1024\" height=\"516\" src=\"https:\/\/agora.xtec.cat\/zer-baixmontseny\/wp-content\/uploads\/usu1001\/2026\/02\/logos-gualbamots-1024x516.jpg\" alt=\"\" class=\"wp-image-8077\" style=\"width:391px;height:auto\" srcset=\"https:\/\/agora.xtec.cat\/zer-baixmontseny\/wp-content\/uploads\/usu1001\/2026\/02\/logos-gualbamots-1024x516.jpg 1024w, https:\/\/agora.xtec.cat\/zer-baixmontseny\/wp-content\/uploads\/usu1001\/2026\/02\/logos-gualbamots-300x151.jpg 300w, https:\/\/agora.xtec.cat\/zer-baixmontseny\/wp-content\/uploads\/usu1001\/2026\/02\/logos-gualbamots-768x387.jpg 768w, https:\/\/agora.xtec.cat\/zer-baixmontseny\/wp-content\/uploads\/usu1001\/2026\/02\/logos-gualbamots.jpg 1161w\" sizes=\"auto, (max-width: 1024px) 100vw, 1024px\" \/><\/figure><\/div>\n\n\n<p><\/p>\n","protected":false},"excerpt":{"rendered":"<p>Escola p\u00fablica que ofereix educaci\u00f3 Infantil (3-6) i educaci\u00f3 prim\u00e0ria (6-12).<br \/>\nHorari lectiu: \u00a0 8.50 \u2013 12.30 h\u00a0 \/\u00a0\u00a0\u00a0 15.00 \u2013 16.30 h\u00a0 excepte dijous per la tarda no lectius ( 2n-4t i 5\u00e8 dijous de cada mes)Horari menjador: 12.30 \u2013 15.00h<br \/>\nTEL\u00c8FON: 938 48 47 88<br \/>\nCalendari&hellip;  <a href=\"https:\/\/agora.xtec.cat\/zer-baixmontseny\/escola-alfa\/\" title=\"Read Escola Pont Trencat\">Llegeix m\u00e9s\u00bb<\/a><\/p>\n","protected":false},"author":1,"featured_media":0,"parent":0,"menu_order":0,"comment_status":"closed","ping_status":"closed","template":"page-templates\/side-menu.php","meta":{"_bbp_topic_count":0,"_bbp_reply_count":0,"_bbp_total_topic_count":0,"_bbp_total_reply_count":0,"_bbp_voice_count":0,"_bbp_anonymous_reply_count":0,"_bbp_topic_count_hidden":0,"_bbp_reply_count_hidden":0,"_bbp_forum_subforum_count":0,"footnotes":""},"class_list":["post-264","page","type-page","status-publish","hentry"],"post_mailing_queue_ids":[],"_links":{"self":[{"href":"https:\/\/agora.xtec.cat\/zer-baixmontseny\/wp-json\/wp\/v2\/pages\/264","targetHints":{"allow":["GET"]}}],"collection":[{"href":"https:\/\/agora.xtec.cat\/zer-baixmontseny\/wp-json\/wp\/v2\/pages"}],"about":[{"href":"https:\/\/agora.xtec.cat\/zer-baixmontseny\/wp-json\/wp\/v2\/types\/page"}],"author":[{"embeddable":true,"href":"https:\/\/agora.xtec.cat\/zer-baixmontseny\/wp-json\/wp\/v2\/users\/1"}],"replies":[{"embeddable":true,"href":"https:\/\/agora.xtec.cat\/zer-baixmontseny\/wp-json\/wp\/v2\/comments?post=264"}],"version-history":[{"count":6,"href":"https:\/\/agora.xtec.cat\/zer-baixmontseny\/wp-json\/wp\/v2\/pages\/264\/revisions"}],"predecessor-version":[{"id":8087,"href":"https:\/\/agora.xtec.cat\/zer-baixmontseny\/wp-json\/wp\/v2\/pages\/264\/revisions\/8087"}],"wp:attachment":[{"href":"https:\/\/agora.xtec.cat\/zer-baixmontseny\/wp-json\/wp\/v2\/media?parent=264"}],"curies":[{"name":"wp","href":"https:\/\/api.w.org\/{rel}","templated":true}]}}