{"id":258,"date":"2015-07-20T12:40:06","date_gmt":"2015-07-20T11:40:06","guid":{"rendered":"http:\/\/agora.xtec.cat\/zer-baixmontseny\/?page_id=258"},"modified":"2024-10-21T15:31:02","modified_gmt":"2024-10-21T13:31:02","slug":"qui-som","status":"publish","type":"page","link":"https:\/\/agora.xtec.cat\/zer-baixmontseny\/zer\/qui-som\/","title":{"rendered":"Qui som la ZER Baix Montseny"},"content":{"rendered":"<p>Les zones escolars rurals (ZER) s\u00f3n institucions escolars de car\u00e0cter p\u00fablic formades per l\u2019agrupaci\u00f3 de centres d&#8217;educaci\u00f3 infantil i prim\u00e0ria que es constitueixen amb la finalitat d\u2019oferir el servei d\u2019ensenyament en condicions de major qualitat en zones de baixa demografia escolar.<\/p>\n<blockquote><p>L\u2019Escola Rural, l\u2019escola de les tres \u201cP\u201d: Petita, de Poble i P\u00fablica, \u00e9s una escola arrelada al territori, que d\u00f3na vida al municipi, que a vegades n\u2019\u00e9s el pal de paller i\/o dinamitzadora d\u2019una part de la vida que el poble genera, que aglutina activitats, persones, i que \u00e9s motiu de trobada i aprenentatge.<\/p><\/blockquote>\n<p>La zona escolar rural t\u00e9 consideraci\u00f3 de centre educatiu \u00fanic amb les caracter\u00edstiques i els efectes que es determinen en el <a href=\"http:\/\/dogc.gencat.cat\/ca\/pdogc_canals_interns\/pdogc_resultats_fitxa\/?documentId=545262&amp;language=ca_ES&amp;action=fitxa\" target=\"_blank\" rel=\"noopener noreferrer\">Decret 102\/2010, de 3 d\u2019agost d\u2019autonomia dels centres educatius<\/a>, sense perjudici de respectar la identitat jur\u00eddica de cadascuna de les escoles que la integren.<a href=\"http:\/\/agora.xtec.cat\/zer-baixmontseny\/wp-content\/uploads\/usu1001\/2015\/07\/camping_montseny_puigdrau.jpg\"><img loading=\"lazy\" decoding=\"async\" class=\" wp-image-631 aligncenter\" src=\"http:\/\/agora.xtec.cat\/zer-baixmontseny\/wp-content\/uploads\/usu1001\/2015\/07\/camping_montseny_puigdrau.jpg\" alt=\"camping_montseny_puigdrau\" width=\"402\" height=\"202\" srcset=\"https:\/\/agora.xtec.cat\/zer-baixmontseny\/wp-content\/uploads\/usu1001\/2015\/07\/camping_montseny_puigdrau.jpg 1000w, https:\/\/agora.xtec.cat\/zer-baixmontseny\/wp-content\/uploads\/usu1001\/2015\/07\/camping_montseny_puigdrau-300x151.jpg 300w\" sizes=\"auto, (max-width: 402px) 100vw, 402px\" \/><\/a><\/p>\n<p>Cada ZER t\u00e9 un projecte educatiu per a tots els centres que la integren i les mateixes normes d\u2019organitzaci\u00f3 i funcionament i la mateixa programaci\u00f3 general anual, que ha de respectar la singularitat de cadascuna de les escoles.<\/p>\n<p>La nostra estructura \u00e9s la seg\u00fcent:<\/p>\n<p><img loading=\"lazy\" decoding=\"async\" class=\"aligncenter wp-image-6932\" src=\"https:\/\/agora.xtec.cat\/zer-baixmontseny\/wp-content\/uploads\/usu1001\/2024\/10\/1.png\" alt=\"\" width=\"735\" height=\"453\" srcset=\"https:\/\/agora.xtec.cat\/zer-baixmontseny\/wp-content\/uploads\/usu1001\/2024\/10\/1.png 594w, https:\/\/agora.xtec.cat\/zer-baixmontseny\/wp-content\/uploads\/usu1001\/2024\/10\/1-300x185.png 300w\" sizes=\"auto, (max-width: 735px) 100vw, 735px\" \/><\/p>\n<p>La Zona Escolar Rural Baix Montseny est\u00e0 situada al peu del mass\u00eds del Montseny, a l&#8217;est del Vall\u00e8s Oriental, tocant les comarques La Selva i El Maresme. Est\u00e0 formada per 3 escoles:<\/p>\n<p>l\u2019escola l\u2019Alzinar de Campins<\/p>\n<p>l\u2019escola Puig Drau de Montseny i ,<\/p>\n<p>l\u2019escola El Pont Trencat de Santa Maria de Palautordera (seu de la ZER)<\/p>\n<p>L\u2019Alzinar i Puig Drau estan situades en pobles amb un nombre d\u2019habitants entre els 300 i els 500. La poblaci\u00f3 de Santa Maria de Palautordera \u00e9s molt superior amb 9.103 habitants (comptabilitzats en el cens el 2015).<\/p>\n<p><img loading=\"lazy\" decoding=\"async\" class=\"aligncenter wp-image-6933\" src=\"https:\/\/agora.xtec.cat\/zer-baixmontseny\/wp-content\/uploads\/usu1001\/2024\/10\/mapamon.gif\" alt=\"\" width=\"259\" height=\"199\" \/><\/p>\n","protected":false},"excerpt":{"rendered":"<p>Les zones escolars rurals (ZER) s\u00f3n institucions escolars de car\u00e0cter p\u00fablic formades per l\u2019agrupaci\u00f3 de centres d&#8217;educaci\u00f3 infantil i prim\u00e0ria que es constitueixen amb la finalitat d\u2019oferir el servei d\u2019ensenyament en condicions de major qualitat en zones de baixa demografia escolar.<br \/>\nL\u2019Escola Rural, l\u2019escola de les&hellip;  <a href=\"https:\/\/agora.xtec.cat\/zer-baixmontseny\/zer\/qui-som\/\" title=\"Read Qui som la ZER Baix Montseny\">Llegeix m\u00e9s\u00bb<\/a><\/p>\n","protected":false},"author":1,"featured_media":0,"parent":19,"menu_order":0,"comment_status":"closed","ping_status":"closed","template":"","meta":{"_bbp_topic_count":0,"_bbp_reply_count":0,"_bbp_total_topic_count":0,"_bbp_total_reply_count":0,"_bbp_voice_count":0,"_bbp_anonymous_reply_count":0,"_bbp_topic_count_hidden":0,"_bbp_reply_count_hidden":0,"_bbp_forum_subforum_count":0,"footnotes":""},"class_list":["post-258","page","type-page","status-publish","hentry"],"post_mailing_queue_ids":[],"_links":{"self":[{"href":"https:\/\/agora.xtec.cat\/zer-baixmontseny\/wp-json\/wp\/v2\/pages\/258","targetHints":{"allow":["GET"]}}],"collection":[{"href":"https:\/\/agora.xtec.cat\/zer-baixmontseny\/wp-json\/wp\/v2\/pages"}],"about":[{"href":"https:\/\/agora.xtec.cat\/zer-baixmontseny\/wp-json\/wp\/v2\/types\/page"}],"author":[{"embeddable":true,"href":"https:\/\/agora.xtec.cat\/zer-baixmontseny\/wp-json\/wp\/v2\/users\/1"}],"replies":[{"embeddable":true,"href":"https:\/\/agora.xtec.cat\/zer-baixmontseny\/wp-json\/wp\/v2\/comments?post=258"}],"version-history":[{"count":5,"href":"https:\/\/agora.xtec.cat\/zer-baixmontseny\/wp-json\/wp\/v2\/pages\/258\/revisions"}],"predecessor-version":[{"id":6934,"href":"https:\/\/agora.xtec.cat\/zer-baixmontseny\/wp-json\/wp\/v2\/pages\/258\/revisions\/6934"}],"up":[{"embeddable":true,"href":"https:\/\/agora.xtec.cat\/zer-baixmontseny\/wp-json\/wp\/v2\/pages\/19"}],"wp:attachment":[{"href":"https:\/\/agora.xtec.cat\/zer-baixmontseny\/wp-json\/wp\/v2\/media?parent=258"}],"curies":[{"name":"wp","href":"https:\/\/api.w.org\/{rel}","templated":true}]}}