{"id":2293,"date":"2018-08-23T15:16:56","date_gmt":"2018-08-23T13:16:56","guid":{"rendered":"http:\/\/agora.xtec.cat\/zer-baixmontseny\/?page_id=2293"},"modified":"2021-06-04T10:01:19","modified_gmt":"2021-06-04T08:01:19","slug":"robotseny","status":"publish","type":"page","link":"https:\/\/agora.xtec.cat\/zer-baixmontseny\/escola-beta\/projectes\/robotseny\/","title":{"rendered":"Robotseny"},"content":{"rendered":"<p style=\"text-align: justify;\">La<strong class=\"mce\">\u00a0rob\u00f2tica pot tenir molts avantatges si es fa servir b\u00e9<\/strong>: des de la motivaci\u00f3 de l\u2019alumnat fins a l\u2019entrenament de la perseveran\u00e7a,\u00a0serveix per \u201c<strong class=\"mce\">aprendre a partir de l\u2019error i eliminar, en conseq\u00fc\u00e8ncia, la creen\u00e7a que equivocar-se \u00e9s terrible<\/strong>\u201d. Quan construeixes i programes un robot, res no acostuma a sortir a la primera i aix\u00f2 t\u2019obliga \u201ca provar, corregir, innovar&#8230;\u201d\u00a0El potencial d\u2019aquesta eina per al professorat \u00e9s tamb\u00e9 il\u00b7limitat. \u201c<strong class=\"mce\">Representa una manera de motivar l\u2019alumnat<\/strong>, alhora que permet treballar de manera pr\u00e0ctica molts conceptes que sovint s\u2019impartien de manera te\u00f2rica\u201d<\/p>\n<p class=\"title\" style=\"text-align: justify;\"><strong>Quines compet\u00e8ncies entrena la rob\u00f2tica?<a href=\"https:\/\/agora.xtec.cat\/zer-baixmontseny\/wp-content\/uploads\/usu1001\/2021\/06\/robotseny.jpg\"><img loading=\"lazy\" decoding=\"async\" class=\" wp-image-4899 alignright\" src=\"https:\/\/agora.xtec.cat\/zer-baixmontseny\/wp-content\/uploads\/usu1001\/2021\/06\/robotseny.jpg\" alt=\"\" width=\"378\" height=\"263\" \/><\/a><\/strong><\/p>\n<ul class=\"mce\" style=\"text-align: justify;\">\n<li class=\"mce\">Les l\u00f2gico-matem\u00e0tiques, com tot sistema de programaci\u00f3.<\/li>\n<li class=\"mce\">L\u2019autonomia personal i la capacitat d\u2019autoorganitzar-se i d\u2019an\u00e0lisi.<\/li>\n<li class=\"mce\">La capacitat de buscar informaci\u00f3.<\/li>\n<li class=\"mce\">Les habilitats socials i de treball en equip.<\/li>\n<li class=\"mce\">La capacitat per resoldre problemes.<\/li>\n<li class=\"mce\">La creativitat.<\/li>\n<\/ul>\n<p style=\"text-align: justify;\">Per accedir a m\u00e9s informaci\u00f3 us podeu dirigir a\u00a0 <a href=\"https:\/\/sites.google.com\/xtec.cat\/robotseny2021\/els-ocells-ens-necessiten\" target=\"_blank\" rel=\"noopener noreferrer\">Robotseny 2021<\/a><\/p>\n<p style=\"text-align: justify;\">\n","protected":false},"excerpt":{"rendered":"<p>La\u00a0rob\u00f2tica pot tenir molts avantatges si es fa servir b\u00e9: des de la motivaci\u00f3 de l\u2019alumnat fins a l\u2019entrenament de la perseveran\u00e7a,\u00a0serveix per \u201caprendre a partir de l\u2019error i eliminar, en conseq\u00fc\u00e8ncia, la creen\u00e7a que equivocar-se \u00e9s terrible\u201d. Quan construeixes i programes un robot, res&hellip;  <a href=\"https:\/\/agora.xtec.cat\/zer-baixmontseny\/escola-beta\/projectes\/robotseny\/\" title=\"Read Robotseny\">Llegeix m\u00e9s\u00bb<\/a><\/p>\n","protected":false},"author":1,"featured_media":0,"parent":2138,"menu_order":0,"comment_status":"closed","ping_status":"closed","template":"page-templates\/side-menu.php","meta":{"_bbp_topic_count":0,"_bbp_reply_count":0,"_bbp_total_topic_count":0,"_bbp_total_reply_count":0,"_bbp_voice_count":0,"_bbp_anonymous_reply_count":0,"_bbp_topic_count_hidden":0,"_bbp_reply_count_hidden":0,"_bbp_forum_subforum_count":0,"footnotes":""},"class_list":["post-2293","page","type-page","status-publish","hentry"],"post_mailing_queue_ids":[],"_links":{"self":[{"href":"https:\/\/agora.xtec.cat\/zer-baixmontseny\/wp-json\/wp\/v2\/pages\/2293","targetHints":{"allow":["GET"]}}],"collection":[{"href":"https:\/\/agora.xtec.cat\/zer-baixmontseny\/wp-json\/wp\/v2\/pages"}],"about":[{"href":"https:\/\/agora.xtec.cat\/zer-baixmontseny\/wp-json\/wp\/v2\/types\/page"}],"author":[{"embeddable":true,"href":"https:\/\/agora.xtec.cat\/zer-baixmontseny\/wp-json\/wp\/v2\/users\/1"}],"replies":[{"embeddable":true,"href":"https:\/\/agora.xtec.cat\/zer-baixmontseny\/wp-json\/wp\/v2\/comments?post=2293"}],"version-history":[{"count":3,"href":"https:\/\/agora.xtec.cat\/zer-baixmontseny\/wp-json\/wp\/v2\/pages\/2293\/revisions"}],"predecessor-version":[{"id":4902,"href":"https:\/\/agora.xtec.cat\/zer-baixmontseny\/wp-json\/wp\/v2\/pages\/2293\/revisions\/4902"}],"up":[{"embeddable":true,"href":"https:\/\/agora.xtec.cat\/zer-baixmontseny\/wp-json\/wp\/v2\/pages\/2138"}],"wp:attachment":[{"href":"https:\/\/agora.xtec.cat\/zer-baixmontseny\/wp-json\/wp\/v2\/media?parent=2293"}],"curies":[{"name":"wp","href":"https:\/\/api.w.org\/{rel}","templated":true}]}}