{"id":2192,"date":"2018-08-07T16:39:48","date_gmt":"2018-08-07T14:39:48","guid":{"rendered":"http:\/\/agora.xtec.cat\/zer-baixmontseny\/?page_id=2192"},"modified":"2018-09-24T13:57:24","modified_gmt":"2018-09-24T11:57:24","slug":"apadrinaments","status":"publish","type":"page","link":"https:\/\/agora.xtec.cat\/zer-baixmontseny\/escola-beta\/projectes\/apadrinaments\/","title":{"rendered":"Apadrinaments de lectura"},"content":{"rendered":"<p>L\u2019activitat de padrins es fa sempre mitja hora a la setmana.<\/p>\n<p>Els padrins preparen les activitats dels fillols.<\/p>\n<p>Les activitats normalment s\u00f3n de llengua (lectura, contes, dictat de paraules&#8230;), per\u00f2 tamb\u00e9 poden fer coses de mates o altres aspectes.<\/p>\n<p>Al comen\u00e7ament de curs fem 1 o 2 sessions amb els padrins per recordar i repassar qu\u00e8 poden fer amb els fillols.<\/p>\n<p>Al llarg del curs, el mestre responsable de l\u2019activitat informa, recondueix, ajuda&#8230; en les activitats que els padrins preparen.<\/p>\n<p>Els nens de 3r a 6\u00e8 fan sempre de padrins. De P3a 2n fan sempre de fillols.<\/p>\n<p>Les parelles les canviem cada any (durant tot l\u2019any tenen el mateix).<\/p>\n<p>A vegades un padr\u00ed t\u00e9 2 fillols o a la inversa.<\/p>\n<p>Tamb\u00e9 fem servir les parelles de padrins per sortides o altres activitats.<\/p>\n","protected":false},"excerpt":{"rendered":"<p>L\u2019activitat de padrins es fa sempre mitja hora a la setmana.<br \/>\nEls padrins preparen les activitats dels fillols.<br \/>\nLes activitats normalment s\u00f3n de llengua (lectura, contes, dictat de paraules&#8230;), per\u00f2 tamb\u00e9 poden fer coses de mates o altres aspectes.<br \/>\nAl comen\u00e7ament de curs fem 1 o 2 sessions&hellip;  <a href=\"https:\/\/agora.xtec.cat\/zer-baixmontseny\/escola-beta\/projectes\/apadrinaments\/\" title=\"Read Apadrinaments de lectura\">Llegeix m\u00e9s\u00bb<\/a><\/p>\n","protected":false},"author":1,"featured_media":0,"parent":2138,"menu_order":0,"comment_status":"closed","ping_status":"closed","template":"page-templates\/side-menu.php","meta":{"_bbp_topic_count":0,"_bbp_reply_count":0,"_bbp_total_topic_count":0,"_bbp_total_reply_count":0,"_bbp_voice_count":0,"_bbp_anonymous_reply_count":0,"_bbp_topic_count_hidden":0,"_bbp_reply_count_hidden":0,"_bbp_forum_subforum_count":0,"footnotes":""},"class_list":["post-2192","page","type-page","status-publish","hentry"],"post_mailing_queue_ids":[],"_links":{"self":[{"href":"https:\/\/agora.xtec.cat\/zer-baixmontseny\/wp-json\/wp\/v2\/pages\/2192","targetHints":{"allow":["GET"]}}],"collection":[{"href":"https:\/\/agora.xtec.cat\/zer-baixmontseny\/wp-json\/wp\/v2\/pages"}],"about":[{"href":"https:\/\/agora.xtec.cat\/zer-baixmontseny\/wp-json\/wp\/v2\/types\/page"}],"author":[{"embeddable":true,"href":"https:\/\/agora.xtec.cat\/zer-baixmontseny\/wp-json\/wp\/v2\/users\/1"}],"replies":[{"embeddable":true,"href":"https:\/\/agora.xtec.cat\/zer-baixmontseny\/wp-json\/wp\/v2\/comments?post=2192"}],"version-history":[{"count":3,"href":"https:\/\/agora.xtec.cat\/zer-baixmontseny\/wp-json\/wp\/v2\/pages\/2192\/revisions"}],"predecessor-version":[{"id":2386,"href":"https:\/\/agora.xtec.cat\/zer-baixmontseny\/wp-json\/wp\/v2\/pages\/2192\/revisions\/2386"}],"up":[{"embeddable":true,"href":"https:\/\/agora.xtec.cat\/zer-baixmontseny\/wp-json\/wp\/v2\/pages\/2138"}],"wp:attachment":[{"href":"https:\/\/agora.xtec.cat\/zer-baixmontseny\/wp-json\/wp\/v2\/media?parent=2192"}],"curies":[{"name":"wp","href":"https:\/\/api.w.org\/{rel}","templated":true}]}}